{"id":979,"date":"2023-09-30T18:15:13","date_gmt":"2023-09-30T21:15:13","guid":{"rendered":"https:\/\/www.est.ufmg.br\/denise\/?page_id=979"},"modified":"2023-10-12T20:07:45","modified_gmt":"2023-10-12T23:07:45","slug":"disciplinas","status":"publish","type":"page","link":"https:\/\/www.est.ufmg.br\/denise\/disciplinas\/","title":{"rendered":"DISCIPLINAS"},"content":{"rendered":"\t\t<div data-elementor-type=\"wp-page\" data-elementor-id=\"979\" class=\"elementor elementor-979\" data-elementor-post-type=\"page\">\n\t\t\t\t<div class=\"elementor-element elementor-element-2830111 e-con-full e-flex e-con e-parent\" data-id=\"2830111\" data-element_type=\"container\" data-e-type=\"container\">\n\t\t\t\t<div class=\"elementor-element elementor-element-84cbbad elementor-widget elementor-widget-heading\" data-id=\"84cbbad\" data-element_type=\"widget\" data-e-type=\"widget\" data-widget_type=\"heading.default\">\n\t\t\t\t<div class=\"elementor-widget-container\">\n\t\t\t\t\t<h2 class=\"elementor-heading-title elementor-size-default\">Disciplinas<\/h2>\t\t\t\t<\/div>\n\t\t\t\t<\/div>\n\t\t\t\t<\/div>\n\t\t<div class=\"elementor-element elementor-element-64438fd e-flex e-con-boxed e-con e-parent\" data-id=\"64438fd\" data-element_type=\"container\" data-e-type=\"container\">\n\t\t\t\t\t<div class=\"e-con-inner\">\n\t\t\t\t<div class=\"elementor-element elementor-element-da640e7 elementor-widget elementor-widget-text-editor\" data-id=\"da640e7\" data-element_type=\"widget\" data-e-type=\"widget\" data-widget_type=\"text-editor.default\">\n\t\t\t\t<div class=\"elementor-widget-container\">\n\t\t\t\t\t\t\t\t\t<h3 class=\"u-align-center u-text u-text-1\" style=\"text-align: center;\">Infer\u00eancia 2021<\/h3><h4 class=\"u-align-center u-text u-text-default u-text-2\" style=\"text-align: center;\">V\u00eddeo Aula\u200bs e Arquivos PDF<\/h4><h5 class=\"u-align-center u-text u-text-3\" style=\"text-align: center;\">Endere\u00e7os das aulas no Youtube:\u00a0<span style=\"color: #008080;\"><a class=\"u-active-none u-border-none u-btn u-button-link u-button-style u-hover-none u-none u-text-palette-1-base u-btn-1\" style=\"color: #008080;\" href=\"http:\/\/www.est.ufmg.br\/~denise\/arquivos\/endereco_youtube_video_aulas.docx\" target=\"_blank\" rel=\"noopener\">clique aqui<\/a><\/span><\/h5>\t\t\t\t\t\t\t\t<\/div>\n\t\t\t\t<\/div>\n\t\t\t\t\t<\/div>\n\t\t\t\t<\/div>\n\t\t<div class=\"elementor-element elementor-element-8609576 e-flex e-con-boxed e-con e-parent\" data-id=\"8609576\" data-element_type=\"container\" data-e-type=\"container\">\n\t\t\t\t\t<div class=\"e-con-inner\">\n\t\t<div class=\"elementor-element elementor-element-dd26897 e-con-full e-flex e-con e-child\" data-id=\"dd26897\" data-element_type=\"container\" data-e-type=\"container\">\n\t\t\t\t<div class=\"elementor-element elementor-element-46fc84d elementor-view-default elementor-widget elementor-widget-icon\" data-id=\"46fc84d\" data-element_type=\"widget\" data-e-type=\"widget\" data-widget_type=\"icon.default\">\n\t\t\t\t<div class=\"elementor-widget-container\">\n\t\t\t\t\t\t\t<div class=\"elementor-icon-wrapper\">\n\t\t\t<div class=\"elementor-icon\">\n\t\t\t<i aria-hidden=\"true\" class=\"far fa-edit\"><\/i>\t\t\t<\/div>\n\t\t<\/div>\n\t\t\t\t\t\t<\/div>\n\t\t\t\t<\/div>\n\t\t\t\t<div class=\"elementor-element elementor-element-e9544ba elementor-widget elementor-widget-text-editor\" data-id=\"e9544ba\" data-element_type=\"widget\" data-e-type=\"widget\" data-widget_type=\"text-editor.default\">\n\t\t\t\t<div class=\"elementor-widget-container\">\n\t\t\t\t\t\t\t\t\t<div class=\"u-align-left u-border-2 u-border-grey-40 u-container-style u-grey-5 u-group u-group-2\"><div class=\"u-container-layout u-container-layout-2\"><h3 class=\"u-align-center u-text u-text-default u-text-4\" style=\"text-align: center;\">Listas<\/h3><p class=\"u-align-center u-text u-text-5\" style=\"text-align: center;\">Lista 1 &#8211; Modelos Discretos Cont\u00ednuos\u00a0&#8211;\u00a0<a class=\"u-active-none u-border-none u-btn u-button-link u-button-style u-hover-none u-none u-text-palette-1-base u-btn-2\" href=\"http:\/\/www.est.ufmg.br\/~denise\/arquivos\/listas\/lista_1_modelos_discretos_continuos.pdf\" target=\"_blank\" rel=\"noopener\">PDF<\/a><br \/>Lista 2.1 &#8211; Conceitos B\u00e1sicos Distribui\u00e7\u00f5es Derivadas Normal &#8211;\u00a0<a class=\"u-active-none u-border-none u-btn u-button-link u-button-style u-hover-none u-none u-text-palette-1-base u-btn-3\" href=\"http:\/\/www.est.ufmg.br\/~denise\/arquivos\/listas\/lista_2_1_conceitos_basicos_distribuicoes_derivadas_normal.pdf\" target=\"_blank\" rel=\"noopener\">PDF<\/a><br \/>Lista 2.2 &#8211; TCL Ross &#8211;\u00a0<a class=\"u-active-none u-border-none u-btn u-button-link u-button-style u-hover-none u-none u-text-palette-1-base u-btn-4\" href=\"http:\/\/www.est.ufmg.br\/~denise\/arquivos\/listas\/lista_2_2_TCL_ross.pdf\" target=\"_blank\" rel=\"noopener\">PDF<\/a><br \/>Gabarito &#8211; Lista 1 &#8211; Discreto Cont\u00ednuo &#8211;\u00a0<a class=\"u-active-none u-border-none u-btn u-button-link u-button-style u-hover-none u-none u-text-palette-1-base u-btn-5\" href=\"http:\/\/www.est.ufmg.br\/~denise\/arquivos\/listas\/gabarito_lista_1_discreto_continuo.pdf\" target=\"_blank\" rel=\"noopener\">PDF<\/a><br \/>Gabarito &#8211; Lista 2.2 &#8211; TCL &#8211;\u00a0<a class=\"u-active-none u-border-none u-btn u-button-link u-button-style u-hover-none u-none u-text-palette-1-base u-btn-6\" href=\"http:\/\/www.est.ufmg.br\/~denise\/arquivos\/listas\/gabarito_lista_2_2_TCL.pdf\" target=\"_blank\" rel=\"noopener\">PDF<\/a><\/p><\/div><\/div>\t\t\t\t\t\t\t\t<\/div>\n\t\t\t\t<\/div>\n\t\t\t\t<\/div>\n\t\t<div class=\"elementor-element elementor-element-48bd302 e-con-full e-flex e-con e-child\" data-id=\"48bd302\" data-element_type=\"container\" data-e-type=\"container\">\n\t\t\t\t<div class=\"elementor-element elementor-element-69a70da elementor-view-default elementor-widget elementor-widget-icon\" data-id=\"69a70da\" data-element_type=\"widget\" data-e-type=\"widget\" data-widget_type=\"icon.default\">\n\t\t\t\t<div class=\"elementor-widget-container\">\n\t\t\t\t\t\t\t<div class=\"elementor-icon-wrapper\">\n\t\t\t<div class=\"elementor-icon\">\n\t\t\t<i aria-hidden=\"true\" class=\"far fa-file-alt\"><\/i>\t\t\t<\/div>\n\t\t<\/div>\n\t\t\t\t\t\t<\/div>\n\t\t\t\t<\/div>\n\t\t\t\t<div class=\"elementor-element elementor-element-8e876c0 elementor-widget elementor-widget-text-editor\" data-id=\"8e876c0\" data-element_type=\"widget\" data-e-type=\"widget\" data-widget_type=\"text-editor.default\">\n\t\t\t\t<div class=\"elementor-widget-container\">\n\t\t\t\t\t\t\t\t\t<h3 class=\"u-align-center u-text u-text-default u-text-6\" style=\"text-align: center;\">Informa\u00e7\u00f5es<\/h3><p class=\"u-align-center u-text u-text-7\" style=\"text-align: center;\">Aula Infer\u00eancia EST187 \u2013 segundas \u00e0s 9:30 \u00a0\u00a0<br \/>Entrar na reuni\u00e3o Zoom &#8211;\u00a0<a class=\"u-active-none u-border-none u-btn u-button-link u-button-style u-hover-none u-none u-text-palette-1-base u-btn-7\" href=\"https:\/\/us02web.zoom.us\/j\/86139201927?pwd=RkFlRzVjQmMyUWYxQUQyTmlhdEIrZz09\" target=\"_blank\" rel=\"noopener\">Clique aqui!<\/a>\u00a0\u00a0 \u00a0\u00a0<br \/>ID da reuni\u00e3o: 861 3920 1927\u00a0<br \/>Senha de acesso: 8qJ1wP \u00a0 \u00a0\u00a0<\/p><p style=\"text-align: center;\">Aula Infer\u00eancia EST187 &#8211; Quartas \u00a0\u00a0<br \/>Entrar na reuni\u00e3o Zoom &#8211;\u00a0<a class=\"u-active-none u-border-none u-btn u-button-link u-button-style u-hover-none u-none u-text-palette-1-base u-btn-8\" href=\"https:\/\/us02web.zoom.us\/j\/86906929694?pwd=YVBTTnAvRGxUSzVaTjU0REJUVExrZz09\" target=\"_blank\" rel=\"noopener\">Clique aqui!<\/a>\u00a0\u00a0 \u00a0\u00a0<br \/>ID da reuni\u00e3o: 869 0692 9694\u00a0<br \/>Senha de acesso: 6Tp4a8<\/p>\t\t\t\t\t\t\t\t<\/div>\n\t\t\t\t<\/div>\n\t\t\t\t<\/div>\n\t\t\t\t\t<\/div>\n\t\t\t\t<\/div>\n\t\t\t\t<\/div>\n\t\t","protected":false},"excerpt":{"rendered":"<p>Disciplinas Infer\u00eancia 2021 V\u00eddeo Aula\u200bs e Arquivos PDF Endere\u00e7os das aulas no Youtube:\u00a0clique aqui Listas Lista 1 &#8211; Modelos Discretos Cont\u00ednuos\u00a0&#8211;\u00a0PDFLista 2.1 &#8211; Conceitos B\u00e1sicos Distribui\u00e7\u00f5es Derivadas Normal &#8211;\u00a0PDFLista 2.2 &#8211; TCL Ross &#8211;\u00a0PDFGabarito &#8211; Lista 1 &#8211; Discreto Cont\u00ednuo &#8211;\u00a0PDFGabarito &#8211; Lista 2.2 &#8211; TCL &#8211;\u00a0PDF Informa\u00e7\u00f5es Aula Infer\u00eancia EST187 \u2013 segundas \u00e0s 9:30 [&hellip;]<\/p>\n","protected":false},"author":2,"featured_media":0,"parent":0,"menu_order":0,"comment_status":"closed","ping_status":"closed","template":"","meta":{"site-sidebar-layout":"no-sidebar","site-content-layout":"page-builder","ast-site-content-layout":"full-width-container","site-content-style":"default","site-sidebar-style":"default","ast-global-header-display":"","ast-banner-title-visibility":"","ast-main-header-display":"","ast-hfb-above-header-display":"","ast-hfb-below-header-display":"","ast-hfb-mobile-header-display":"","site-post-title":"disabled","ast-breadcrumbs-content":"","ast-featured-img":"disabled","footer-sml-layout":"","ast-disable-related-posts":"","theme-transparent-header-meta":"","adv-header-id-meta":"","stick-header-meta":"","header-above-stick-meta":"","header-main-stick-meta":"","header-below-stick-meta":"","astra-migrate-meta-layouts":"default","ast-page-background-enabled":"default","ast-page-background-meta":{"desktop":{"background-color":"","background-image":"","background-repeat":"repeat","background-position":"center center","background-size":"auto","background-attachment":"scroll","background-type":"","background-media":"","overlay-type":"","overlay-color":"","overlay-opacity":"","overlay-gradient":""},"tablet":{"background-color":"","background-image":"","background-repeat":"repeat","background-position":"center center","background-size":"auto","background-attachment":"scroll","background-type":"","background-media":"","overlay-type":"","overlay-color":"","overlay-opacity":"","overlay-gradient":""},"mobile":{"background-color":"","background-image":"","background-repeat":"repeat","background-position":"center center","background-size":"auto","background-attachment":"scroll","background-type":"","background-media":"","overlay-type":"","overlay-color":"","overlay-opacity":"","overlay-gradient":""}},"ast-content-background-meta":{"desktop":{"background-color":"var(--ast-global-color-5)","background-image":"","background-repeat":"repeat","background-position":"center center","background-size":"auto","background-attachment":"scroll","background-type":"","background-media":"","overlay-type":"","overlay-color":"","overlay-opacity":"","overlay-gradient":""},"tablet":{"background-color":"var(--ast-global-color-5)","background-image":"","background-repeat":"repeat","background-position":"center center","background-size":"auto","background-attachment":"scroll","background-type":"","background-media":"","overlay-type":"","overlay-color":"","overlay-opacity":"","overlay-gradient":""},"mobile":{"background-color":"var(--ast-global-color-5)","background-image":"","background-repeat":"repeat","background-position":"center center","background-size":"auto","background-attachment":"scroll","background-type":"","background-media":"","overlay-type":"","overlay-color":"","overlay-opacity":"","overlay-gradient":""}},"footnotes":""},"class_list":["post-979","page","type-page","status-publish","hentry"],"_links":{"self":[{"href":"https:\/\/www.est.ufmg.br\/denise\/wp-json\/wp\/v2\/pages\/979","targetHints":{"allow":["GET"]}}],"collection":[{"href":"https:\/\/www.est.ufmg.br\/denise\/wp-json\/wp\/v2\/pages"}],"about":[{"href":"https:\/\/www.est.ufmg.br\/denise\/wp-json\/wp\/v2\/types\/page"}],"author":[{"embeddable":true,"href":"https:\/\/www.est.ufmg.br\/denise\/wp-json\/wp\/v2\/users\/2"}],"replies":[{"embeddable":true,"href":"https:\/\/www.est.ufmg.br\/denise\/wp-json\/wp\/v2\/comments?post=979"}],"version-history":[{"count":34,"href":"https:\/\/www.est.ufmg.br\/denise\/wp-json\/wp\/v2\/pages\/979\/revisions"}],"predecessor-version":[{"id":1664,"href":"https:\/\/www.est.ufmg.br\/denise\/wp-json\/wp\/v2\/pages\/979\/revisions\/1664"}],"wp:attachment":[{"href":"https:\/\/www.est.ufmg.br\/denise\/wp-json\/wp\/v2\/media?parent=979"}],"curies":[{"name":"wp","href":"https:\/\/api.w.org\/{rel}","templated":true}]}}