{"id":20759,"date":"2025-12-21T10:54:30","date_gmt":"2025-12-21T13:54:30","guid":{"rendered":"https:\/\/www.est.ufmg.br\/portal\/?page_id=20759"},"modified":"2026-03-18T13:45:01","modified_gmt":"2026-03-18T16:45:01","slug":"labest-projeto","status":"publish","type":"page","link":"https:\/\/www.est.ufmg.br\/portal\/labest-projeto\/","title":{"rendered":"Labest &#8211; Projeto"},"content":{"rendered":"\t\t<div data-elementor-type=\"wp-page\" data-elementor-id=\"20759\" class=\"elementor elementor-20759\" data-elementor-post-type=\"page\">\n\t\t\t\t\t\t<section class=\"elementor-section elementor-top-section elementor-element elementor-element-afbc720 elementor-section-full_width elementor-section-height-default elementor-section-height-default\" data-id=\"afbc720\" data-element_type=\"section\" data-e-type=\"section\">\n\t\t\t\t\t\t<div class=\"elementor-container elementor-column-gap-no\">\n\t\t\t\t\t<div class=\"elementor-column elementor-col-100 elementor-top-column elementor-element elementor-element-f5a13aa\" data-id=\"f5a13aa\" data-element_type=\"column\" data-e-type=\"column\">\n\t\t\t<div class=\"elementor-widget-wrap elementor-element-populated\">\n\t\t\t\t\t\t<div class=\"elementor-element elementor-element-5560001 elementor-widget elementor-widget-shortcode\" data-id=\"5560001\" data-element_type=\"widget\" data-e-type=\"widget\" data-widget_type=\"shortcode.default\">\n\t\t\t\t<div class=\"elementor-widget-container\">\n\t\t\t\t\t\t\t<div class=\"elementor-shortcode\">\t\t<div data-elementor-type=\"section\" data-elementor-id=\"20751\" class=\"elementor elementor-20751\" data-elementor-post-type=\"elementor_library\">\n\t\t\t\t\t<section class=\"elementor-section elementor-top-section elementor-element elementor-element-5ab4205 elementor-section-full_width elementor-section-height-default elementor-section-height-default\" data-id=\"5ab4205\" data-element_type=\"section\" data-e-type=\"section\" id=\"menu-atuariais\" data-settings=\"{&quot;background_background&quot;:&quot;classic&quot;}\">\n\t\t\t\t\t\t\t<div class=\"elementor-background-overlay\"><\/div>\n\t\t\t\t\t\t\t<div class=\"elementor-container elementor-column-gap-default\">\n\t\t\t\t\t<div class=\"elementor-column elementor-col-100 elementor-top-column elementor-element elementor-element-76935d4f\" data-id=\"76935d4f\" data-element_type=\"column\" data-e-type=\"column\">\n\t\t\t<div class=\"elementor-widget-wrap elementor-element-populated\">\n\t\t\t\t\t\t<div class=\"elementor-element elementor-element-52f9e110 elementor-widget elementor-widget-heading\" data-id=\"52f9e110\" data-element_type=\"widget\" data-e-type=\"widget\" data-widget_type=\"heading.default\">\n\t\t\t\t<div class=\"elementor-widget-container\">\n\t\t\t\t\t<h2 class=\"elementor-heading-title elementor-size-default\">Projeto de Extens\u00e3o LabEst<\/h2>\t\t\t\t<\/div>\n\t\t\t\t<\/div>\n\t\t\t\t\t<\/div>\n\t\t<\/div>\n\t\t\t\t\t<\/div>\n\t\t<\/section>\n\t\t\t\t<section class=\"elementor-section elementor-top-section elementor-element elementor-element-f39a027 elementor-section-full_width elementor-section-height-default elementor-section-height-default\" data-id=\"f39a027\" data-element_type=\"section\" data-e-type=\"section\" data-settings=\"{&quot;sticky&quot;:&quot;top&quot;,&quot;sticky_on&quot;:[&quot;desktop&quot;,&quot;tablet&quot;,&quot;mobile&quot;],&quot;sticky_offset&quot;:0,&quot;sticky_effects_offset&quot;:0,&quot;sticky_anchor_link_offset&quot;:0}\">\n\t\t\t\t\t\t<div class=\"elementor-container elementor-column-gap-no\">\n\t\t\t\t\t<div class=\"elementor-column elementor-col-100 elementor-top-column elementor-element elementor-element-1db3ec8\" data-id=\"1db3ec8\" data-element_type=\"column\" data-e-type=\"column\">\n\t\t\t<div class=\"elementor-widget-wrap elementor-element-populated\">\n\t\t\t\t\t\t<div class=\"elementor-element elementor-element-f1e33ba elementor-icon-list--layout-inline elementor-align-center menu-esp-estatistica elementor-list-item-link-full_width elementor-widget elementor-widget-icon-list\" data-id=\"f1e33ba\" data-element_type=\"widget\" data-e-type=\"widget\" data-widget_type=\"icon-list.default\">\n\t\t\t\t<div class=\"elementor-widget-container\">\n\t\t\t\t\t\t\t<ul class=\"elementor-icon-list-items elementor-inline-items\">\n\t\t\t\t\t\t\t<li class=\"elementor-icon-list-item elementor-inline-item\">\n\t\t\t\t\t\t\t\t\t\t\t<a href=\"https:\/\/www.est.ufmg.br\/portal\/labest\">\n\n\t\t\t\t\t\t\t\t\t\t\t\t<span class=\"elementor-icon-list-icon\">\n\t\t\t\t\t\t\t<i aria-hidden=\"true\" class=\"fas fa-home\"><\/i>\t\t\t\t\t\t<\/span>\n\t\t\t\t\t\t\t\t\t\t<span class=\"elementor-icon-list-text\">P\u00e1gina Inicial<\/span>\n\t\t\t\t\t\t\t\t\t\t\t<\/a>\n\t\t\t\t\t\t\t\t\t<\/li>\n\t\t\t\t\t\t\t\t<li class=\"elementor-icon-list-item elementor-inline-item\">\n\t\t\t\t\t\t\t\t\t\t\t<a href=\"https:\/\/www.est.ufmg.br\/portal\/labest-projeto\">\n\n\t\t\t\t\t\t\t\t\t\t\t\t<span class=\"elementor-icon-list-icon\">\n\t\t\t\t\t\t\t<i aria-hidden=\"true\" class=\"fas fa-edit\"><\/i>\t\t\t\t\t\t<\/span>\n\t\t\t\t\t\t\t\t\t\t<span class=\"elementor-icon-list-text\">Chamada de Projetos 2026-01<\/span>\n\t\t\t\t\t\t\t\t\t\t\t<\/a>\n\t\t\t\t\t\t\t\t\t<\/li>\n\t\t\t\t\t\t\t\t<li class=\"elementor-icon-list-item elementor-inline-item\">\n\t\t\t\t\t\t\t\t\t\t\t<a href=\"https:\/\/www.est.ufmg.br\/portal\/labest-formularios\">\n\n\t\t\t\t\t\t\t\t\t\t\t\t<span class=\"elementor-icon-list-icon\">\n\t\t\t\t\t\t\t<i aria-hidden=\"true\" class=\"far fa-file-word\"><\/i>\t\t\t\t\t\t<\/span>\n\t\t\t\t\t\t\t\t\t\t<span class=\"elementor-icon-list-text\">Formul\u00e1rios<\/span>\n\t\t\t\t\t\t\t\t\t\t\t<\/a>\n\t\t\t\t\t\t\t\t\t<\/li>\n\t\t\t\t\t\t\t\t<li class=\"elementor-icon-list-item elementor-inline-item\">\n\t\t\t\t\t\t\t\t\t\t\t<a href=\"https:\/\/www.est.ufmg.br\/portal\/labest-regulamento\">\n\n\t\t\t\t\t\t\t\t\t\t\t\t<span class=\"elementor-icon-list-icon\">\n\t\t\t\t\t\t\t<i aria-hidden=\"true\" class=\"fas fa-chart-area\"><\/i>\t\t\t\t\t\t<\/span>\n\t\t\t\t\t\t\t\t\t\t<span class=\"elementor-icon-list-text\">Regulamento<\/span>\n\t\t\t\t\t\t\t\t\t\t\t<\/a>\n\t\t\t\t\t\t\t\t\t<\/li>\n\t\t\t\t\t\t\t\t<li class=\"elementor-icon-list-item elementor-inline-item\">\n\t\t\t\t\t\t\t\t\t\t\t<a href=\"https:\/\/www.est.ufmg.br\/portal\/labest-corpo-docente\">\n\n\t\t\t\t\t\t\t\t\t\t\t\t<span class=\"elementor-icon-list-icon\">\n\t\t\t\t\t\t\t<i aria-hidden=\"true\" class=\"fas fa-users\"><\/i>\t\t\t\t\t\t<\/span>\n\t\t\t\t\t\t\t\t\t\t<span class=\"elementor-icon-list-text\">Corpo Docente<\/span>\n\t\t\t\t\t\t\t\t\t\t\t<\/a>\n\t\t\t\t\t\t\t\t\t<\/li>\n\t\t\t\t\t\t\t\t<li class=\"elementor-icon-list-item elementor-inline-item\">\n\t\t\t\t\t\t\t\t\t\t\t<a href=\"https:\/\/www.est.ufmg.br\/portal\/labest-historico\">\n\n\t\t\t\t\t\t\t\t\t\t\t\t<span class=\"elementor-icon-list-icon\">\n\t\t\t\t\t\t\t<i aria-hidden=\"true\" class=\"fas fa-copy\"><\/i>\t\t\t\t\t\t<\/span>\n\t\t\t\t\t\t\t\t\t\t<span class=\"elementor-icon-list-text\">Hist\u00f3rico<\/span>\n\t\t\t\t\t\t\t\t\t\t\t<\/a>\n\t\t\t\t\t\t\t\t\t<\/li>\n\t\t\t\t\t\t\t\t<li class=\"elementor-icon-list-item elementor-inline-item\">\n\t\t\t\t\t\t\t\t\t\t\t<a href=\"https:\/\/www.est.ufmg.br\/portal\/labest-contato\">\n\n\t\t\t\t\t\t\t\t\t\t\t\t<span class=\"elementor-icon-list-icon\">\n\t\t\t\t\t\t\t<i aria-hidden=\"true\" class=\"far fa-envelope\"><\/i>\t\t\t\t\t\t<\/span>\n\t\t\t\t\t\t\t\t\t\t<span class=\"elementor-icon-list-text\">Contato <\/span>\n\t\t\t\t\t\t\t\t\t\t\t<\/a>\n\t\t\t\t\t\t\t\t\t<\/li>\n\t\t\t\t\t\t<\/ul>\n\t\t\t\t\t\t<\/div>\n\t\t\t\t<\/div>\n\t\t\t\t\t<\/div>\n\t\t<\/div>\n\t\t\t\t\t<\/div>\n\t\t<\/section>\n\t\t\t\t<\/div>\n\t\t<\/div>\n\t\t\t\t\t\t<\/div>\n\t\t\t\t<\/div>\n\t\t\t\t\t<\/div>\n\t\t<\/div>\n\t\t\t\t\t<\/div>\n\t\t<\/section>\n\t\t\t\t<section class=\"elementor-section elementor-top-section elementor-element elementor-element-b96e414 elementor-section-boxed elementor-section-height-default elementor-section-height-default\" data-id=\"b96e414\" data-element_type=\"section\" data-e-type=\"section\">\n\t\t\t\t\t\t<div class=\"elementor-container elementor-column-gap-default\">\n\t\t\t\t\t<div class=\"elementor-column elementor-col-100 elementor-top-column elementor-element elementor-element-7f7d713\" data-id=\"7f7d713\" data-element_type=\"column\" data-e-type=\"column\">\n\t\t\t<div class=\"elementor-widget-wrap\">\n\t\t\t\t\t\t\t<\/div>\n\t\t<\/div>\n\t\t\t\t\t<\/div>\n\t\t<\/section>\n\t\t\t\t<section class=\"elementor-section elementor-top-section elementor-element elementor-element-9aa5757 elementor-section-boxed elementor-section-height-default elementor-section-height-default\" data-id=\"9aa5757\" data-element_type=\"section\" data-e-type=\"section\">\n\t\t\t\t\t\t<div class=\"elementor-container elementor-column-gap-default\">\n\t\t\t\t\t<div class=\"elementor-column elementor-col-100 elementor-top-column elementor-element elementor-element-49cca8c\" data-id=\"49cca8c\" data-element_type=\"column\" data-e-type=\"column\">\n\t\t\t<div class=\"elementor-widget-wrap elementor-element-populated\">\n\t\t\t\t\t\t<div class=\"elementor-element elementor-element-8a6d624 elementor-widget elementor-widget-heading\" data-id=\"8a6d624\" data-element_type=\"widget\" data-e-type=\"widget\" data-widget_type=\"heading.default\">\n\t\t\t\t<div class=\"elementor-widget-container\">\n\t\t\t\t\t<h2 class=\"elementor-heading-title elementor-size-default\"><span>RESULTADO - Chamada de Projetos para 2026 - 1\u00ba semestre<\/span><\/h2>\t\t\t\t<\/div>\n\t\t\t\t<\/div>\n\t\t\t\t\t<\/div>\n\t\t<\/div>\n\t\t\t\t\t<\/div>\n\t\t<\/section>\n\t\t\t\t<section class=\"elementor-section elementor-top-section elementor-element elementor-element-aed8816 elementor-section-boxed elementor-section-height-default elementor-section-height-default\" data-id=\"aed8816\" data-element_type=\"section\" data-e-type=\"section\">\n\t\t\t\t\t\t<div class=\"elementor-container elementor-column-gap-default\">\n\t\t\t\t\t<div class=\"elementor-column elementor-col-33 elementor-top-column elementor-element elementor-element-70068f1\" data-id=\"70068f1\" data-element_type=\"column\" data-e-type=\"column\">\n\t\t\t<div class=\"elementor-widget-wrap elementor-element-populated\">\n\t\t\t\t\t\t<div class=\"elementor-element elementor-element-ae1cbc6 elementor-widget elementor-widget-text-editor\" data-id=\"ae1cbc6\" data-element_type=\"widget\" data-e-type=\"widget\" data-widget_type=\"text-editor.default\">\n\t\t\t\t<div class=\"elementor-widget-container\">\n\t\t\t\t\t\t\t\t\t<p><strong>1\u00aa rodada: 06\/03 a 24\/04\/2026\u00a0<\/strong><\/p><p>Amanda Cristina Fernandes<br \/>Amanda Lopes de Faria<br \/>Brenda Rios Concei\u00e7\u00e3o Araujo<\/p><p>Diego Andr\u00e9 Resende Assis<br \/><span style=\"font-style: inherit;font-weight: inherit\">Karine Lima Vitalino Franco<\/span><\/p><p>Renata Oliveira Lu\u00eds<br \/>Renata Saldanha Silva<\/p><p>Simone Rodrigues de S\u00e1<\/p>\t\t\t\t\t\t\t\t<\/div>\n\t\t\t\t<\/div>\n\t\t\t\t\t<\/div>\n\t\t<\/div>\n\t\t\t\t<div class=\"elementor-column elementor-col-33 elementor-top-column elementor-element elementor-element-33bb1aa\" data-id=\"33bb1aa\" data-element_type=\"column\" data-e-type=\"column\">\n\t\t\t<div class=\"elementor-widget-wrap elementor-element-populated\">\n\t\t\t\t\t\t<div class=\"elementor-element elementor-element-dcf72fa elementor-widget elementor-widget-text-editor\" data-id=\"dcf72fa\" data-element_type=\"widget\" data-e-type=\"widget\" data-widget_type=\"text-editor.default\">\n\t\t\t\t<div class=\"elementor-widget-container\">\n\t\t\t\t\t\t\t\t\t<p><strong>2\u00aa rodada: 08\/05 a 26\/06\/2026<\/strong><\/p><p><span style=\"font-size: 1rem\">Guilherme Fonseca Graciano<\/span><\/p><p>Iviny Santos de Lima<\/p><p><span style=\"font-style: inherit;font-weight: inherit\">Jeferson Cardoso Costa<\/span><\/p><p>Juliana Froeseler Fittipaldi Batista<br \/>Let\u00edcia Ferreira da Silva<br \/>Mariany Bernardino da Silva Barbalho<br \/>Paula Cristina Ferreira<\/p><p>Vitalino Mendes<\/p>\t\t\t\t\t\t\t\t<\/div>\n\t\t\t\t<\/div>\n\t\t\t\t\t<\/div>\n\t\t<\/div>\n\t\t\t\t<div class=\"elementor-column elementor-col-33 elementor-top-column elementor-element elementor-element-fc2897b\" data-id=\"fc2897b\" data-element_type=\"column\" data-e-type=\"column\">\n\t\t\t<div class=\"elementor-widget-wrap elementor-element-populated\">\n\t\t\t\t\t\t<div class=\"elementor-element elementor-element-f0fa615 elementor-widget elementor-widget-text-editor\" data-id=\"f0fa615\" data-element_type=\"widget\" data-e-type=\"widget\" data-widget_type=\"text-editor.default\">\n\t\t\t\t<div class=\"elementor-widget-container\">\n\t\t\t\t\t\t\t\t\t<p>Em caso de aumento da capacidade de atendimento, desist\u00eancia ou desclassifica\u00e7\u00e3o de projetos na 1\u00aa fase da sele\u00e7\u00e3o, os candidatos abaixo poder\u00e3o ser convocados posteriormente (2\u00aa fase da sele\u00e7\u00e3o):<\/p><p>Ana Luisa Martins Brum<br \/>Ramon Augusto da Silva<\/p>\t\t\t\t\t\t\t\t<\/div>\n\t\t\t\t<\/div>\n\t\t\t\t\t<\/div>\n\t\t<\/div>\n\t\t\t\t\t<\/div>\n\t\t<\/section>\n\t\t\t\t<section class=\"elementor-section elementor-top-section elementor-element elementor-element-9cb3edb elementor-section-boxed elementor-section-height-default elementor-section-height-default\" data-id=\"9cb3edb\" data-element_type=\"section\" data-e-type=\"section\">\n\t\t\t\t\t\t<div class=\"elementor-container elementor-column-gap-default\">\n\t\t\t\t\t<div class=\"elementor-column elementor-col-100 elementor-top-column elementor-element elementor-element-3404a6c\" data-id=\"3404a6c\" data-element_type=\"column\" data-e-type=\"column\">\n\t\t\t<div class=\"elementor-widget-wrap elementor-element-populated\">\n\t\t\t\t\t\t<div class=\"elementor-element elementor-element-b89e3db elementor-widget elementor-widget-text-editor\" data-id=\"b89e3db\" data-element_type=\"widget\" data-e-type=\"widget\" data-widget_type=\"text-editor.default\">\n\t\t\t\t<div class=\"elementor-widget-container\">\n\t\t\t\t\t\t\t\t\t<p><b>Confirma\u00e7\u00e3o de interesse\u00a0<\/b><\/p><p>Os pesquisadores dos projetos selecionados (alunos e orientadores) dever\u00e3o\u00a0preencher e assinar o\u00a0<a href=\"https:\/\/www.est.ufmg.br\/portal\/wp-content\/uploads\/2026\/02\/Termo_de_Interesse.docx\" target=\"_blank\" rel=\"noopener\">Termo de Confirma\u00e7\u00e3o\u00a0<\/a><a style=\"font-style: inherit;font-weight: inherit;background-color: #ffffff\" href=\"https:\/\/www.est.ufmg.br\/portal\/wp-content\/uploads\/2025\/12\/Termo_Interesse.docx\" target=\"_blank\" rel=\"noopener\">de Interesse<\/a><span style=\"font-style: inherit;font-weight: inherit\"> e envi\u00e1-lo para o e-mail <a href=\"mailto:labest.ufmg@gmail.com\" target=\"_blank\" rel=\"noopener\">labest.ufmg@gmail.com<\/a>, escrevendo \u201cTermo de Confirma\u00e7\u00e3o de Interesse\u201d no campo de assunto da mensagem.<\/span><\/p><p>O prazo para envio do Termo de Confirma\u00e7\u00e3o de Interesse \u00e9 at\u00e9 o dia 20\/02\/2026. Caso esse termo n\u00e3o seja enviado dentro do prazo, o projeto ser\u00e1 desclassificado e outro projeto ser\u00e1 selecionado para sua vaga.<\/p>\t\t\t\t\t\t\t\t<\/div>\n\t\t\t\t<\/div>\n\t\t\t\t\t<\/div>\n\t\t<\/div>\n\t\t\t\t\t<\/div>\n\t\t<\/section>\n\t\t\t\t<section class=\"elementor-section elementor-top-section elementor-element elementor-element-a7d3ec3 elementor-section-boxed elementor-section-height-default elementor-section-height-default\" data-id=\"a7d3ec3\" data-element_type=\"section\" data-e-type=\"section\" id=\"atuario\">\n\t\t\t\t\t\t<div class=\"elementor-container elementor-column-gap-default\">\n\t\t\t\t\t<div class=\"elementor-column elementor-col-100 elementor-top-column elementor-element elementor-element-8c990d5\" data-id=\"8c990d5\" data-element_type=\"column\" data-e-type=\"column\">\n\t\t\t<div class=\"elementor-widget-wrap elementor-element-populated\">\n\t\t\t\t\t\t<div class=\"elementor-element elementor-element-d2d77d9 elementor-widget elementor-widget-heading\" data-id=\"d2d77d9\" data-element_type=\"widget\" data-e-type=\"widget\" data-widget_type=\"heading.default\">\n\t\t\t\t<div class=\"elementor-widget-container\">\n\t\t\t\t\t<h2 class=\"elementor-heading-title elementor-size-default\">Chamada de Projetos para 2026 - 1\u00ba semestre<\/h2>\t\t\t\t<\/div>\n\t\t\t\t<\/div>\n\t\t\t\t\t<\/div>\n\t\t<\/div>\n\t\t\t\t\t<\/div>\n\t\t<\/section>\n\t\t\t\t<section class=\"elementor-section elementor-top-section elementor-element elementor-element-95f940e elementor-section-boxed elementor-section-height-default elementor-section-height-default\" data-id=\"95f940e\" data-element_type=\"section\" data-e-type=\"section\">\n\t\t\t\t\t\t<div class=\"elementor-container elementor-column-gap-default\">\n\t\t\t\t\t<div class=\"elementor-column elementor-col-100 elementor-top-column elementor-element elementor-element-0876096\" data-id=\"0876096\" data-element_type=\"column\" data-e-type=\"column\">\n\t\t\t<div class=\"elementor-widget-wrap elementor-element-populated\">\n\t\t\t\t\t\t<div class=\"elementor-element elementor-element-4eb7eac elementor-widget elementor-widget-text-editor\" data-id=\"4eb7eac\" data-element_type=\"widget\" data-e-type=\"widget\" data-widget_type=\"text-editor.default\">\n\t\t\t\t<div class=\"elementor-widget-container\">\n\t\t\t\t\t\t\t\t\t<p><img fetchpriority=\"high\" decoding=\"async\" class=\"alignright wp-image-21092\" src=\"https:\/\/www.est.ufmg.br\/portal\/wp-content\/uploads\/2025\/12\/ciencias-atuariais-300x300.png\" alt=\"\" width=\"360\" height=\"360\" srcset=\"https:\/\/www.est.ufmg.br\/portal\/wp-content\/uploads\/2025\/12\/ciencias-atuariais-300x300.png 300w, https:\/\/www.est.ufmg.br\/portal\/wp-content\/uploads\/2025\/12\/ciencias-atuariais-200x200.png 200w, https:\/\/www.est.ufmg.br\/portal\/wp-content\/uploads\/2025\/12\/ciencias-atuariais.png 675w\" sizes=\"(max-width: 360px) 100vw, 360px\" \/><span style=\"font-style: inherit;font-weight: inherit\">Departamento de Estat\u00edstica (ICEx), por meio do <\/span><b style=\"font-style: inherit\">Projeto de Extens\u00e3o\u00a0LabEst<\/b><span style=\"font-style: inherit;font-weight: inherit\">, oferece o\u00a0<\/span><b style=\"font-style: inherit\">servi\u00e7o de consultoria gratuita<\/b><span style=\"font-style: inherit;font-weight: inherit\">\u00a0com\u00a0<\/span><b style=\"font-style: inherit\">an\u00e1lise estat\u00edstica de\u00a0dados<\/b><span style=\"font-style: inherit;font-weight: inherit\">. A consultoria \u00e9 feita por alunos do curso de Gradua\u00e7\u00e3o em Estat\u00edstica\u00a0que, sob orienta\u00e7\u00e3o de um professor do Departamento de Estat\u00edstica,\u00a0<\/span><span style=\"font-style: inherit;font-weight: inherit\">realizar\u00e3o an\u00e1lises estat\u00edsticas no banco de dados dos participantes do projeto.<\/span><\/p><p><b>P\u00fablico-alvo:<\/b><\/p><p>Podem participar como clientes deste projeto os\u00a0alunos dos cursos de p\u00f3s-gradua\u00e7\u00e3o da UFMG e outras IES p\u00fablicas, com a concord\u00e2ncia de seus\u00a0professores orientadores, e que tiverem seus\u00a0conjuntos de dados prontos e\u00a0dispon\u00edveis\u00a0para a an\u00e1lise estat\u00edstica at\u00e9 o in\u00edcio do semestre de execu\u00e7\u00e3o\u00a0dos projetos.<\/p><p><b>Inscri\u00e7\u00f5es: de 22\/12\/2025 a 08\/02\/2026.<\/b><\/p><p>Ap\u00f3s a leitura e concord\u00e2ncia com o\u00a0Regulamento\u00a0da atividade, a inscri\u00e7\u00e3o\u00a0dever\u00e1 ser feita por meio do preenchimento do\u00a0<a href=\"https:\/\/www.est.ufmg.br\/portal\/wp-content\/uploads\/2025\/12\/Formulario_Inscricao.docx\" target=\"_blank\" rel=\"noopener\">Formul\u00e1rio de Inscri\u00e7\u00e3o<\/a>\u00a0e seu\u00a0envio para o\u00a0e-mail\u00a0<a href=\"mailto:labest.ufmg@gmail.com\" target=\"_blank\" rel=\"noopener\">labest.ufmg@gmail.com<\/a>, escrevendo \u201cInscri\u00e7\u00e3o\u201d no campo\u00a0de assunto da mensagem.<\/p><p><strong>S<\/strong><b>ele\u00e7\u00e3o:<\/b><\/p><p>Os projetos ser\u00e3o selecionados com base na avalia\u00e7\u00e3o das informa\u00e7\u00f5es\u00a0contidas no formul\u00e1rio de inscri\u00e7\u00e3o.<\/p><p><b>O\u00a0resultado\u00a0da sele\u00e7\u00e3o ser\u00e1 divulgado at\u00e9 10\/02\/2026\u00a0nesta webpage,<\/b>\u00a0por\u00a0meio da listagem dos selecionados.\u00a0<\/p><p><strong>N\u00e3o haver\u00e1 envio de e-mail individual com o resultado da sele\u00e7\u00e3o aos inscritos\u00a0n\u00e3o selecionados.<\/strong>\u00a0<\/p><p>Caso haja desist\u00eancia ou desclassifica\u00e7\u00e3o de projetos na primeira fase da\u00a0sele\u00e7\u00e3o ou aumento da capacidade de atendimento, outros projetos poder\u00e3o\u00a0ser convocados posteriormente (segunda fase da sele\u00e7\u00e3o).<\/p><p><b>Confirma\u00e7\u00e3o de interesse\u00a0<\/b><\/p><p>Os pesquisadores dos projetos selecionados (alunos e orientadores) dever\u00e3o\u00a0preencher e assinar o\u00a0<a href=\"https:\/\/www.est.ufmg.br\/portal\/wp-content\/uploads\/2025\/12\/Termo_Interesse.docx\" target=\"_blank\" rel=\"noopener\">Termo de Confirma\u00e7\u00e3o de Interesse<\/a>\u00a0e envi\u00e1-lo para o\u00a0e-mail\u00a0labest.ufmg@gmail.com, escrevendo \u201cTermo de Confirma\u00e7\u00e3o de Interesse\u201d\u00a0no campo de assunto da mensagem.<\/p><p>O prazo para envio do Termo de Confirma\u00e7\u00e3o de Interesse \u00e9 at\u00e9 o dia 20\/02\/2026. Caso esse termo n\u00e3o seja enviado dentro do prazo, o projeto ser\u00e1 desclassificado e outro projeto ser\u00e1 selecionado para sua vaga.<\/p><p><b>Desenvolvimento:<\/b><\/p><p>Os projetos ser\u00e3o desenvolvidos ao longo do 1\u00ba semestre letivo de 2026, em\u00a0duas rodadas:<\/p><p>1\u00aa rodada: 06\/03 a 24\/04\/2026\u00a0\u00a0e\u00a0\u00a02\u00aa rodada: 08\/05 a 26\/06\/2026.<\/p><p>Na reuni\u00e3o inicial ser\u00e1 assinado, por todas as partes envolvidas, o\u00a0<a href=\"https:\/\/www.est.ufmg.br\/portal\/wp-content\/uploads\/2025\/12\/Termo_Compromisso_Modelo.docx\" target=\"_blank\" rel=\"noopener\">Termo de\u00a0Compromisso<\/a>.<\/p><p>As atividades incluem reuni\u00f5es entre os pesquisadores (clientes) e\u00a0consultores.\u00a0<\/p><p><b>As reuni\u00f5es ocorrer\u00e3o obrigatoriamente \u00e0s sextas-feiras, em hor\u00e1rio a ser definido pelos consultores, das 07:30 \u00e0s 11:00, em PLATAFORMA VIRTUAL ou SALA F\u00cdSICA NO ICEX\/UFMG a ser definida pelas partes.<\/b><\/p><p><b>Produto Final:<\/b><\/p><p>Um\u00a0Relat\u00f3rio Final\u00a0com as an\u00e1lises realizadas.08\/02<\/p>\t\t\t\t\t\t\t\t<\/div>\n\t\t\t\t<\/div>\n\t\t\t\t\t<\/div>\n\t\t<\/div>\n\t\t\t\t\t<\/div>\n\t\t<\/section>\n\t\t\t\t<section class=\"elementor-section elementor-top-section elementor-element elementor-element-5f22cde elementor-section-boxed elementor-section-height-default elementor-section-height-default\" data-id=\"5f22cde\" data-element_type=\"section\" data-e-type=\"section\">\n\t\t\t\t\t\t<div class=\"elementor-container elementor-column-gap-default\">\n\t\t\t\t\t<div class=\"elementor-column elementor-col-100 elementor-top-column elementor-element elementor-element-9dc1d3b\" data-id=\"9dc1d3b\" data-element_type=\"column\" data-e-type=\"column\">\n\t\t\t<div class=\"elementor-widget-wrap elementor-element-populated\">\n\t\t\t\t\t\t\t<\/div>\n\t\t<\/div>\n\t\t\t\t\t<\/div>\n\t\t<\/section>\n\t\t\t\t<\/div>\n\t\t","protected":false},"excerpt":{"rendered":"<p>RESULTADO &#8211; Chamada de Projetos para 2026 &#8211; 1\u00ba semestre 1\u00aa rodada: 06\/03 a 24\/04\/2026\u00a0 Amanda Cristina FernandesAmanda Lopes de FariaBrenda Rios Concei\u00e7\u00e3o Araujo Diego Andr\u00e9 Resende AssisKarine Lima Vitalino Franco Renata Oliveira Lu\u00edsRenata Saldanha Silva Simone Rodrigues de S\u00e1 2\u00aa rodada: 08\/05 a 26\/06\/2026 Guilherme Fonseca Graciano Iviny Santos de Lima Jeferson Cardoso Costa [&hellip;]<\/p>\n","protected":false},"author":44,"featured_media":0,"parent":0,"menu_order":0,"comment_status":"closed","ping_status":"closed","template":"","meta":{"site-sidebar-layout":"no-sidebar","site-content-layout":"page-builder","ast-site-content-layout":"full-width-container","site-content-style":"unboxed","site-sidebar-style":"unboxed","ast-global-header-display":"","ast-banner-title-visibility":"","ast-main-header-display":"","ast-hfb-above-header-display":"","ast-hfb-below-header-display":"","ast-hfb-mobile-header-display":"","site-post-title":"disabled","ast-breadcrumbs-content":"","ast-featured-img":"disabled","footer-sml-layout":"","ast-disable-related-posts":"","theme-transparent-header-meta":"default","adv-header-id-meta":"","stick-header-meta":"","header-above-stick-meta":"","header-main-stick-meta":"","header-below-stick-meta":"","astra-migrate-meta-layouts":"set","ast-page-background-enabled":"default","ast-page-background-meta":{"desktop":{"background-color":"","background-image":"","background-repeat":"repeat","background-position":"center center","background-size":"auto","background-attachment":"scroll","background-type":"","background-media":"","overlay-type":"","overlay-color":"","overlay-opacity":"","overlay-gradient":""},"tablet":{"background-color":"","background-image":"","background-repeat":"repeat","background-position":"center center","background-size":"auto","background-attachment":"scroll","background-type":"","background-media":"","overlay-type":"","overlay-color":"","overlay-opacity":"","overlay-gradient":""},"mobile":{"background-color":"","background-image":"","background-repeat":"repeat","background-position":"center center","background-size":"auto","background-attachment":"scroll","background-type":"","background-media":"","overlay-type":"","overlay-color":"","overlay-opacity":"","overlay-gradient":""}},"ast-content-background-meta":{"desktop":{"background-color":"var(--ast-global-color-5)","background-image":"","background-repeat":"repeat","background-position":"center center","background-size":"auto","background-attachment":"scroll","background-type":"","background-media":"","overlay-type":"","overlay-color":"","overlay-opacity":"","overlay-gradient":""},"tablet":{"background-color":"var(--ast-global-color-5)","background-image":"","background-repeat":"repeat","background-position":"center center","background-size":"auto","background-attachment":"scroll","background-type":"","background-media":"","overlay-type":"","overlay-color":"","overlay-opacity":"","overlay-gradient":""},"mobile":{"background-color":"var(--ast-global-color-5)","background-image":"","background-repeat":"repeat","background-position":"center center","background-size":"auto","background-attachment":"scroll","background-type":"","background-media":"","overlay-type":"","overlay-color":"","overlay-opacity":"","overlay-gradient":""}},"footnotes":""},"class_list":["post-20759","page","type-page","status-publish","hentry"],"_links":{"self":[{"href":"https:\/\/www.est.ufmg.br\/portal\/wp-json\/wp\/v2\/pages\/20759","targetHints":{"allow":["GET"]}}],"collection":[{"href":"https:\/\/www.est.ufmg.br\/portal\/wp-json\/wp\/v2\/pages"}],"about":[{"href":"https:\/\/www.est.ufmg.br\/portal\/wp-json\/wp\/v2\/types\/page"}],"author":[{"embeddable":true,"href":"https:\/\/www.est.ufmg.br\/portal\/wp-json\/wp\/v2\/users\/44"}],"replies":[{"embeddable":true,"href":"https:\/\/www.est.ufmg.br\/portal\/wp-json\/wp\/v2\/comments?post=20759"}],"version-history":[{"count":111,"href":"https:\/\/www.est.ufmg.br\/portal\/wp-json\/wp\/v2\/pages\/20759\/revisions"}],"predecessor-version":[{"id":21667,"href":"https:\/\/www.est.ufmg.br\/portal\/wp-json\/wp\/v2\/pages\/20759\/revisions\/21667"}],"wp:attachment":[{"href":"https:\/\/www.est.ufmg.br\/portal\/wp-json\/wp\/v2\/media?parent=20759"}],"curies":[{"name":"wp","href":"https:\/\/api.w.org\/{rel}","templated":true}]}}