{"id":20763,"date":"2025-12-21T10:54:32","date_gmt":"2025-12-21T13:54:32","guid":{"rendered":"https:\/\/www.est.ufmg.br\/portal\/?page_id=20763"},"modified":"2025-12-26T16:51:27","modified_gmt":"2025-12-26T19:51:27","slug":"labest-regulamento","status":"publish","type":"page","link":"https:\/\/www.est.ufmg.br\/portal\/labest-regulamento\/","title":{"rendered":"Labest &#8211; Regulamento"},"content":{"rendered":"\t\t<div data-elementor-type=\"wp-page\" data-elementor-id=\"20763\" class=\"elementor elementor-20763\" data-elementor-post-type=\"page\">\n\t\t\t\t\t\t<section class=\"elementor-section elementor-top-section elementor-element elementor-element-afbc720 elementor-section-full_width elementor-section-height-default elementor-section-height-default\" data-id=\"afbc720\" data-element_type=\"section\" data-e-type=\"section\">\n\t\t\t\t\t\t<div class=\"elementor-container elementor-column-gap-no\">\n\t\t\t\t\t<div class=\"elementor-column elementor-col-100 elementor-top-column elementor-element elementor-element-f5a13aa\" data-id=\"f5a13aa\" data-element_type=\"column\" data-e-type=\"column\">\n\t\t\t<div class=\"elementor-widget-wrap elementor-element-populated\">\n\t\t\t\t\t\t<div class=\"elementor-element elementor-element-5560001 elementor-widget elementor-widget-shortcode\" data-id=\"5560001\" data-element_type=\"widget\" data-e-type=\"widget\" data-widget_type=\"shortcode.default\">\n\t\t\t\t<div class=\"elementor-widget-container\">\n\t\t\t\t\t\t\t<div class=\"elementor-shortcode\">\t\t<div data-elementor-type=\"section\" data-elementor-id=\"20751\" class=\"elementor elementor-20751\" data-elementor-post-type=\"elementor_library\">\n\t\t\t\t\t<section class=\"elementor-section elementor-top-section elementor-element elementor-element-5ab4205 elementor-section-full_width elementor-section-height-default elementor-section-height-default\" data-id=\"5ab4205\" data-element_type=\"section\" data-e-type=\"section\" id=\"menu-atuariais\" data-settings=\"{&quot;background_background&quot;:&quot;classic&quot;}\">\n\t\t\t\t\t\t\t<div class=\"elementor-background-overlay\"><\/div>\n\t\t\t\t\t\t\t<div class=\"elementor-container elementor-column-gap-default\">\n\t\t\t\t\t<div class=\"elementor-column elementor-col-100 elementor-top-column elementor-element elementor-element-76935d4f\" data-id=\"76935d4f\" data-element_type=\"column\" data-e-type=\"column\">\n\t\t\t<div class=\"elementor-widget-wrap elementor-element-populated\">\n\t\t\t\t\t\t<div class=\"elementor-element elementor-element-52f9e110 elementor-widget elementor-widget-heading\" data-id=\"52f9e110\" data-element_type=\"widget\" data-e-type=\"widget\" data-widget_type=\"heading.default\">\n\t\t\t\t<div class=\"elementor-widget-container\">\n\t\t\t\t\t<h2 class=\"elementor-heading-title elementor-size-default\">Projeto de Extens\u00e3o LabEst<\/h2>\t\t\t\t<\/div>\n\t\t\t\t<\/div>\n\t\t\t\t\t<\/div>\n\t\t<\/div>\n\t\t\t\t\t<\/div>\n\t\t<\/section>\n\t\t\t\t<section class=\"elementor-section elementor-top-section elementor-element elementor-element-f39a027 elementor-section-full_width elementor-section-height-default elementor-section-height-default\" data-id=\"f39a027\" data-element_type=\"section\" data-e-type=\"section\" data-settings=\"{&quot;sticky&quot;:&quot;top&quot;,&quot;sticky_on&quot;:[&quot;desktop&quot;,&quot;tablet&quot;,&quot;mobile&quot;],&quot;sticky_offset&quot;:0,&quot;sticky_effects_offset&quot;:0,&quot;sticky_anchor_link_offset&quot;:0}\">\n\t\t\t\t\t\t<div class=\"elementor-container elementor-column-gap-no\">\n\t\t\t\t\t<div class=\"elementor-column elementor-col-100 elementor-top-column elementor-element elementor-element-1db3ec8\" data-id=\"1db3ec8\" data-element_type=\"column\" data-e-type=\"column\">\n\t\t\t<div class=\"elementor-widget-wrap elementor-element-populated\">\n\t\t\t\t\t\t<div class=\"elementor-element elementor-element-f1e33ba elementor-icon-list--layout-inline elementor-align-center menu-esp-estatistica elementor-list-item-link-full_width elementor-widget elementor-widget-icon-list\" data-id=\"f1e33ba\" data-element_type=\"widget\" data-e-type=\"widget\" data-widget_type=\"icon-list.default\">\n\t\t\t\t<div class=\"elementor-widget-container\">\n\t\t\t\t\t\t\t<ul class=\"elementor-icon-list-items elementor-inline-items\">\n\t\t\t\t\t\t\t<li class=\"elementor-icon-list-item elementor-inline-item\">\n\t\t\t\t\t\t\t\t\t\t\t<a href=\"https:\/\/www.est.ufmg.br\/portal\/labest\">\n\n\t\t\t\t\t\t\t\t\t\t\t\t<span class=\"elementor-icon-list-icon\">\n\t\t\t\t\t\t\t<i aria-hidden=\"true\" class=\"fas fa-home\"><\/i>\t\t\t\t\t\t<\/span>\n\t\t\t\t\t\t\t\t\t\t<span class=\"elementor-icon-list-text\">P\u00e1gina Inicial<\/span>\n\t\t\t\t\t\t\t\t\t\t\t<\/a>\n\t\t\t\t\t\t\t\t\t<\/li>\n\t\t\t\t\t\t\t\t<li class=\"elementor-icon-list-item elementor-inline-item\">\n\t\t\t\t\t\t\t\t\t\t\t<a href=\"https:\/\/www.est.ufmg.br\/portal\/labest-projeto\">\n\n\t\t\t\t\t\t\t\t\t\t\t\t<span class=\"elementor-icon-list-icon\">\n\t\t\t\t\t\t\t<i aria-hidden=\"true\" class=\"fas fa-edit\"><\/i>\t\t\t\t\t\t<\/span>\n\t\t\t\t\t\t\t\t\t\t<span class=\"elementor-icon-list-text\">Chamada de Projetos 2026-01<\/span>\n\t\t\t\t\t\t\t\t\t\t\t<\/a>\n\t\t\t\t\t\t\t\t\t<\/li>\n\t\t\t\t\t\t\t\t<li class=\"elementor-icon-list-item elementor-inline-item\">\n\t\t\t\t\t\t\t\t\t\t\t<a href=\"https:\/\/www.est.ufmg.br\/portal\/labest-formularios\">\n\n\t\t\t\t\t\t\t\t\t\t\t\t<span class=\"elementor-icon-list-icon\">\n\t\t\t\t\t\t\t<i aria-hidden=\"true\" class=\"far fa-file-word\"><\/i>\t\t\t\t\t\t<\/span>\n\t\t\t\t\t\t\t\t\t\t<span class=\"elementor-icon-list-text\">Formul\u00e1rios<\/span>\n\t\t\t\t\t\t\t\t\t\t\t<\/a>\n\t\t\t\t\t\t\t\t\t<\/li>\n\t\t\t\t\t\t\t\t<li class=\"elementor-icon-list-item elementor-inline-item\">\n\t\t\t\t\t\t\t\t\t\t\t<a href=\"https:\/\/www.est.ufmg.br\/portal\/labest-regulamento\">\n\n\t\t\t\t\t\t\t\t\t\t\t\t<span class=\"elementor-icon-list-icon\">\n\t\t\t\t\t\t\t<i aria-hidden=\"true\" class=\"fas fa-chart-area\"><\/i>\t\t\t\t\t\t<\/span>\n\t\t\t\t\t\t\t\t\t\t<span class=\"elementor-icon-list-text\">Regulamento<\/span>\n\t\t\t\t\t\t\t\t\t\t\t<\/a>\n\t\t\t\t\t\t\t\t\t<\/li>\n\t\t\t\t\t\t\t\t<li class=\"elementor-icon-list-item elementor-inline-item\">\n\t\t\t\t\t\t\t\t\t\t\t<a href=\"https:\/\/www.est.ufmg.br\/portal\/labest-corpo-docente\">\n\n\t\t\t\t\t\t\t\t\t\t\t\t<span class=\"elementor-icon-list-icon\">\n\t\t\t\t\t\t\t<i aria-hidden=\"true\" class=\"fas fa-users\"><\/i>\t\t\t\t\t\t<\/span>\n\t\t\t\t\t\t\t\t\t\t<span class=\"elementor-icon-list-text\">Corpo Docente<\/span>\n\t\t\t\t\t\t\t\t\t\t\t<\/a>\n\t\t\t\t\t\t\t\t\t<\/li>\n\t\t\t\t\t\t\t\t<li class=\"elementor-icon-list-item elementor-inline-item\">\n\t\t\t\t\t\t\t\t\t\t\t<a href=\"https:\/\/www.est.ufmg.br\/portal\/labest-historico\">\n\n\t\t\t\t\t\t\t\t\t\t\t\t<span class=\"elementor-icon-list-icon\">\n\t\t\t\t\t\t\t<i aria-hidden=\"true\" class=\"fas fa-copy\"><\/i>\t\t\t\t\t\t<\/span>\n\t\t\t\t\t\t\t\t\t\t<span class=\"elementor-icon-list-text\">Hist\u00f3rico<\/span>\n\t\t\t\t\t\t\t\t\t\t\t<\/a>\n\t\t\t\t\t\t\t\t\t<\/li>\n\t\t\t\t\t\t\t\t<li class=\"elementor-icon-list-item elementor-inline-item\">\n\t\t\t\t\t\t\t\t\t\t\t<a href=\"https:\/\/www.est.ufmg.br\/portal\/labest-contato\">\n\n\t\t\t\t\t\t\t\t\t\t\t\t<span class=\"elementor-icon-list-icon\">\n\t\t\t\t\t\t\t<i aria-hidden=\"true\" class=\"far fa-envelope\"><\/i>\t\t\t\t\t\t<\/span>\n\t\t\t\t\t\t\t\t\t\t<span class=\"elementor-icon-list-text\">Contato <\/span>\n\t\t\t\t\t\t\t\t\t\t\t<\/a>\n\t\t\t\t\t\t\t\t\t<\/li>\n\t\t\t\t\t\t<\/ul>\n\t\t\t\t\t\t<\/div>\n\t\t\t\t<\/div>\n\t\t\t\t\t<\/div>\n\t\t<\/div>\n\t\t\t\t\t<\/div>\n\t\t<\/section>\n\t\t\t\t<\/div>\n\t\t<\/div>\n\t\t\t\t\t\t<\/div>\n\t\t\t\t<\/div>\n\t\t\t\t\t<\/div>\n\t\t<\/div>\n\t\t\t\t\t<\/div>\n\t\t<\/section>\n\t\t\t\t<section class=\"elementor-section elementor-top-section elementor-element elementor-element-a7d3ec3 elementor-section-boxed elementor-section-height-default elementor-section-height-default\" data-id=\"a7d3ec3\" data-element_type=\"section\" data-e-type=\"section\" id=\"atuario\">\n\t\t\t\t\t\t<div class=\"elementor-container elementor-column-gap-default\">\n\t\t\t\t\t<div class=\"elementor-column elementor-col-100 elementor-top-column elementor-element elementor-element-8c990d5\" data-id=\"8c990d5\" data-element_type=\"column\" data-e-type=\"column\">\n\t\t\t<div class=\"elementor-widget-wrap elementor-element-populated\">\n\t\t\t\t\t\t<div class=\"elementor-element elementor-element-39c6750 elementor-widget elementor-widget-heading\" data-id=\"39c6750\" data-element_type=\"widget\" data-e-type=\"widget\" data-widget_type=\"heading.default\">\n\t\t\t\t<div class=\"elementor-widget-container\">\n\t\t\t\t\t<h2 class=\"elementor-heading-title elementor-size-default\">Regulamento<\/h2>\t\t\t\t<\/div>\n\t\t\t\t<\/div>\n\t\t\t\t\t<\/div>\n\t\t<\/div>\n\t\t\t\t\t<\/div>\n\t\t<\/section>\n\t\t\t\t<section class=\"elementor-section elementor-top-section elementor-element elementor-element-54a52f6 elementor-section-boxed elementor-section-height-default elementor-section-height-default\" data-id=\"54a52f6\" data-element_type=\"section\" data-e-type=\"section\">\n\t\t\t\t\t\t<div class=\"elementor-container elementor-column-gap-default\">\n\t\t\t\t\t<div class=\"elementor-column elementor-col-100 elementor-top-column elementor-element elementor-element-bc0edb7\" data-id=\"bc0edb7\" data-element_type=\"column\" data-e-type=\"column\">\n\t\t\t<div class=\"elementor-widget-wrap elementor-element-populated\">\n\t\t\t\t\t\t<div class=\"elementor-element elementor-element-8e0631f elementor-widget elementor-widget-text-editor\" data-id=\"8e0631f\" data-element_type=\"widget\" data-e-type=\"widget\" data-widget_type=\"text-editor.default\">\n\t\t\t\t<div class=\"elementor-widget-container\">\n\t\t\t\t\t\t\t\t\t<p><img fetchpriority=\"high\" decoding=\"async\" class=\"wp-image-21133 alignright\" src=\"https:\/\/www.est.ufmg.br\/portal\/wp-content\/uploads\/2025\/12\/paper_2-300x254.jpg\" alt=\"\" width=\"310\" height=\"263\" srcset=\"https:\/\/www.est.ufmg.br\/portal\/wp-content\/uploads\/2025\/12\/paper_2-300x254.jpg 300w, https:\/\/www.est.ufmg.br\/portal\/wp-content\/uploads\/2025\/12\/paper_2.jpg 573w\" sizes=\"(max-width: 310px) 100vw, 310px\" \/><span style=\"font-style: inherit; font-weight: inherit;\">O Projeto de Extens\u00e3o LabEst-Consultoria Gratuita em Estat\u00edstica para Alunos de P\u00f3s-gradua\u00e7\u00e3o \u00e9 desenvolvido no Departamento de Estat\u00edstica do ICEx, e tem por objetivo promover, gratuitamente, a consultoria em an\u00e1lise estat\u00edstica de dados de pesquisas para disserta\u00e7\u00e3o ou tese de estudantes dos cursos de p\u00f3s-gradua\u00e7\u00e3o da Universidade Federal de Minas Gerais e de institui\u00e7\u00f5es de ensino superior p\u00fablicas.<\/span><\/p><p>A an\u00e1lise estat\u00edstica de dados \u00e9 realizada pelos alunos do Curso de Gradua\u00e7\u00e3o\u00a0em Estat\u00edstica matriculados na disciplina Laborat\u00f3rio de Estat\u00edstica I (Lab. I),\u00a0orientados e supervisionados por professores designados pelo Departamento\u00a0de Estat\u00edstica.<\/p><p>A chamada para inscri\u00e7\u00e3o de projetos ocorrer\u00e1 atrav\u00e9s da webpage do LabEst,\u00a0no endere\u00e7o <a href=\"http:\/\/www.est.ufmg.br\/portal\/labest\" target=\"_blank\" rel=\"noopener\">www.est.ufmg.br\/portal\/labest<\/a>. Os prazos e instru\u00e7\u00f5es para a\u00a0inscri\u00e7\u00e3o ser\u00e3o descritas na webpage. Os interessados dever\u00e3o preencher um\u00a0Formul\u00e1rio de Inscri\u00e7\u00e3o e enviar para o e-mail informado na webpage. N\u00e3o\u00a0ser\u00e3o aceitas inscri\u00e7\u00f5es que n\u00e3o obede\u00e7am aos prazos e \u00e0s instru\u00e7\u00f5es\u00a0estabelecidos.<\/p><p>A sele\u00e7\u00e3o dos projetos a serem implementados ser\u00e1 feita pelo(a)\u00a0Coordenador(a) do LabEst, e ser\u00e1 baseada nas informa\u00e7\u00f5es contidas no\u00a0Formul\u00e1rio de Inscri\u00e7\u00e3o. Projetos mais simples e de r\u00e1pida execu\u00e7\u00e3o ser\u00e3o\u00a0considerados para atendimento pelos alunos de Lab I. Projetos mais\u00a0complexos e de execu\u00e7\u00e3o mais demorada poder\u00e3o ser encaminhados para\u00a0atendimento pelos alunos de Monografia ou outros projetos de extens\u00e3o.\u00a0O n\u00famero de projetos atendidos varia a cada oferta da disciplina, dependendo\u00a0do n\u00famero de alunos matriculados e de professores dispon\u00edveis para\u00a0orienta\u00e7\u00e3o.<\/p><p>A divulga\u00e7\u00e3o dos projetos selecionados ser\u00e1 feita atrav\u00e9s da listagem dos\u00a0selecionados na webpage, conforme prazo l\u00e1 estabelecido. N\u00e3o haver\u00e1 envio\u00a0de e-mail com o resultado da sele\u00e7\u00e3o para os inscritos que n\u00e3o forem\u00a0selecionados.<\/p><p>A implementa\u00e7\u00e3o dos projetos selecionados se dar\u00e1 com o envio, pelos autores\u00a0dos projetos selecionados, do Termo de Confirma\u00e7\u00e3o de Interesse, de acordo\u00a0com as instru\u00e7\u00f5es e os prazos descritos na webpage. Os projetos cujos autores\u00a0n\u00e3o enviarem este formul\u00e1rio ser\u00e3o desclassificados.<\/p><p>Um Termo de Compromisso dever\u00e1 ser\u00e1 assinado por todas as partes\u00a0envolvidas na atividade, a saber, os consultores (alunos matriculados na\u00a0disciplina e seus orientadores) e os clientes (alunos de p\u00f3s-gradua\u00e7\u00e3o\u00a0atendidos e seus orientadores).<\/p><p>A atividade de consultoria ser\u00e1 desenvolvida ao longo do semestre letivo de\u00a0oferecimento da disciplina, divididos em duas rodadas de execu\u00e7\u00e3o, com\u00a0dura\u00e7\u00e3o conforme descrito no Cronograma (vide webpage), definido e\u00a0divulgado previamente \u00e0 abertura das inscri\u00e7\u00f5es para o projeto no ano\u00a0corrente.<\/p><p>Ao longo do per\u00edodo de execu\u00e7\u00e3o da consultoria, definido no Cronograma, a\u00a0atividade envolver\u00e1 reuni\u00f5es entre os consultores e os clientes,\u00a0presencialmente (em sala do ICEx-UFMG) ou em plataforma virtual a ser\u00a0definida entre as partes, obrigatoriamente no dia\/hor\u00e1rio da disciplina (sextas-feiras, 07:30-11:00), sendo tr\u00eas dessas reuni\u00f5es de comparecimento\u00a0obrigat\u00f3rio dos consultores e de pelo menos um dos clientes (aluno ou\u00a0orientador), com datas estabelecidas pelo professor orientador do\u00a0Departamento de Estat\u00edstica. Al\u00e9m destas reuni\u00f5es s\u00edncronas, espera-se que\u00a0os clientes estejam dispon\u00edveis, pessoalmente, por e-mail, telefone ou reuni\u00e3o\u00a0virtual, para esclarecer as d\u00favidas dos consultores.<\/p><p>Os clientes dever\u00e3o estar cientes de que o banco de dados a ser analisado\u00a0deve estar pronto e ser definitivo no dia da reuni\u00e3o inicial da consultoria, e que\u00a0os consultores n\u00e3o estar\u00e3o obrigados a fazer altera\u00e7\u00f5es nas an\u00e1lises em\u00a0virtude de altera\u00e7\u00f5es no banco de dados posteriores \u00e0quele entregue no dia da\u00a0reuni\u00e3o inicial.<\/p><p>Os clientes dever\u00e3o estar cientes de que os consultores desenvolver\u00e3o\u00a0livremente a an\u00e1lise estat\u00edstica, fornecendo aos clientes a resposta que\u00a0considerarem mais apropriada e utilizando o m\u00e9todo e o programa\u00a0computacional estat\u00edstico que os Consultores escolherem. Os clientes dever\u00e3o\u00a0estar cientes de que n\u00e3o poder\u00e3o impor um tipo espec\u00edfico de m\u00e9todo\u00a0estat\u00edstico a ser utilizado pelos consultores na an\u00e1lise.<\/p><p>O produto final da atividade ser\u00e1 um relat\u00f3rio por escrito com os resultados das\u00a0an\u00e1lises estat\u00edsticas realizadas. Este relat\u00f3rio ser\u00e1 entregue aos clientes sete\u00a0dias antes do final do prazo de execu\u00e7\u00e3o da rodada de atividades. Os clientes\u00a0ter\u00e3o o prazo de sete dias, contados a partir da data da entrega do relat\u00f3rio,\u00a0para solicitar pequenas altera\u00e7\u00f5es nas an\u00e1lises ou esclarecimentos sobre texto\u00a0do relat\u00f3rio. Os clientes dever\u00e3o estar cientes de que os consultores n\u00e3o\u00a0estar\u00e3o obrigados a atender solicita\u00e7\u00f5es adicionais de an\u00e1lise ou\u00a0esclarecimento de d\u00favidas fora do per\u00edodo de execu\u00e7\u00e3o estipulado no\u00a0Cronograma.<\/p><p>A participa\u00e7\u00e3o dos clientes poder\u00e1 ser cancelada se a Coordena\u00e7\u00e3o do LabEst\u00a0n\u00e3o conseguir contat\u00e1-los para a marca\u00e7\u00e3o da reuni\u00e3o inicial no prazo\u00a0estabelecido no Cronograma. No caso de desist\u00eancia ou incapacidade de\u00a0continua\u00e7\u00e3o da atividade pelos clientes, os dados por eles fornecidos poder\u00e3o\u00a0continuar a ser utilizados pelos consultores para avalia\u00e7\u00e3o da atividade na\u00a0disciplina. No caso de desist\u00eancia ou incapacidade de continua\u00e7\u00e3o da atividade\u00a0pelo professor orientador consultor, outro professor orientador consultor ser\u00e1\u00a0designado pela coordena\u00e7\u00e3o do LabEst para continuar e finalizar a atividade.\u00a0No caso de desist\u00eancia ou incapacidade de continua\u00e7\u00e3o da atividade por todos\u00a0os alunos consultores do grupo designado para o projeto, este projeto poder\u00e1\u00a0ser descontinuado sem \u00f4nus nem compromissos futuros para o LabEst\/DEST.<\/p><p>Os clientes devem se comprometer a participar da avalia\u00e7\u00e3o dos alunos no\u00a0final da atividade, informando a qualidade do trabalho desenvolvido.<\/p><p>N\u00e3o h\u00e1 exig\u00eancia de inclus\u00e3o da autoria dos consultores em publica\u00e7\u00f5es\u00a0utilizando os resultados das an\u00e1lises realizadas nesta atividade. Entretanto, os\u00a0clientes devem se comprometer a informar ao Coordenador do LabEst caso\u00a0haja uma publica\u00e7\u00e3o de tal natureza. Os clientes devem se comprometer a n\u00e3o\u00a0incluir o nome dos consultores em quaisquer publica\u00e7\u00f5es sem permiss\u00e3o dos\u00a0pr\u00f3prios consultores.<\/p><p>Os consultores devem se comprometer a n\u00e3o divulgar os dados e a an\u00e1lise\u00a0fora do \u00e2mbito desta disciplina sem a pr\u00e9via autoriza\u00e7\u00e3o dos clientes. O LabEst\u00a0estar\u00e1 autorizado a divulgar o nome dos clientes e o t\u00edtulo do projeto na\u00a0webpage e em publica\u00e7\u00f5es sobre a atividade.<\/p><p>Fazem parte deste Regulamento, como anexos, os seguintes documentos:<\/p><p>1. Formul\u00e1rio de Inscri\u00e7\u00e3o,<br \/>2. Termo de Confirma\u00e7\u00e3o de Interesse,<br \/>3. Termo de Compromisso<\/p>\t\t\t\t\t\t\t\t<\/div>\n\t\t\t\t<\/div>\n\t\t\t\t\t<\/div>\n\t\t<\/div>\n\t\t\t\t\t<\/div>\n\t\t<\/section>\n\t\t\t\t<\/div>\n\t\t","protected":false},"excerpt":{"rendered":"<p>Regulamento O Projeto de Extens\u00e3o LabEst-Consultoria Gratuita em Estat\u00edstica para Alunos de P\u00f3s-gradua\u00e7\u00e3o \u00e9 desenvolvido no Departamento de Estat\u00edstica do ICEx, e tem por objetivo promover, gratuitamente, a consultoria em an\u00e1lise estat\u00edstica de dados de pesquisas para disserta\u00e7\u00e3o ou tese de estudantes dos cursos de p\u00f3s-gradua\u00e7\u00e3o da Universidade Federal de Minas Gerais e de institui\u00e7\u00f5es [&hellip;]<\/p>\n","protected":false},"author":44,"featured_media":0,"parent":0,"menu_order":0,"comment_status":"closed","ping_status":"closed","template":"","meta":{"site-sidebar-layout":"no-sidebar","site-content-layout":"page-builder","ast-site-content-layout":"full-width-container","site-content-style":"unboxed","site-sidebar-style":"unboxed","ast-global-header-display":"","ast-banner-title-visibility":"","ast-main-header-display":"","ast-hfb-above-header-display":"","ast-hfb-below-header-display":"","ast-hfb-mobile-header-display":"","site-post-title":"disabled","ast-breadcrumbs-content":"","ast-featured-img":"disabled","footer-sml-layout":"","ast-disable-related-posts":"","theme-transparent-header-meta":"default","adv-header-id-meta":"","stick-header-meta":"","header-above-stick-meta":"","header-main-stick-meta":"","header-below-stick-meta":"","astra-migrate-meta-layouts":"set","ast-page-background-enabled":"default","ast-page-background-meta":{"desktop":{"background-color":"","background-image":"","background-repeat":"repeat","background-position":"center center","background-size":"auto","background-attachment":"scroll","background-type":"","background-media":"","overlay-type":"","overlay-color":"","overlay-opacity":"","overlay-gradient":""},"tablet":{"background-color":"","background-image":"","background-repeat":"repeat","background-position":"center center","background-size":"auto","background-attachment":"scroll","background-type":"","background-media":"","overlay-type":"","overlay-color":"","overlay-opacity":"","overlay-gradient":""},"mobile":{"background-color":"","background-image":"","background-repeat":"repeat","background-position":"center center","background-size":"auto","background-attachment":"scroll","background-type":"","background-media":"","overlay-type":"","overlay-color":"","overlay-opacity":"","overlay-gradient":""}},"ast-content-background-meta":{"desktop":{"background-color":"var(--ast-global-color-5)","background-image":"","background-repeat":"repeat","background-position":"center center","background-size":"auto","background-attachment":"scroll","background-type":"","background-media":"","overlay-type":"","overlay-color":"","overlay-opacity":"","overlay-gradient":""},"tablet":{"background-color":"var(--ast-global-color-5)","background-image":"","background-repeat":"repeat","background-position":"center center","background-size":"auto","background-attachment":"scroll","background-type":"","background-media":"","overlay-type":"","overlay-color":"","overlay-opacity":"","overlay-gradient":""},"mobile":{"background-color":"var(--ast-global-color-5)","background-image":"","background-repeat":"repeat","background-position":"center center","background-size":"auto","background-attachment":"scroll","background-type":"","background-media":"","overlay-type":"","overlay-color":"","overlay-opacity":"","overlay-gradient":""}},"footnotes":""},"class_list":["post-20763","page","type-page","status-publish","hentry"],"_links":{"self":[{"href":"https:\/\/www.est.ufmg.br\/portal\/wp-json\/wp\/v2\/pages\/20763","targetHints":{"allow":["GET"]}}],"collection":[{"href":"https:\/\/www.est.ufmg.br\/portal\/wp-json\/wp\/v2\/pages"}],"about":[{"href":"https:\/\/www.est.ufmg.br\/portal\/wp-json\/wp\/v2\/types\/page"}],"author":[{"embeddable":true,"href":"https:\/\/www.est.ufmg.br\/portal\/wp-json\/wp\/v2\/users\/44"}],"replies":[{"embeddable":true,"href":"https:\/\/www.est.ufmg.br\/portal\/wp-json\/wp\/v2\/comments?post=20763"}],"version-history":[{"count":84,"href":"https:\/\/www.est.ufmg.br\/portal\/wp-json\/wp\/v2\/pages\/20763\/revisions"}],"predecessor-version":[{"id":21209,"href":"https:\/\/www.est.ufmg.br\/portal\/wp-json\/wp\/v2\/pages\/20763\/revisions\/21209"}],"wp:attachment":[{"href":"https:\/\/www.est.ufmg.br\/portal\/wp-json\/wp\/v2\/media?parent=20763"}],"curies":[{"name":"wp","href":"https:\/\/api.w.org\/{rel}","templated":true}]}}