{"id":3596,"date":"2022-11-30T14:32:50","date_gmt":"2022-11-30T17:32:50","guid":{"rendered":"https:\/\/www.est.ufmg.br\/portal\/?page_id=3596"},"modified":"2023-05-09T22:44:59","modified_gmt":"2023-05-10T01:44:59","slug":"historia","status":"publish","type":"page","link":"https:\/\/www.est.ufmg.br\/portal\/historia\/","title":{"rendered":"Hist\u00f3ria"},"content":{"rendered":"\t\t<div data-elementor-type=\"wp-page\" data-elementor-id=\"3596\" class=\"elementor elementor-3596\" data-elementor-post-type=\"page\">\n\t\t\t\t\t\t<section class=\"elementor-section elementor-top-section elementor-element elementor-element-d5d884b elementor-section-full_width elementor-section-height-default elementor-section-height-default\" data-id=\"d5d884b\" data-element_type=\"section\" data-e-type=\"section\" data-settings=\"{&quot;background_background&quot;:&quot;classic&quot;}\">\n\t\t\t\t\t\t<div class=\"elementor-container elementor-column-gap-default\">\n\t\t\t\t\t<div class=\"elementor-column elementor-col-100 elementor-top-column elementor-element elementor-element-12f5c89\" data-id=\"12f5c89\" data-element_type=\"column\" data-e-type=\"column\">\n\t\t\t<div class=\"elementor-widget-wrap elementor-element-populated\">\n\t\t\t\t\t\t<div class=\"elementor-element elementor-element-9735f89 elementor-widget elementor-widget-heading\" data-id=\"9735f89\" data-element_type=\"widget\" data-e-type=\"widget\" data-widget_type=\"heading.default\">\n\t\t\t\t<div class=\"elementor-widget-container\">\n\t\t\t\t\t<h2 class=\"elementor-heading-title elementor-size-default\">Hist\u00f3ria<\/h2>\t\t\t\t<\/div>\n\t\t\t\t<\/div>\n\t\t\t\t\t<\/div>\n\t\t<\/div>\n\t\t\t\t\t<\/div>\n\t\t<\/section>\n\t\t\t\t<section class=\"elementor-section elementor-top-section elementor-element elementor-element-ff3fafc elementor-section-boxed elementor-section-height-default elementor-section-height-default\" data-id=\"ff3fafc\" data-element_type=\"section\" data-e-type=\"section\">\n\t\t\t\t\t\t<div class=\"elementor-container elementor-column-gap-default\">\n\t\t\t\t\t<div class=\"elementor-column elementor-col-100 elementor-top-column elementor-element elementor-element-3018c5a\" data-id=\"3018c5a\" data-element_type=\"column\" data-e-type=\"column\">\n\t\t\t<div class=\"elementor-widget-wrap elementor-element-populated\">\n\t\t\t\t\t\t<div class=\"elementor-element elementor-element-3aeac68 elementor-widget elementor-widget-text-editor\" data-id=\"3aeac68\" data-element_type=\"widget\" data-e-type=\"widget\" data-widget_type=\"text-editor.default\">\n\t\t\t\t<div class=\"elementor-widget-container\">\n\t\t\t\t\t\t\t\t\t<p style=\"text-align: justify;\"><img fetchpriority=\"high\" decoding=\"async\" class=\"alignleft wp-image-4148\" src=\"https:\/\/www.est.ufmg.br\/portal\/wp-content\/uploads\/2022\/12\/ufmg-pampulha.jpg\" alt=\"\" width=\"500\" height=\"315\" srcset=\"https:\/\/www.est.ufmg.br\/portal\/wp-content\/uploads\/2022\/12\/ufmg-pampulha.jpg 952w, https:\/\/www.est.ufmg.br\/portal\/wp-content\/uploads\/2022\/12\/ufmg-pampulha-300x189.jpg 300w, https:\/\/www.est.ufmg.br\/portal\/wp-content\/uploads\/2022\/12\/ufmg-pampulha-768x484.jpg 768w\" sizes=\"(max-width: 500px) 100vw, 500px\" \/>O <strong>Departamento de Estat\u00edstica da Universidade Federal de Minas Gerais (DEST-UFMG)<\/strong> foi criado em 1976 e em 1978 foi criado o curso de Bacharelado em Estat\u00edstica. Em 2001, por uma iniciativa conjunta dos Departamentos de Estat\u00edstica e de Demografia (FACE-UFMG), foi criado o curso de Gradua\u00e7\u00e3o em Ci\u00eancias Atuariais. O DEST conta atualmente com 3 cursos de P\u00f3s-Gradua\u00e7\u00e3o, sendo dois stricto sensu e um lato sensu. Dentre os stricto sensu temos o Programa de Mestrado em Estat\u00edstica, criado em 1996 e o Programa de Doutorado em Estat\u00edstica, iniciado em 2005. O programa lato sensu \u00e9 o Curso de Especializa\u00e7\u00e3o em Estat\u00edstica, criado em 2004 e oferecido anualmente.<\/p>\n<p class=\"mainbody\" style=\"text-align: justify;\">O Departamento conta atualmente com 25 docentes, todos doutores. As \u00e1reas de pesquisa dos professores incluem an\u00e1lise de sobreviv\u00eancia e confiabilidade, atu\u00e1ria, bioestat\u00edstica, demografia, estat\u00edstica espacial, infer\u00eancia cl\u00e1ssica e bayesiana, modelos de regress\u00e3o, otimiza\u00e7\u00e3o em redes estoc\u00e1sticas, probabilidade, processos estoc\u00e1sticos, s\u00e9ries temporais e teoria de resposta ao item.<\/p>\n<p class=\"mainbody\" style=\"text-align: justify;\">Atualmente o DEST-UFMG prossegue com os esfor\u00e7os para o aprimoramento dos cursos de Gradua\u00e7\u00e3o em Estat\u00edstica, Gradua\u00e7\u00e3o em Ci\u00eancias Atuariais, Especializa\u00e7\u00e3o em Estat\u00edstica, Mestrado e Doutorado em Estat\u00edstica. O aprimoramento dos cursos existentes, al\u00e9m de ser um dos objetivos gerais da UFMG, faz parte de cuidadoso plano de metas estabelecido pelo corpo docente do Departamento.<\/p>\t\t\t\t\t\t\t\t<\/div>\n\t\t\t\t<\/div>\n\t\t\t\t\t<\/div>\n\t\t<\/div>\n\t\t\t\t\t<\/div>\n\t\t<\/section>\n\t\t\t\t<\/div>\n\t\t","protected":false},"excerpt":{"rendered":"<p>Hist\u00f3ria O Departamento de Estat\u00edstica da Universidade Federal de Minas Gerais (DEST-UFMG) foi criado em 1976 e em 1978 foi criado o curso de Bacharelado em Estat\u00edstica. Em 2001, por uma iniciativa conjunta dos Departamentos de Estat\u00edstica e de Demografia (FACE-UFMG), foi criado o curso de Gradua\u00e7\u00e3o em Ci\u00eancias Atuariais. O DEST conta atualmente com [&hellip;]<\/p>\n","protected":false},"author":1,"featured_media":0,"parent":0,"menu_order":0,"comment_status":"closed","ping_status":"closed","template":"","meta":{"site-sidebar-layout":"no-sidebar","site-content-layout":"page-builder","ast-site-content-layout":"default","site-content-style":"default","site-sidebar-style":"default","ast-global-header-display":"","ast-banner-title-visibility":"","ast-main-header-display":"","ast-hfb-above-header-display":"","ast-hfb-below-header-display":"","ast-hfb-mobile-header-display":"","site-post-title":"disabled","ast-breadcrumbs-content":"","ast-featured-img":"disabled","footer-sml-layout":"","ast-disable-related-posts":"","theme-transparent-header-meta":"default","adv-header-id-meta":"","stick-header-meta":"","header-above-stick-meta":"","header-main-stick-meta":"","header-below-stick-meta":"","astra-migrate-meta-layouts":"default","ast-page-background-enabled":"default","ast-page-background-meta":{"desktop":{"background-color":"","background-image":"","background-repeat":"repeat","background-position":"center center","background-size":"auto","background-attachment":"scroll","background-type":"","background-media":"","overlay-type":"","overlay-color":"","overlay-opacity":"","overlay-gradient":""},"tablet":{"background-color":"","background-image":"","background-repeat":"repeat","background-position":"center center","background-size":"auto","background-attachment":"scroll","background-type":"","background-media":"","overlay-type":"","overlay-color":"","overlay-opacity":"","overlay-gradient":""},"mobile":{"background-color":"","background-image":"","background-repeat":"repeat","background-position":"center center","background-size":"auto","background-attachment":"scroll","background-type":"","background-media":"","overlay-type":"","overlay-color":"","overlay-opacity":"","overlay-gradient":""}},"ast-content-background-meta":{"desktop":{"background-color":"var(--ast-global-color-5)","background-image":"","background-repeat":"repeat","background-position":"center center","background-size":"auto","background-attachment":"scroll","background-type":"","background-media":"","overlay-type":"","overlay-color":"","overlay-opacity":"","overlay-gradient":""},"tablet":{"background-color":"var(--ast-global-color-5)","background-image":"","background-repeat":"repeat","background-position":"center center","background-size":"auto","background-attachment":"scroll","background-type":"","background-media":"","overlay-type":"","overlay-color":"","overlay-opacity":"","overlay-gradient":""},"mobile":{"background-color":"var(--ast-global-color-5)","background-image":"","background-repeat":"repeat","background-position":"center center","background-size":"auto","background-attachment":"scroll","background-type":"","background-media":"","overlay-type":"","overlay-color":"","overlay-opacity":"","overlay-gradient":""}},"footnotes":""},"class_list":["post-3596","page","type-page","status-publish","hentry"],"_links":{"self":[{"href":"https:\/\/www.est.ufmg.br\/portal\/wp-json\/wp\/v2\/pages\/3596","targetHints":{"allow":["GET"]}}],"collection":[{"href":"https:\/\/www.est.ufmg.br\/portal\/wp-json\/wp\/v2\/pages"}],"about":[{"href":"https:\/\/www.est.ufmg.br\/portal\/wp-json\/wp\/v2\/types\/page"}],"author":[{"embeddable":true,"href":"https:\/\/www.est.ufmg.br\/portal\/wp-json\/wp\/v2\/users\/1"}],"replies":[{"embeddable":true,"href":"https:\/\/www.est.ufmg.br\/portal\/wp-json\/wp\/v2\/comments?post=3596"}],"version-history":[{"count":29,"href":"https:\/\/www.est.ufmg.br\/portal\/wp-json\/wp\/v2\/pages\/3596\/revisions"}],"predecessor-version":[{"id":9431,"href":"https:\/\/www.est.ufmg.br\/portal\/wp-json\/wp\/v2\/pages\/3596\/revisions\/9431"}],"wp:attachment":[{"href":"https:\/\/www.est.ufmg.br\/portal\/wp-json\/wp\/v2\/media?parent=3596"}],"curies":[{"name":"wp","href":"https:\/\/api.w.org\/{rel}","templated":true}]}}