{"id":3623,"date":"2022-11-30T14:41:23","date_gmt":"2022-11-30T17:41:23","guid":{"rendered":"https:\/\/www.est.ufmg.br\/portal\/?page_id=3623"},"modified":"2024-07-05T19:02:57","modified_gmt":"2024-07-05T22:02:57","slug":"formacao-complementar-em-estatistica","status":"publish","type":"page","link":"https:\/\/www.est.ufmg.br\/portal\/formacao-complementar-em-estatistica\/","title":{"rendered":"Forma\u00e7\u00e3o Complementar em Estat\u00edstica"},"content":{"rendered":"\t\t<div data-elementor-type=\"wp-page\" data-elementor-id=\"3623\" class=\"elementor elementor-3623\" data-elementor-post-type=\"page\">\n\t\t\t\t\t\t<section class=\"elementor-section elementor-top-section elementor-element elementor-element-546bcaf elementor-section-full_width elementor-section-height-default elementor-section-height-default\" data-id=\"546bcaf\" data-element_type=\"section\" data-e-type=\"section\" data-settings=\"{&quot;background_background&quot;:&quot;classic&quot;}\">\n\t\t\t\t\t\t\t<div class=\"elementor-background-overlay\"><\/div>\n\t\t\t\t\t\t\t<div class=\"elementor-container elementor-column-gap-default\">\n\t\t\t\t\t<div class=\"elementor-column elementor-col-100 elementor-top-column elementor-element elementor-element-ea21fd1\" data-id=\"ea21fd1\" data-element_type=\"column\" data-e-type=\"column\">\n\t\t\t<div class=\"elementor-widget-wrap elementor-element-populated\">\n\t\t\t\t\t\t<div class=\"elementor-element elementor-element-f4e16e9 elementor-widget elementor-widget-heading\" data-id=\"f4e16e9\" data-element_type=\"widget\" data-e-type=\"widget\" data-widget_type=\"heading.default\">\n\t\t\t\t<div class=\"elementor-widget-container\">\n\t\t\t\t\t<h2 class=\"elementor-heading-title elementor-size-default\">Forma\u00e7\u00e3o Complementar em Estat\u00edstica<\/h2>\t\t\t\t<\/div>\n\t\t\t\t<\/div>\n\t\t\t\t\t<\/div>\n\t\t<\/div>\n\t\t\t\t\t<\/div>\n\t\t<\/section>\n\t\t\t\t<section class=\"elementor-section elementor-top-section elementor-element elementor-element-4e5c174 elementor-section-boxed elementor-section-height-default elementor-section-height-default\" data-id=\"4e5c174\" data-element_type=\"section\" data-e-type=\"section\">\n\t\t\t\t\t\t<div class=\"elementor-container elementor-column-gap-default\">\n\t\t\t\t\t<div class=\"elementor-column elementor-col-100 elementor-top-column elementor-element elementor-element-8a111af\" data-id=\"8a111af\" data-element_type=\"column\" data-e-type=\"column\">\n\t\t\t<div class=\"elementor-widget-wrap elementor-element-populated\">\n\t\t\t\t\t\t<div class=\"elementor-element elementor-element-107176d elementor-widget elementor-widget-text-editor\" data-id=\"107176d\" data-element_type=\"widget\" data-e-type=\"widget\" data-widget_type=\"text-editor.default\">\n\t\t\t\t<div class=\"elementor-widget-container\">\n\t\t\t\t\t\t\t\t\t<p><strong>Forma\u00e7\u00e3o complementar aberta em Estat\u00edstica:<\/strong><\/p>\n<p>As sugest\u00f5es de percursos est\u00e3o organizadas por grandes \u00e1reas:<\/p>\n<ul>\n<li><a href=\"http:\/\/est.ufmg.br\/portal\/wp-content\/uploads\/arquivos\/formacao_complementar\/Percurso_Cursos_Bio.pdf\" target=\"_blank\" rel=\"noopener\"><strong>Biol\u00f3gicas e Ci\u00eancias da Sa\u00fade<\/strong><\/a>:&nbsp;Biomedicina, Ci\u00eancias Biol\u00f3gicas, Enfermagem, Farm\u00e1cia, Fisioterapia, Nutri\u00e7\u00e3o, Terapia Ocupacional, Educa\u00e7\u00e3o F\u00edsica, Fonoaudiologia, Medicina, Medicina Veterin\u00e1ria, Odontologia.<\/li>\n<\/ul>\n<ul>\n<li><a href=\"http:\/\/est.ufmg.br\/portal\/wp-content\/uploads\/arquivos\/formacao_complementar\/Percurso_Cursos_Eng.pdf\" target=\"_blank\" rel=\"noopener\"><strong>Engenharias e Ci\u00eancias Exatas<\/strong><\/a>:&nbsp;Engenharia Aeroespacial, Engenharia Ambiental, Engenharia Civil, Engenharia de Controle e Automa\u00e7\u00e3o, Engenharia de Minas, Engenharia de Produ\u00e7\u00e3o, Engenharia de Sistemas, Engenharia Mec\u00e2nica, Engenharia Metal\u00fargica, Engenharia Qu\u00edmica, Ci\u00eancias da Computa\u00e7\u00e3o, F\u00edsica, Geologia, Matem\u00e1tica, Sistemas de Informa\u00e7\u00e3o, Qu\u00edmica, Qu\u00edmica Tecnol\u00f3gica.<\/li>\n<\/ul>\n<ul>\n<li><a href=\"http:\/\/est.ufmg.br\/portal\/wp-content\/uploads\/arquivos\/formacao_complementar\/Percurso_Cursos_Hum.pdf\" target=\"_blank\" rel=\"noopener\"><strong>Ci\u00eancias Humanas e Sociais<\/strong><\/a>:&nbsp;Ci\u00eancias Cont\u00e1beis, Administra\u00e7\u00e3o, Gest\u00e3o P\u00fablica, Controladoria e Finan\u00e7as, Ci\u00eancias Econ\u00f4micas, Ci\u00eancias Sociais, Psicologia<\/li>\n<\/ul>\n<p>Em cada uma destas \u00e1reas, o aluno encontrar\u00e1 uma lista das disciplinas do Departamento de Estat\u00edstica (DEST) que podem compor sua forma\u00e7\u00e3o complementar aberta, com a carga hor\u00e1ria, os pr\u00e9-requisitos necess\u00e1rios e semestres de oferta.<\/p>\n<p>O aluno interessado em realizar a forma\u00e7\u00e3o complementar aberta dever\u00e1 inicialmente entrar em contato com o Coordenador de seu curso para formalizar a inten\u00e7\u00e3o. Em seguida, dever\u00e1 enviar email para&nbsp;<span id=\"cloak68fa94605806eb44b9dfbcd68c339d43\"><a href=\"mailto:dest@est.ufmg.br\">dest@est.ufmg.br<\/a><\/span>, com anu\u00eancia do Coordenador de seu curso, indicando seu interesse e informando seu curso, juntamente com a grande \u00e1rea (Biol\u00f3gicas\/Sa\u00fade, Engenharias\/Exatas ou Humanas\/Sociais). O DEST indicar\u00e1 um tutor, que ir\u00e1 auxili\u00e1-lo a elaborar o plano de estudos. &nbsp;<\/p>\n<p>Posteriormente, quando o plano de estudos estiver definido, o&nbsp;<strong>Coordenador do Curso ao qual o aluno pertence<\/strong>&nbsp;deve enviar,&nbsp;semestralmente, uma solicita\u00e7\u00e3o formal de matr\u00edcula para as disciplinas escolhidas. Esta solicita\u00e7\u00e3o deve ser encaminhada ao tutor do aluno, que se responsabilizar\u00e1 por entrar em contato com o respons\u00e1vel pela matr\u00edcula no DEST.<\/p>\n<p>Enfatizamos que&nbsp;<strong>a matr\u00edcula estar\u00e1 sujeita \u00e0 disponibilidade de vagas<\/strong>&nbsp;nas disciplinas escolhidas, e n\u00e3o h\u00e1 garantia de que a mesma poder\u00e1 ser efetivada, caso as turmas existentes n\u00e3o possuam vagas.<\/p>\n<p><strong>Obs.:<\/strong><\/p>\n<p>1) V\u00e1rias disciplinas do Curso de Estat\u00edstica t\u00eam pr\u00e9-requisitos e os mesmos constam nas planilhas disponibilizadas. O aluno pode entretanto, com o aux\u00edlio de seu tutor, optar por cursar as disciplinas sem ter cursado o pr\u00e9-requisito.<\/p>\n<p>2) Como grande parte das disciplinas do curso de Estat\u00edstica t\u00eam como pr\u00e9-requisito disciplinas ofertadas pelos Departamentos de Matem\u00e1tica e Computa\u00e7\u00e3o, podem ser necess\u00e1rios conhecimentos b\u00e1sicos destas \u00e1reas, como C\u00e1lculo 1, Geometria Anal\u00edtica, \u00c1lgebra Linear e Programa\u00e7\u00e3o.<\/p>\t\t\t\t\t\t\t\t<\/div>\n\t\t\t\t<\/div>\n\t\t\t\t\t<\/div>\n\t\t<\/div>\n\t\t\t\t\t<\/div>\n\t\t<\/section>\n\t\t\t\t<\/div>\n\t\t","protected":false},"excerpt":{"rendered":"<p>Forma\u00e7\u00e3o Complementar em Estat\u00edstica Forma\u00e7\u00e3o complementar aberta em Estat\u00edstica: As sugest\u00f5es de percursos est\u00e3o organizadas por grandes \u00e1reas: Biol\u00f3gicas e Ci\u00eancias da Sa\u00fade:&nbsp;Biomedicina, Ci\u00eancias Biol\u00f3gicas, Enfermagem, Farm\u00e1cia, Fisioterapia, Nutri\u00e7\u00e3o, Terapia Ocupacional, Educa\u00e7\u00e3o F\u00edsica, Fonoaudiologia, Medicina, Medicina Veterin\u00e1ria, Odontologia. Engenharias e Ci\u00eancias Exatas:&nbsp;Engenharia Aeroespacial, Engenharia Ambiental, Engenharia Civil, Engenharia de Controle e Automa\u00e7\u00e3o, Engenharia de Minas, [&hellip;]<\/p>\n","protected":false},"author":1,"featured_media":0,"parent":0,"menu_order":0,"comment_status":"closed","ping_status":"closed","template":"","meta":{"site-sidebar-layout":"no-sidebar","site-content-layout":"page-builder","ast-site-content-layout":"default","site-content-style":"default","site-sidebar-style":"default","ast-global-header-display":"","ast-banner-title-visibility":"","ast-main-header-display":"","ast-hfb-above-header-display":"","ast-hfb-below-header-display":"","ast-hfb-mobile-header-display":"","site-post-title":"disabled","ast-breadcrumbs-content":"","ast-featured-img":"disabled","footer-sml-layout":"","ast-disable-related-posts":"","theme-transparent-header-meta":"default","adv-header-id-meta":"","stick-header-meta":"","header-above-stick-meta":"","header-main-stick-meta":"","header-below-stick-meta":"","astra-migrate-meta-layouts":"default","ast-page-background-enabled":"default","ast-page-background-meta":{"desktop":{"background-color":"","background-image":"","background-repeat":"repeat","background-position":"center center","background-size":"auto","background-attachment":"scroll","background-type":"","background-media":"","overlay-type":"","overlay-color":"","overlay-opacity":"","overlay-gradient":""},"tablet":{"background-color":"","background-image":"","background-repeat":"repeat","background-position":"center center","background-size":"auto","background-attachment":"scroll","background-type":"","background-media":"","overlay-type":"","overlay-color":"","overlay-opacity":"","overlay-gradient":""},"mobile":{"background-color":"","background-image":"","background-repeat":"repeat","background-position":"center center","background-size":"auto","background-attachment":"scroll","background-type":"","background-media":"","overlay-type":"","overlay-color":"","overlay-opacity":"","overlay-gradient":""}},"ast-content-background-meta":{"desktop":{"background-color":"var(--ast-global-color-5)","background-image":"","background-repeat":"repeat","background-position":"center center","background-size":"auto","background-attachment":"scroll","background-type":"","background-media":"","overlay-type":"","overlay-color":"","overlay-opacity":"","overlay-gradient":""},"tablet":{"background-color":"var(--ast-global-color-5)","background-image":"","background-repeat":"repeat","background-position":"center center","background-size":"auto","background-attachment":"scroll","background-type":"","background-media":"","overlay-type":"","overlay-color":"","overlay-opacity":"","overlay-gradient":""},"mobile":{"background-color":"var(--ast-global-color-5)","background-image":"","background-repeat":"repeat","background-position":"center center","background-size":"auto","background-attachment":"scroll","background-type":"","background-media":"","overlay-type":"","overlay-color":"","overlay-opacity":"","overlay-gradient":""}},"footnotes":""},"class_list":["post-3623","page","type-page","status-publish","hentry"],"_links":{"self":[{"href":"https:\/\/www.est.ufmg.br\/portal\/wp-json\/wp\/v2\/pages\/3623","targetHints":{"allow":["GET"]}}],"collection":[{"href":"https:\/\/www.est.ufmg.br\/portal\/wp-json\/wp\/v2\/pages"}],"about":[{"href":"https:\/\/www.est.ufmg.br\/portal\/wp-json\/wp\/v2\/types\/page"}],"author":[{"embeddable":true,"href":"https:\/\/www.est.ufmg.br\/portal\/wp-json\/wp\/v2\/users\/1"}],"replies":[{"embeddable":true,"href":"https:\/\/www.est.ufmg.br\/portal\/wp-json\/wp\/v2\/comments?post=3623"}],"version-history":[{"count":26,"href":"https:\/\/www.est.ufmg.br\/portal\/wp-json\/wp\/v2\/pages\/3623\/revisions"}],"predecessor-version":[{"id":14239,"href":"https:\/\/www.est.ufmg.br\/portal\/wp-json\/wp\/v2\/pages\/3623\/revisions\/14239"}],"wp:attachment":[{"href":"https:\/\/www.est.ufmg.br\/portal\/wp-json\/wp\/v2\/media?parent=3623"}],"curies":[{"name":"wp","href":"https:\/\/api.w.org\/{rel}","templated":true}]}}