{"id":3669,"date":"2022-11-30T14:55:25","date_gmt":"2022-11-30T17:55:25","guid":{"rendered":"https:\/\/www.est.ufmg.br\/portal\/?page_id=3669"},"modified":"2026-03-19T12:51:09","modified_gmt":"2026-03-19T15:51:09","slug":"monitoria","status":"publish","type":"page","link":"https:\/\/www.est.ufmg.br\/portal\/monitoria\/","title":{"rendered":"Monitoria &#8211; Editais e Resultados"},"content":{"rendered":"\t\t<div data-elementor-type=\"wp-page\" data-elementor-id=\"3669\" class=\"elementor elementor-3669\" data-elementor-post-type=\"page\">\n\t\t\t\t\t\t<section class=\"elementor-section elementor-top-section elementor-element elementor-element-d376d1f elementor-section-full_width elementor-section-height-default elementor-section-height-default\" data-id=\"d376d1f\" data-element_type=\"section\" data-e-type=\"section\" data-settings=\"{&quot;background_background&quot;:&quot;classic&quot;}\">\n\t\t\t\t\t\t<div class=\"elementor-container elementor-column-gap-default\">\n\t\t\t\t\t<div class=\"elementor-column elementor-col-100 elementor-top-column elementor-element elementor-element-4114235\" data-id=\"4114235\" data-element_type=\"column\" data-e-type=\"column\">\n\t\t\t<div class=\"elementor-widget-wrap elementor-element-populated\">\n\t\t\t\t\t\t<div class=\"elementor-element elementor-element-b299ca4 elementor-widget elementor-widget-heading\" data-id=\"b299ca4\" data-element_type=\"widget\" data-e-type=\"widget\" data-widget_type=\"heading.default\">\n\t\t\t\t<div class=\"elementor-widget-container\">\n\t\t\t\t\t<h2 class=\"elementor-heading-title elementor-size-default\">Concursos - Monitoria<\/h2>\t\t\t\t<\/div>\n\t\t\t\t<\/div>\n\t\t\t\t<div class=\"elementor-element elementor-element-12cca7c elementor-widget elementor-widget-text-editor\" data-id=\"12cca7c\" data-element_type=\"widget\" data-e-type=\"widget\" data-widget_type=\"text-editor.default\">\n\t\t\t\t<div class=\"elementor-widget-container\">\n\t\t\t\t\t\t\t\t\t<p style=\"text-align: center;\"><strong>Editais e Resultados<\/strong><\/p>\t\t\t\t\t\t\t\t<\/div>\n\t\t\t\t<\/div>\n\t\t\t\t\t<\/div>\n\t\t<\/div>\n\t\t\t\t\t<\/div>\n\t\t<\/section>\n\t\t\t\t<section class=\"elementor-section elementor-top-section elementor-element elementor-element-e4ba0fe elementor-section-boxed elementor-section-height-default elementor-section-height-default\" data-id=\"e4ba0fe\" data-element_type=\"section\" data-e-type=\"section\">\n\t\t\t\t\t\t<div class=\"elementor-container elementor-column-gap-default\">\n\t\t\t\t\t<div class=\"elementor-column elementor-col-100 elementor-top-column elementor-element elementor-element-7af0db9\" data-id=\"7af0db9\" data-element_type=\"column\" data-e-type=\"column\">\n\t\t\t<div class=\"elementor-widget-wrap elementor-element-populated\">\n\t\t\t\t\t\t<div class=\"elementor-element elementor-element-af34366 elementor-widget elementor-widget-text-editor\" data-id=\"af34366\" data-element_type=\"widget\" data-e-type=\"widget\" data-widget_type=\"text-editor.default\">\n\t\t\t\t<div class=\"elementor-widget-container\">\n\t\t\t\t\t\t\t\t\t<p align=\"justify\">O Programa de Monitoria de Gradua\u00e7\u00e3o (PMG) do Departamento de Estat\u00edstica conta atualmente com uma equipe de 9 monitores e 4 professores orientadores.<\/p><p align=\"justify\">Os monitores s\u00e3o respons\u00e1veis pelo atendimento na resolu\u00e7\u00e3o de d\u00favidas te\u00f3ricas e computacionais das disciplinas de Estat\u00edstica b\u00e1sica ofertadas tanto para o curso de Estat\u00edstica quanto para in\u00fameros outros cursos da UFMG. Estas disciplinas s\u00e3o ofertadas em muitas \u00e1reas do conhecimento como, por exemplo, nas Ci\u00eancias Biol\u00f3gicas, Ci\u00eancias Exatas, Ci\u00eancias Humanas, Ci\u00eancias da Sa\u00fade e Engenharias.<\/p><p align=\"justify\"><img decoding=\"async\" class=\"size-full wp-image-201 alignleft\" src=\"https:\/\/www.est.ufmg.br\/portal\/wp-content\/uploads\/2020\/05\/icon-web-30.png\" alt=\"\" width=\"30\" height=\"33\" \/><span style=\"font-style: inherit; font-weight: inherit;\">\u00a0<\/span><a style=\"font-style: inherit; font-weight: inherit; background-color: #ffffff;\" href=\"http:\/\/www.est.ufmg.br\/~monitoria\/\" target=\"_blank\" rel=\"noopener\">Acesse Aqui nossa P\u00e1gina<\/a><\/p>\t\t\t\t\t\t\t\t<\/div>\n\t\t\t\t<\/div>\n\t\t\t\t\t<\/div>\n\t\t<\/div>\n\t\t\t\t\t<\/div>\n\t\t<\/section>\n\t\t\t\t<section class=\"elementor-section elementor-top-section elementor-element elementor-element-27728bc elementor-section-boxed elementor-section-height-default elementor-section-height-default\" data-id=\"27728bc\" data-element_type=\"section\" data-e-type=\"section\">\n\t\t\t\t\t\t<div class=\"elementor-container elementor-column-gap-default\">\n\t\t\t\t\t<div class=\"elementor-column elementor-col-50 elementor-top-column elementor-element elementor-element-28e3ab9\" data-id=\"28e3ab9\" data-element_type=\"column\" data-e-type=\"column\">\n\t\t\t<div class=\"elementor-widget-wrap elementor-element-populated\">\n\t\t\t\t\t\t<div class=\"elementor-element elementor-element-35bcfc7 elementor-widget elementor-widget-heading\" data-id=\"35bcfc7\" data-element_type=\"widget\" data-e-type=\"widget\" data-widget_type=\"heading.default\">\n\t\t\t\t<div class=\"elementor-widget-container\">\n\t\t\t\t\t<h3 class=\"elementor-heading-title elementor-size-default\">Editais de Sele\u00e7\u00e3o - Programa: PMG 2026<\/h3>\t\t\t\t<\/div>\n\t\t\t\t<\/div>\n\t\t\t\t<div class=\"elementor-element elementor-element-c90756e elementor-widget elementor-widget-spacer\" data-id=\"c90756e\" data-element_type=\"widget\" data-e-type=\"widget\" data-widget_type=\"spacer.default\">\n\t\t\t\t<div class=\"elementor-widget-container\">\n\t\t\t\t\t\t\t<div class=\"elementor-spacer\">\n\t\t\t<div class=\"elementor-spacer-inner\"><\/div>\n\t\t<\/div>\n\t\t\t\t\t\t<\/div>\n\t\t\t\t<\/div>\n\t\t\t\t<div class=\"elementor-element elementor-element-b7c2635 elementor-widget elementor-widget-text-editor\" data-id=\"b7c2635\" data-element_type=\"widget\" data-e-type=\"widget\" data-widget_type=\"text-editor.default\">\n\t\t\t\t<div class=\"elementor-widget-container\">\n\t\t\t\t\t\t\t\t\t<div style=\"text-align: center;\"><p>\u00a0<a style=\"background-color: #ffffff; font-size: 1rem;\" href=\"https:\/\/www.est.ufmg.br\/portal\/wp-content\/uploads\/2026\/02\/EditalPMG001.pdf\" target=\"_blank\" rel=\"noopener\"><strong>Edital n\u00b0 001\/2026<\/strong><\/a><\/p><\/div><div>\u00a0<span style=\"font-size: 1rem; background-color: #ffffff; color: #042884; outline: 0px; font-weight: bold;\"><a href=\"https:\/\/www.est.ufmg.br\/portal\/wp-content\/uploads\/2026\/02\/EditalPMG002.pdf\">Edital n\u00b0 002\/2026<\/a><\/span><\/div><div>\u00a0<\/div>\t\t\t\t\t\t\t\t<\/div>\n\t\t\t\t<\/div>\n\t\t\t\t\t<\/div>\n\t\t<\/div>\n\t\t\t\t<div class=\"elementor-column elementor-col-50 elementor-top-column elementor-element elementor-element-33bd486\" data-id=\"33bd486\" data-element_type=\"column\" data-e-type=\"column\">\n\t\t\t<div class=\"elementor-widget-wrap elementor-element-populated\">\n\t\t\t\t\t\t<div class=\"elementor-element elementor-element-77489a4 elementor-widget elementor-widget-heading\" data-id=\"77489a4\" data-element_type=\"widget\" data-e-type=\"widget\" data-widget_type=\"heading.default\">\n\t\t\t\t<div class=\"elementor-widget-container\">\n\t\t\t\t\t<h3 class=\"elementor-heading-title elementor-size-default\">Resultados da Sele\u00e7\u00e3o - Programa: PMG 2026<\/h3>\t\t\t\t<\/div>\n\t\t\t\t<\/div>\n\t\t\t\t<div class=\"elementor-element elementor-element-f59ce5d elementor-widget elementor-widget-spacer\" data-id=\"f59ce5d\" data-element_type=\"widget\" data-e-type=\"widget\" data-widget_type=\"spacer.default\">\n\t\t\t\t<div class=\"elementor-widget-container\">\n\t\t\t\t\t\t\t<div class=\"elementor-spacer\">\n\t\t\t<div class=\"elementor-spacer-inner\"><\/div>\n\t\t<\/div>\n\t\t\t\t\t\t<\/div>\n\t\t\t\t<\/div>\n\t\t\t\t<div class=\"elementor-element elementor-element-eb9276e elementor-widget elementor-widget-text-editor\" data-id=\"eb9276e\" data-element_type=\"widget\" data-e-type=\"widget\" data-widget_type=\"text-editor.default\">\n\t\t\t\t<div class=\"elementor-widget-container\">\n\t\t\t\t\t\t\t\t\t<div style=\"text-align: center;\"><p>\u00a0<a style=\"background-color: #ffffff; font-size: 1rem;\" href=\"https:\/\/www.est.ufmg.br\/portal\/wp-content\/uploads\/2026\/03\/resultado_pmg_001_2026.pdf\" target=\"_blank\" rel=\"noopener\"><strong>Resultado Edital n\u00b0 001\/2026<\/strong><\/a><\/p><\/div><div>\u00a0<span style=\"font-size: 1rem; background-color: #ffffff; color: #042884; outline: 0px; font-weight: bold;\"><a href=\"https:\/\/www.est.ufmg.br\/portal\/wp-content\/uploads\/2026\/03\/resultado_pmg_002_2026.pdf\">Resultado Edital n\u00b0 002\/2026<\/a><\/span><\/div><div>\u00a0<\/div>\t\t\t\t\t\t\t\t<\/div>\n\t\t\t\t<\/div>\n\t\t\t\t\t<\/div>\n\t\t<\/div>\n\t\t\t\t\t<\/div>\n\t\t<\/section>\n\t\t\t\t<\/div>\n\t\t","protected":false},"excerpt":{"rendered":"<p>Concursos &#8211; Monitoria Editais e Resultados O Programa de Monitoria de Gradua\u00e7\u00e3o (PMG) do Departamento de Estat\u00edstica conta atualmente com uma equipe de 9 monitores e 4 professores orientadores. Os monitores s\u00e3o respons\u00e1veis pelo atendimento na resolu\u00e7\u00e3o de d\u00favidas te\u00f3ricas e computacionais das disciplinas de Estat\u00edstica b\u00e1sica ofertadas tanto para o curso de Estat\u00edstica quanto [&hellip;]<\/p>\n","protected":false},"author":1,"featured_media":0,"parent":0,"menu_order":0,"comment_status":"closed","ping_status":"closed","template":"","meta":{"site-sidebar-layout":"no-sidebar","site-content-layout":"page-builder","ast-site-content-layout":"default","site-content-style":"default","site-sidebar-style":"default","ast-global-header-display":"","ast-banner-title-visibility":"","ast-main-header-display":"","ast-hfb-above-header-display":"","ast-hfb-below-header-display":"","ast-hfb-mobile-header-display":"","site-post-title":"disabled","ast-breadcrumbs-content":"","ast-featured-img":"disabled","footer-sml-layout":"","ast-disable-related-posts":"","theme-transparent-header-meta":"default","adv-header-id-meta":"","stick-header-meta":"","header-above-stick-meta":"","header-main-stick-meta":"","header-below-stick-meta":"","astra-migrate-meta-layouts":"default","ast-page-background-enabled":"default","ast-page-background-meta":{"desktop":{"background-color":"","background-image":"","background-repeat":"repeat","background-position":"center center","background-size":"auto","background-attachment":"scroll","background-type":"","background-media":"","overlay-type":"","overlay-color":"","overlay-opacity":"","overlay-gradient":""},"tablet":{"background-color":"","background-image":"","background-repeat":"repeat","background-position":"center center","background-size":"auto","background-attachment":"scroll","background-type":"","background-media":"","overlay-type":"","overlay-color":"","overlay-opacity":"","overlay-gradient":""},"mobile":{"background-color":"","background-image":"","background-repeat":"repeat","background-position":"center center","background-size":"auto","background-attachment":"scroll","background-type":"","background-media":"","overlay-type":"","overlay-color":"","overlay-opacity":"","overlay-gradient":""}},"ast-content-background-meta":{"desktop":{"background-color":"var(--ast-global-color-5)","background-image":"","background-repeat":"repeat","background-position":"center center","background-size":"auto","background-attachment":"scroll","background-type":"","background-media":"","overlay-type":"","overlay-color":"","overlay-opacity":"","overlay-gradient":""},"tablet":{"background-color":"var(--ast-global-color-5)","background-image":"","background-repeat":"repeat","background-position":"center center","background-size":"auto","background-attachment":"scroll","background-type":"","background-media":"","overlay-type":"","overlay-color":"","overlay-opacity":"","overlay-gradient":""},"mobile":{"background-color":"var(--ast-global-color-5)","background-image":"","background-repeat":"repeat","background-position":"center center","background-size":"auto","background-attachment":"scroll","background-type":"","background-media":"","overlay-type":"","overlay-color":"","overlay-opacity":"","overlay-gradient":""}},"footnotes":""},"class_list":["post-3669","page","type-page","status-publish","hentry"],"_links":{"self":[{"href":"https:\/\/www.est.ufmg.br\/portal\/wp-json\/wp\/v2\/pages\/3669","targetHints":{"allow":["GET"]}}],"collection":[{"href":"https:\/\/www.est.ufmg.br\/portal\/wp-json\/wp\/v2\/pages"}],"about":[{"href":"https:\/\/www.est.ufmg.br\/portal\/wp-json\/wp\/v2\/types\/page"}],"author":[{"embeddable":true,"href":"https:\/\/www.est.ufmg.br\/portal\/wp-json\/wp\/v2\/users\/1"}],"replies":[{"embeddable":true,"href":"https:\/\/www.est.ufmg.br\/portal\/wp-json\/wp\/v2\/comments?post=3669"}],"version-history":[{"count":138,"href":"https:\/\/www.est.ufmg.br\/portal\/wp-json\/wp\/v2\/pages\/3669\/revisions"}],"predecessor-version":[{"id":21682,"href":"https:\/\/www.est.ufmg.br\/portal\/wp-json\/wp\/v2\/pages\/3669\/revisions\/21682"}],"wp:attachment":[{"href":"https:\/\/www.est.ufmg.br\/portal\/wp-json\/wp\/v2\/media?parent=3669"}],"curies":[{"name":"wp","href":"https:\/\/api.w.org\/{rel}","templated":true}]}}