{"id":3693,"date":"2022-11-30T15:00:25","date_gmt":"2022-11-30T18:00:25","guid":{"rendered":"https:\/\/www.est.ufmg.br\/portal\/?page_id=3693"},"modified":"2024-07-05T18:57:57","modified_gmt":"2024-07-05T21:57:57","slug":"estatmg","status":"publish","type":"page","link":"https:\/\/www.est.ufmg.br\/portal\/estatmg\/","title":{"rendered":"EstatMG"},"content":{"rendered":"\t\t<div data-elementor-type=\"wp-page\" data-elementor-id=\"3693\" class=\"elementor elementor-3693\" data-elementor-post-type=\"page\">\n\t\t\t\t\t\t<section class=\"elementor-section elementor-top-section elementor-element elementor-element-0c0a5d5 elementor-section-full_width elementor-section-height-default elementor-section-height-default\" data-id=\"0c0a5d5\" data-element_type=\"section\" data-e-type=\"section\" data-settings=\"{&quot;background_background&quot;:&quot;classic&quot;}\">\n\t\t\t\t\t\t<div class=\"elementor-container elementor-column-gap-default\">\n\t\t\t\t\t<div class=\"elementor-column elementor-col-100 elementor-top-column elementor-element elementor-element-1b1998c\" data-id=\"1b1998c\" data-element_type=\"column\" data-e-type=\"column\">\n\t\t\t<div class=\"elementor-widget-wrap elementor-element-populated\">\n\t\t\t\t\t\t<div class=\"elementor-element elementor-element-18bc0e1 elementor-widget elementor-widget-heading\" data-id=\"18bc0e1\" data-element_type=\"widget\" data-e-type=\"widget\" data-widget_type=\"heading.default\">\n\t\t\t\t<div class=\"elementor-widget-container\">\n\t\t\t\t\t<h2 class=\"elementor-heading-title elementor-size-default\">EstatMG<\/h2>\t\t\t\t<\/div>\n\t\t\t\t<\/div>\n\t\t\t\t\t<\/div>\n\t\t<\/div>\n\t\t\t\t\t<\/div>\n\t\t<\/section>\n\t\t\t\t<section class=\"elementor-section elementor-top-section elementor-element elementor-element-0fa32d9 elementor-section-boxed elementor-section-height-default elementor-section-height-default\" data-id=\"0fa32d9\" data-element_type=\"section\" data-e-type=\"section\">\n\t\t\t\t\t\t<div class=\"elementor-container elementor-column-gap-default\">\n\t\t\t\t\t<div class=\"elementor-column elementor-col-50 elementor-top-column elementor-element elementor-element-9d75ed3\" data-id=\"9d75ed3\" data-element_type=\"column\" data-e-type=\"column\">\n\t\t\t<div class=\"elementor-widget-wrap elementor-element-populated\">\n\t\t\t\t\t\t<div class=\"elementor-element elementor-element-e251563 elementor-widget elementor-widget-spacer\" data-id=\"e251563\" data-element_type=\"widget\" data-e-type=\"widget\" data-widget_type=\"spacer.default\">\n\t\t\t\t<div class=\"elementor-widget-container\">\n\t\t\t\t\t\t\t<div class=\"elementor-spacer\">\n\t\t\t<div class=\"elementor-spacer-inner\"><\/div>\n\t\t<\/div>\n\t\t\t\t\t\t<\/div>\n\t\t\t\t<\/div>\n\t\t\t\t<div class=\"elementor-element elementor-element-c762160 elementor-widget elementor-widget-image\" data-id=\"c762160\" data-element_type=\"widget\" data-e-type=\"widget\" data-widget_type=\"image.default\">\n\t\t\t\t<div class=\"elementor-widget-container\">\n\t\t\t\t\t\t\t\t\t\t\t\t\t\t\t<img fetchpriority=\"high\" decoding=\"async\" width=\"421\" height=\"303\" src=\"https:\/\/www.est.ufmg.br\/portal\/wp-content\/uploads\/2022\/12\/foto-estatmg.jpg\" class=\"attachment-large size-large wp-image-4391\" alt=\"\" srcset=\"https:\/\/www.est.ufmg.br\/portal\/wp-content\/uploads\/2022\/12\/foto-estatmg.jpg 421w, https:\/\/www.est.ufmg.br\/portal\/wp-content\/uploads\/2022\/12\/foto-estatmg-300x216.jpg 300w\" sizes=\"(max-width: 421px) 100vw, 421px\" \/>\t\t\t\t\t\t\t\t\t\t\t\t\t\t\t<\/div>\n\t\t\t\t<\/div>\n\t\t\t\t\t<\/div>\n\t\t<\/div>\n\t\t\t\t<div class=\"elementor-column elementor-col-50 elementor-top-column elementor-element elementor-element-c82d692\" data-id=\"c82d692\" data-element_type=\"column\" data-e-type=\"column\">\n\t\t\t<div class=\"elementor-widget-wrap elementor-element-populated\">\n\t\t\t\t\t\t<div class=\"elementor-element elementor-element-ecc225d elementor-widget elementor-widget-spacer\" data-id=\"ecc225d\" data-element_type=\"widget\" data-e-type=\"widget\" data-widget_type=\"spacer.default\">\n\t\t\t\t<div class=\"elementor-widget-container\">\n\t\t\t\t\t\t\t<div class=\"elementor-spacer\">\n\t\t\t<div class=\"elementor-spacer-inner\"><\/div>\n\t\t<\/div>\n\t\t\t\t\t\t<\/div>\n\t\t\t\t<\/div>\n\t\t\t\t<div class=\"elementor-element elementor-element-770eea5 elementor-widget elementor-widget-text-editor\" data-id=\"770eea5\" data-element_type=\"widget\" data-e-type=\"widget\" data-widget_type=\"text-editor.default\">\n\t\t\t\t<div class=\"elementor-widget-container\">\n\t\t\t\t\t\t\t\t\t<p style=\"font-weight: 400; text-align: justify;\">A\u00a0<a href=\"http:\/\/www.estatmg.com.br\/\" target=\"_blank\" rel=\"noopener\">EstatMG<\/a>\u00a0\u00e9 uma empresa fundada em 2004 por alunos de gradua\u00e7\u00e3o de estat\u00edstica e \u00e9 totalmente administrada por eles.<\/p><p style=\"text-align: justify;\">A empresa j\u00fanior de Estat\u00edstica oferece solu\u00e7\u00f5es por meio de consultoria, prezando pela alta qualidade e pre\u00e7os acess\u00edveis em seus servi\u00e7os.<\/p><p style=\"text-align: justify;\">Os alunos vivenciam experi\u00eancias reais, buscando a pr\u00e1tica do conte\u00fado aprendido no curso de forma eficiente e objetiva.<\/p><p style=\"text-align: justify;\">A cada momento a empresa atua visando melhorias, crescimento. A aplica\u00e7\u00e3o do conhecimento dos estudantes aliada \u00e0 dedica\u00e7\u00e3o e compromisso, al\u00e9m de complementar a forma\u00e7\u00e3o do futuro profissional geram satisfa\u00e7\u00e3o ao cliente e consolidam o nome da EstatMG\u00a0no mercado.<\/p><p style=\"font-weight: 400;\"><strong><img decoding=\"async\" class=\"wp-image-4208 alignleft\" src=\"https:\/\/www.est.ufmg.br\/portal\/wp-content\/uploads\/2022\/12\/tel.png\" alt=\"\" width=\"31\" height=\"30\" \/>Contato: (31) 3409-5914<\/strong><\/p><p><img decoding=\"async\" class=\"size-full wp-image-201 alignleft\" src=\"https:\/\/www.est.ufmg.br\/portal\/wp-content\/uploads\/2020\/05\/icon-web-30.png\" alt=\"\" width=\"30\" height=\"33\" \/>Site: <a href=\"https:\/\/estatmg.com.br\/\" target=\"_blank\" rel=\"noopener\">https:\/\/estatmg.com.br<\/a><\/p>\t\t\t\t\t\t\t\t<\/div>\n\t\t\t\t<\/div>\n\t\t\t\t\t<\/div>\n\t\t<\/div>\n\t\t\t\t\t<\/div>\n\t\t<\/section>\n\t\t\t\t<\/div>\n\t\t","protected":false},"excerpt":{"rendered":"<p>EstatMG A\u00a0EstatMG\u00a0\u00e9 uma empresa fundada em 2004 por alunos de gradua\u00e7\u00e3o de estat\u00edstica e \u00e9 totalmente administrada por eles. A empresa j\u00fanior de Estat\u00edstica oferece solu\u00e7\u00f5es por meio de consultoria, prezando pela alta qualidade e pre\u00e7os acess\u00edveis em seus servi\u00e7os. Os alunos vivenciam experi\u00eancias reais, buscando a pr\u00e1tica do conte\u00fado aprendido no curso de forma [&hellip;]<\/p>\n","protected":false},"author":1,"featured_media":0,"parent":0,"menu_order":0,"comment_status":"closed","ping_status":"closed","template":"","meta":{"site-sidebar-layout":"no-sidebar","site-content-layout":"page-builder","ast-site-content-layout":"default","site-content-style":"default","site-sidebar-style":"default","ast-global-header-display":"","ast-banner-title-visibility":"","ast-main-header-display":"","ast-hfb-above-header-display":"","ast-hfb-below-header-display":"","ast-hfb-mobile-header-display":"","site-post-title":"disabled","ast-breadcrumbs-content":"","ast-featured-img":"disabled","footer-sml-layout":"","ast-disable-related-posts":"","theme-transparent-header-meta":"default","adv-header-id-meta":"","stick-header-meta":"","header-above-stick-meta":"","header-main-stick-meta":"","header-below-stick-meta":"","astra-migrate-meta-layouts":"default","ast-page-background-enabled":"default","ast-page-background-meta":{"desktop":{"background-color":"","background-image":"","background-repeat":"repeat","background-position":"center center","background-size":"auto","background-attachment":"scroll","background-type":"","background-media":"","overlay-type":"","overlay-color":"","overlay-opacity":"","overlay-gradient":""},"tablet":{"background-color":"","background-image":"","background-repeat":"repeat","background-position":"center center","background-size":"auto","background-attachment":"scroll","background-type":"","background-media":"","overlay-type":"","overlay-color":"","overlay-opacity":"","overlay-gradient":""},"mobile":{"background-color":"","background-image":"","background-repeat":"repeat","background-position":"center center","background-size":"auto","background-attachment":"scroll","background-type":"","background-media":"","overlay-type":"","overlay-color":"","overlay-opacity":"","overlay-gradient":""}},"ast-content-background-meta":{"desktop":{"background-color":"var(--ast-global-color-5)","background-image":"","background-repeat":"repeat","background-position":"center center","background-size":"auto","background-attachment":"scroll","background-type":"","background-media":"","overlay-type":"","overlay-color":"","overlay-opacity":"","overlay-gradient":""},"tablet":{"background-color":"var(--ast-global-color-5)","background-image":"","background-repeat":"repeat","background-position":"center center","background-size":"auto","background-attachment":"scroll","background-type":"","background-media":"","overlay-type":"","overlay-color":"","overlay-opacity":"","overlay-gradient":""},"mobile":{"background-color":"var(--ast-global-color-5)","background-image":"","background-repeat":"repeat","background-position":"center center","background-size":"auto","background-attachment":"scroll","background-type":"","background-media":"","overlay-type":"","overlay-color":"","overlay-opacity":"","overlay-gradient":""}},"footnotes":""},"class_list":["post-3693","page","type-page","status-publish","hentry"],"_links":{"self":[{"href":"https:\/\/www.est.ufmg.br\/portal\/wp-json\/wp\/v2\/pages\/3693","targetHints":{"allow":["GET"]}}],"collection":[{"href":"https:\/\/www.est.ufmg.br\/portal\/wp-json\/wp\/v2\/pages"}],"about":[{"href":"https:\/\/www.est.ufmg.br\/portal\/wp-json\/wp\/v2\/types\/page"}],"author":[{"embeddable":true,"href":"https:\/\/www.est.ufmg.br\/portal\/wp-json\/wp\/v2\/users\/1"}],"replies":[{"embeddable":true,"href":"https:\/\/www.est.ufmg.br\/portal\/wp-json\/wp\/v2\/comments?post=3693"}],"version-history":[{"count":35,"href":"https:\/\/www.est.ufmg.br\/portal\/wp-json\/wp\/v2\/pages\/3693\/revisions"}],"predecessor-version":[{"id":14229,"href":"https:\/\/www.est.ufmg.br\/portal\/wp-json\/wp\/v2\/pages\/3693\/revisions\/14229"}],"wp:attachment":[{"href":"https:\/\/www.est.ufmg.br\/portal\/wp-json\/wp\/v2\/media?parent=3693"}],"curies":[{"name":"wp","href":"https:\/\/api.w.org\/{rel}","templated":true}]}}