{"id":3704,"date":"2022-11-30T15:02:14","date_gmt":"2022-11-30T18:02:14","guid":{"rendered":"https:\/\/www.est.ufmg.br\/portal\/?page_id=3704"},"modified":"2026-03-03T22:31:30","modified_gmt":"2026-03-04T01:31:30","slug":"reserva-de-salas","status":"publish","type":"page","link":"https:\/\/www.est.ufmg.br\/portal\/reserva-de-salas\/","title":{"rendered":"Reserva de Salas"},"content":{"rendered":"\t\t<div data-elementor-type=\"wp-page\" data-elementor-id=\"3704\" class=\"elementor elementor-3704\" data-elementor-post-type=\"page\">\n\t\t\t\t\t\t<section class=\"elementor-section elementor-top-section elementor-element elementor-element-eb46c04 elementor-section-full_width elementor-section-height-default elementor-section-height-default\" data-id=\"eb46c04\" data-element_type=\"section\" data-e-type=\"section\" data-settings=\"{&quot;background_background&quot;:&quot;classic&quot;}\">\n\t\t\t\t\t\t\t<div class=\"elementor-background-overlay\"><\/div>\n\t\t\t\t\t\t\t<div class=\"elementor-container elementor-column-gap-default\">\n\t\t\t\t\t<div class=\"elementor-column elementor-col-100 elementor-top-column elementor-element elementor-element-22746f8\" data-id=\"22746f8\" data-element_type=\"column\" data-e-type=\"column\">\n\t\t\t<div class=\"elementor-widget-wrap elementor-element-populated\">\n\t\t\t\t\t\t<div class=\"elementor-element elementor-element-081fcb8 elementor-widget elementor-widget-heading\" data-id=\"081fcb8\" data-element_type=\"widget\" data-e-type=\"widget\" data-widget_type=\"heading.default\">\n\t\t\t\t<div class=\"elementor-widget-container\">\n\t\t\t\t\t<h2 class=\"elementor-heading-title elementor-size-default\">Reserva de Salas<\/h2>\t\t\t\t<\/div>\n\t\t\t\t<\/div>\n\t\t\t\t\t<\/div>\n\t\t<\/div>\n\t\t\t\t\t<\/div>\n\t\t<\/section>\n\t\t\t\t<section class=\"elementor-section elementor-top-section elementor-element elementor-element-3dbaaba elementor-section-boxed elementor-section-height-default elementor-section-height-default\" data-id=\"3dbaaba\" data-element_type=\"section\" data-e-type=\"section\">\n\t\t\t\t\t\t<div class=\"elementor-container elementor-column-gap-default\">\n\t\t\t\t\t<div class=\"elementor-column elementor-col-100 elementor-top-column elementor-element elementor-element-0637d28\" data-id=\"0637d28\" data-element_type=\"column\" data-e-type=\"column\">\n\t\t\t<div class=\"elementor-widget-wrap elementor-element-populated\">\n\t\t\t\t\t\t<div class=\"elementor-element elementor-element-9e01b69 elementor-widget elementor-widget-text-editor\" data-id=\"9e01b69\" data-element_type=\"widget\" data-e-type=\"widget\" data-widget_type=\"text-editor.default\">\n\t\t\t\t<div class=\"elementor-widget-container\">\n\t\t\t\t\t\t\t\t\t<p><strong>SECRETARIA DO DEPARTAMENTO DE ESTAT\u00cdSTICA &#8211; <\/strong><a href=\"mailto:reserva.dest@gmail.com\">reserva.dest@gmail.com<\/a><\/p><table border=\"0\" cellspacing=\"0\" cellpadding=\"0\"><tbody><tr style=\"background-color: #6f8faf;\"><td valign=\"top\"><strong>SALAS<br \/>(clique na sala para saber a ocupa\u00e7\u00e3o)<\/strong><\/td><td valign=\"top\"><strong>\u00a0Cadeiras<\/strong><\/td><td valign=\"top\"><strong>\u00a0Projetores<\/strong><\/td><td valign=\"top\"><strong>\u00a0Computadores<\/strong><\/td><\/tr><tr><td valign=\"top\"><a href=\"https:\/\/calendar.google.com\/calendar\/embed?src=cf7l1c62kmqmc7ps7u4r4vaul4@group.calendar.google.com&amp;ctz=America\/Sao_Paulo\" target=\"_blank\" rel=\"noopener\">2024\u00a0\u2013\u00a0Sala de Aula<\/a><\/td><td valign=\"top\">38<\/td><td valign=\"top\">1<\/td><td valign=\"top\">1<\/td><\/tr><tr><td valign=\"top\"><a href=\"https:\/\/calendar.google.com\/calendar\/embed?src=lddr9tdkqbn58v5c7am6tfl3p4%40group.calendar.google.com&amp;ctz=America%2FSao_Paulo\" target=\"_blank\" rel=\"noopener\">2026\u00a0\u2013\u00a0Sala de Aula<\/a><\/td><td valign=\"top\">22<\/td><td valign=\"top\">&#8211;<\/td><td valign=\"top\">&#8211;<\/td><\/tr><tr><td valign=\"top\"><a href=\"https:\/\/calendar.google.com\/calendar\/embed?src=650c8dba952ac17fb47ba9c56d921e8137e4b7a71603fc7bc7413f36b1b17d38%40group.calendar.google.com&amp;ctz=America%2FSao_Paulo\" target=\"_blank\" rel=\"noopener\">2027 \u2013 Laborat\u00f3rio de Inform\u00e1tica &#8211; Gradua\u00e7\u00e3o<\/a><\/td><td valign=\"top\">41<\/td><td valign=\"top\">1<\/td><td valign=\"top\">41<\/td><\/tr><tr><td valign=\"top\"><a href=\"https:\/\/calendar.google.com\/calendar\/embed?src=a7ffeae3f529251a0cb064c809b34bb9dc47d1323cd792e83958610e666e78cc%40group.calendar.google.com&amp;ctz=America%2FSao_Paulo\" target=\"_blank\" rel=\"noopener\">2030 &#8211; Multim\u00eddia<\/a><\/td><td valign=\"top\">22<\/td><td valign=\"top\">1<\/td><td valign=\"top\">1<\/td><\/tr><tr><td valign=\"top\"><a href=\"https:\/\/calendar.google.com\/calendar\/embed?src=husd8r4sco3p4b5j2h7rbpctoc%40group.calendar.google.com&amp;ctz=America%2FSao_Paulo\" target=\"_blank\" rel=\"noopener\">2076 \u2013 Semin\u00e1rios<\/a>*<\/td><td valign=\"top\">\u00a060<\/td><td valign=\"top\">1<\/td><td valign=\"top\">1<\/td><\/tr><tr><td valign=\"top\"><a href=\"https:\/\/calendar.google.com\/calendar\/embed?src=d8cs8r6f2h455mng8l1fgujc14@group.calendar.google.com&amp;ctz=America\/Sao_Paulo\" target=\"_blank\" rel=\"noopener\">3038 \u2013 Laborat\u00f3rio de Inform\u00e1tica \u2013 Gradua\u00e7\u00e3o<\/a><\/td><td valign=\"top\">42<\/td><td valign=\"top\">\u00a01<\/td><td valign=\"top\">\u00a0 42<\/td><\/tr><tr><td valign=\"top\"><a href=\"https:\/\/calendar.google.com\/calendar\/embed?src=kegjk7nc0gqiiojfb56p3md770@group.calendar.google.com&amp;ctz=America\/Sao_Paulo\" target=\"_blank\" rel=\"noopener\">4050 \u2013 Reuni\u00f5es<\/a><\/td><td valign=\"top\">9<\/td><td valign=\"top\">1<\/td><td valign=\"top\">\u00a0 1<\/td><\/tr><\/tbody><\/table><p style=\"text-align: left;\">*com no m\u00e1ximo 3 semanas de anteced\u00eancia<\/p><hr \/><h6>\u00a0<\/h6><p><strong>SECRETARIA DE P\u00d3S-GRADUA\u00c7\u00c3O &#8211;<\/strong>\u00a0<a href=\"mailto:reserva.dest@gmail.com\" target=\"_blank\" rel=\"noopener\">reserva.dest@gmail.com<\/a>\u00a0&#8211;\u00a0<a style=\"font-style: inherit; font-weight: inherit; background-color: #ffffff;\" href=\"mailto:reserva.pgest@gmail.com\">reserva.pgest@gmail.com<\/a><\/p><table border=\"0\" cellspacing=\"0\" cellpadding=\"0\"><tbody><tr style=\"background-color: #6f8faf;\"><td valign=\"top\"><strong>SALAS<\/strong><\/td><td valign=\"top\"><strong>\u00a0Cadeiras<\/strong><\/td><td valign=\"top\"><strong>\u00a0Projetores<\/strong><\/td><td valign=\"top\"><strong>\u00a0Computadores<\/strong><\/td><\/tr><tr><td valign=\"top\"><a href=\"https:\/\/calendar.google.com\/calendar\/embed?src=vjccfhp3m80adri8g8n1ssimps%40group.calendar.google.com&amp;ctz=America%2FSao_Paulo\" target=\"_blank\" rel=\"noopener\">2025 \u2013 Sala de Aula<\/a><\/td><td valign=\"top\">42<\/td><td valign=\"top\">\u00a01<\/td><td valign=\"top\">\u00a0 1<\/td><\/tr><tr><td valign=\"top\"><a href=\"https:\/\/calendar.google.com\/calendar\/embed?src=tspudpggme7fup7bssb1dmigv8%40group.calendar.google.com&amp;ctz=America%2FSao_Paulo\" target=\"_blank\" rel=\"noopener\">3048 \u2013 Laborat\u00f3rio de Inform\u00e1tica \u2013 P\u00f3s-gradua\u00e7\u00e3o<\/a><\/td><td valign=\"top\">18<\/td><td valign=\"top\">1<\/td><td valign=\"top\">18<\/td><\/tr><\/tbody><\/table>\t\t\t\t\t\t\t\t<\/div>\n\t\t\t\t<\/div>\n\t\t\t\t<div class=\"elementor-element elementor-element-3f7764a elementor-widget elementor-widget-text-editor\" data-id=\"3f7764a\" data-element_type=\"widget\" data-e-type=\"widget\" data-widget_type=\"text-editor.default\">\n\t\t\t\t<div class=\"elementor-widget-container\">\n\t\t\t\t\t\t\t\t\t<p style=\"font-size: 16px; font-style: normal; font-weight: 400;\">Favor escrever no campo assunto\u00a0<span style=\"font-weight: bold;\">\u201cSOLICITA\u00c7\u00c3O DE RESERVA DE SALAS\u201c<\/span>.<\/p><p style=\"font-size: 16px; font-style: normal; font-weight: 400;\">Informar tamb\u00e9m no e-mail:<\/p><ul style=\"font-size: 16px; font-style: normal; font-weight: 400;\"><li style=\"font-size: 16px;\"><span style=\"font-weight: bold;\"><em>Sala desejada<\/em><\/span><\/li><li style=\"font-size: 16px;\"><span style=\"font-weight: bold;\"><em>Hor\u00e1rio<\/em><\/span><\/li><li style=\"font-size: 16px;\"><span style=\"font-weight: bold;\"><em>Raz\u00e3o<\/em><\/span><\/li><li style=\"font-size: 16px;\"><span style=\"font-weight: bold;\"><em>Respons\u00e1vel<\/em><\/span><\/li><\/ul><p style=\"font-size: 16px; font-style: normal; font-weight: 400;\"><span style=\"font-weight: bold;\">Em caso de desist\u00eancia favor informar imediatamente ao mesmo endere\u00e7o.<\/span><\/p>\t\t\t\t\t\t\t\t<\/div>\n\t\t\t\t<\/div>\n\t\t\t\t\t<\/div>\n\t\t<\/div>\n\t\t\t\t\t<\/div>\n\t\t<\/section>\n\t\t\t\t<section class=\"elementor-section elementor-top-section elementor-element elementor-element-ac861c3 elementor-section-boxed elementor-section-height-default elementor-section-height-default\" data-id=\"ac861c3\" data-element_type=\"section\" data-e-type=\"section\">\n\t\t\t\t\t\t<div class=\"elementor-container elementor-column-gap-default\">\n\t\t\t\t\t<div class=\"elementor-column elementor-col-100 elementor-top-column elementor-element elementor-element-cb7ca7f\" data-id=\"cb7ca7f\" data-element_type=\"column\" data-e-type=\"column\">\n\t\t\t<div class=\"elementor-widget-wrap\">\n\t\t\t\t\t\t\t<\/div>\n\t\t<\/div>\n\t\t\t\t\t<\/div>\n\t\t<\/section>\n\t\t\t\t<\/div>\n\t\t","protected":false},"excerpt":{"rendered":"<p>Reserva de Salas SECRETARIA DO DEPARTAMENTO DE ESTAT\u00cdSTICA &#8211; reserva.dest@gmail.com SALAS(clique na sala para saber a ocupa\u00e7\u00e3o) \u00a0Cadeiras \u00a0Projetores \u00a0Computadores 2024\u00a0\u2013\u00a0Sala de Aula 38 1 1 2026\u00a0\u2013\u00a0Sala de Aula 22 &#8211; &#8211; 2027 \u2013 Laborat\u00f3rio de Inform\u00e1tica &#8211; Gradua\u00e7\u00e3o 41 1 41 2030 &#8211; Multim\u00eddia 22 1 1 2076 \u2013 Semin\u00e1rios* \u00a060 1 1 3038 [&hellip;]<\/p>\n","protected":false},"author":1,"featured_media":0,"parent":0,"menu_order":0,"comment_status":"closed","ping_status":"closed","template":"","meta":{"site-sidebar-layout":"no-sidebar","site-content-layout":"page-builder","ast-site-content-layout":"default","site-content-style":"default","site-sidebar-style":"default","ast-global-header-display":"","ast-banner-title-visibility":"","ast-main-header-display":"","ast-hfb-above-header-display":"","ast-hfb-below-header-display":"","ast-hfb-mobile-header-display":"","site-post-title":"disabled","ast-breadcrumbs-content":"","ast-featured-img":"disabled","footer-sml-layout":"","ast-disable-related-posts":"","theme-transparent-header-meta":"default","adv-header-id-meta":"","stick-header-meta":"","header-above-stick-meta":"","header-main-stick-meta":"","header-below-stick-meta":"","astra-migrate-meta-layouts":"default","ast-page-background-enabled":"default","ast-page-background-meta":{"desktop":{"background-color":"","background-image":"","background-repeat":"repeat","background-position":"center center","background-size":"auto","background-attachment":"scroll","background-type":"","background-media":"","overlay-type":"","overlay-color":"","overlay-opacity":"","overlay-gradient":""},"tablet":{"background-color":"","background-image":"","background-repeat":"repeat","background-position":"center center","background-size":"auto","background-attachment":"scroll","background-type":"","background-media":"","overlay-type":"","overlay-color":"","overlay-opacity":"","overlay-gradient":""},"mobile":{"background-color":"","background-image":"","background-repeat":"repeat","background-position":"center center","background-size":"auto","background-attachment":"scroll","background-type":"","background-media":"","overlay-type":"","overlay-color":"","overlay-opacity":"","overlay-gradient":""}},"ast-content-background-meta":{"desktop":{"background-color":"var(--ast-global-color-5)","background-image":"","background-repeat":"repeat","background-position":"center center","background-size":"auto","background-attachment":"scroll","background-type":"","background-media":"","overlay-type":"","overlay-color":"","overlay-opacity":"","overlay-gradient":""},"tablet":{"background-color":"var(--ast-global-color-5)","background-image":"","background-repeat":"repeat","background-position":"center center","background-size":"auto","background-attachment":"scroll","background-type":"","background-media":"","overlay-type":"","overlay-color":"","overlay-opacity":"","overlay-gradient":""},"mobile":{"background-color":"var(--ast-global-color-5)","background-image":"","background-repeat":"repeat","background-position":"center center","background-size":"auto","background-attachment":"scroll","background-type":"","background-media":"","overlay-type":"","overlay-color":"","overlay-opacity":"","overlay-gradient":""}},"footnotes":""},"class_list":["post-3704","page","type-page","status-publish","hentry"],"_links":{"self":[{"href":"https:\/\/www.est.ufmg.br\/portal\/wp-json\/wp\/v2\/pages\/3704","targetHints":{"allow":["GET"]}}],"collection":[{"href":"https:\/\/www.est.ufmg.br\/portal\/wp-json\/wp\/v2\/pages"}],"about":[{"href":"https:\/\/www.est.ufmg.br\/portal\/wp-json\/wp\/v2\/types\/page"}],"author":[{"embeddable":true,"href":"https:\/\/www.est.ufmg.br\/portal\/wp-json\/wp\/v2\/users\/1"}],"replies":[{"embeddable":true,"href":"https:\/\/www.est.ufmg.br\/portal\/wp-json\/wp\/v2\/comments?post=3704"}],"version-history":[{"count":122,"href":"https:\/\/www.est.ufmg.br\/portal\/wp-json\/wp\/v2\/pages\/3704\/revisions"}],"predecessor-version":[{"id":21585,"href":"https:\/\/www.est.ufmg.br\/portal\/wp-json\/wp\/v2\/pages\/3704\/revisions\/21585"}],"wp:attachment":[{"href":"https:\/\/www.est.ufmg.br\/portal\/wp-json\/wp\/v2\/media?parent=3704"}],"curies":[{"name":"wp","href":"https:\/\/api.w.org\/{rel}","templated":true}]}}