{"id":3735,"date":"2022-11-30T15:08:28","date_gmt":"2022-11-30T18:08:28","guid":{"rendered":"https:\/\/www.est.ufmg.br\/portal\/?page_id=3735"},"modified":"2026-04-10T17:38:56","modified_gmt":"2026-04-10T20:38:56","slug":"noticias","status":"publish","type":"page","link":"https:\/\/www.est.ufmg.br\/portal\/noticias\/","title":{"rendered":"Not\u00edcias"},"content":{"rendered":"\t\t<div data-elementor-type=\"wp-page\" data-elementor-id=\"3735\" class=\"elementor elementor-3735\" data-elementor-post-type=\"page\">\n\t\t\t\t\t\t<section class=\"elementor-section elementor-top-section elementor-element elementor-element-d7a80f4 elementor-section-full_width elementor-section-height-default elementor-section-height-default\" data-id=\"d7a80f4\" data-element_type=\"section\" data-e-type=\"section\" data-settings=\"{&quot;background_background&quot;:&quot;classic&quot;}\">\n\t\t\t\t\t\t<div class=\"elementor-container elementor-column-gap-default\">\n\t\t\t\t\t<div class=\"elementor-column elementor-col-100 elementor-top-column elementor-element elementor-element-81afefe\" data-id=\"81afefe\" data-element_type=\"column\" data-e-type=\"column\">\n\t\t\t<div class=\"elementor-widget-wrap elementor-element-populated\">\n\t\t\t\t\t\t<div class=\"elementor-element elementor-element-f408d74 elementor-widget elementor-widget-heading\" data-id=\"f408d74\" data-element_type=\"widget\" data-e-type=\"widget\" data-widget_type=\"heading.default\">\n\t\t\t\t<div class=\"elementor-widget-container\">\n\t\t\t\t\t<h2 class=\"elementor-heading-title elementor-size-default\">Not\u00edcias<\/h2>\t\t\t\t<\/div>\n\t\t\t\t<\/div>\n\t\t\t\t\t<\/div>\n\t\t<\/div>\n\t\t\t\t\t<\/div>\n\t\t<\/section>\n\t\t\t\t<section class=\"elementor-section elementor-top-section elementor-element elementor-element-e3355c4 elementor-section-boxed elementor-section-height-default elementor-section-height-default\" data-id=\"e3355c4\" data-element_type=\"section\" data-e-type=\"section\">\n\t\t\t\t\t\t<div class=\"elementor-container elementor-column-gap-default\">\n\t\t\t\t\t<div class=\"elementor-column elementor-col-100 elementor-top-column elementor-element elementor-element-771813c\" data-id=\"771813c\" data-element_type=\"column\" data-e-type=\"column\">\n\t\t\t<div class=\"elementor-widget-wrap elementor-element-populated\">\n\t\t\t\t\t\t<div class=\"elementor-element elementor-element-81e200a elementor-widget elementor-widget-spacer\" data-id=\"81e200a\" data-element_type=\"widget\" data-e-type=\"widget\" data-widget_type=\"spacer.default\">\n\t\t\t\t<div class=\"elementor-widget-container\">\n\t\t\t\t\t\t\t<div class=\"elementor-spacer\">\n\t\t\t<div class=\"elementor-spacer-inner\"><\/div>\n\t\t<\/div>\n\t\t\t\t\t\t<\/div>\n\t\t\t\t<\/div>\n\t\t\t\t\t<\/div>\n\t\t<\/div>\n\t\t\t\t\t<\/div>\n\t\t<\/section>\n\t\t\t\t<section class=\"elementor-section elementor-top-section elementor-element elementor-element-ff351e3 elementor-section-boxed elementor-section-height-default elementor-section-height-default\" data-id=\"ff351e3\" data-element_type=\"section\" data-e-type=\"section\">\n\t\t\t\t\t\t<div class=\"elementor-container elementor-column-gap-default\">\n\t\t\t\t\t<div class=\"elementor-column elementor-col-33 elementor-top-column elementor-element elementor-element-bc4e077\" data-id=\"bc4e077\" data-element_type=\"column\" data-e-type=\"column\">\n\t\t\t<div class=\"elementor-widget-wrap elementor-element-populated\">\n\t\t\t\t\t\t<div class=\"elementor-element elementor-element-c84ea05 elementor-widget__width-initial elementor-widget elementor-widget-image\" data-id=\"c84ea05\" data-element_type=\"widget\" data-e-type=\"widget\" data-widget_type=\"image.default\">\n\t\t\t\t<div class=\"elementor-widget-container\">\n\t\t\t\t\t\t\t\t\t\t\t\t\t\t\t<img fetchpriority=\"high\" decoding=\"async\" width=\"1024\" height=\"576\" src=\"https:\/\/www.est.ufmg.br\/portal\/wp-content\/uploads\/2026\/04\/Image-2026-04-10-1024x576.jpeg\" class=\"attachment-large size-large wp-image-21893\" alt=\"\" srcset=\"https:\/\/www.est.ufmg.br\/portal\/wp-content\/uploads\/2026\/04\/Image-2026-04-10-1024x576.jpeg 1024w, https:\/\/www.est.ufmg.br\/portal\/wp-content\/uploads\/2026\/04\/Image-2026-04-10-300x169.jpeg 300w, https:\/\/www.est.ufmg.br\/portal\/wp-content\/uploads\/2026\/04\/Image-2026-04-10-768x432.jpeg 768w, https:\/\/www.est.ufmg.br\/portal\/wp-content\/uploads\/2026\/04\/Image-2026-04-10-1536x864.jpeg 1536w, https:\/\/www.est.ufmg.br\/portal\/wp-content\/uploads\/2026\/04\/Image-2026-04-10.jpeg 1600w\" sizes=\"(max-width: 1024px) 100vw, 1024px\" \/>\t\t\t\t\t\t\t\t\t\t\t\t\t\t\t<\/div>\n\t\t\t\t<\/div>\n\t\t\t\t\t<\/div>\n\t\t<\/div>\n\t\t\t\t<div class=\"elementor-column elementor-col-66 elementor-top-column elementor-element elementor-element-dd6b0aa\" data-id=\"dd6b0aa\" data-element_type=\"column\" data-e-type=\"column\">\n\t\t\t<div class=\"elementor-widget-wrap elementor-element-populated\">\n\t\t\t\t\t\t<div class=\"elementor-element elementor-element-38580e6 elementor-widget elementor-widget-text-editor\" data-id=\"38580e6\" data-element_type=\"widget\" data-e-type=\"widget\" data-widget_type=\"text-editor.default\">\n\t\t\t\t<div class=\"elementor-widget-container\">\n\t\t\t\t\t\t\t\t\t<p>O Professor Em\u00e9rito do Departamento de Estat\u00edstica Jos\u00e9 Francisco Soares e a professora Jaana Fl\u00e1via Fernandes Nogueira, da FGV DGPE, foram empossados como titulares da C\u00e1tedra Unesco-FGV de Gest\u00e3o P\u00fablica e Pol\u00edticas Educacionais, em mar\u00e7o de 2026.<\/p>\t\t\t\t\t\t\t\t<\/div>\n\t\t\t\t<\/div>\n\t\t\t\t\t<\/div>\n\t\t<\/div>\n\t\t\t\t\t<\/div>\n\t\t<\/section>\n\t\t\t\t<section class=\"elementor-section elementor-top-section elementor-element elementor-element-623887a elementor-section-boxed elementor-section-height-default elementor-section-height-default\" data-id=\"623887a\" data-element_type=\"section\" data-e-type=\"section\">\n\t\t\t\t\t\t<div class=\"elementor-container elementor-column-gap-default\">\n\t\t\t\t\t<div class=\"elementor-column elementor-col-100 elementor-top-column elementor-element elementor-element-908e37d\" data-id=\"908e37d\" data-element_type=\"column\" data-e-type=\"column\">\n\t\t\t<div class=\"elementor-widget-wrap elementor-element-populated\">\n\t\t\t\t\t\t<div class=\"elementor-element elementor-element-0674168 elementor-widget elementor-widget-spacer\" data-id=\"0674168\" data-element_type=\"widget\" data-e-type=\"widget\" data-widget_type=\"spacer.default\">\n\t\t\t\t<div class=\"elementor-widget-container\">\n\t\t\t\t\t\t\t<div class=\"elementor-spacer\">\n\t\t\t<div class=\"elementor-spacer-inner\"><\/div>\n\t\t<\/div>\n\t\t\t\t\t\t<\/div>\n\t\t\t\t<\/div>\n\t\t\t\t<div class=\"elementor-element elementor-element-edd0c0f elementor-widget elementor-widget-text-editor\" data-id=\"edd0c0f\" data-element_type=\"widget\" data-e-type=\"widget\" data-widget_type=\"text-editor.default\">\n\t\t\t\t<div class=\"elementor-widget-container\">\n\t\t\t\t\t\t\t\t\t<div><ul style=\"font-size: 16px; font-style: normal;\"><li style=\"font-weight: 400; font-size: 16px;\"><a href=\"https:\/\/ufmg.br\/comunicacao\/noticias\/conheca-o-curso-de-graduacao-em-ciencia-de-dados-da-ufmg\" target=\"_blank\" rel=\"noopener\"><strong>Curso de gradua\u00e7\u00e3o do DCC, cuja primeira entrada ocorreu neste ano, \u00e9 tema de novo epis\u00f3dio da s\u00e9rie &#8216;Voc\u00ea estuda o qu\u00ea?&#8217;, da TV UFMG<\/strong><\/a><\/li><\/ul><\/div><ul><li><a href=\"https:\/\/www.est.ufmg.br\/portal\/premios-dest\/\" target=\"_blank\" rel=\"noopener\"><strong>Professora Rosangela H. Loschi do DEST\/UFMG foi eleita &#8220;Fellow&#8221; da International Society for Bayesian Analysis<\/strong><\/a><\/li><\/ul><ul><li><strong><a href=\"https:\/\/dcc.ufmg.br\/ufmg-lanca-novo-curso-de-bacharelado-em-ciencia-de-dados\" target=\"_blank\" rel=\"noopener\">UFMG lan\u00e7a novo curso de Bacharelado em Ci\u00eancia de Dados<\/a><\/strong><\/li><\/ul><ul><li><a href=\"https:\/\/www.est.ufmg.br\/portal\/ciencia-de-dados\" target=\"_blank\" rel=\"noopener\"><strong>Cria\u00e7\u00e3o do Curso de Bacharelado em Ci\u00eancia de Dados<\/strong><\/a><\/li><\/ul><ul><li><strong><a href=\"https:\/\/www.redeabe.org.br\/a-new-era-of-statistical-science\/\" target=\"_blank\" rel=\"noopener\">A New Era of Statistical Science<\/a><\/strong><\/li><\/ul><ul><li><strong><a href=\"http:\/\/www.est.ufmg.br\/portal\/diadoestatistico\" target=\"_blank\" rel=\"noopener\">VII Encontro Comemorativo do Dia do Estat\u00edstico<\/a><\/strong><\/li><\/ul><ul><li><a href=\"https:\/\/www.est.ufmg.br\/portal\/seminarios-do-dest\/\" target=\"_blank\" rel=\"noopener\"><strong>Semin\u00e1rios online sobre a COVID-19<\/strong><\/a><\/li><\/ul><ul><li><a href=\"http:\/\/www.est.ufmg.br\/diadoestatistico\" target=\"_blank\" rel=\"noopener\"><strong>VI Encontro Comemorativo do Dia do Estat\u00edstico: a Estat\u00edstica no Contexto da COVID-19<\/strong><\/a><\/li><\/ul><ul><li><strong>CURSO DE CI\u00caNCIAS ATUARIAIS &#8211; NOTA 5 na \u00faltima avalia\u00e7\u00e3o do MEC (2019).\u00a0<\/strong>Este curso \u00e9 uma parceria entre o Departamentos de Estat\u00edstica e o Departamento de Demografia<\/li><\/ul><ul><li><strong>CURSO DE GRADUA\u00c7\u00c3O EM ESTAT\u00cdSTICA \u00c9 AVALIADO COM 5 ESTRELAS NO GUIA DO ESTUDANTE:<\/strong><ul><li><a href=\"http:\/\/gevestibular.abril.com.br\/ge\/selos_ge2018_alta.asp?CursoGraduacaoID=237022&amp;opid=152369\" target=\"_blank\" rel=\"noopener\">Avalia\u00e7\u00e3o Guia do Estudante<\/a><\/li><\/ul><\/li><\/ul><ul><li><strong>JOS\u00c9 FRANCISCO SOARES RECEBE O T\u00cdTULO DE PROFESSOR EM\u00c9RITO DA UFMG:<\/strong><ul><li><a href=\"https:\/\/ufmg.br\/comunicacao\/noticias\/chico-soares-expoente-da-avaliacao-educacional-e-o-novo-emerito-da-ufmg\" target=\"_blank\" rel=\"noopener\">Jos\u00e9 Francisco Soares (Chico da Estat\u00edstica), expoente da avalia\u00e7\u00e3o educacional, \u00e9 o novo em\u00e9rito da UFMG<\/a><\/li><\/ul><\/li><\/ul><ul><li><strong><a href=\"https:\/\/www.facebook.com\/tvufmg\/videos\/1549024761821886\/\" target=\"_blank\" rel=\"noopener noreferrer\">Entrevista do Prof. Marcos Ant\u00f4nio da Cunha Santos sobre a TRI &#8211; Teoria de Resposta ao Item e o ENEM para a TV UFMG.<\/a><\/strong><\/li><\/ul><ul><li><strong>P\u00d3S-GRADUA\u00c7\u00c3O: NOTA 5 NA CAPES<\/strong>\u00a0&#8211;\u00a0O Programa de P\u00f3s Gradua\u00e7\u00e3o em Estat\u00edstica da UFMG tem n\u00edvel 5 na avalia\u00e7\u00e3o da CAPES desde 2010. A classifica\u00e7\u00e3o atual dos programas de P\u00f3s-Gradua\u00e7\u00e3o em Estat\u00edstica no Brasil s\u00e3o: USP (6), UFMG (5), UFPE (5), UFRJ (5), UNICAMP (5), UFSCAR (4), UnB (4), UFPA (3) e UFRN (3).<\/li><\/ul>\t\t\t\t\t\t\t\t<\/div>\n\t\t\t\t<\/div>\n\t\t\t\t\t<\/div>\n\t\t<\/div>\n\t\t\t\t\t<\/div>\n\t\t<\/section>\n\t\t\t\t<\/div>\n\t\t","protected":false},"excerpt":{"rendered":"<p>Not\u00edcias O Professor Em\u00e9rito do Departamento de Estat\u00edstica Jos\u00e9 Francisco Soares e a professora Jaana Fl\u00e1via Fernandes Nogueira, da FGV DGPE, foram empossados como titulares da C\u00e1tedra Unesco-FGV de Gest\u00e3o P\u00fablica e Pol\u00edticas Educacionais, em mar\u00e7o de 2026. Curso de gradua\u00e7\u00e3o do DCC, cuja primeira entrada ocorreu neste ano, \u00e9 tema de novo epis\u00f3dio da [&hellip;]<\/p>\n","protected":false},"author":1,"featured_media":0,"parent":0,"menu_order":0,"comment_status":"closed","ping_status":"closed","template":"","meta":{"site-sidebar-layout":"no-sidebar","site-content-layout":"page-builder","ast-site-content-layout":"default","site-content-style":"default","site-sidebar-style":"default","ast-global-header-display":"","ast-banner-title-visibility":"","ast-main-header-display":"","ast-hfb-above-header-display":"","ast-hfb-below-header-display":"","ast-hfb-mobile-header-display":"","site-post-title":"disabled","ast-breadcrumbs-content":"","ast-featured-img":"disabled","footer-sml-layout":"","ast-disable-related-posts":"","theme-transparent-header-meta":"default","adv-header-id-meta":"","stick-header-meta":"","header-above-stick-meta":"","header-main-stick-meta":"","header-below-stick-meta":"","astra-migrate-meta-layouts":"default","ast-page-background-enabled":"default","ast-page-background-meta":{"desktop":{"background-color":"","background-image":"","background-repeat":"repeat","background-position":"center center","background-size":"auto","background-attachment":"scroll","background-type":"","background-media":"","overlay-type":"","overlay-color":"","overlay-opacity":"","overlay-gradient":""},"tablet":{"background-color":"","background-image":"","background-repeat":"repeat","background-position":"center center","background-size":"auto","background-attachment":"scroll","background-type":"","background-media":"","overlay-type":"","overlay-color":"","overlay-opacity":"","overlay-gradient":""},"mobile":{"background-color":"","background-image":"","background-repeat":"repeat","background-position":"center center","background-size":"auto","background-attachment":"scroll","background-type":"","background-media":"","overlay-type":"","overlay-color":"","overlay-opacity":"","overlay-gradient":""}},"ast-content-background-meta":{"desktop":{"background-color":"var(--ast-global-color-5)","background-image":"","background-repeat":"repeat","background-position":"center center","background-size":"auto","background-attachment":"scroll","background-type":"","background-media":"","overlay-type":"","overlay-color":"","overlay-opacity":"","overlay-gradient":""},"tablet":{"background-color":"var(--ast-global-color-5)","background-image":"","background-repeat":"repeat","background-position":"center center","background-size":"auto","background-attachment":"scroll","background-type":"","background-media":"","overlay-type":"","overlay-color":"","overlay-opacity":"","overlay-gradient":""},"mobile":{"background-color":"var(--ast-global-color-5)","background-image":"","background-repeat":"repeat","background-position":"center center","background-size":"auto","background-attachment":"scroll","background-type":"","background-media":"","overlay-type":"","overlay-color":"","overlay-opacity":"","overlay-gradient":""}},"footnotes":""},"class_list":["post-3735","page","type-page","status-publish","hentry"],"_links":{"self":[{"href":"https:\/\/www.est.ufmg.br\/portal\/wp-json\/wp\/v2\/pages\/3735","targetHints":{"allow":["GET"]}}],"collection":[{"href":"https:\/\/www.est.ufmg.br\/portal\/wp-json\/wp\/v2\/pages"}],"about":[{"href":"https:\/\/www.est.ufmg.br\/portal\/wp-json\/wp\/v2\/types\/page"}],"author":[{"embeddable":true,"href":"https:\/\/www.est.ufmg.br\/portal\/wp-json\/wp\/v2\/users\/1"}],"replies":[{"embeddable":true,"href":"https:\/\/www.est.ufmg.br\/portal\/wp-json\/wp\/v2\/comments?post=3735"}],"version-history":[{"count":116,"href":"https:\/\/www.est.ufmg.br\/portal\/wp-json\/wp\/v2\/pages\/3735\/revisions"}],"predecessor-version":[{"id":21930,"href":"https:\/\/www.est.ufmg.br\/portal\/wp-json\/wp\/v2\/pages\/3735\/revisions\/21930"}],"wp:attachment":[{"href":"https:\/\/www.est.ufmg.br\/portal\/wp-json\/wp\/v2\/media?parent=3735"}],"curies":[{"name":"wp","href":"https:\/\/api.w.org\/{rel}","templated":true}]}}