{"id":3749,"date":"2022-11-30T15:23:30","date_gmt":"2022-11-30T18:23:30","guid":{"rendered":"https:\/\/www.est.ufmg.br\/portal\/?page_id=3749"},"modified":"2024-07-13T12:33:14","modified_gmt":"2024-07-13T15:33:14","slug":"premios-dest","status":"publish","type":"page","link":"https:\/\/www.est.ufmg.br\/portal\/premios-dest\/","title":{"rendered":"Pr\u00eamios do DEST"},"content":{"rendered":"\t\t<div data-elementor-type=\"wp-page\" data-elementor-id=\"3749\" class=\"elementor elementor-3749\" data-elementor-post-type=\"page\">\n\t\t\t\t\t\t<section class=\"elementor-section elementor-top-section elementor-element elementor-element-2dc32e8 elementor-section-full_width elementor-section-height-default elementor-section-height-default\" data-id=\"2dc32e8\" data-element_type=\"section\" data-e-type=\"section\" data-settings=\"{&quot;background_background&quot;:&quot;classic&quot;}\">\n\t\t\t\t\t\t\t<div class=\"elementor-background-overlay\"><\/div>\n\t\t\t\t\t\t\t<div class=\"elementor-container elementor-column-gap-default\">\n\t\t\t\t\t<div class=\"elementor-column elementor-col-100 elementor-top-column elementor-element elementor-element-90d98ca\" data-id=\"90d98ca\" data-element_type=\"column\" data-e-type=\"column\">\n\t\t\t<div class=\"elementor-widget-wrap elementor-element-populated\">\n\t\t\t\t\t\t<div class=\"elementor-element elementor-element-7c60018 elementor-widget elementor-widget-heading\" data-id=\"7c60018\" data-element_type=\"widget\" data-e-type=\"widget\" data-widget_type=\"heading.default\">\n\t\t\t\t<div class=\"elementor-widget-container\">\n\t\t\t\t\t<h2 class=\"elementor-heading-title elementor-size-default\">Pr\u00eamios do DEST<\/h2>\t\t\t\t<\/div>\n\t\t\t\t<\/div>\n\t\t\t\t\t<\/div>\n\t\t<\/div>\n\t\t\t\t\t<\/div>\n\t\t<\/section>\n\t\t\t\t<section class=\"elementor-section elementor-top-section elementor-element elementor-element-8d56a79 elementor-section-boxed elementor-section-height-default elementor-section-height-default\" data-id=\"8d56a79\" data-element_type=\"section\" data-e-type=\"section\">\n\t\t\t\t\t\t<div class=\"elementor-container elementor-column-gap-default\">\n\t\t\t\t\t<div class=\"elementor-column elementor-col-100 elementor-top-column elementor-element elementor-element-9712212\" data-id=\"9712212\" data-element_type=\"column\" data-e-type=\"column\">\n\t\t\t<div class=\"elementor-widget-wrap elementor-element-populated\">\n\t\t\t\t\t\t<div class=\"elementor-element elementor-element-15513dd elementor-widget elementor-widget-heading\" data-id=\"15513dd\" data-element_type=\"widget\" data-e-type=\"widget\" data-widget_type=\"heading.default\">\n\t\t\t\t<div class=\"elementor-widget-container\">\n\t\t\t\t\t<h5 class=\"elementor-heading-title elementor-size-default\"><strong>Professora Rosangela H. Loschi do DEST\/UFMG foi eleita \u201cFellow\u201d <\/strong><br><strong>da International Society for Bayesian Analysis<\/strong><\/h5>\t\t\t\t<\/div>\n\t\t\t\t<\/div>\n\t\t\t\t\t<\/div>\n\t\t<\/div>\n\t\t\t\t\t<\/div>\n\t\t<\/section>\n\t\t\t\t<section class=\"elementor-section elementor-top-section elementor-element elementor-element-dc80002 elementor-section-boxed elementor-section-height-default elementor-section-height-default\" data-id=\"dc80002\" data-element_type=\"section\" data-e-type=\"section\">\n\t\t\t\t\t\t<div class=\"elementor-container elementor-column-gap-default\">\n\t\t\t\t\t<div class=\"elementor-column elementor-col-33 elementor-top-column elementor-element elementor-element-1695717\" data-id=\"1695717\" data-element_type=\"column\" data-e-type=\"column\">\n\t\t\t<div class=\"elementor-widget-wrap elementor-element-populated\">\n\t\t\t\t\t\t<div class=\"elementor-element elementor-element-11fcf69 elementor-widget__width-initial elementor-widget elementor-widget-image\" data-id=\"11fcf69\" data-element_type=\"widget\" data-e-type=\"widget\" data-widget_type=\"image.default\">\n\t\t\t\t<div class=\"elementor-widget-container\">\n\t\t\t\t\t\t\t\t\t\t\t\t\t\t\t\t<a href=\"https:\/\/www.est.ufmg.br\/portal\/wp-content\/uploads\/2024\/07\/Fellow_Rosangela_03-768x1024.jpeg\">\n\t\t\t\t\t\t\t<img fetchpriority=\"high\" decoding=\"async\" width=\"768\" height=\"1024\" src=\"https:\/\/www.est.ufmg.br\/portal\/wp-content\/uploads\/2024\/07\/Fellow_Rosangela_03-768x1024.jpeg\" class=\"attachment-large size-large wp-image-14291\" alt=\"\" srcset=\"https:\/\/www.est.ufmg.br\/portal\/wp-content\/uploads\/2024\/07\/Fellow_Rosangela_03-768x1024.jpeg 768w, https:\/\/www.est.ufmg.br\/portal\/wp-content\/uploads\/2024\/07\/Fellow_Rosangela_03-225x300.jpeg 225w, https:\/\/www.est.ufmg.br\/portal\/wp-content\/uploads\/2024\/07\/Fellow_Rosangela_03-1152x1536.jpeg 1152w, https:\/\/www.est.ufmg.br\/portal\/wp-content\/uploads\/2024\/07\/Fellow_Rosangela_03.jpeg 1200w\" sizes=\"(max-width: 768px) 100vw, 768px\" \/>\t\t\t\t\t\t\t\t<\/a>\n\t\t\t\t\t\t\t\t\t\t\t\t\t\t\t<\/div>\n\t\t\t\t<\/div>\n\t\t\t\t\t<\/div>\n\t\t<\/div>\n\t\t\t\t<div class=\"elementor-column elementor-col-33 elementor-top-column elementor-element elementor-element-675f31e\" data-id=\"675f31e\" data-element_type=\"column\" data-e-type=\"column\">\n\t\t\t<div class=\"elementor-widget-wrap elementor-element-populated\">\n\t\t\t\t\t\t<div class=\"elementor-element elementor-element-e4e22d1 elementor-widget elementor-widget-image\" data-id=\"e4e22d1\" data-element_type=\"widget\" data-e-type=\"widget\" data-widget_type=\"image.default\">\n\t\t\t\t<div class=\"elementor-widget-container\">\n\t\t\t\t\t\t\t\t\t\t\t\t\t\t\t\t<a href=\"https:\/\/www.est.ufmg.br\/portal\/wp-content\/uploads\/2024\/07\/Fellow_Rosangela_01.png\" data-elementor-open-lightbox=\"yes\" data-elementor-lightbox-title=\"Fellow_Rosangela_01\" data-e-action-hash=\"#elementor-action%3Aaction%3Dlightbox%26settings%3DeyJpZCI6MTQyOTIsInVybCI6Imh0dHBzOlwvXC93d3cuZXN0LnVmbWcuYnJcL3BvcnRhbFwvd3AtY29udGVudFwvdXBsb2Fkc1wvMjAyNFwvMDdcL0ZlbGxvd19Sb3NhbmdlbGFfMDEucG5nIn0%3D\">\n\t\t\t\t\t\t\t<img decoding=\"async\" width=\"1024\" height=\"1024\" src=\"https:\/\/www.est.ufmg.br\/portal\/wp-content\/uploads\/2024\/07\/Fellow_Rosangela_01-1024x1024.png\" class=\"attachment-large size-large wp-image-14292\" alt=\"\" srcset=\"https:\/\/www.est.ufmg.br\/portal\/wp-content\/uploads\/2024\/07\/Fellow_Rosangela_01-1024x1024.png 1024w, https:\/\/www.est.ufmg.br\/portal\/wp-content\/uploads\/2024\/07\/Fellow_Rosangela_01-300x300.png 300w, https:\/\/www.est.ufmg.br\/portal\/wp-content\/uploads\/2024\/07\/Fellow_Rosangela_01-200x200.png 200w, https:\/\/www.est.ufmg.br\/portal\/wp-content\/uploads\/2024\/07\/Fellow_Rosangela_01-768x768.png 768w, https:\/\/www.est.ufmg.br\/portal\/wp-content\/uploads\/2024\/07\/Fellow_Rosangela_01.png 1080w\" sizes=\"(max-width: 1024px) 100vw, 1024px\" \/>\t\t\t\t\t\t\t\t<\/a>\n\t\t\t\t\t\t\t\t\t\t\t\t\t\t\t<\/div>\n\t\t\t\t<\/div>\n\t\t\t\t\t<\/div>\n\t\t<\/div>\n\t\t\t\t<div class=\"elementor-column elementor-col-33 elementor-top-column elementor-element elementor-element-8ba09ad\" data-id=\"8ba09ad\" data-element_type=\"column\" data-e-type=\"column\">\n\t\t\t<div class=\"elementor-widget-wrap elementor-element-populated\">\n\t\t\t\t\t\t<div class=\"elementor-element elementor-element-1944476 elementor-widget__width-initial elementor-widget elementor-widget-image\" data-id=\"1944476\" data-element_type=\"widget\" data-e-type=\"widget\" data-widget_type=\"image.default\">\n\t\t\t\t<div class=\"elementor-widget-container\">\n\t\t\t\t\t\t\t\t\t\t\t\t\t\t\t\t<a href=\"https:\/\/www.est.ufmg.br\/portal\/wp-content\/uploads\/2024\/07\/Fellow_Rosangela_02.jpeg\" data-elementor-open-lightbox=\"yes\" data-elementor-lightbox-title=\"Fellow_Rosangela_02\" data-e-action-hash=\"#elementor-action%3Aaction%3Dlightbox%26settings%3DeyJpZCI6MTQyOTMsInVybCI6Imh0dHBzOlwvXC93d3cuZXN0LnVmbWcuYnJcL3BvcnRhbFwvd3AtY29udGVudFwvdXBsb2Fkc1wvMjAyNFwvMDdcL0ZlbGxvd19Sb3NhbmdlbGFfMDIuanBlZyJ9\">\n\t\t\t\t\t\t\t<img decoding=\"async\" width=\"768\" height=\"1024\" src=\"https:\/\/www.est.ufmg.br\/portal\/wp-content\/uploads\/2024\/07\/Fellow_Rosangela_02-768x1024.jpeg\" class=\"attachment-large size-large wp-image-14293\" alt=\"\" srcset=\"https:\/\/www.est.ufmg.br\/portal\/wp-content\/uploads\/2024\/07\/Fellow_Rosangela_02-768x1024.jpeg 768w, https:\/\/www.est.ufmg.br\/portal\/wp-content\/uploads\/2024\/07\/Fellow_Rosangela_02-225x300.jpeg 225w, https:\/\/www.est.ufmg.br\/portal\/wp-content\/uploads\/2024\/07\/Fellow_Rosangela_02-1152x1536.jpeg 1152w, https:\/\/www.est.ufmg.br\/portal\/wp-content\/uploads\/2024\/07\/Fellow_Rosangela_02.jpeg 1200w\" sizes=\"(max-width: 768px) 100vw, 768px\" \/>\t\t\t\t\t\t\t\t<\/a>\n\t\t\t\t\t\t\t\t\t\t\t\t\t\t\t<\/div>\n\t\t\t\t<\/div>\n\t\t\t\t\t<\/div>\n\t\t<\/div>\n\t\t\t\t\t<\/div>\n\t\t<\/section>\n\t\t\t\t<section class=\"elementor-section elementor-top-section elementor-element elementor-element-6aff241 elementor-section-boxed elementor-section-height-default elementor-section-height-default\" data-id=\"6aff241\" data-element_type=\"section\" data-e-type=\"section\">\n\t\t\t\t\t\t<div class=\"elementor-container elementor-column-gap-default\">\n\t\t\t\t\t<div class=\"elementor-column elementor-col-100 elementor-top-column elementor-element elementor-element-1acc270\" data-id=\"1acc270\" data-element_type=\"column\" data-e-type=\"column\">\n\t\t\t<div class=\"elementor-widget-wrap elementor-element-populated\">\n\t\t\t\t\t\t<div class=\"elementor-element elementor-element-8b7f5be elementor-widget elementor-widget-text-editor\" data-id=\"8b7f5be\" data-element_type=\"widget\" data-e-type=\"widget\" data-widget_type=\"text-editor.default\">\n\t\t\t\t<div class=\"elementor-widget-container\">\n\t\t\t\t\t\t\t\t\t<p style=\"text-align: justify;\">Na Edi\u00e7\u00e3o 2024 do ISBA World Meeting, encerrada recentemente em Veneza (It\u00e1lia), a Professora Rosangela H. Loschi do DEST\/UFMG foi eleita &#8220;Fellow&#8221; da International Society for Bayesian Analysis. Al\u00e9m da Rosangela, somente outros dois brasileiros possuem esta distin\u00e7\u00e3o (Hedibert F. Lopes do INSPER\/Brasil e Alexandra M. Schmidt da McGill University\/Canad\u00e1).<\/p><p>Para reconhecer os membros da ISBA que fizeram contribui\u00e7\u00f5es excepcionais em algum aspecto do trabalho estat\u00edstico (publica\u00e7\u00e3o, ensino e servi\u00e7o, incluindo servi\u00e7o \u00e0 sociedade), um comit\u00ea de oito pessoas, composto por antigos &#8220;Fellows&#8221; da ISBA, elege novos &#8220;Fellows&#8221; a cada dois anos.<\/p><p>Parab\u00e9ns Rosangela pelo merecido reconhecimento internacional!<\/p>\t\t\t\t\t\t\t\t<\/div>\n\t\t\t\t<\/div>\n\t\t\t\t<div class=\"elementor-element elementor-element-9eff12c elementor-widget-divider--separator-type-pattern elementor-widget-divider--no-spacing elementor-widget-divider--view-line elementor-widget elementor-widget-divider\" data-id=\"9eff12c\" data-element_type=\"widget\" data-e-type=\"widget\" data-widget_type=\"divider.default\">\n\t\t\t\t<div class=\"elementor-widget-container\">\n\t\t\t\t\t\t\t<div class=\"elementor-divider\" style=\"--divider-pattern-url: url(&quot;data:image\/svg+xml,%3Csvg xmlns=&#039;http:\/\/www.w3.org\/2000\/svg&#039; preserveAspectRatio=&#039;xMidYMid meet&#039; overflow=&#039;visible&#039; height=&#039;100%&#039; viewBox=&#039;0 0 120 26&#039; fill=&#039;black&#039; stroke=&#039;none&#039;%3E%3Cpath d=&#039;M54,1.6V26h-9V2.5L54,1.6z M69,1.6v23.3L60,26V1.6H69z M24,1.6v23.5l-9-0.6V1.6H24z M30,0l9,0.7v24.5h-9V0z M9,2.5v22H0V3.7L9,2.5z M75,1.6l9,0.9v22h-9V1.6z M99,2.7v21.7h-9V3.8L99,2.7z M114,3.8v20.7l-9-0.5V3.8L114,3.8z&#039;\/%3E%3C\/svg%3E&quot;);\">\n\t\t\t<span class=\"elementor-divider-separator\">\n\t\t\t\t\t\t<\/span>\n\t\t<\/div>\n\t\t\t\t\t\t<\/div>\n\t\t\t\t<\/div>\n\t\t\t\t\t<\/div>\n\t\t<\/div>\n\t\t\t\t\t<\/div>\n\t\t<\/section>\n\t\t\t\t<section class=\"elementor-section elementor-top-section elementor-element elementor-element-9db9eca elementor-section-boxed elementor-section-height-default elementor-section-height-default\" data-id=\"9db9eca\" data-element_type=\"section\" data-e-type=\"section\">\n\t\t\t\t\t\t<div class=\"elementor-container elementor-column-gap-default\">\n\t\t\t\t\t<div class=\"elementor-column elementor-col-100 elementor-top-column elementor-element elementor-element-984b94b\" data-id=\"984b94b\" data-element_type=\"column\" data-e-type=\"column\">\n\t\t\t<div class=\"elementor-widget-wrap elementor-element-populated\">\n\t\t\t\t\t\t<div class=\"elementor-element elementor-element-8e49f60 elementor-widget elementor-widget-text-editor\" data-id=\"8e49f60\" data-element_type=\"widget\" data-e-type=\"widget\" data-widget_type=\"text-editor.default\">\n\t\t\t\t<div class=\"elementor-widget-container\">\n\t\t\t\t\t\t\t\t\t<ul><li><a href=\"https:\/\/www.premiosusep.susep.gov.br\/\" target=\"_blank\" rel=\"noopener\"><strong>I PR\u00caMIO SUSEP DE PESQUISA EM SEGUROS<\/strong><\/a><br \/>Ex aluna da atu\u00e1ria, Rafaela Maximo de Carvalho, foi premiada em primeiro lugar no 1\u00ba Pr\u00eamio Susep de Pesquisa em Seguros (realiza\u00e7\u00e3o da Susep, em parceria com a CNseg, a FGV e o Insper), na categoria trabalhos de gradua\u00e7\u00e3o. A Rafaela foi orientada pelo professor Fredy e pela profa. Jussiane.<\/li><\/ul><p>\u00a0 \u00a0 \u00a0 \u00a0<a href=\"https:\/\/www.premiosusep.susep.gov.br\/\" target=\"_blank\" rel=\"noopener\">https:\/\/www.premiosusep.susep.gov.br<\/a><\/p><ul><li><p><a href=\"http:\/\/www.atuarios.org.br\/noticia\/708iv-premio-ricardo-frischtak\" target=\"_blank\" rel=\"noopener\"><strong>IV PR\u00caMIO RICARDO FRISCHTAK &#8211; Vencedores Definidos:<\/strong><\/a><br \/>A monografia do ex-aluno do curso de Ci\u00eancias Atuariais da UFMG, Luanvir Luna da Silva, sob orienta\u00e7\u00e3o da profa. Jussiane Gon\u00e7alves, foi premiada no IV Pr\u00eamio Ricardo Frischtak (2020), promovido pelo Instituto Brasileiro de Atu\u00e1ria (IBA). A monografia est\u00e1 entre as tr\u00eas vencedoras, mas a coloca\u00e7\u00e3o final ser\u00e1 divulgada pelo IBA em dezembro\/2020.<\/p><p><strong>T\u00edtulo:\u00a0<\/strong>Avalia\u00e7\u00e3o de uma metodologia alternativa para o c\u00e1lculo da PIC baseado no c\u00e1lculo da PEONA (2019)<\/p><p><a href=\"http:\/\/www.atuarios.org.br\/noticia\/708iv-premio-ricardo-frischtak\" target=\"_blank\" rel=\"noopener\">http:\/\/www.atuarios.org.br\/noticia\/708iv-premio-ricardo-frischtak<\/a><\/p><\/li><\/ul><ul><li><p><a href=\"https:\/\/www.ufmg.br\/prpq\/noticia\/resultado-final-semana-de-iniciacao-cientifica\/\" target=\"_blank\" rel=\"noopener\"><strong>PR\u00caMIO DESTAQUE NA XXVIII SEMANA DE INICIA\u00c7\u00c3O CIENT\u00cdFICA:<\/strong><\/a><br \/>O aluno Pedro Menezes de Araujo, do Curso de Gradua\u00e7\u00e3o em Estat\u00edstica, recebeu o pr\u00eamio destaque na XXVIII Semana de IC.<\/p><p><strong>Orientador:<\/strong><br \/>Prof. Gilvan Guedes (FACE).<\/p><\/li><li><p><a href=\"https:\/\/www.ufmg.br\/prograd\/arquivos\/SemConhec\/premiados.pdf\" target=\"_blank\" rel=\"noopener\"><strong>PR\u00caMIO NA SEMANA DO <span style=\"color: #3366ff;\">CONHECIMENTO:<\/span><\/strong><\/a><br \/>O PMG do DEST ficou em segundo lugar na premia\u00e7\u00e3o do Programa de Monitoria de Gradua\u00e7\u00e3o da UFMG.<\/p><p><strong>Orientadores:<\/strong><br \/>Adrian Pablo Hinojosa Luna<br \/>Cristiano de Carvalho Santos<br \/>F\u00e1bio Nogueira Demarqui (coordenador)<\/p><p><strong>Alunos:<\/strong><br \/>Amanda Xavier, Caio Coelho, Gabriela Costa, Larissa Carolina, Laura Alexandria, Laura Kubitschek, Leonardo Paes Vieira, Maria Luisa Reis,\u00a0Matheus Gonzaga<\/p><\/li><\/ul><ul><li><span style=\"color: #3366ff;\"><strong>PR\u00caMIOS DE DISSERTA\u00c7\u00c3O NO SINAPE:<\/strong><\/span><\/li><\/ul><ul><li style=\"list-style-type: none;\"><ul><li><strong>1\u00ba lugar:<\/strong>\u00a0Jussiane Gon\u00e7alves da Silva; T\u00edtulo: Zero-Inflated Mixed Poisson Regression Models; Orientador: Wagner Barreto de Souza<\/li><\/ul><\/li><\/ul><ul><li style=\"list-style-type: none;\"><ul><li><strong><span style=\"color: #3366ff;\">Indicado<\/span> entre os 4 finalistas:<\/strong>\u00a0Magno Tairone de Freitas Severino; T\u00edtulo: Extending JAGS for spatial data; Orientador: Vin\u00edcius Diniz Mayrink; Coorientador: F\u00e1bio Nogueira Demarqui.<\/li><\/ul><\/li><\/ul><ul><li><span style=\"color: #3366ff;\"><strong>PARA MAIS PREMIA\u00c7\u00d5ES DE ALUNOS DA P\u00d3S-GRADUA\u00c7\u00c3O ACESSE:\u00a0<\/strong><\/span><ul><li><a href=\"https:\/\/www.est.ufmg.br\/portal\/premiacao-pos-graduacao\/\" target=\"_blank\" rel=\"noopener\">https:\/\/www.est.ufmg.br\/portal\/premiacao-pos-graduacao<\/a><\/li><\/ul><\/li><\/ul>\t\t\t\t\t\t\t\t<\/div>\n\t\t\t\t<\/div>\n\t\t\t\t\t<\/div>\n\t\t<\/div>\n\t\t\t\t\t<\/div>\n\t\t<\/section>\n\t\t\t\t<section class=\"elementor-section elementor-top-section elementor-element elementor-element-167128e elementor-section-boxed elementor-section-height-default elementor-section-height-default\" data-id=\"167128e\" data-element_type=\"section\" data-e-type=\"section\" data-settings=\"{&quot;background_background&quot;:&quot;classic&quot;}\">\n\t\t\t\t\t\t<div class=\"elementor-container elementor-column-gap-default\">\n\t\t\t\t\t<div class=\"elementor-column elementor-col-100 elementor-top-column elementor-element elementor-element-81dc7bc\" data-id=\"81dc7bc\" data-element_type=\"column\" data-e-type=\"column\">\n\t\t\t<div class=\"elementor-widget-wrap elementor-element-populated\">\n\t\t\t\t\t\t<div class=\"elementor-element elementor-element-46c213c elementor-widget elementor-widget-heading\" data-id=\"46c213c\" data-element_type=\"widget\" data-e-type=\"widget\" data-widget_type=\"heading.default\">\n\t\t\t\t<div class=\"elementor-widget-container\">\n\t\t\t\t\t<h2 class=\"elementor-heading-title elementor-size-default\">Pr\u00eamios da P\u00f3s Gradua\u00e7\u00e3o<\/h2>\t\t\t\t<\/div>\n\t\t\t\t<\/div>\n\t\t\t\t<div class=\"elementor-element elementor-element-0360f9d elementor-align-center elementor-widget elementor-widget-button\" data-id=\"0360f9d\" data-element_type=\"widget\" data-e-type=\"widget\" data-widget_type=\"button.default\">\n\t\t\t\t<div class=\"elementor-widget-container\">\n\t\t\t\t\t\t\t\t\t<div class=\"elementor-button-wrapper\">\n\t\t\t\t\t<a class=\"elementor-button elementor-button-link elementor-size-sm\" href=\"https:\/\/www.est.ufmg.br\/portal\/premiacao-pos-graduacao\/\">\n\t\t\t\t\t\t<span class=\"elementor-button-content-wrapper\">\n\t\t\t\t\t\t\t\t\t<span class=\"elementor-button-text\">Clique aqui<\/span>\n\t\t\t\t\t<\/span>\n\t\t\t\t\t<\/a>\n\t\t\t\t<\/div>\n\t\t\t\t\t\t\t\t<\/div>\n\t\t\t\t<\/div>\n\t\t\t\t\t<\/div>\n\t\t<\/div>\n\t\t\t\t\t<\/div>\n\t\t<\/section>\n\t\t\t\t<\/div>\n\t\t","protected":false},"excerpt":{"rendered":"<p>Pr\u00eamios do DEST Professora Rosangela H. Loschi do DEST\/UFMG foi eleita \u201cFellow\u201d da International Society for Bayesian Analysis Na Edi\u00e7\u00e3o 2024 do ISBA World Meeting, encerrada recentemente em Veneza (It\u00e1lia), a Professora Rosangela H. Loschi do DEST\/UFMG foi eleita &#8220;Fellow&#8221; da International Society for Bayesian Analysis. Al\u00e9m da Rosangela, somente outros dois brasileiros possuem esta [&hellip;]<\/p>\n","protected":false},"author":1,"featured_media":0,"parent":0,"menu_order":0,"comment_status":"closed","ping_status":"closed","template":"","meta":{"site-sidebar-layout":"no-sidebar","site-content-layout":"page-builder","ast-site-content-layout":"default","site-content-style":"default","site-sidebar-style":"default","ast-global-header-display":"","ast-banner-title-visibility":"","ast-main-header-display":"","ast-hfb-above-header-display":"","ast-hfb-below-header-display":"","ast-hfb-mobile-header-display":"","site-post-title":"disabled","ast-breadcrumbs-content":"","ast-featured-img":"disabled","footer-sml-layout":"","ast-disable-related-posts":"","theme-transparent-header-meta":"default","adv-header-id-meta":"","stick-header-meta":"","header-above-stick-meta":"","header-main-stick-meta":"","header-below-stick-meta":"","astra-migrate-meta-layouts":"default","ast-page-background-enabled":"default","ast-page-background-meta":{"desktop":{"background-color":"","background-image":"","background-repeat":"repeat","background-position":"center center","background-size":"auto","background-attachment":"scroll","background-type":"","background-media":"","overlay-type":"","overlay-color":"","overlay-opacity":"","overlay-gradient":""},"tablet":{"background-color":"","background-image":"","background-repeat":"repeat","background-position":"center center","background-size":"auto","background-attachment":"scroll","background-type":"","background-media":"","overlay-type":"","overlay-color":"","overlay-opacity":"","overlay-gradient":""},"mobile":{"background-color":"","background-image":"","background-repeat":"repeat","background-position":"center center","background-size":"auto","background-attachment":"scroll","background-type":"","background-media":"","overlay-type":"","overlay-color":"","overlay-opacity":"","overlay-gradient":""}},"ast-content-background-meta":{"desktop":{"background-color":"var(--ast-global-color-5)","background-image":"","background-repeat":"repeat","background-position":"center center","background-size":"auto","background-attachment":"scroll","background-type":"","background-media":"","overlay-type":"","overlay-color":"","overlay-opacity":"","overlay-gradient":""},"tablet":{"background-color":"var(--ast-global-color-5)","background-image":"","background-repeat":"repeat","background-position":"center center","background-size":"auto","background-attachment":"scroll","background-type":"","background-media":"","overlay-type":"","overlay-color":"","overlay-opacity":"","overlay-gradient":""},"mobile":{"background-color":"var(--ast-global-color-5)","background-image":"","background-repeat":"repeat","background-position":"center center","background-size":"auto","background-attachment":"scroll","background-type":"","background-media":"","overlay-type":"","overlay-color":"","overlay-opacity":"","overlay-gradient":""}},"footnotes":""},"class_list":["post-3749","page","type-page","status-publish","hentry"],"_links":{"self":[{"href":"https:\/\/www.est.ufmg.br\/portal\/wp-json\/wp\/v2\/pages\/3749","targetHints":{"allow":["GET"]}}],"collection":[{"href":"https:\/\/www.est.ufmg.br\/portal\/wp-json\/wp\/v2\/pages"}],"about":[{"href":"https:\/\/www.est.ufmg.br\/portal\/wp-json\/wp\/v2\/types\/page"}],"author":[{"embeddable":true,"href":"https:\/\/www.est.ufmg.br\/portal\/wp-json\/wp\/v2\/users\/1"}],"replies":[{"embeddable":true,"href":"https:\/\/www.est.ufmg.br\/portal\/wp-json\/wp\/v2\/comments?post=3749"}],"version-history":[{"count":42,"href":"https:\/\/www.est.ufmg.br\/portal\/wp-json\/wp\/v2\/pages\/3749\/revisions"}],"predecessor-version":[{"id":14530,"href":"https:\/\/www.est.ufmg.br\/portal\/wp-json\/wp\/v2\/pages\/3749\/revisions\/14530"}],"wp:attachment":[{"href":"https:\/\/www.est.ufmg.br\/portal\/wp-json\/wp\/v2\/media?parent=3749"}],"curies":[{"name":"wp","href":"https:\/\/api.w.org\/{rel}","templated":true}]}}