{"id":3822,"date":"2022-11-30T15:45:02","date_gmt":"2022-11-30T18:45:02","guid":{"rendered":"https:\/\/www.est.ufmg.br\/portal\/?page_id=3822"},"modified":"2022-11-30T15:46:21","modified_gmt":"2022-11-30T18:46:21","slug":"estatistica","status":"publish","type":"page","link":"https:\/\/www.est.ufmg.br\/portal\/estatistica\/","title":{"rendered":"Estat\u00edstica"},"content":{"rendered":"\t\t<div data-elementor-type=\"wp-page\" data-elementor-id=\"3822\" class=\"elementor elementor-3822\" data-elementor-post-type=\"page\">\n\t\t\t\t\t\t<section class=\"elementor-section elementor-top-section elementor-element elementor-element-c7ac134 elementor-section-boxed elementor-section-height-default elementor-section-height-default\" data-id=\"c7ac134\" data-element_type=\"section\" data-e-type=\"section\">\n\t\t\t\t\t\t<div class=\"elementor-container elementor-column-gap-default\">\n\t\t\t\t\t<div class=\"elementor-column elementor-col-100 elementor-top-column elementor-element elementor-element-8cf2f47\" data-id=\"8cf2f47\" data-element_type=\"column\" data-e-type=\"column\">\n\t\t\t<div class=\"elementor-widget-wrap elementor-element-populated\">\n\t\t\t\t\t\t<div class=\"elementor-element elementor-element-f1c7848 elementor-widget elementor-widget-heading\" data-id=\"f1c7848\" data-element_type=\"widget\" data-e-type=\"widget\" data-widget_type=\"heading.default\">\n\t\t\t\t<div class=\"elementor-widget-container\">\n\t\t\t\t\t<h3 class=\"elementor-heading-title elementor-size-default\">Estat\u00edstica<\/h3>\t\t\t\t<\/div>\n\t\t\t\t<\/div>\n\t\t\t\t<div class=\"elementor-element elementor-element-c00c056 elementor-widget elementor-widget-text-editor\" data-id=\"c00c056\" data-element_type=\"widget\" data-e-type=\"widget\" data-widget_type=\"text-editor.default\">\n\t\t\t\t<div class=\"elementor-widget-container\">\n\t\t\t\t\t\t\t\t\t<p>O curso de Gradua\u00e7\u00e3o em Estat\u00edstica da UFMG foi criado em 1978, \u00e9 diurno, tem dura\u00e7\u00e3o de 4 anos e \u00e9 oferecido no Instituto de Ci\u00eancias Exatas (ICEx), no Campus Pampulha.<\/p><p>O profissional da Estat\u00edstica domina um conjunto integrado de m\u00e9todos para tratamento e an\u00e1lise de dados, o que o torna um profissional requisitado pelas mais diversas institui\u00e7\u00f5es para atividades variadas. Assim, o Curso de Estat\u00edstica da UFMG tem como objetivo formar profissionais que tenham:<\/p><p>\u2022 conhecimentos s\u00f3lidos e atualizados, capazes de abordar com profici\u00eancia os problemas usuais de sua \u00e1rea de atua\u00e7\u00e3o: coleta, organiza\u00e7\u00e3o s\u00edntese de dados e ajuste de modelos;<\/p><p>\u2022 capacidade de buscar informa\u00e7\u00f5es para a solu\u00e7\u00e3o de novos problemas e, encontrando-as, ser capaz de entend\u00ea-las e implement\u00e1-las;<\/p><p>\u2022 capacidade de planejar e dirigir a execu\u00e7\u00e3o de pesquisas e an\u00e1lises estat\u00edsticas.<\/p><p>Anualmente s\u00e3o ofertadas 45 vagas atrav\u00e9s do Sisu. A tabela a seguir apresenta a rela\u00e7\u00e3o candidato\/vaga por modalidade entre os anos de 2014 e 2017.<\/p><div><table border=\"0\" cellspacing=\"0\" cellpadding=\"0\"><tbody><tr><td><strong>Modalidade<\/strong><\/td><td><strong>1<\/strong><\/td><td><strong>2<\/strong><\/td><td><strong>3<\/strong><\/td><td><strong>4<\/strong><\/td><td><strong>Ampla Concorr\u00eancia<\/strong><\/td><\/tr><tr><td><strong>Processo Seletivo de 2014<\/strong><\/td><td>11,4<\/td><td>13,2<\/td><td>6,3<\/td><td>13,2<\/td><td>21,9<\/td><\/tr><tr><td><strong>Processo Seletivo de 2015<\/strong><\/td><td>6,3<\/td><td>18,8<\/td><td>9,3<\/td><td>6,8<\/td><td>14,3<\/td><\/tr><tr><td><strong>Processo Seletivo de 2016<\/strong><\/td><td>14,4<\/td><td>17,4<\/td><td>8,2<\/td><td>12,6<\/td><td>8,6<\/td><\/tr><tr><td><strong>Processo Seletivo de 2017<\/strong><\/td><td>11,9<\/td><td>9,0<\/td><td>26,3<\/td><td>8,2<\/td><td>8,5<\/td><\/tr><tr><td><strong>Quantidade de vagas ofertadas<\/strong><\/td><td>7<\/td><td>5<\/td><td>6<\/td><td>5<\/td><td>22<\/td><\/tr><\/tbody><\/table><\/div><p>\u00a0<\/p><p>Modalidades:<\/p><p>1.\u00a0 Candidatos autodeclarados pretos, pardos ou ind\u00edgenas, com renda familiar bruta per capita igual ou inferior a 1,5 sal\u00e1rio m\u00ednimo e que tenham cursado integralmente o ensino m\u00e9dio em escolas p\u00fablicas (Lei n\u00ba 12.711\/2012).<\/p><p>2. Candidatos com renda familiar bruta per capita igual ou inferior a 1,5 sal\u00e1rio m\u00ednimo que tenham cursado integralmente o ensino m\u00e9dio em escolas p\u00fablicas (Lei n\u00ba 12.711\/2012).<\/p><p>3. Candidatos autodeclarados pretos, pardos ou ind\u00edgenas que, independentemente da renda (art. 14, II, Portaria Normativa n\u00ba 18\/2012), tenham cursado integralmente o ensino m\u00e9dio em escolas p\u00fablicas (Lei n\u00ba 12.711\/2012).<\/p><p>4. Candidatos que, independentemente da renda (art. 14, II, Portaria Normativa n\u00ba 18\/2012), tenham cursado integralmente o ensino m\u00e9dio em escolas p\u00fablicas (Lei n\u00ba 12.711\/2012.<\/p>\t\t\t\t\t\t\t\t<\/div>\n\t\t\t\t<\/div>\n\t\t\t\t\t<\/div>\n\t\t<\/div>\n\t\t\t\t\t<\/div>\n\t\t<\/section>\n\t\t\t\t<\/div>\n\t\t","protected":false},"excerpt":{"rendered":"<p>Estat\u00edstica O curso de Gradua\u00e7\u00e3o em Estat\u00edstica da UFMG foi criado em 1978, \u00e9 diurno, tem dura\u00e7\u00e3o de 4 anos e \u00e9 oferecido no Instituto de Ci\u00eancias Exatas (ICEx), no Campus Pampulha. O profissional da Estat\u00edstica domina um conjunto integrado de m\u00e9todos para tratamento e an\u00e1lise de dados, o que o torna um profissional requisitado [&hellip;]<\/p>\n","protected":false},"author":1,"featured_media":0,"parent":0,"menu_order":0,"comment_status":"closed","ping_status":"closed","template":"","meta":{"site-sidebar-layout":"no-sidebar","site-content-layout":"page-builder","ast-site-content-layout":"default","site-content-style":"default","site-sidebar-style":"default","ast-global-header-display":"","ast-banner-title-visibility":"","ast-main-header-display":"","ast-hfb-above-header-display":"","ast-hfb-below-header-display":"","ast-hfb-mobile-header-display":"","site-post-title":"disabled","ast-breadcrumbs-content":"","ast-featured-img":"disabled","footer-sml-layout":"","ast-disable-related-posts":"","theme-transparent-header-meta":"default","adv-header-id-meta":"","stick-header-meta":"","header-above-stick-meta":"","header-main-stick-meta":"","header-below-stick-meta":"","astra-migrate-meta-layouts":"default","ast-page-background-enabled":"default","ast-page-background-meta":{"desktop":{"background-color":"","background-image":"","background-repeat":"repeat","background-position":"center center","background-size":"auto","background-attachment":"scroll","background-type":"","background-media":"","overlay-type":"","overlay-color":"","overlay-opacity":"","overlay-gradient":""},"tablet":{"background-color":"","background-image":"","background-repeat":"repeat","background-position":"center center","background-size":"auto","background-attachment":"scroll","background-type":"","background-media":"","overlay-type":"","overlay-color":"","overlay-opacity":"","overlay-gradient":""},"mobile":{"background-color":"","background-image":"","background-repeat":"repeat","background-position":"center center","background-size":"auto","background-attachment":"scroll","background-type":"","background-media":"","overlay-type":"","overlay-color":"","overlay-opacity":"","overlay-gradient":""}},"ast-content-background-meta":{"desktop":{"background-color":"var(--ast-global-color-5)","background-image":"","background-repeat":"repeat","background-position":"center center","background-size":"auto","background-attachment":"scroll","background-type":"","background-media":"","overlay-type":"","overlay-color":"","overlay-opacity":"","overlay-gradient":""},"tablet":{"background-color":"var(--ast-global-color-5)","background-image":"","background-repeat":"repeat","background-position":"center center","background-size":"auto","background-attachment":"scroll","background-type":"","background-media":"","overlay-type":"","overlay-color":"","overlay-opacity":"","overlay-gradient":""},"mobile":{"background-color":"var(--ast-global-color-5)","background-image":"","background-repeat":"repeat","background-position":"center center","background-size":"auto","background-attachment":"scroll","background-type":"","background-media":"","overlay-type":"","overlay-color":"","overlay-opacity":"","overlay-gradient":""}},"footnotes":""},"class_list":["post-3822","page","type-page","status-publish","hentry"],"_links":{"self":[{"href":"https:\/\/www.est.ufmg.br\/portal\/wp-json\/wp\/v2\/pages\/3822","targetHints":{"allow":["GET"]}}],"collection":[{"href":"https:\/\/www.est.ufmg.br\/portal\/wp-json\/wp\/v2\/pages"}],"about":[{"href":"https:\/\/www.est.ufmg.br\/portal\/wp-json\/wp\/v2\/types\/page"}],"author":[{"embeddable":true,"href":"https:\/\/www.est.ufmg.br\/portal\/wp-json\/wp\/v2\/users\/1"}],"replies":[{"embeddable":true,"href":"https:\/\/www.est.ufmg.br\/portal\/wp-json\/wp\/v2\/comments?post=3822"}],"version-history":[{"count":5,"href":"https:\/\/www.est.ufmg.br\/portal\/wp-json\/wp\/v2\/pages\/3822\/revisions"}],"predecessor-version":[{"id":3828,"href":"https:\/\/www.est.ufmg.br\/portal\/wp-json\/wp\/v2\/pages\/3822\/revisions\/3828"}],"wp:attachment":[{"href":"https:\/\/www.est.ufmg.br\/portal\/wp-json\/wp\/v2\/media?parent=3822"}],"curies":[{"name":"wp","href":"https:\/\/api.w.org\/{rel}","templated":true}]}}