{"id":3835,"date":"2022-11-30T15:47:17","date_gmt":"2022-11-30T18:47:17","guid":{"rendered":"https:\/\/www.est.ufmg.br\/portal\/?page_id=3835"},"modified":"2022-11-30T15:47:58","modified_gmt":"2022-11-30T18:47:58","slug":"grade-curricular","status":"publish","type":"page","link":"https:\/\/www.est.ufmg.br\/portal\/grade-curricular\/","title":{"rendered":"Grade Curricular"},"content":{"rendered":"\t\t<div data-elementor-type=\"wp-page\" data-elementor-id=\"3835\" class=\"elementor elementor-3835\" data-elementor-post-type=\"page\">\n\t\t\t\t\t\t<section class=\"elementor-section elementor-top-section elementor-element elementor-element-aab7169 elementor-section-boxed elementor-section-height-default elementor-section-height-default\" data-id=\"aab7169\" data-element_type=\"section\" data-e-type=\"section\">\n\t\t\t\t\t\t<div class=\"elementor-container elementor-column-gap-default\">\n\t\t\t\t\t<div class=\"elementor-column elementor-col-100 elementor-top-column elementor-element elementor-element-3987af8\" data-id=\"3987af8\" data-element_type=\"column\" data-e-type=\"column\">\n\t\t\t<div class=\"elementor-widget-wrap elementor-element-populated\">\n\t\t\t\t\t\t<div class=\"elementor-element elementor-element-6c27cd8 elementor-widget elementor-widget-heading\" data-id=\"6c27cd8\" data-element_type=\"widget\" data-e-type=\"widget\" data-widget_type=\"heading.default\">\n\t\t\t\t<div class=\"elementor-widget-container\">\n\t\t\t\t\t<h3 class=\"elementor-heading-title elementor-size-default\">Grade Curricular<\/h3>\t\t\t\t<\/div>\n\t\t\t\t<\/div>\n\t\t\t\t<div class=\"elementor-element elementor-element-cac2d4d elementor-widget elementor-widget-text-editor\" data-id=\"cac2d4d\" data-element_type=\"widget\" data-e-type=\"widget\" data-widget_type=\"text-editor.default\">\n\t\t\t\t<div class=\"elementor-widget-container\">\n\t\t\t\t\t\t\t\t\t<table class=\"contentpaneopen\"><tbody><tr><td valign=\"top\"><table border=\"0\" cellspacing=\"0\" cellpadding=\"0\"><tbody><tr><td valign=\"bottom\" nowrap=\"nowrap\">Per\u00edodo<\/td><td valign=\"bottom\" nowrap=\"nowrap\">C\u00f3digo<\/td><td nowrap=\"nowrap\">Disciplina<\/td><td nowrap=\"nowrap\">Carga hor\u00e1ria<\/td><td nowrap=\"nowrap\">Cr\u00e9ditos<\/td><td nowrap=\"nowrap\">Pr\u00e9-requisitos<\/td><\/tr><tr><td rowspan=\"5\" nowrap=\"nowrap\">1<\/td><td>EST023<\/td><td>Descri\u00e7\u00e3o e Apresenta\u00e7\u00e3o de Dados<\/td><td>60<\/td><td>4<\/td><td nowrap=\"nowrap\">\u00a0<\/td><\/tr><tr><td>EST082<\/td><td>Inicia\u00e7\u00e3o \u00e0 Estat\u00edstica<\/td><td>90<\/td><td>6<\/td><td nowrap=\"nowrap\">\u00a0<\/td><\/tr><tr><td>MAT001<\/td><td>C\u00e1lculo Diferencial e Integral I<\/td><td>90<\/td><td>6<\/td><td nowrap=\"nowrap\">\u00a0<\/td><\/tr><tr><td>MAT038<\/td><td>Geometria Anal. e \u00c1lgebra Linear<\/td><td>60<\/td><td>4<\/td><td nowrap=\"nowrap\">\u00a0<\/td><\/tr><tr><td>UNI003<\/td><td>Oficina de Leitura e Produ\u00e7\u00e3o de Textos<\/td><td>60<\/td><td>4<\/td><td nowrap=\"nowrap\">\u00a0<\/td><\/tr><tr><td rowspan=\"6\" nowrap=\"nowrap\">2<\/td><td valign=\"bottom\">EST034<\/td><td>Estat\u00edstica Geral<\/td><td>60<\/td><td>4<\/td><td>\u00a0<\/td><\/tr><tr><td valign=\"bottom\">EST185<\/td><td>Semin\u00e1rios I<\/td><td>30<\/td><td>2<\/td><td nowrap=\"nowrap\">\u00a0<\/td><\/tr><tr><td valign=\"bottom\">EST075<\/td><td>Probabilidade\u00a0 I<\/td><td>90<\/td><td>6<\/td><td>MAT001<\/td><\/tr><tr><td valign=\"bottom\">MAT042<\/td><td>C\u00e1lculo de V\u00e1rias Vari\u00e1veis<\/td><td>60<\/td><td>4<\/td><td>MAT001<\/td><\/tr><tr><td valign=\"bottom\">DCC001<\/td><td>Programa\u00e7\u00e3o de computadores<\/td><td>60<\/td><td>4<\/td><td>\u00a0<\/td><\/tr><tr><td valign=\"bottom\">UNI001<\/td><td>Ingl\u00eas Instrumental I<\/td><td>60<\/td><td>4<\/td><td>\u00a0<\/td><\/tr><tr><td rowspan=\"6\" nowrap=\"nowrap\">3<\/td><td valign=\"bottom\">EST080<\/td><td>Estat\u00edstica N\u00e3o Param\u00e9trica<\/td><td>60<\/td><td>4<\/td><td>EST034; EST185<\/td><\/tr><tr><td valign=\"bottom\">EST028<\/td><td>Probabilidade\u00a0 II<\/td><td>90<\/td><td>6<\/td><td>EST075<\/td><\/tr><tr><td valign=\"bottom\">EST008<\/td><td>Pacotes Estat\u00edsticos<\/td><td>60<\/td><td>4<\/td><td>DCC001; EST034<\/td><\/tr><tr><td valign=\"bottom\">MAT048<\/td><td>\u00c1lgebra Linear I<\/td><td>60<\/td><td>4<\/td><td>\u00a0<\/td><\/tr><tr><td valign=\"bottom\">DCC034<\/td><td>C\u00e1lculo Num\u00e9rico<\/td><td>60<\/td><td>4<\/td><td>DCC001; MAT001<\/td><\/tr><tr><td valign=\"bottom\">UNI002<\/td><td>Ingl\u00eas Instrumental II<\/td><td>60<\/td><td>4<\/td><td nowrap=\"nowrap\">\u00a0<\/td><\/tr><tr><td rowspan=\"6\" nowrap=\"nowrap\">4<\/td><td valign=\"bottom\">EST037<\/td><td>Amostragem<\/td><td>60<\/td><td>4<\/td><td>EST034; EST075<\/td><\/tr><tr><td valign=\"bottom\">EST035<\/td><td>An\u00e1lise Regress\u00e3o<\/td><td>60<\/td><td>4<\/td><td>EST034; MAT038<\/td><\/tr><tr><td valign=\"bottom\">EST055<\/td><td>Infer\u00eancia<\/td><td>90<\/td><td>6<\/td><td>EST028<\/td><\/tr><tr><td valign=\"bottom\">EST039<\/td><td>Processos Estoc\u00e1sticos<\/td><td>60<\/td><td>4<\/td><td>EST028<\/td><\/tr><tr><td valign=\"bottom\">\u00a0<\/td><td>Carga Optativa<\/td><td>60<\/td><td>4<\/td><td>\u00a0<\/td><\/tr><tr><td valign=\"bottom\">\u00a0<\/td><td>Carga de Forma\u00e7\u00e3o Livre<\/td><td>60<\/td><td>4<\/td><td>\u00a0<\/td><\/tr><tr><td rowspan=\"5\" nowrap=\"nowrap\">5<\/td><td valign=\"bottom\">EST011<\/td><td>Estat\u00edstica Multivariada<\/td><td>60<\/td><td>4<\/td><td>EST035; MAT606<\/td><\/tr><tr><td valign=\"bottom\">EST036<\/td><td>Planejamento de Experimentos<\/td><td>60<\/td><td>4<\/td><td>EST035<\/td><\/tr><tr><td valign=\"bottom\">EST079<\/td><td>Modelos Lineares Generalizados<\/td><td>60<\/td><td>4<\/td><td>EST035; EST055<\/td><\/tr><tr><td valign=\"bottom\">\u00a0<\/td><td>Carga Optativa<\/td><td>120<\/td><td>8<\/td><td nowrap=\"nowrap\">\u00a0<\/td><\/tr><tr><td valign=\"bottom\">\u00a0<\/td><td>Carga de Forma\u00e7\u00e3o Livre<\/td><td>60<\/td><td>4<\/td><td nowrap=\"nowrap\">\u00a0<\/td><\/tr><tr><td rowspan=\"3\" nowrap=\"nowrap\">6<\/td><td valign=\"bottom\">EST058<\/td><td>Laborat\u00f3rio de Estat\u00edstica I<\/td><td>60<\/td><td>4<\/td><td nowrap=\"nowrap\">EST035; EST008<\/td><\/tr><tr><td valign=\"bottom\">EST038<\/td><td>M\u00e9todos Estat\u00edsticos de Previs\u00e3o<\/td><td>60<\/td><td>4<\/td><td nowrap=\"nowrap\">EST055<\/td><\/tr><tr><td valign=\"bottom\">\u00a0<\/td><td>Carga Optativa<\/td><td>240<\/td><td>16<\/td><td nowrap=\"nowrap\">\u00a0<\/td><\/tr><tr><td rowspan=\"2\" nowrap=\"nowrap\">7<\/td><td valign=\"bottom\">EST189<\/td><td>Semin\u00e1rios II<\/td><td>30<\/td><td>2<\/td><td nowrap=\"nowrap\">EST185,EST188<\/td><\/tr><tr><td valign=\"bottom\">\u00a0<\/td><td>Carga Optativa<\/td><td>360<\/td><td>24<\/td><td nowrap=\"nowrap\">\u00a0<\/td><\/tr><tr><td rowspan=\"2\" nowrap=\"nowrap\">8<\/td><td valign=\"bottom\">EST059<\/td><td>Monografia<\/td><td>210<\/td><td>14<\/td><td nowrap=\"nowrap\">EST058<\/td><\/tr><tr><td valign=\"bottom\">\u00a0<\/td><td>Carga Optativa<\/td><td>180<\/td><td>12<\/td><\/tr><\/tbody><\/table><\/td><\/tr><\/tbody><\/table>\t\t\t\t\t\t\t\t<\/div>\n\t\t\t\t<\/div>\n\t\t\t\t\t<\/div>\n\t\t<\/div>\n\t\t\t\t\t<\/div>\n\t\t<\/section>\n\t\t\t\t<\/div>\n\t\t","protected":false},"excerpt":{"rendered":"<p>Grade Curricular Per\u00edodo C\u00f3digo Disciplina Carga hor\u00e1ria Cr\u00e9ditos Pr\u00e9-requisitos 1 EST023 Descri\u00e7\u00e3o e Apresenta\u00e7\u00e3o de Dados 60 4 \u00a0 EST082 Inicia\u00e7\u00e3o \u00e0 Estat\u00edstica 90 6 \u00a0 MAT001 C\u00e1lculo Diferencial e Integral I 90 6 \u00a0 MAT038 Geometria Anal. e \u00c1lgebra Linear 60 4 \u00a0 UNI003 Oficina de Leitura e Produ\u00e7\u00e3o de Textos 60 4 \u00a0 [&hellip;]<\/p>\n","protected":false},"author":1,"featured_media":0,"parent":0,"menu_order":0,"comment_status":"closed","ping_status":"closed","template":"","meta":{"site-sidebar-layout":"no-sidebar","site-content-layout":"page-builder","ast-site-content-layout":"default","site-content-style":"default","site-sidebar-style":"default","ast-global-header-display":"","ast-banner-title-visibility":"","ast-main-header-display":"","ast-hfb-above-header-display":"","ast-hfb-below-header-display":"","ast-hfb-mobile-header-display":"","site-post-title":"disabled","ast-breadcrumbs-content":"","ast-featured-img":"disabled","footer-sml-layout":"","ast-disable-related-posts":"","theme-transparent-header-meta":"default","adv-header-id-meta":"","stick-header-meta":"","header-above-stick-meta":"","header-main-stick-meta":"","header-below-stick-meta":"","astra-migrate-meta-layouts":"default","ast-page-background-enabled":"default","ast-page-background-meta":{"desktop":{"background-color":"","background-image":"","background-repeat":"repeat","background-position":"center center","background-size":"auto","background-attachment":"scroll","background-type":"","background-media":"","overlay-type":"","overlay-color":"","overlay-opacity":"","overlay-gradient":""},"tablet":{"background-color":"","background-image":"","background-repeat":"repeat","background-position":"center center","background-size":"auto","background-attachment":"scroll","background-type":"","background-media":"","overlay-type":"","overlay-color":"","overlay-opacity":"","overlay-gradient":""},"mobile":{"background-color":"","background-image":"","background-repeat":"repeat","background-position":"center center","background-size":"auto","background-attachment":"scroll","background-type":"","background-media":"","overlay-type":"","overlay-color":"","overlay-opacity":"","overlay-gradient":""}},"ast-content-background-meta":{"desktop":{"background-color":"var(--ast-global-color-5)","background-image":"","background-repeat":"repeat","background-position":"center center","background-size":"auto","background-attachment":"scroll","background-type":"","background-media":"","overlay-type":"","overlay-color":"","overlay-opacity":"","overlay-gradient":""},"tablet":{"background-color":"var(--ast-global-color-5)","background-image":"","background-repeat":"repeat","background-position":"center center","background-size":"auto","background-attachment":"scroll","background-type":"","background-media":"","overlay-type":"","overlay-color":"","overlay-opacity":"","overlay-gradient":""},"mobile":{"background-color":"var(--ast-global-color-5)","background-image":"","background-repeat":"repeat","background-position":"center center","background-size":"auto","background-attachment":"scroll","background-type":"","background-media":"","overlay-type":"","overlay-color":"","overlay-opacity":"","overlay-gradient":""}},"footnotes":""},"class_list":["post-3835","page","type-page","status-publish","hentry"],"_links":{"self":[{"href":"https:\/\/www.est.ufmg.br\/portal\/wp-json\/wp\/v2\/pages\/3835","targetHints":{"allow":["GET"]}}],"collection":[{"href":"https:\/\/www.est.ufmg.br\/portal\/wp-json\/wp\/v2\/pages"}],"about":[{"href":"https:\/\/www.est.ufmg.br\/portal\/wp-json\/wp\/v2\/types\/page"}],"author":[{"embeddable":true,"href":"https:\/\/www.est.ufmg.br\/portal\/wp-json\/wp\/v2\/users\/1"}],"replies":[{"embeddable":true,"href":"https:\/\/www.est.ufmg.br\/portal\/wp-json\/wp\/v2\/comments?post=3835"}],"version-history":[{"count":5,"href":"https:\/\/www.est.ufmg.br\/portal\/wp-json\/wp\/v2\/pages\/3835\/revisions"}],"predecessor-version":[{"id":3841,"href":"https:\/\/www.est.ufmg.br\/portal\/wp-json\/wp\/v2\/pages\/3835\/revisions\/3841"}],"wp:attachment":[{"href":"https:\/\/www.est.ufmg.br\/portal\/wp-json\/wp\/v2\/media?parent=3835"}],"curies":[{"name":"wp","href":"https:\/\/api.w.org\/{rel}","templated":true}]}}