{"id":3894,"date":"2022-11-30T16:18:54","date_gmt":"2022-11-30T19:18:54","guid":{"rendered":"https:\/\/www.est.ufmg.br\/portal\/?page_id=3894"},"modified":"2023-07-06T10:43:10","modified_gmt":"2023-07-06T13:43:10","slug":"coronavirus","status":"publish","type":"page","link":"https:\/\/www.est.ufmg.br\/portal\/coronavirus\/","title":{"rendered":"Coronav\u00edrus"},"content":{"rendered":"\t\t<div data-elementor-type=\"wp-page\" data-elementor-id=\"3894\" class=\"elementor elementor-3894\" data-elementor-post-type=\"page\">\n\t\t\t\t\t\t<section class=\"elementor-section elementor-top-section elementor-element elementor-element-a40186c elementor-section-full_width elementor-section-height-default elementor-section-height-default\" data-id=\"a40186c\" data-element_type=\"section\" data-e-type=\"section\">\n\t\t\t\t\t\t<div class=\"elementor-container elementor-column-gap-no\">\n\t\t\t\t\t<div class=\"elementor-column elementor-col-100 elementor-top-column elementor-element elementor-element-b603ade\" data-id=\"b603ade\" data-element_type=\"column\" data-e-type=\"column\">\n\t\t\t<div class=\"elementor-widget-wrap elementor-element-populated\">\n\t\t\t\t\t\t<div class=\"elementor-element elementor-element-8f38a6c elementor--h-position-center elementor--v-position-middle elementor-arrows-position-inside elementor-pagination-position-inside elementor-widget elementor-widget-slides\" data-id=\"8f38a6c\" data-element_type=\"widget\" data-e-type=\"widget\" data-settings=\"{&quot;navigation&quot;:&quot;both&quot;,&quot;autoplay&quot;:&quot;yes&quot;,&quot;pause_on_hover&quot;:&quot;yes&quot;,&quot;pause_on_interaction&quot;:&quot;yes&quot;,&quot;autoplay_speed&quot;:5000,&quot;infinite&quot;:&quot;yes&quot;,&quot;transition&quot;:&quot;slide&quot;,&quot;transition_speed&quot;:500}\" data-widget_type=\"slides.default\">\n\t\t\t\t<div class=\"elementor-widget-container\">\n\t\t\t\t\t\t\t\t\t<div class=\"elementor-swiper\">\n\t\t\t\t\t<div class=\"elementor-slides-wrapper elementor-main-swiper swiper\" role=\"region\" aria-roledescription=\"carousel\" aria-label=\"Slides\" dir=\"ltr\" data-animation=\"fadeInUp\">\n\t\t\t\t<div class=\"swiper-wrapper elementor-slides\">\n\t\t\t\t\t\t\t\t\t\t<div class=\"elementor-repeater-item-634e226 swiper-slide\" role=\"group\" aria-roledescription=\"slide\"><div class=\"swiper-slide-bg\" role=\"img\" aria-label=\"Banner dest (1)\"><\/div><div class=\"swiper-slide-inner\" ><div class=\"swiper-slide-contents\"><\/div><\/div><\/div>\t\t\t\t<\/div>\n\t\t\t\t\t\t\t<\/div>\n\t\t\t\t<\/div>\n\t\t\t\t\t\t\t\t<\/div>\n\t\t\t\t<\/div>\n\t\t\t\t\t<\/div>\n\t\t<\/div>\n\t\t\t\t\t<\/div>\n\t\t<\/section>\n\t\t\t\t<section class=\"elementor-section elementor-top-section elementor-element elementor-element-2edf2a9 elementor-section-boxed elementor-section-height-default elementor-section-height-default\" data-id=\"2edf2a9\" data-element_type=\"section\" data-e-type=\"section\">\n\t\t\t\t\t\t<div class=\"elementor-container elementor-column-gap-default\">\n\t\t\t\t\t<div class=\"elementor-column elementor-col-100 elementor-top-column elementor-element elementor-element-91700b5\" data-id=\"91700b5\" data-element_type=\"column\" data-e-type=\"column\">\n\t\t\t<div class=\"elementor-widget-wrap elementor-element-populated\">\n\t\t\t\t\t\t<div class=\"elementor-element elementor-element-a43bad4 elementor-widget elementor-widget-text-editor\" data-id=\"a43bad4\" data-element_type=\"widget\" data-e-type=\"widget\" data-widget_type=\"text-editor.default\">\n\t\t\t\t<div class=\"elementor-widget-container\">\n\t\t\t\t\t\t\t\t\t<p><strong>Base de Dados, Cen\u00e1rios e Previs\u00f5es<\/strong><\/p><p><a href=\"http:\/\/www.est.ufmg.br\/portal\/wp-content\/uploads\/arquivos\/coronavirus\/Carta_aberta_ao_MS.pdf\" target=\"_blank\" rel=\"noopener\"><strong>Carta aberta ao Minist\u00e9rio da Sa\u00fade<\/strong><\/a><\/p><p><strong>Base de Dados:<\/strong><\/p><ul><li><a href=\"https:\/\/fndemarqui.github.io\/covid19br\/\" target=\"_blank\" rel=\"noopener\">Pacote covid19br: Dados da pandemia da COVID-19 do Brasil e do mundo<\/a><a href=\"https:\/\/previsaocoronavirus.shinyapps.io\/dados_coronavirus\/\" target=\"_blank\" rel=\"noopener\"><br \/><\/a><\/li><\/ul><p><strong>Cen\u00e1rios:<\/strong><\/p><ul><li><a style=\"font-style: inherit; font-weight: inherit; background-color: #ffffff;\" href=\"http:\/\/www.est.ufmg.br\/portal\/wp-content\/uploads\/arquivos\/coronavirus\/isolamento_vertical.pdf\" target=\"_blank\" rel=\"noopener\">Isolamento vertical \u00e9 ineficaz para conter a pandemia do COVID-19<\/a><\/li><\/ul><ul><li><a href=\"http:\/\/www.est.ufmg.br\/portal\/wp-content\/uploads\/arquivos\/coronavirus\/covid_19_manaus.pdf\" target=\"_blank\" rel=\"noopener\">Curva de Contamina\u00e7\u00e3o da COVID-19 no Estado do Amazonas<\/a><\/li><\/ul><p><strong>Previs\u00f5es:<\/strong><\/p><ul><li><a href=\"https:\/\/previsaocoronavirus.shinyapps.io\/dados_coronavirus\/\" target=\"_blank\" rel=\"noopener\">Previs\u00e3o para Casos Confirmados\/Obitos pelo Coronavirus no Brasil<\/a><\/li><\/ul><ul><li><a href=\"https:\/\/dest-ufmg.shinyapps.io\/app_COVID19\/\" target=\"_blank\" rel=\"noopener\">CovidLP: um aplicativo para previs\u00e3o de curto e longo prazo para o COVID-19 no Brasil e no mundo<\/a>\u00a0(<a href=\"http:\/\/est.ufmg.br\/covidlp\/home\/pt\/\" target=\"_blank\" rel=\"noopener\">site do Projeto<\/a>)<\/li><\/ul><p><strong>Semin\u00e1rios:<\/strong><\/p><ul><li><a href=\"https:\/\/www.youtube.com\/@seminariosdest-ufmg\" target=\"_blank\" rel=\"noopener\">Semin\u00e1rios online do DEST sobre a COVID-19<\/a><\/li><\/ul>\t\t\t\t\t\t\t\t<\/div>\n\t\t\t\t<\/div>\n\t\t\t\t\t<\/div>\n\t\t<\/div>\n\t\t\t\t\t<\/div>\n\t\t<\/section>\n\t\t\t\t<\/div>\n\t\t","protected":false},"excerpt":{"rendered":"<p>Base de Dados, Cen\u00e1rios e Previs\u00f5es Carta aberta ao Minist\u00e9rio da Sa\u00fade Base de Dados: Pacote covid19br: Dados da pandemia da COVID-19 do Brasil e do mundo Cen\u00e1rios: Isolamento vertical \u00e9 ineficaz para conter a pandemia do COVID-19 Curva de Contamina\u00e7\u00e3o da COVID-19 no Estado do Amazonas Previs\u00f5es: Previs\u00e3o para Casos Confirmados\/Obitos pelo Coronavirus no [&hellip;]<\/p>\n","protected":false},"author":1,"featured_media":0,"parent":0,"menu_order":0,"comment_status":"closed","ping_status":"closed","template":"","meta":{"site-sidebar-layout":"no-sidebar","site-content-layout":"page-builder","ast-site-content-layout":"default","site-content-style":"default","site-sidebar-style":"default","ast-global-header-display":"","ast-banner-title-visibility":"","ast-main-header-display":"","ast-hfb-above-header-display":"","ast-hfb-below-header-display":"","ast-hfb-mobile-header-display":"","site-post-title":"disabled","ast-breadcrumbs-content":"","ast-featured-img":"disabled","footer-sml-layout":"","ast-disable-related-posts":"","theme-transparent-header-meta":"default","adv-header-id-meta":"","stick-header-meta":"","header-above-stick-meta":"","header-main-stick-meta":"","header-below-stick-meta":"","astra-migrate-meta-layouts":"default","ast-page-background-enabled":"default","ast-page-background-meta":{"desktop":{"background-color":"","background-image":"","background-repeat":"repeat","background-position":"center center","background-size":"auto","background-attachment":"scroll","background-type":"","background-media":"","overlay-type":"","overlay-color":"","overlay-opacity":"","overlay-gradient":""},"tablet":{"background-color":"","background-image":"","background-repeat":"repeat","background-position":"center center","background-size":"auto","background-attachment":"scroll","background-type":"","background-media":"","overlay-type":"","overlay-color":"","overlay-opacity":"","overlay-gradient":""},"mobile":{"background-color":"","background-image":"","background-repeat":"repeat","background-position":"center center","background-size":"auto","background-attachment":"scroll","background-type":"","background-media":"","overlay-type":"","overlay-color":"","overlay-opacity":"","overlay-gradient":""}},"ast-content-background-meta":{"desktop":{"background-color":"var(--ast-global-color-5)","background-image":"","background-repeat":"repeat","background-position":"center center","background-size":"auto","background-attachment":"scroll","background-type":"","background-media":"","overlay-type":"","overlay-color":"","overlay-opacity":"","overlay-gradient":""},"tablet":{"background-color":"var(--ast-global-color-5)","background-image":"","background-repeat":"repeat","background-position":"center center","background-size":"auto","background-attachment":"scroll","background-type":"","background-media":"","overlay-type":"","overlay-color":"","overlay-opacity":"","overlay-gradient":""},"mobile":{"background-color":"var(--ast-global-color-5)","background-image":"","background-repeat":"repeat","background-position":"center center","background-size":"auto","background-attachment":"scroll","background-type":"","background-media":"","overlay-type":"","overlay-color":"","overlay-opacity":"","overlay-gradient":""}},"footnotes":""},"class_list":["post-3894","page","type-page","status-publish","hentry"],"_links":{"self":[{"href":"https:\/\/www.est.ufmg.br\/portal\/wp-json\/wp\/v2\/pages\/3894","targetHints":{"allow":["GET"]}}],"collection":[{"href":"https:\/\/www.est.ufmg.br\/portal\/wp-json\/wp\/v2\/pages"}],"about":[{"href":"https:\/\/www.est.ufmg.br\/portal\/wp-json\/wp\/v2\/types\/page"}],"author":[{"embeddable":true,"href":"https:\/\/www.est.ufmg.br\/portal\/wp-json\/wp\/v2\/users\/1"}],"replies":[{"embeddable":true,"href":"https:\/\/www.est.ufmg.br\/portal\/wp-json\/wp\/v2\/comments?post=3894"}],"version-history":[{"count":59,"href":"https:\/\/www.est.ufmg.br\/portal\/wp-json\/wp\/v2\/pages\/3894\/revisions"}],"predecessor-version":[{"id":10672,"href":"https:\/\/www.est.ufmg.br\/portal\/wp-json\/wp\/v2\/pages\/3894\/revisions\/10672"}],"wp:attachment":[{"href":"https:\/\/www.est.ufmg.br\/portal\/wp-json\/wp\/v2\/media?parent=3894"}],"curies":[{"name":"wp","href":"https:\/\/api.w.org\/{rel}","templated":true}]}}