{"id":3942,"date":"2022-11-30T17:04:41","date_gmt":"2022-11-30T20:04:41","guid":{"rendered":"https:\/\/www.est.ufmg.br\/portal\/?page_id=3942"},"modified":"2023-03-08T15:57:28","modified_gmt":"2023-03-08T18:57:28","slug":"relatorios-tecnicos","status":"publish","type":"page","link":"https:\/\/www.est.ufmg.br\/portal\/relatorios-tecnicos\/","title":{"rendered":"Relat\u00f3rios T\u00e9cnicos"},"content":{"rendered":"\t\t<div data-elementor-type=\"wp-page\" data-elementor-id=\"3942\" class=\"elementor elementor-3942\" data-elementor-post-type=\"page\">\n\t\t\t\t\t\t<section class=\"elementor-section elementor-top-section elementor-element elementor-element-918b0e6 elementor-section-full_width elementor-section-height-default elementor-section-height-default\" data-id=\"918b0e6\" data-element_type=\"section\" data-e-type=\"section\" data-settings=\"{&quot;background_background&quot;:&quot;classic&quot;}\">\n\t\t\t\t\t\t\t<div class=\"elementor-background-overlay\"><\/div>\n\t\t\t\t\t\t\t<div class=\"elementor-container elementor-column-gap-default\">\n\t\t\t\t\t<div class=\"elementor-column elementor-col-100 elementor-top-column elementor-element elementor-element-204e829\" data-id=\"204e829\" data-element_type=\"column\" data-e-type=\"column\">\n\t\t\t<div class=\"elementor-widget-wrap elementor-element-populated\">\n\t\t\t\t\t\t<div class=\"elementor-element elementor-element-4ae50bf elementor-widget elementor-widget-heading\" data-id=\"4ae50bf\" data-element_type=\"widget\" data-e-type=\"widget\" data-widget_type=\"heading.default\">\n\t\t\t\t<div class=\"elementor-widget-container\">\n\t\t\t\t\t<h2 class=\"elementor-heading-title elementor-size-default\">Relat\u00f3rios T\u00e9cnicos\n<\/h2>\t\t\t\t<\/div>\n\t\t\t\t<\/div>\n\t\t\t\t\t<\/div>\n\t\t<\/div>\n\t\t\t\t\t<\/div>\n\t\t<\/section>\n\t\t\t\t<section class=\"elementor-section elementor-top-section elementor-element elementor-element-accaa58 elementor-section-boxed elementor-section-height-default elementor-section-height-default\" data-id=\"accaa58\" data-element_type=\"section\" data-e-type=\"section\">\n\t\t\t\t\t\t<div class=\"elementor-container elementor-column-gap-default\">\n\t\t\t\t\t<div class=\"elementor-column elementor-col-100 elementor-top-column elementor-element elementor-element-f737de2\" data-id=\"f737de2\" data-element_type=\"column\" data-e-type=\"column\">\n\t\t\t<div class=\"elementor-widget-wrap elementor-element-populated\">\n\t\t\t\t\t\t<div class=\"elementor-element elementor-element-cefa2ec elementor-widget elementor-widget-heading\" data-id=\"cefa2ec\" data-element_type=\"widget\" data-e-type=\"widget\" data-widget_type=\"heading.default\">\n\t\t\t\t<div class=\"elementor-widget-container\">\n\t\t\t\t\t<h2 class=\"elementor-heading-title elementor-size-default\">Categorias<\/h2>\t\t\t\t<\/div>\n\t\t\t\t<\/div>\n\t\t\t\t\t<\/div>\n\t\t<\/div>\n\t\t\t\t\t<\/div>\n\t\t<\/section>\n\t\t\t\t<section class=\"elementor-section elementor-top-section elementor-element elementor-element-2486650 elementor-section-boxed elementor-section-height-default elementor-section-height-default\" data-id=\"2486650\" data-element_type=\"section\" data-e-type=\"section\">\n\t\t\t\t\t\t<div class=\"elementor-container elementor-column-gap-default\">\n\t\t\t\t\t<div class=\"elementor-column elementor-col-33 elementor-top-column elementor-element elementor-element-c1d1ff7\" data-id=\"c1d1ff7\" data-element_type=\"column\" data-e-type=\"column\">\n\t\t\t<div class=\"elementor-widget-wrap elementor-element-populated\">\n\t\t\t\t\t\t<div class=\"elementor-element elementor-element-28c4a58 elementor-view-default elementor-position-block-start elementor-mobile-position-block-start elementor-widget elementor-widget-icon-box\" data-id=\"28c4a58\" data-element_type=\"widget\" data-e-type=\"widget\" data-widget_type=\"icon-box.default\">\n\t\t\t\t<div class=\"elementor-widget-container\">\n\t\t\t\t\t\t\t<div class=\"elementor-icon-box-wrapper\">\n\n\t\t\t\t\t\t<div class=\"elementor-icon-box-icon\">\n\t\t\t\t<a href=\"https:\/\/www.est.ufmg.br\/portal\/relatorios-tecnicos-serie-ensino\/\" class=\"elementor-icon\" tabindex=\"-1\" aria-label=\"S\u00e9rie Ensino\">\n\t\t\t\t<i aria-hidden=\"true\" class=\"fas fa-school\"><\/i>\t\t\t\t<\/a>\n\t\t\t<\/div>\n\t\t\t\n\t\t\t\t\t\t<div class=\"elementor-icon-box-content\">\n\n\t\t\t\t\t\t\t\t\t<h3 class=\"elementor-icon-box-title\">\n\t\t\t\t\t\t<a href=\"https:\/\/www.est.ufmg.br\/portal\/relatorios-tecnicos-serie-ensino\/\" >\n\t\t\t\t\t\t\tS\u00e9rie Ensino\t\t\t\t\t\t<\/a>\n\t\t\t\t\t<\/h3>\n\t\t\t\t\n\t\t\t\t\n\t\t\t<\/div>\n\t\t\t\n\t\t<\/div>\n\t\t\t\t\t\t<\/div>\n\t\t\t\t<\/div>\n\t\t\t\t\t<\/div>\n\t\t<\/div>\n\t\t\t\t<div class=\"elementor-column elementor-col-33 elementor-top-column elementor-element elementor-element-67ecd70\" data-id=\"67ecd70\" data-element_type=\"column\" data-e-type=\"column\">\n\t\t\t<div class=\"elementor-widget-wrap elementor-element-populated\">\n\t\t\t\t\t\t<div class=\"elementor-element elementor-element-da01ab3 elementor-view-default elementor-position-block-start elementor-mobile-position-block-start elementor-widget elementor-widget-icon-box\" data-id=\"da01ab3\" data-element_type=\"widget\" data-e-type=\"widget\" data-widget_type=\"icon-box.default\">\n\t\t\t\t<div class=\"elementor-widget-container\">\n\t\t\t\t\t\t\t<div class=\"elementor-icon-box-wrapper\">\n\n\t\t\t\t\t\t<div class=\"elementor-icon-box-icon\">\n\t\t\t\t<a href=\"https:\/\/www.est.ufmg.br\/portal\/relatorios-tecnicos-serie-pesquisa\/\" class=\"elementor-icon\" tabindex=\"-1\" aria-label=\"S\u00e9rie Pesquisa\">\n\t\t\t\t<i aria-hidden=\"true\" class=\"fas fa-search\"><\/i>\t\t\t\t<\/a>\n\t\t\t<\/div>\n\t\t\t\n\t\t\t\t\t\t<div class=\"elementor-icon-box-content\">\n\n\t\t\t\t\t\t\t\t\t<h3 class=\"elementor-icon-box-title\">\n\t\t\t\t\t\t<a href=\"https:\/\/www.est.ufmg.br\/portal\/relatorios-tecnicos-serie-pesquisa\/\" >\n\t\t\t\t\t\t\tS\u00e9rie Pesquisa\t\t\t\t\t\t<\/a>\n\t\t\t\t\t<\/h3>\n\t\t\t\t\n\t\t\t\t\n\t\t\t<\/div>\n\t\t\t\n\t\t<\/div>\n\t\t\t\t\t\t<\/div>\n\t\t\t\t<\/div>\n\t\t\t\t\t<\/div>\n\t\t<\/div>\n\t\t\t\t<div class=\"elementor-column elementor-col-33 elementor-top-column elementor-element elementor-element-7da141b\" data-id=\"7da141b\" data-element_type=\"column\" data-e-type=\"column\">\n\t\t\t<div class=\"elementor-widget-wrap elementor-element-populated\">\n\t\t\t\t\t\t<div class=\"elementor-element elementor-element-29ef925 elementor-view-default elementor-position-block-start elementor-mobile-position-block-start elementor-widget elementor-widget-icon-box\" data-id=\"29ef925\" data-element_type=\"widget\" data-e-type=\"widget\" data-widget_type=\"icon-box.default\">\n\t\t\t\t<div class=\"elementor-widget-container\">\n\t\t\t\t\t\t\t<div class=\"elementor-icon-box-wrapper\">\n\n\t\t\t\t\t\t<div class=\"elementor-icon-box-icon\">\n\t\t\t\t<a href=\"https:\/\/www.est.ufmg.br\/portal\/relatorios-tecnicos-serie-consultoria-assessoria\/\" class=\"elementor-icon\" tabindex=\"-1\" aria-label=\"S\u00e9rie\u00a0Consultoria \/Assessoria\">\n\t\t\t\t<i aria-hidden=\"true\" class=\"fas fa-people-arrows\"><\/i>\t\t\t\t<\/a>\n\t\t\t<\/div>\n\t\t\t\n\t\t\t\t\t\t<div class=\"elementor-icon-box-content\">\n\n\t\t\t\t\t\t\t\t\t<h3 class=\"elementor-icon-box-title\">\n\t\t\t\t\t\t<a href=\"https:\/\/www.est.ufmg.br\/portal\/relatorios-tecnicos-serie-consultoria-assessoria\/\" >\n\t\t\t\t\t\t\tS\u00e9rie\u00a0Consultoria \/Assessoria\t\t\t\t\t\t<\/a>\n\t\t\t\t\t<\/h3>\n\t\t\t\t\n\t\t\t\t\n\t\t\t<\/div>\n\t\t\t\n\t\t<\/div>\n\t\t\t\t\t\t<\/div>\n\t\t\t\t<\/div>\n\t\t\t\t\t<\/div>\n\t\t<\/div>\n\t\t\t\t\t<\/div>\n\t\t<\/section>\n\t\t\t\t<section class=\"elementor-section elementor-top-section elementor-element elementor-element-d7cc106 elementor-section-boxed elementor-section-height-default elementor-section-height-default\" data-id=\"d7cc106\" data-element_type=\"section\" data-e-type=\"section\">\n\t\t\t\t\t\t<div class=\"elementor-container elementor-column-gap-default\">\n\t\t\t\t\t<div class=\"elementor-column elementor-col-100 elementor-top-column elementor-element elementor-element-562f88d\" data-id=\"562f88d\" data-element_type=\"column\" data-e-type=\"column\">\n\t\t\t<div class=\"elementor-widget-wrap elementor-element-populated\">\n\t\t\t\t\t\t<div class=\"elementor-element elementor-element-129749d elementor-widget elementor-widget-text-editor\" data-id=\"129749d\" data-element_type=\"widget\" data-e-type=\"widget\" data-widget_type=\"text-editor.default\">\n\t\t\t\t<div class=\"elementor-widget-container\">\n\t\t\t\t\t\t\t\t\t<p>Submiss\u00e3o: trabalhos com a participa\u00e7\u00e3o de pelo menos um docente do DEST podem ser publicados como Relat\u00f3rio T\u00e9cnico.\u00a0 O trabalho dever\u00e1 ser submetido ao Coordenador de Publica\u00e7\u00f5es do Departamento, que dever\u00e1 solicitar a um revisor uma resposta quanto \u00e0 aceita\u00e7\u00e3o.\u00a0<\/p>\t\t\t\t\t\t\t\t<\/div>\n\t\t\t\t<\/div>\n\t\t\t\t<div class=\"elementor-element elementor-element-8fb77b3 elementor-widget elementor-widget-heading\" data-id=\"8fb77b3\" data-element_type=\"widget\" data-e-type=\"widget\" data-widget_type=\"heading.default\">\n\t\t\t\t<div class=\"elementor-widget-container\">\n\t\t\t\t\t<h3 class=\"elementor-heading-title elementor-size-default\">Proposta de Relat\u00f3rio T\u00e9cnico do Departamento de Estat\u00edstica - ICEx - UFMG<\/h3>\t\t\t\t<\/div>\n\t\t\t\t<\/div>\n\t\t\t\t\t<\/div>\n\t\t<\/div>\n\t\t\t\t\t<\/div>\n\t\t<\/section>\n\t\t\t\t<section class=\"elementor-section elementor-top-section elementor-element elementor-element-68dfb30 elementor-section-boxed elementor-section-height-default elementor-section-height-default\" data-id=\"68dfb30\" data-element_type=\"section\" data-e-type=\"section\">\n\t\t\t\t\t\t<div class=\"elementor-container elementor-column-gap-default\">\n\t\t\t\t\t<div class=\"elementor-column elementor-col-50 elementor-top-column elementor-element elementor-element-394c706\" data-id=\"394c706\" data-element_type=\"column\" data-e-type=\"column\" data-settings=\"{&quot;background_background&quot;:&quot;classic&quot;}\">\n\t\t\t<div class=\"elementor-widget-wrap elementor-element-populated\">\n\t\t\t\t\t\t<div class=\"elementor-element elementor-element-27b5500 elementor-widget elementor-widget-text-editor\" data-id=\"27b5500\" data-element_type=\"widget\" data-e-type=\"widget\" data-widget_type=\"text-editor.default\">\n\t\t\t\t<div class=\"elementor-widget-container\">\n\t\t\t\t\t\t\t\t\t<p><strong>T\u00edtulo 1 &#8211; Da Defini\u00e7\u00e3o do Relat\u00f3rio T\u00e9cnico<\/strong><\/p><p>Artigo 1o O Relat\u00f3rio T\u00e9cnico \u00e9 uma publica\u00e7\u00e3o do Departamento de Estat\u00edstica (EST), sob a responsabilidade de um Corpo Editorial.<\/p><p>Artigo 2o O Relat\u00f3rio T\u00e9cnico \u00e9 classificado em 3 categorias:<\/p><p>\u00a0\u00a0\u00a0\u00a0\u00a0 a. Pesquisa<\/p><p>\u00a0\u00a0\u00a0\u00a0\u00a0 b. Assessoria\/Consultoria<\/p><p>\u00a0\u00a0\u00a0\u00a0\u00a0 c. Ensino<\/p><p>Por Pesquisa, entendem-se contribui\u00e7\u00f5es originais vinculadas \u00e0 Teoria e aos M\u00e9todos Estat\u00edsticos em geral; por Assessoria\/Consultoria, resultados relevantes obtidos da aplica\u00e7\u00e3o de metodologia estat\u00edstica em \u00e1reas afins; por Ensino, monografias elaboradas para ministrar disciplinas de Estat\u00edstica, cursos de extens\u00e3o e mini-cursos.\u00a0<\/p><p>\u00a0<\/p>\t\t\t\t\t\t\t\t<\/div>\n\t\t\t\t<\/div>\n\t\t\t\t\t<\/div>\n\t\t<\/div>\n\t\t\t\t<div class=\"elementor-column elementor-col-50 elementor-top-column elementor-element elementor-element-be55b7d\" data-id=\"be55b7d\" data-element_type=\"column\" data-e-type=\"column\">\n\t\t\t<div class=\"elementor-widget-wrap elementor-element-populated\">\n\t\t\t\t\t\t<div class=\"elementor-element elementor-element-da5b2aa elementor-widget elementor-widget-text-editor\" data-id=\"da5b2aa\" data-element_type=\"widget\" data-e-type=\"widget\" data-widget_type=\"text-editor.default\">\n\t\t\t\t<div class=\"elementor-widget-container\">\n\t\t\t\t\t\t\t\t\t<p><strong>T\u00edtulo 2 &#8211; Dos Objetivos<\/strong><\/p><p>Artigo 3o Prioritariamente, gerar publica\u00e7\u00f5es &#8220;pre-print&#8221; de trabalhos desenvolvidos por docentes do Departamento de Estat\u00edstica (EST).<\/p><p>Artigo 4o Propiciar a docentes e alunos do EST, bem como a colaboradores externos, a oportunidade de publica\u00e7\u00e3o de relat\u00f3rios de pesquisas, assessorias\/consultorias e ensino.<\/p><p>Artigo 5o Assegurar originalidade de trabalhos, resguardando o(s) autor(es) de poss\u00edveis pl\u00e1gios.<\/p>\t\t\t\t\t\t\t\t<\/div>\n\t\t\t\t<\/div>\n\t\t\t\t\t<\/div>\n\t\t<\/div>\n\t\t\t\t\t<\/div>\n\t\t<\/section>\n\t\t\t\t<section class=\"elementor-section elementor-top-section elementor-element elementor-element-9582ecb elementor-section-boxed elementor-section-height-default elementor-section-height-default\" data-id=\"9582ecb\" data-element_type=\"section\" data-e-type=\"section\">\n\t\t\t\t\t\t<div class=\"elementor-container elementor-column-gap-default\">\n\t\t\t\t\t<div class=\"elementor-column elementor-col-100 elementor-top-column elementor-element elementor-element-e37c641\" data-id=\"e37c641\" data-element_type=\"column\" data-e-type=\"column\">\n\t\t\t<div class=\"elementor-widget-wrap elementor-element-populated\">\n\t\t\t\t\t\t<div class=\"elementor-element elementor-element-7fffe11 elementor-widget elementor-widget-text-editor\" data-id=\"7fffe11\" data-element_type=\"widget\" data-e-type=\"widget\" data-widget_type=\"text-editor.default\">\n\t\t\t\t<div class=\"elementor-widget-container\">\n\t\t\t\t\t\t\t\t\t<p><br \/><strong><br \/>T\u00edtulo 3 &#8211; Da Composi\u00e7\u00e3o, das Compet\u00eancias e do Mandato do Corpo Editorial<\/strong><\/p><p>Artigo 6o O Corpo Editorial ser\u00e1 formado por 1 (um) membro, respons\u00e1vel pelas tr\u00eas categorias de relat\u00f3rios.<\/p><p>Artigo 7o Ao Corpo Editorial compete, entre outras fun\u00e7\u00f5es decorrentes da sua condi\u00e7\u00e3o:<\/p><p>\u00a0\u00a0\u00a0\u00a0\u00a0 1. Avaliar o Relat\u00f3rio T\u00e9cnico submetido ou enviar para avalia\u00e7\u00e3o para um pesquisador do EST, ou para pesquisador externo, que n\u00e3o tenha participado no trabalho.<\/p><p>\u00a0\u00a0\u00a0\u00a0\u00a0 2. Comunicar a decis\u00e3o de aceite ou n\u00e3o da publica\u00e7\u00e3o, ao(s) autor(es) do trabalho.<\/p><p>\u00a0\u00a0\u00a0\u00a0\u00a0 3. Em caso de aceite do Relat\u00f3rio T\u00e9cnico, enviar uma c\u00f3pia da vers\u00e3o final para cada um dos seguintes destinat\u00e1rios: i) Biblioteca de P\u00f3s-gradua\u00e7\u00e3o do ICEx, ii) Biblioteca Central e iii) Setor de Divulga\u00e7\u00e3o do EST, para divulga\u00e7\u00e3o interna; distribuir at\u00e9 4 c\u00f3pias (1 autor), ou at\u00e9 6 c\u00f3pias (2 ou mais autores), caso haja solicita\u00e7\u00e3o por parte do(s) mesmo(s).<\/p><p>\u00a0\u00a0\u00a0\u00a0\u00a0 4. Fica a cargo do Corpo Editorial a divulga\u00e7\u00e3o externa da produ\u00e7\u00e3o de Relat\u00f3rios T\u00e9cnicos do EST.<\/p><p>\u00a0\u00a0\u00a0\u00a0\u00a0 5. Fica vedada a publica\u00e7\u00e3o de Relat\u00f3rios T\u00e9cnicos que n\u00e3o incluam ao menos um docente do EST como autor.\u00a0<\/p><p>Artigo 8o O mandato do Corpo Editorial corresponder\u00e1 a um per\u00edodo de dois anos, sendo permitida a recondu\u00e7\u00e3o.<\/p><p><strong><br \/>T\u00edtulo 4 &#8211; Das Normas para Apresenta\u00e7\u00e3o de Originais<\/strong><\/p><p>Artigo 9o Os originais devem ser submetidos ao Corpo Editorial, indicando em qual das categorias do Relat\u00f3rio T\u00e9cnico (ver Artigo 2o destas Normas) o trabalho deve ser inclu\u00eddo.<\/p><p>Artigo 10o Os seguinte requisitos devem ser obedecidos na apresenta\u00e7\u00e3o dos originais:<\/p><p>\u00a0\u00a0\u00a0\u00a0\u00a0 1. Apresenta\u00e7\u00e3o de trabalhos vinculados \u00e0s modalidades Pesquisa e Assessoria\/Consultoria:<\/p><p>\u00a0\u00a0\u00a0\u00a0\u00a0\u00a0\u00a0\u00a0\u00a0\u00a0\u00a0 1.1 Os trabalhos ser\u00e3o publicados em portugu\u00eas ou ingl\u00eas, podendo, a crit\u00e9rio do(s) autor(es), apresentar resumos em ambos os idiomas.<\/p><p>\u00a0\u00a0\u00a0\u00a0\u00a0\u00a0\u00a0\u00a0\u00a0\u00a0\u00a0 1.2 Dever\u00e1 ser obedecida a seguinte ordem. Na primeira p\u00e1gina, dever\u00e3o constar t\u00edtulo do trabalho, nome do(s) autor(es) com respectiva filia\u00e7\u00e3o (Departamento, Institui\u00e7\u00e3o), resumo e palavras chaves, seguidos do corpo do trabalho. A seguir, dever\u00e3o constar os agradecimentos, refer\u00eancias bibliogr\u00e1ficas e ap\u00eandice(s) se houver. Opcionalmente, poder\u00e3o seguir t\u00edtulo, autores e resumo no segundo idioma.<\/p><p>\u00a0\u00a0\u00a0\u00a0\u00a0\u00a0\u00a0\u00a0\u00a0\u00a0\u00a0 1.3 Os trabalhos devem ser apresentados em uma via, com margem esquerda de 30 mm e margem superior de 30 mm. O texto deve ser impresso em regi\u00e3o de cerca de 160 mm de largura e cerca de 230 mm de altura. As p\u00e1ginas devem ser numeradas em algarismos ar\u00e1bicos.<\/p><p>\u00a0\u00a0\u00a0\u00a0\u00a0\u00a0\u00a0\u00a0\u00a0\u00a0\u00a0 1.4 Excepcionalmente, ser\u00e3o aceitos trabalhos com mais de 25 p\u00e1ginas, na modalidade Pesquisa, e 40 p\u00e1ginas, na modalidade Assessoria\/Consultoria.\u00a0<\/p><p>\u00a0\u00a0\u00a0\u00a0\u00a0 2. Apresenta\u00e7\u00e3o de originais vinculados \u00e0 modalidade Ensino:<\/p><p>\u00a0\u00a0\u00a0\u00a0\u00a0\u00a0\u00a0\u00a0\u00a0\u00a0\u00a0 2.1 Os originais devem ser divididos em cap\u00edtulos, obedecendo \u00e0 seguinte ordem: t\u00edtulo e autor(es), dedicat\u00f3rias (se houver), resumo (se houver), resumo no segundo idioma (se houver), pref\u00e1cio, terminologia ou gloss\u00e1rios (se houver), \u00edndice, cap\u00edtulos, ap\u00eandices e refer\u00eancias bibliogr\u00e1ficas.<\/p><p>\u00a0\u00a0\u00a0\u00a0\u00a0\u00a0\u00a0\u00a0\u00a0\u00a0\u00a0 2.2 As p\u00e1ginas devem ser numeradas consecutivamente com algarismos ar\u00e1bicos, iniciando na primeira p\u00e1gina do primeiro cap\u00edtulo. As p\u00e1ginas anteriores ao in\u00edcio do primeiro cap\u00edtulo devem ser numeradas em algarismos romanos. Cada cap\u00edtulo deve ser iniciado em uma nova p\u00e1gina.<\/p><p>\u00a0\u00a0\u00a0\u00a0\u00a0\u00a0\u00a0\u00a0\u00a0\u00a0\u00a0 2.3 Os originais devem ser apresentados em uma via, com as dimens\u00f5es descritas no item 1.3 do Artigo 10o.<\/p><p>\u00a0\u00a0\u00a0\u00a0\u00a0\u00a0\u00a0\u00a0\u00a0\u00a0\u00a0 2.4 Excepcionalmente, ser\u00e3o aceitos trabalhos com mais de 150 p\u00e1ginas.\u00a0<\/p><p><strong>T\u00edtulo 5 &#8211; Disposi\u00e7\u00f5es Gerais<\/strong><\/p><p>Artigo 11o Os autores poder\u00e3o pedir um n\u00famero maior de c\u00f3pias do trabalho, desde que devidamente justificadas.<\/p><p>Artigo 12o Compete \u00e0 C\u00e2mara Departamental do EST, a qualquer momento, modificar essas Normas, caso solicitada pelo Corpo Editorial.<\/p><p>Artigo 13o Os casos omissos nestas Normas ser\u00e3o resolvidos pelo Corpo Editorial.<\/p>\t\t\t\t\t\t\t\t<\/div>\n\t\t\t\t<\/div>\n\t\t\t\t\t<\/div>\n\t\t<\/div>\n\t\t\t\t\t<\/div>\n\t\t<\/section>\n\t\t\t\t<\/div>\n\t\t","protected":false},"excerpt":{"rendered":"<p>Relat\u00f3rios T\u00e9cnicos Categorias S\u00e9rie Ensino S\u00e9rie Pesquisa S\u00e9rie\u00a0Consultoria \/Assessoria Submiss\u00e3o: trabalhos com a participa\u00e7\u00e3o de pelo menos um docente do DEST podem ser publicados como Relat\u00f3rio T\u00e9cnico.\u00a0 O trabalho dever\u00e1 ser submetido ao Coordenador de Publica\u00e7\u00f5es do Departamento, que dever\u00e1 solicitar a um revisor uma resposta quanto \u00e0 aceita\u00e7\u00e3o.\u00a0 Proposta de Relat\u00f3rio T\u00e9cnico do Departamento [&hellip;]<\/p>\n","protected":false},"author":1,"featured_media":0,"parent":0,"menu_order":0,"comment_status":"closed","ping_status":"closed","template":"","meta":{"site-sidebar-layout":"no-sidebar","site-content-layout":"page-builder","ast-site-content-layout":"default","site-content-style":"default","site-sidebar-style":"default","ast-global-header-display":"","ast-banner-title-visibility":"","ast-main-header-display":"","ast-hfb-above-header-display":"","ast-hfb-below-header-display":"","ast-hfb-mobile-header-display":"","site-post-title":"disabled","ast-breadcrumbs-content":"","ast-featured-img":"disabled","footer-sml-layout":"","ast-disable-related-posts":"","theme-transparent-header-meta":"default","adv-header-id-meta":"","stick-header-meta":"","header-above-stick-meta":"","header-main-stick-meta":"","header-below-stick-meta":"","astra-migrate-meta-layouts":"default","ast-page-background-enabled":"default","ast-page-background-meta":{"desktop":{"background-color":"","background-image":"","background-repeat":"repeat","background-position":"center center","background-size":"auto","background-attachment":"scroll","background-type":"","background-media":"","overlay-type":"","overlay-color":"","overlay-opacity":"","overlay-gradient":""},"tablet":{"background-color":"","background-image":"","background-repeat":"repeat","background-position":"center center","background-size":"auto","background-attachment":"scroll","background-type":"","background-media":"","overlay-type":"","overlay-color":"","overlay-opacity":"","overlay-gradient":""},"mobile":{"background-color":"","background-image":"","background-repeat":"repeat","background-position":"center center","background-size":"auto","background-attachment":"scroll","background-type":"","background-media":"","overlay-type":"","overlay-color":"","overlay-opacity":"","overlay-gradient":""}},"ast-content-background-meta":{"desktop":{"background-color":"var(--ast-global-color-5)","background-image":"","background-repeat":"repeat","background-position":"center center","background-size":"auto","background-attachment":"scroll","background-type":"","background-media":"","overlay-type":"","overlay-color":"","overlay-opacity":"","overlay-gradient":""},"tablet":{"background-color":"var(--ast-global-color-5)","background-image":"","background-repeat":"repeat","background-position":"center center","background-size":"auto","background-attachment":"scroll","background-type":"","background-media":"","overlay-type":"","overlay-color":"","overlay-opacity":"","overlay-gradient":""},"mobile":{"background-color":"var(--ast-global-color-5)","background-image":"","background-repeat":"repeat","background-position":"center center","background-size":"auto","background-attachment":"scroll","background-type":"","background-media":"","overlay-type":"","overlay-color":"","overlay-opacity":"","overlay-gradient":""}},"footnotes":""},"class_list":["post-3942","page","type-page","status-publish","hentry"],"_links":{"self":[{"href":"https:\/\/www.est.ufmg.br\/portal\/wp-json\/wp\/v2\/pages\/3942","targetHints":{"allow":["GET"]}}],"collection":[{"href":"https:\/\/www.est.ufmg.br\/portal\/wp-json\/wp\/v2\/pages"}],"about":[{"href":"https:\/\/www.est.ufmg.br\/portal\/wp-json\/wp\/v2\/types\/page"}],"author":[{"embeddable":true,"href":"https:\/\/www.est.ufmg.br\/portal\/wp-json\/wp\/v2\/users\/1"}],"replies":[{"embeddable":true,"href":"https:\/\/www.est.ufmg.br\/portal\/wp-json\/wp\/v2\/comments?post=3942"}],"version-history":[{"count":14,"href":"https:\/\/www.est.ufmg.br\/portal\/wp-json\/wp\/v2\/pages\/3942\/revisions"}],"predecessor-version":[{"id":7529,"href":"https:\/\/www.est.ufmg.br\/portal\/wp-json\/wp\/v2\/pages\/3942\/revisions\/7529"}],"wp:attachment":[{"href":"https:\/\/www.est.ufmg.br\/portal\/wp-json\/wp\/v2\/media?parent=3942"}],"curies":[{"name":"wp","href":"https:\/\/api.w.org\/{rel}","templated":true}]}}