{"id":3995,"date":"2022-11-30T17:14:04","date_gmt":"2022-11-30T20:14:04","guid":{"rendered":"https:\/\/www.est.ufmg.br\/portal\/?page_id=3995"},"modified":"2023-04-18T16:19:15","modified_gmt":"2023-04-18T19:19:15","slug":"concursos-anteriores","status":"publish","type":"page","link":"https:\/\/www.est.ufmg.br\/portal\/concursos-anteriores\/","title":{"rendered":"Concursos Anteriores UFMG"},"content":{"rendered":"\t\t<div data-elementor-type=\"wp-page\" data-elementor-id=\"3995\" class=\"elementor elementor-3995\" data-elementor-post-type=\"page\">\n\t\t\t\t\t\t<section class=\"elementor-section elementor-top-section elementor-element elementor-element-0c39d07 elementor-section-full_width elementor-section-height-default elementor-section-height-default\" data-id=\"0c39d07\" data-element_type=\"section\" data-e-type=\"section\" data-settings=\"{&quot;background_background&quot;:&quot;classic&quot;}\">\n\t\t\t\t\t\t<div class=\"elementor-container elementor-column-gap-default\">\n\t\t\t\t\t<div class=\"elementor-column elementor-col-100 elementor-top-column elementor-element elementor-element-71c8abf\" data-id=\"71c8abf\" data-element_type=\"column\" data-e-type=\"column\">\n\t\t\t<div class=\"elementor-widget-wrap elementor-element-populated\">\n\t\t\t\t\t\t<div class=\"elementor-element elementor-element-cd9df16 elementor-widget elementor-widget-heading\" data-id=\"cd9df16\" data-element_type=\"widget\" data-e-type=\"widget\" data-widget_type=\"heading.default\">\n\t\t\t\t<div class=\"elementor-widget-container\">\n\t\t\t\t\t<h2 class=\"elementor-heading-title elementor-size-default\">Concursos Anteriores<\/h2>\t\t\t\t<\/div>\n\t\t\t\t<\/div>\n\t\t\t\t\t<\/div>\n\t\t<\/div>\n\t\t\t\t\t<\/div>\n\t\t<\/section>\n\t\t\t\t<section class=\"elementor-section elementor-top-section elementor-element elementor-element-2dcd494 elementor-section-boxed elementor-section-height-default elementor-section-height-default\" data-id=\"2dcd494\" data-element_type=\"section\" data-e-type=\"section\">\n\t\t\t\t\t\t<div class=\"elementor-container elementor-column-gap-default\">\n\t\t\t\t\t<div class=\"elementor-column elementor-col-100 elementor-top-column elementor-element elementor-element-8cd98ef\" data-id=\"8cd98ef\" data-element_type=\"column\" data-e-type=\"column\">\n\t\t\t<div class=\"elementor-widget-wrap elementor-element-populated\">\n\t\t\t\t\t\t<div class=\"elementor-element elementor-element-bf00b70 elementor-widget elementor-widget-text-editor\" data-id=\"bf00b70\" data-element_type=\"widget\" data-e-type=\"widget\" data-widget_type=\"text-editor.default\">\n\t\t\t\t<div class=\"elementor-widget-container\">\n\t\t\t\t\t\t\t\t\t<ul><li>PROFESSOR SUBSTITUTO<ul><li><a href=\"http:\/\/www.est.ufmg.br\/~secdest\/concurso_substituto_2022\/Edital_Concurso_Professor_Substituto_2022.pdf\" target=\"_blank\" rel=\"noopener\">Edital n\u00ba 565, de 31 de mar\u00e7o de 2022<\/a><\/li><\/ul><\/li><\/ul><ul><li>PROFESSOR SUBSTITUTO<ul><li><a href=\"http:\/\/www.est.ufmg.br\/~secdest\/concurso_substituto_2020\/Edital_Concurso_Professor_Substituto_2020.pdf\" target=\"_blank\" rel=\"noopener\">Edital n\u00ba 147, de 04 de mar\u00e7o de 2020<\/a><\/li><li><a href=\"http:\/\/www.est.ufmg.br\/~secdest\/concurso_substituto_2020\/Barema_Edital_Publicado_2020.pdf\" target=\"_blank\" rel=\"noopener\">Barema &#8211; Detalhamento da Tabela de Pontua\u00e7\u00e3o da Prova de T\u00edtulos<\/a><\/li><\/ul><\/li><\/ul><ul><li>PROFESSOR VISITANTE &#8211; Inscri\u00e7\u00f5es ser\u00e3o abertas em breve<br \/><ul><li><a href=\"http:\/\/www.est.ufmg.br\/~secdest\/concurso_visitante_2019\/Edital_Concurso_Professor_Visitante_2019.pdf\" target=\"_blank\" rel=\"noopener\">Edital: DOU n\u00b0 107, Se\u00e7\u00e3o 3 de 07\/02\/2019<\/a>\u00a0<\/li><li><a href=\"http:\/\/www.est.ufmg.br\/~secdest\/concurso_visitante_2019\/Tabela_de_pontuacao.pdf\" target=\"_blank\" rel=\"noopener\">Tabela de Pontua\u00e7\u00e3o<\/a>\u00a0 \u00a0\/\u00a0 \u00a0<a href=\"http:\/\/www.est.ufmg.br\/~secdest\/concurso_visitante_2019\/Evaluation_Table.pdf\" target=\"_blank\" rel=\"noopener\">Evaluation Table<\/a><\/li><li><a href=\"http:\/\/www.est.ufmg.br\/~secdest\/concurso_visitante_2019\/Plano_de_Trabalho_Professor_Visitante.pdf\" target=\"_blank\" rel=\"noopener\">Plano de Trabalho para o Professor Visitante<\/a>\u00a0 \u00a0\/\u00a0 \u00a0<a href=\"http:\/\/www.est.ufmg.br\/~secdest\/concurso_visitante_2019\/Work_Plan_for_the_Visiting_Professor.pdf\" target=\"_blank\" rel=\"noopener\">Work Plan for the Visiting Professor<\/a><\/li><li><a href=\"http:\/\/www.est.ufmg.br\/~secdest\/concurso_visitante_2019\/Programa_do_Processo_Seletivo.pdf\" target=\"_blank\" rel=\"noopener\">Programa do Processo Seletivo<\/a>\u00a0 \u00a0\/\u00a0 \u00a0<a href=\"http:\/\/www.est.ufmg.br\/~secdest\/concurso_visitante_2019\/Program_of_the_Selection_Process.pdf\" target=\"_blank\" rel=\"noopener\">Program of the Selection Process<\/a><\/li><\/ul><\/li><\/ul><ul><li>PROFESSOR SUBSTITUTO &#8211; Edital 44 &#8211; 17\/01\/2019<br \/><ul><li><a href=\"http:\/\/www.est.ufmg.br\/~secdest\/concurso_substituto_2019\/Edital_Concurso_Professor_Substituto_2019.pdf\" target=\"_blank\" rel=\"noopener\">Edital<\/a><\/li><li><a href=\"http:\/\/www.est.ufmg.br\/~secdest\/concurso_substituto_2019\/Barema_Concurso_Professor_Substituto_2019.pdf\" target=\"_blank\" rel=\"noopener\">Barema<\/a><\/li><li><a href=\"http:\/\/www.est.ufmg.br\/~secdest\/concurso_substituto_2019\/Programa_Concurso_Professor_Substituto_2019.pdf\" target=\"_blank\" rel=\"noopener\">Programa do Concurso<\/a><\/li><\/ul><\/li><\/ul><ul><li>PROFESSOR SUBSTITUTO &#8211; Edital 420 de 03\/07\/2017 &#8211; Realizado<br \/><ul><li><a href=\"http:\/\/www.est.ufmg.br\/~secdest\/concurso_substituto_2017\/editalconcursosubstituto2017.pdf\" target=\"_blank\" rel=\"noopener noreferrer\">Edital<\/a><\/li><\/ul><\/li><\/ul><ul><li>PROFESSOR ADJUNTO A, N\u00edvel 1 &#8211; Edital 382 de 07\/06\/2017 &#8211; Realizado\u00a0<br \/><ul><li><a href=\"https:\/\/www2.ufmg.br\/concursos\/Concursos\/Professor-Adjunto\/PROCESSO-SELETIVO-Instituto-de-Ciencias-Exatas-Edital-382-Publicado-07-06-2017\">Edital<\/a><\/li><\/ul><\/li><\/ul><ul><li>PROFESSOR ASSISTENTE A, N\u00edvel 1 &#8211; Edital 267 de 10\/04\/2017 &#8211; Realizado<br \/><ul><li><a href=\"http:\/\/www.est.ufmg.br\/~secdest\/concurso_assistente_2017\/edital_concurso_professor_assistente_2017.pdf\" target=\"_blank\" rel=\"noopener noreferrer\">Edital<\/a><\/li><\/ul><\/li><\/ul><ul><li>PROFESSOR ADJUNTO &#8211; Edital 271 de 12\/05\/2016\u00a0&#8211; Realizado<ul><li><a href=\"http:\/\/www.est.ufmg.br\/~secdest\/concurso_adjunto_2016\/edital_concurso_professor_adjunto_2016.pdf\" target=\"_blank\" rel=\"noopener noreferrer\">Edital<\/a><\/li><\/ul><\/li><\/ul><ul><li>PROFESSOR ADJUNTO &#8211; Ci\u00eancias Atuariais &#8211; Edital 799\u00a0 &#8211; 16\/12\/2015\u00a0&#8211;\u00a0Realizado<ul><li><a href=\"http:\/\/www.est.ufmg.br\/~secdest\/concurso_adjunto_2016\/edital_professor_adjunto_2016.pdf\" target=\"_blank\" rel=\"noopener noreferrer\">Edital<\/a><\/li><\/ul><\/li><\/ul><ul><li>PROFESSOR ADJUNTO &#8211; Ci\u00eancias Atuariais &#8211; Edital 356\u00a0 &#8211; 06\/05\/2015\u00a0\u00a0<ul><li><a href=\"http:\/\/www.icex.ufmg.br\/index.php\/concursos\/concurso-2015\/estatistica\" target=\"_blank\" rel=\"noopener noreferrer\">Edital e demais informa\u00e7\u00f5es<\/a>\u00a0&#8211;\u00a0Realizado<\/li><\/ul><\/li><\/ul><ul><li>PROFESSOR ADJUNTO &#8211; Edital 358 &#8211; 02\/07\/2013\u00a0&#8211; Realizado\u00a0<ul><li><a href=\"http:\/\/www.est.ufmg.br\/~secdest\/concurso_adjunto_2013\/termo_de_encerramento_de_inscricao_estatistica.pdf\" target=\"_blank\" rel=\"noopener noreferrer\">Termo de Encerramento das Inscri\u00e7\u00f5es<\/a><\/li><li><a href=\"http:\/\/www.est.ufmg.br\/~secdest\/concurso_adjunto_2013\/edital_conc_adjunto_pag_67.pdf\">Edital: DOU n\u00ba 126 se\u00e7\u00e3o 3 de 03\/07\/2013, p\u00e1gina 67<\/a>\u00a0e\u00a0<a href=\"http:\/\/www.est.ufmg.br\/~secdest\/concurso_adjunto_2013\/edital_conc_adjunto_pag_68.pdf\">p\u00e1gina 68<\/a><\/li><li><a href=\"http:\/\/www.est.ufmg.br\/portal\/arquivos\/concurso\/local_e_data_concurso_professor_adjunto.pdf\" target=\"_blank\" rel=\"noopener noreferrer\">Of\u00edcio\u00a0n\u00b0 0149 de 19 de setembro de 2013 &#8211; Data e Local da Prova<\/a><\/li><li><a href=\"http:\/\/www.est.ufmg.br\/portal\/arquivos\/concurso\/banca_examinadora_concurso_professor_adjunto.pdf\" target=\"_blank\" rel=\"noopener noreferrer\">Portaria n\u00b0 080, de 30 de setembro de 2013 &#8211; Membros da Banca<\/a><\/li><li><a href=\"http:\/\/www.est.ufmg.br\/~secdest\/concurso_adjunto_2013\/barema_conc_adjunto_2013.pdf\" target=\"_blank\" rel=\"noopener noreferrer\">Barema<\/a><\/li><li><a href=\"http:\/\/www.est.ufmg.br\/~secdest\/concurso_adjunto_2013\/programa_concurso_adjunto_2013.pdf\" target=\"_blank\" rel=\"noopener noreferrer\">Programa do Concurso<\/a><\/li><li>Provas \u00faltimos concursos:\u00a0<a href=\"http:\/\/www.est.ufmg.br\/concurso\/provas\/prova2011.pdf\" target=\"_blank\" rel=\"noopener noreferrer\">2011<\/a>,\u00a0<a href=\"http:\/\/www.est.ufmg.br\/concurso\/provas\/prova2012.pdf\" target=\"_blank\" rel=\"noopener noreferrer\">2012<\/a>,\u00a0<a href=\"http:\/\/www.est.ufmg.br\/concurso\/provas\/prova2013.pdf\" target=\"_blank\" rel=\"noopener noreferrer\">2013<\/a><\/li><\/ul><\/li><\/ul><ul><li>PROFESSOR ASSISTENTE &#8211; Edital 631 &#8211; 31\/11\/2011 &#8211;\u00a0Realizado<br \/><ul><li>Edital:\u00a0<a href=\"http:\/\/www.est.ufmg.br\/~secdest\/edital_assistente_2012_95.pdf\" target=\"_blank\" rel=\"noopener noreferrer\">DOU n\u00ba 210 se\u00e7\u00e3o 3 de 31\/11\/2011, p\u00e1gina 95<\/a>\u00a0e\u00a0<a href=\"http:\/\/www.est.ufmg.br\/~secdest\/edital_assistente_2012_96.pdf\" target=\"_blank\" rel=\"noopener noreferrer\">p\u00e1gina 96<\/a><\/li><li><a href=\"http:\/\/www.est.ufmg.br\/~secdest\/portaria_assistente_072.pdf\" target=\"_blank\" rel=\"noopener noreferrer\">Comiss\u00e3o Examinadora<\/a><\/li><li><a href=\"http:\/\/www.est.ufmg.br\/~secdest\/barema_concurso_2012_assistente.jpg\" target=\"_blank\" rel=\"noopener noreferrer\">Barema<\/a><\/li><li><a href=\"http:\/\/www.est.ufmg.br\/~secdest\/Programa_Concurso_Assistente.pdf\" target=\"_blank\" rel=\"noopener noreferrer\">Programa do Concurso<\/a><\/li><\/ul><\/li><\/ul><ul><li>Documentos relacionados a concursos:<ul><li><a href=\"http:\/\/www.est.ufmg.br\/~secdest\/Resolucao_Complementar_02_2010.pdf\" target=\"_blank\" rel=\"noopener noreferrer\">Resolu\u00e7\u00e3o Complementar 02\/2010<\/a><\/li><li><a href=\"http:\/\/www.est.ufmg.br\/~secdest\/2Decreto%20n%206944.htm\" target=\"_blank\" rel=\"noopener noreferrer\">Decreto 6.944<\/a><\/li><li><a href=\"http:\/\/www.est.ufmg.br\/~secdest\/res_comp_1_2007.pdf\" target=\"_blank\" rel=\"noopener noreferrer\">Resolu\u00e7\u00e3o sobre revalida\u00e7\u00e3o de Diplomas estrangeiros<\/a>\u00a0&#8211;\u00a0<a href=\"http:\/\/www.ufmg.br\/prpg\/secr_adm.php\" target=\"_blank\" rel=\"noopener noreferrer\">(Mais Informa\u00e7\u00f5es)<\/a><\/li><\/ul><\/li><\/ul>\t\t\t\t\t\t\t\t<\/div>\n\t\t\t\t<\/div>\n\t\t\t\t\t<\/div>\n\t\t<\/div>\n\t\t\t\t\t<\/div>\n\t\t<\/section>\n\t\t\t\t<\/div>\n\t\t","protected":false},"excerpt":{"rendered":"<p>Concursos Anteriores PROFESSOR SUBSTITUTO Edital n\u00ba 565, de 31 de mar\u00e7o de 2022 PROFESSOR SUBSTITUTO Edital n\u00ba 147, de 04 de mar\u00e7o de 2020 Barema &#8211; Detalhamento da Tabela de Pontua\u00e7\u00e3o da Prova de T\u00edtulos PROFESSOR VISITANTE &#8211; Inscri\u00e7\u00f5es ser\u00e3o abertas em breve Edital: DOU n\u00b0 107, Se\u00e7\u00e3o 3 de 07\/02\/2019\u00a0 Tabela de Pontua\u00e7\u00e3o\u00a0 \u00a0\/\u00a0 [&hellip;]<\/p>\n","protected":false},"author":1,"featured_media":0,"parent":0,"menu_order":0,"comment_status":"closed","ping_status":"closed","template":"","meta":{"site-sidebar-layout":"no-sidebar","site-content-layout":"page-builder","ast-site-content-layout":"default","site-content-style":"default","site-sidebar-style":"default","ast-global-header-display":"","ast-banner-title-visibility":"","ast-main-header-display":"","ast-hfb-above-header-display":"","ast-hfb-below-header-display":"","ast-hfb-mobile-header-display":"","site-post-title":"disabled","ast-breadcrumbs-content":"","ast-featured-img":"disabled","footer-sml-layout":"","ast-disable-related-posts":"","theme-transparent-header-meta":"default","adv-header-id-meta":"","stick-header-meta":"","header-above-stick-meta":"","header-main-stick-meta":"","header-below-stick-meta":"","astra-migrate-meta-layouts":"default","ast-page-background-enabled":"default","ast-page-background-meta":{"desktop":{"background-color":"","background-image":"","background-repeat":"repeat","background-position":"center center","background-size":"auto","background-attachment":"scroll","background-type":"","background-media":"","overlay-type":"","overlay-color":"","overlay-opacity":"","overlay-gradient":""},"tablet":{"background-color":"","background-image":"","background-repeat":"repeat","background-position":"center center","background-size":"auto","background-attachment":"scroll","background-type":"","background-media":"","overlay-type":"","overlay-color":"","overlay-opacity":"","overlay-gradient":""},"mobile":{"background-color":"","background-image":"","background-repeat":"repeat","background-position":"center center","background-size":"auto","background-attachment":"scroll","background-type":"","background-media":"","overlay-type":"","overlay-color":"","overlay-opacity":"","overlay-gradient":""}},"ast-content-background-meta":{"desktop":{"background-color":"var(--ast-global-color-5)","background-image":"","background-repeat":"repeat","background-position":"center center","background-size":"auto","background-attachment":"scroll","background-type":"","background-media":"","overlay-type":"","overlay-color":"","overlay-opacity":"","overlay-gradient":""},"tablet":{"background-color":"var(--ast-global-color-5)","background-image":"","background-repeat":"repeat","background-position":"center center","background-size":"auto","background-attachment":"scroll","background-type":"","background-media":"","overlay-type":"","overlay-color":"","overlay-opacity":"","overlay-gradient":""},"mobile":{"background-color":"var(--ast-global-color-5)","background-image":"","background-repeat":"repeat","background-position":"center center","background-size":"auto","background-attachment":"scroll","background-type":"","background-media":"","overlay-type":"","overlay-color":"","overlay-opacity":"","overlay-gradient":""}},"footnotes":""},"class_list":["post-3995","page","type-page","status-publish","hentry"],"_links":{"self":[{"href":"https:\/\/www.est.ufmg.br\/portal\/wp-json\/wp\/v2\/pages\/3995","targetHints":{"allow":["GET"]}}],"collection":[{"href":"https:\/\/www.est.ufmg.br\/portal\/wp-json\/wp\/v2\/pages"}],"about":[{"href":"https:\/\/www.est.ufmg.br\/portal\/wp-json\/wp\/v2\/types\/page"}],"author":[{"embeddable":true,"href":"https:\/\/www.est.ufmg.br\/portal\/wp-json\/wp\/v2\/users\/1"}],"replies":[{"embeddable":true,"href":"https:\/\/www.est.ufmg.br\/portal\/wp-json\/wp\/v2\/comments?post=3995"}],"version-history":[{"count":18,"href":"https:\/\/www.est.ufmg.br\/portal\/wp-json\/wp\/v2\/pages\/3995\/revisions"}],"predecessor-version":[{"id":9000,"href":"https:\/\/www.est.ufmg.br\/portal\/wp-json\/wp\/v2\/pages\/3995\/revisions\/9000"}],"wp:attachment":[{"href":"https:\/\/www.est.ufmg.br\/portal\/wp-json\/wp\/v2\/media?parent=3995"}],"curies":[{"name":"wp","href":"https:\/\/api.w.org\/{rel}","templated":true}]}}