{"id":4950,"date":"2022-12-13T10:34:19","date_gmt":"2022-12-13T13:34:19","guid":{"rendered":"https:\/\/www.est.ufmg.br\/portal\/?page_id=4950"},"modified":"2025-11-27T12:21:19","modified_gmt":"2025-11-27T15:21:19","slug":"contato","status":"publish","type":"page","link":"https:\/\/www.est.ufmg.br\/portal\/contato\/","title":{"rendered":"Contato"},"content":{"rendered":"\t\t<div data-elementor-type=\"wp-page\" data-elementor-id=\"4950\" class=\"elementor elementor-4950\" data-elementor-post-type=\"page\">\n\t\t\t\t\t\t<section class=\"elementor-section elementor-top-section elementor-element elementor-element-a03ae10 elementor-section-full_width elementor-section-height-default elementor-section-height-default\" data-id=\"a03ae10\" data-element_type=\"section\" data-e-type=\"section\" data-settings=\"{&quot;background_background&quot;:&quot;classic&quot;}\">\n\t\t\t\t\t\t<div class=\"elementor-container elementor-column-gap-default\">\n\t\t\t\t\t<div class=\"elementor-column elementor-col-100 elementor-top-column elementor-element elementor-element-ea093b4\" data-id=\"ea093b4\" data-element_type=\"column\" data-e-type=\"column\">\n\t\t\t<div class=\"elementor-widget-wrap elementor-element-populated\">\n\t\t\t\t\t\t<div class=\"elementor-element elementor-element-e27ba55 elementor-widget elementor-widget-heading\" data-id=\"e27ba55\" data-element_type=\"widget\" data-e-type=\"widget\" data-widget_type=\"heading.default\">\n\t\t\t\t<div class=\"elementor-widget-container\">\n\t\t\t\t\t<h2 class=\"elementor-heading-title elementor-size-default\">Contato<\/h2>\t\t\t\t<\/div>\n\t\t\t\t<\/div>\n\t\t\t\t\t<\/div>\n\t\t<\/div>\n\t\t\t\t\t<\/div>\n\t\t<\/section>\n\t\t\t\t<section class=\"elementor-section elementor-top-section elementor-element elementor-element-650c232 elementor-section-boxed elementor-section-height-default elementor-section-height-default\" data-id=\"650c232\" data-element_type=\"section\" data-e-type=\"section\">\n\t\t\t\t\t\t<div class=\"elementor-container elementor-column-gap-default\">\n\t\t\t\t\t<div class=\"elementor-column elementor-col-50 elementor-top-column elementor-element elementor-element-cc7b357\" data-id=\"cc7b357\" data-element_type=\"column\" data-e-type=\"column\">\n\t\t\t<div class=\"elementor-widget-wrap elementor-element-populated\">\n\t\t\t\t\t\t<div class=\"elementor-element elementor-element-2dfc3b9 elementor-widget elementor-widget-text-editor\" data-id=\"2dfc3b9\" data-element_type=\"widget\" data-e-type=\"widget\" data-widget_type=\"text-editor.default\">\n\t\t\t\t<div class=\"elementor-widget-container\">\n\t\t\t\t\t\t\t\t\t<h5><strong>Secretaria do DEST<\/strong><\/h5>\t\t\t\t\t\t\t\t<\/div>\n\t\t\t\t<\/div>\n\t\t\t\t<div class=\"elementor-element elementor-element-9cdc85c elementor-widget elementor-widget-text-editor\" data-id=\"9cdc85c\" data-element_type=\"widget\" data-e-type=\"widget\" data-widget_type=\"text-editor.default\">\n\t\t\t\t<div class=\"elementor-widget-container\">\n\t\t\t\t\t\t\t\t\t<h5><strong style=\"font-size: 16px;\">Chefia: <\/strong><span style=\"font-size: 16px;\">Prof. Marcos Antonio da Cunha Santos<\/span><\/h5><div><p><strong>Sub-Chefia:\u00a0<\/strong>Profa. Thais Rotsen Correa<strong><br \/><\/strong><\/p><p><strong>Secret\u00e1ria:<\/strong>\u00a0Maria Cristina Morandi<\/p><p><strong>Funcion\u00e1ria:\u00a0<\/strong>Ana Maria Rodrigues Maltez<\/p><p>Endere\u00e7o:<br \/>Av. Ant\u00f4nio Carlos 6627 &#8211; sala 4054 &#8211; Pr\u00e9dio do ICEx &#8211; Campus Pampulha &#8211;\u00a0CEP: 31270-901 &#8211; Belo Horizonte &#8211; Minas Gerais &#8211; Brasil<\/p><p><img decoding=\"async\" class=\" wp-image-4208 alignleft\" src=\"https:\/\/www.est.ufmg.br\/portal\/wp-content\/uploads\/2022\/12\/tel.png\" alt=\"\" width=\"40\" height=\"40\" \/>Telefone: (31) 3409-5900<\/p><p>E-mail:\u00a0<span id=\"cloak4b86f42c5855dd2f319ea7439ded4ad9\"><span id=\"cloakfd0d13c05e1461d950984dbdc89f6357\"><a href=\"mailto:dest@est.ufmg.br\">dest@est.ufmg.br<\/a><\/span> <img decoding=\"async\" class=\"wp-image-4954 alignleft\" src=\"https:\/\/www.est.ufmg.br\/portal\/wp-content\/uploads\/2022\/12\/icones-zaniratte-1-200x200.png\" alt=\"\" width=\"39\" height=\"39\" srcset=\"https:\/\/www.est.ufmg.br\/portal\/wp-content\/uploads\/2022\/12\/icones-zaniratte-1-200x200.png 200w, https:\/\/www.est.ufmg.br\/portal\/wp-content\/uploads\/2022\/12\/icones-zaniratte-1-300x300.png 300w, https:\/\/www.est.ufmg.br\/portal\/wp-content\/uploads\/2022\/12\/icones-zaniratte-1-1024x1024.png 1024w, https:\/\/www.est.ufmg.br\/portal\/wp-content\/uploads\/2022\/12\/icones-zaniratte-1-768x768.png 768w, https:\/\/www.est.ufmg.br\/portal\/wp-content\/uploads\/2022\/12\/icones-zaniratte-1.png 1080w\" sizes=\"(max-width: 39px) 100vw, 39px\" \/><\/span><\/p><\/div>\t\t\t\t\t\t\t\t<\/div>\n\t\t\t\t<\/div>\n\t\t\t\t\t<\/div>\n\t\t<\/div>\n\t\t\t\t<div class=\"elementor-column elementor-col-50 elementor-top-column elementor-element elementor-element-b1632ac\" data-id=\"b1632ac\" data-element_type=\"column\" data-e-type=\"column\">\n\t\t\t<div class=\"elementor-widget-wrap elementor-element-populated\">\n\t\t\t\t\t\t<div class=\"elementor-element elementor-element-1869b16 elementor-widget elementor-widget-text-editor\" data-id=\"1869b16\" data-element_type=\"widget\" data-e-type=\"widget\" data-widget_type=\"text-editor.default\">\n\t\t\t\t<div class=\"elementor-widget-container\">\n\t\t\t\t\t\t\t\t\t<h5 style=\"font-style: normal\"><span style=\"font-weight: bold\">Colegiado de Gradua\u00e7\u00e3o em Ci\u00eancias Atuariais\u00a0<\/span><\/h5>\t\t\t\t\t\t\t\t<\/div>\n\t\t\t\t<\/div>\n\t\t\t\t<div class=\"elementor-element elementor-element-0938fb4 elementor-widget elementor-widget-text-editor\" data-id=\"0938fb4\" data-element_type=\"widget\" data-e-type=\"widget\" data-widget_type=\"text-editor.default\">\n\t\t\t\t<div class=\"elementor-widget-container\">\n\t\t\t\t\t\t\t\t\t<p style=\"font-size: 16px;font-style: normal;font-weight: 400;color: #000000\"><span style=\"font-weight: bold\">Coordena\u00e7\u00e3o<\/span>:\u00a0<span style=\"font-size: 1rem\">Profa. Adriana de Miranda Ribeiro<\/span><\/p><p style=\"font-size: 16px;font-style: normal;font-weight: 400;color: #000000\"><span style=\"font-weight: bold\">Sub-coordena\u00e7\u00e3o:<\/span>\u00a0Profa. Tha\u00eds Paiva Galletti<\/p><p style=\"font-size: 16px;font-style: normal;font-weight: 400;color: #000000\"><span style=\"font-weight: bold\">Secret\u00e1ria<\/span>: Juliana do Carmo Brito de Vasconcelos<\/p><p style=\"font-size: 16px;font-style: normal;font-weight: 400;color: #000000\">Local: sala 2005<\/p><div><p><img decoding=\"async\" class=\" wp-image-4208 alignleft\" src=\"https:\/\/www.est.ufmg.br\/portal\/wp-content\/uploads\/2022\/12\/tel.png\" alt=\"\" width=\"40\" height=\"40\" \/>Telefone: (31) 3409-5691<\/p><p>E-mail: <a href=\"mailto:colgradatuariais@icex.ufmg.br\">colgradatuariais@icex.ufmg.br<\/a><span id=\"cloak4b86f42c5855dd2f319ea7439ded4ad9\"><img decoding=\"async\" class=\"wp-image-4954 alignleft\" src=\"https:\/\/www.est.ufmg.br\/portal\/wp-content\/uploads\/2022\/12\/icones-zaniratte-1-200x200.png\" alt=\"\" width=\"39\" height=\"39\" srcset=\"https:\/\/www.est.ufmg.br\/portal\/wp-content\/uploads\/2022\/12\/icones-zaniratte-1-200x200.png 200w, https:\/\/www.est.ufmg.br\/portal\/wp-content\/uploads\/2022\/12\/icones-zaniratte-1-300x300.png 300w, https:\/\/www.est.ufmg.br\/portal\/wp-content\/uploads\/2022\/12\/icones-zaniratte-1-1024x1024.png 1024w, https:\/\/www.est.ufmg.br\/portal\/wp-content\/uploads\/2022\/12\/icones-zaniratte-1-768x768.png 768w, https:\/\/www.est.ufmg.br\/portal\/wp-content\/uploads\/2022\/12\/icones-zaniratte-1.png 1080w\" sizes=\"(max-width: 39px) 100vw, 39px\" \/><\/span><\/p><\/div>\t\t\t\t\t\t\t\t<\/div>\n\t\t\t\t<\/div>\n\t\t\t\t\t<\/div>\n\t\t<\/div>\n\t\t\t\t\t<\/div>\n\t\t<\/section>\n\t\t\t\t<section class=\"elementor-section elementor-top-section elementor-element elementor-element-a3fb5a6 elementor-section-boxed elementor-section-height-default elementor-section-height-default\" data-id=\"a3fb5a6\" data-element_type=\"section\" data-e-type=\"section\" data-settings=\"{&quot;background_background&quot;:&quot;classic&quot;}\">\n\t\t\t\t\t\t<div class=\"elementor-container elementor-column-gap-default\">\n\t\t\t\t\t<div class=\"elementor-column elementor-col-50 elementor-top-column elementor-element elementor-element-e84efb9\" data-id=\"e84efb9\" data-element_type=\"column\" data-e-type=\"column\">\n\t\t\t<div class=\"elementor-widget-wrap elementor-element-populated\">\n\t\t\t\t\t\t<div class=\"elementor-element elementor-element-5cd92a7 elementor-widget elementor-widget-text-editor\" data-id=\"5cd92a7\" data-element_type=\"widget\" data-e-type=\"widget\" data-widget_type=\"text-editor.default\">\n\t\t\t\t<div class=\"elementor-widget-container\">\n\t\t\t\t\t\t\t\t\t<h5><strong>Colegiado de P\u00f3s-gradua\u00e7\u00e3o<\/strong><\/h5>\t\t\t\t\t\t\t\t<\/div>\n\t\t\t\t<\/div>\n\t\t\t\t<div class=\"elementor-element elementor-element-7ed8709 elementor-widget elementor-widget-text-editor\" data-id=\"7ed8709\" data-element_type=\"widget\" data-e-type=\"widget\" data-widget_type=\"text-editor.default\">\n\t\t\t\t<div class=\"elementor-widget-container\">\n\t\t\t\t\t\t\t\t\t<p><strong>Coordena\u00e7\u00e3o<\/strong>:\u00a0Prof. Roger William C\u00e2mara Silva<\/p><p><strong>Sub-coordena\u00e7\u00e3o:<\/strong>\u00a0Profa. Rosangela Helena Loschi<\/p><p><strong>Secret\u00e1ria:<\/strong>\u00a0Rog\u00e9ria Ferreira Figueiredo<\/p><p><strong>Funcion\u00e1rio:<\/strong>\u00a0Gide\u00e3o Carlos de Lima<\/p><p>Local: sala 4052<\/p><p><img decoding=\"async\" class=\" wp-image-4208 alignleft\" src=\"https:\/\/www.est.ufmg.br\/portal\/wp-content\/uploads\/2022\/12\/tel.png\" alt=\"\" width=\"40\" height=\"40\" \/>Telefone: (31) 3409-5923<\/p><p>E-mail:\u00a0<span id=\"cloak3429b678888eb1cae42d0a6d66b2afac\"><span id=\"cloakf6e9b6373dc08b155875050f8c00125b\"><a href=\"mailto:pgest@est.ufmg.br\">pgest@est.ufmg.br <span id=\"cloak4b86f42c5855dd2f319ea7439ded4ad9\"><img decoding=\"async\" class=\"wp-image-4954 alignleft\" src=\"https:\/\/www.est.ufmg.br\/portal\/wp-content\/uploads\/2022\/12\/icones-zaniratte-1-200x200.png\" alt=\"\" width=\"39\" height=\"39\" srcset=\"https:\/\/www.est.ufmg.br\/portal\/wp-content\/uploads\/2022\/12\/icones-zaniratte-1-200x200.png 200w, https:\/\/www.est.ufmg.br\/portal\/wp-content\/uploads\/2022\/12\/icones-zaniratte-1-300x300.png 300w, https:\/\/www.est.ufmg.br\/portal\/wp-content\/uploads\/2022\/12\/icones-zaniratte-1-1024x1024.png 1024w, https:\/\/www.est.ufmg.br\/portal\/wp-content\/uploads\/2022\/12\/icones-zaniratte-1-768x768.png 768w, https:\/\/www.est.ufmg.br\/portal\/wp-content\/uploads\/2022\/12\/icones-zaniratte-1.png 1080w\" sizes=\"(max-width: 39px) 100vw, 39px\" \/><\/span><\/a><\/span><\/span><\/p>\t\t\t\t\t\t\t\t<\/div>\n\t\t\t\t<\/div>\n\t\t\t\t\t<\/div>\n\t\t<\/div>\n\t\t\t\t<div class=\"elementor-column elementor-col-50 elementor-top-column elementor-element elementor-element-a6f2331\" data-id=\"a6f2331\" data-element_type=\"column\" data-e-type=\"column\">\n\t\t\t<div class=\"elementor-widget-wrap elementor-element-populated\">\n\t\t\t\t\t\t<div class=\"elementor-element elementor-element-0cb4bb9 elementor-widget elementor-widget-text-editor\" data-id=\"0cb4bb9\" data-element_type=\"widget\" data-e-type=\"widget\" data-widget_type=\"text-editor.default\">\n\t\t\t\t<div class=\"elementor-widget-container\">\n\t\t\t\t\t\t\t\t\t<h5><strong>Colegiado de Gradua\u00e7\u00e3o em Estat\u00edstica<\/strong><\/h5>\t\t\t\t\t\t\t\t<\/div>\n\t\t\t\t<\/div>\n\t\t\t\t<div class=\"elementor-element elementor-element-ca17b83 elementor-widget elementor-widget-text-editor\" data-id=\"ca17b83\" data-element_type=\"widget\" data-e-type=\"widget\" data-widget_type=\"text-editor.default\">\n\t\t\t\t<div class=\"elementor-widget-container\">\n\t\t\t\t\t\t\t\t\t<p><strong>Coordena\u00e7\u00e3o<\/strong>: Profa. Lourdes Coral Montenegro\u00a0<\/p><p><strong>Sub-coordena\u00e7\u00e3o<\/strong>: Prof. Cristiano de Carvalho Santos<\/p><p><b>Secret\u00e1rio<\/b>: Valdney Ferreira Rodrigues<\/p><p>Local: sala 2005<\/p><p><img decoding=\"async\" class=\"alignleft\" src=\"https:\/\/www.est.ufmg.br\/portal\/wp-content\/uploads\/2022\/12\/tel.png\" alt=\"\" width=\"40\" height=\"40\" \/>\u00a0Telefone: (31) 3409-5691<\/p><p>E-mail:\u00a0<a href=\"mailto:colgradest@icex.ufmg.br\" target=\"_blank\" rel=\"noopener\">colgradest@icex.ufmg.br<\/a> <img loading=\"lazy\" decoding=\"async\" class=\"alignleft\" src=\"https:\/\/www.est.ufmg.br\/portal\/wp-content\/uploads\/2022\/12\/icones-zaniratte-1-200x200.png\" alt=\"\" width=\"40\" height=\"40\" \/><\/p>\t\t\t\t\t\t\t\t<\/div>\n\t\t\t\t<\/div>\n\t\t\t\t\t<\/div>\n\t\t<\/div>\n\t\t\t\t\t<\/div>\n\t\t<\/section>\n\t\t\t\t<section class=\"elementor-section elementor-top-section elementor-element elementor-element-7537271 elementor-section-boxed elementor-section-height-default elementor-section-height-default\" data-id=\"7537271\" data-element_type=\"section\" data-e-type=\"section\">\n\t\t\t\t\t\t<div class=\"elementor-container elementor-column-gap-default\">\n\t\t\t\t\t<div class=\"elementor-column elementor-col-50 elementor-top-column elementor-element elementor-element-654691d\" data-id=\"654691d\" data-element_type=\"column\" data-e-type=\"column\">\n\t\t\t<div class=\"elementor-widget-wrap elementor-element-populated\">\n\t\t\t\t\t\t<div class=\"elementor-element elementor-element-e35999f elementor-widget elementor-widget-text-editor\" data-id=\"e35999f\" data-element_type=\"widget\" data-e-type=\"widget\" data-widget_type=\"text-editor.default\">\n\t\t\t\t<div class=\"elementor-widget-container\">\n\t\t\t\t\t\t\t\t\t<h5><strong>Conv\u00eanios &#8211; Secretaria do DEST\u00a0<\/strong><\/h5><h6><strong>(Compras, Patrim\u00f4nio, Servi\u00e7os Gerais e Almoxarifado)<\/strong><\/h6>\t\t\t\t\t\t\t\t<\/div>\n\t\t\t\t<\/div>\n\t\t\t\t<div class=\"elementor-element elementor-element-0809ad0 elementor-widget elementor-widget-text-editor\" data-id=\"0809ad0\" data-element_type=\"widget\" data-e-type=\"widget\" data-widget_type=\"text-editor.default\">\n\t\t\t\t<div class=\"elementor-widget-container\">\n\t\t\t\t\t\t\t\t\t<h5><strong style=\"font-size: 16px;\">Chefia: <\/strong><span style=\"font-size: 16px;\">Prof. Marcos Antonio da Cunha Santos<\/span><\/h5>\n<div>\n<p><strong>Funcion\u00e1rio:&nbsp;&nbsp;<\/strong>Leandro Garcia Ara\u00fajo Lopes<strong><br><\/strong><\/p>\n<p>Local: sala 4053<\/p>\n<p><img loading=\"lazy\" decoding=\"async\" class=\" wp-image-4208 alignleft\" src=\"https:\/\/www.est.ufmg.br\/portal\/wp-content\/uploads\/2022\/12\/tel.png\" alt=\"\" width=\"40\" height=\"40\">Telefone \/ Whatsapp: (31) 3409-5955<\/p>\n<p>E-mail: <span id=\"cloakcde66b29947970d77e352877d6901b2a\"><a href=\"mailto:convenio@est.ufmg.br\">convenio@est.ufmg.br <span id=\"cloakfeafe9f8b717d116756d7c00c8e85e05\"><\/span><\/a><a href=\"mailto:pgest@est.ufmg.br\"><span id=\"cloak4b86f42c5855dd2f319ea7439ded4ad9\"><img decoding=\"async\" class=\"wp-image-4954 alignleft\" src=\"https:\/\/www.est.ufmg.br\/portal\/wp-content\/uploads\/2022\/12\/icones-zaniratte-1-200x200.png\" alt=\"\" width=\"39\" height=\"39\" srcset=\"https:\/\/www.est.ufmg.br\/portal\/wp-content\/uploads\/2022\/12\/icones-zaniratte-1-200x200.png 200w, https:\/\/www.est.ufmg.br\/portal\/wp-content\/uploads\/2022\/12\/icones-zaniratte-1-300x300.png 300w, https:\/\/www.est.ufmg.br\/portal\/wp-content\/uploads\/2022\/12\/icones-zaniratte-1-1024x1024.png 1024w, https:\/\/www.est.ufmg.br\/portal\/wp-content\/uploads\/2022\/12\/icones-zaniratte-1-768x768.png 768w, https:\/\/www.est.ufmg.br\/portal\/wp-content\/uploads\/2022\/12\/icones-zaniratte-1.png 1080w\" sizes=\"(max-width: 39px) 100vw, 39px\" \/><\/span><\/a><\/span><\/p>\n<\/div>\t\t\t\t\t\t\t\t<\/div>\n\t\t\t\t<\/div>\n\t\t\t\t\t<\/div>\n\t\t<\/div>\n\t\t\t\t<div class=\"elementor-column elementor-col-50 elementor-top-column elementor-element elementor-element-6fb96fe\" data-id=\"6fb96fe\" data-element_type=\"column\" data-e-type=\"column\">\n\t\t\t<div class=\"elementor-widget-wrap elementor-element-populated\">\n\t\t\t\t\t\t<div class=\"elementor-element elementor-element-b57b8bc elementor-widget elementor-widget-text-editor\" data-id=\"b57b8bc\" data-element_type=\"widget\" data-e-type=\"widget\" data-widget_type=\"text-editor.default\">\n\t\t\t\t<div class=\"elementor-widget-container\">\n\t\t\t\t\t\t\t\t\t<h5><strong>Recursos Computacionais<\/strong><\/h5>\t\t\t\t\t\t\t\t<\/div>\n\t\t\t\t<\/div>\n\t\t\t\t<div class=\"elementor-element elementor-element-e53c0c2 elementor-widget elementor-widget-text-editor\" data-id=\"e53c0c2\" data-element_type=\"widget\" data-e-type=\"widget\" data-widget_type=\"text-editor.default\">\n\t\t\t\t<div class=\"elementor-widget-container\">\n\t\t\t\t\t\t\t\t\t<p><strong>Coordena\u00e7\u00e3o:<\/strong>&nbsp;Prof. Marcos Oliveira Prates<\/p>\n<p><strong>Administra\u00e7\u00e3o<\/strong>: Wilton Soares Ribeiro<\/p>\n<p>Local: sala 3046<\/p>\n<p><img loading=\"lazy\" decoding=\"async\" class=\" wp-image-4208 alignleft\" src=\"https:\/\/www.est.ufmg.br\/portal\/wp-content\/uploads\/2022\/12\/tel.png\" alt=\"\" width=\"40\" height=\"40\">Telefone: (31) 3409-5690<\/p>\n<p>E-mail:&nbsp;<span id=\"cloakfeafe9f8b717d116756d7c00c8e85e05\"><a href=\"mailto:admin@est.ufmg\">admin@est.ufmg.br <span id=\"cloak3429b678888eb1cae42d0a6d66b2afac\"><span id=\"cloakf6e9b6373dc08b155875050f8c00125b\"><\/span><\/span><\/a><a href=\"mailto:pgest@est.ufmg.br\"><span id=\"cloak4b86f42c5855dd2f319ea7439ded4ad9\"><img decoding=\"async\" class=\"wp-image-4954 alignleft\" src=\"https:\/\/www.est.ufmg.br\/portal\/wp-content\/uploads\/2022\/12\/icones-zaniratte-1-200x200.png\" alt=\"\" width=\"39\" height=\"39\" srcset=\"https:\/\/www.est.ufmg.br\/portal\/wp-content\/uploads\/2022\/12\/icones-zaniratte-1-200x200.png 200w, https:\/\/www.est.ufmg.br\/portal\/wp-content\/uploads\/2022\/12\/icones-zaniratte-1-300x300.png 300w, https:\/\/www.est.ufmg.br\/portal\/wp-content\/uploads\/2022\/12\/icones-zaniratte-1-1024x1024.png 1024w, https:\/\/www.est.ufmg.br\/portal\/wp-content\/uploads\/2022\/12\/icones-zaniratte-1-768x768.png 768w, https:\/\/www.est.ufmg.br\/portal\/wp-content\/uploads\/2022\/12\/icones-zaniratte-1.png 1080w\" sizes=\"(max-width: 39px) 100vw, 39px\" \/><\/span><\/a><\/span><\/p>\t\t\t\t\t\t\t\t<\/div>\n\t\t\t\t<\/div>\n\t\t\t\t\t<\/div>\n\t\t<\/div>\n\t\t\t\t\t<\/div>\n\t\t<\/section>\n\t\t\t\t<\/div>\n\t\t","protected":false},"excerpt":{"rendered":"<p>Contato Secretaria do DEST Chefia: Prof. Marcos Antonio da Cunha Santos Sub-Chefia:\u00a0Profa. Thais Rotsen Correa Secret\u00e1ria:\u00a0Maria Cristina Morandi Funcion\u00e1ria:\u00a0Ana Maria Rodrigues Maltez Endere\u00e7o:Av. Ant\u00f4nio Carlos 6627 &#8211; sala 4054 &#8211; Pr\u00e9dio do ICEx &#8211; Campus Pampulha &#8211;\u00a0CEP: 31270-901 &#8211; Belo Horizonte &#8211; Minas Gerais &#8211; Brasil Telefone: (31) 3409-5900 E-mail:\u00a0dest@est.ufmg.br Colegiado de Gradua\u00e7\u00e3o em Ci\u00eancias [&hellip;]<\/p>\n","protected":false},"author":1,"featured_media":0,"parent":0,"menu_order":0,"comment_status":"closed","ping_status":"closed","template":"","meta":{"site-sidebar-layout":"no-sidebar","site-content-layout":"page-builder","ast-site-content-layout":"default","site-content-style":"default","site-sidebar-style":"default","ast-global-header-display":"","ast-banner-title-visibility":"","ast-main-header-display":"","ast-hfb-above-header-display":"","ast-hfb-below-header-display":"","ast-hfb-mobile-header-display":"","site-post-title":"disabled","ast-breadcrumbs-content":"","ast-featured-img":"disabled","footer-sml-layout":"","ast-disable-related-posts":"","theme-transparent-header-meta":"default","adv-header-id-meta":"","stick-header-meta":"","header-above-stick-meta":"","header-main-stick-meta":"","header-below-stick-meta":"","astra-migrate-meta-layouts":"default","ast-page-background-enabled":"default","ast-page-background-meta":{"desktop":{"background-color":"","background-image":"","background-repeat":"repeat","background-position":"center center","background-size":"auto","background-attachment":"scroll","background-type":"","background-media":"","overlay-type":"","overlay-color":"","overlay-opacity":"","overlay-gradient":""},"tablet":{"background-color":"","background-image":"","background-repeat":"repeat","background-position":"center center","background-size":"auto","background-attachment":"scroll","background-type":"","background-media":"","overlay-type":"","overlay-color":"","overlay-opacity":"","overlay-gradient":""},"mobile":{"background-color":"","background-image":"","background-repeat":"repeat","background-position":"center center","background-size":"auto","background-attachment":"scroll","background-type":"","background-media":"","overlay-type":"","overlay-color":"","overlay-opacity":"","overlay-gradient":""}},"ast-content-background-meta":{"desktop":{"background-color":"var(--ast-global-color-5)","background-image":"","background-repeat":"repeat","background-position":"center center","background-size":"auto","background-attachment":"scroll","background-type":"","background-media":"","overlay-type":"","overlay-color":"","overlay-opacity":"","overlay-gradient":""},"tablet":{"background-color":"var(--ast-global-color-5)","background-image":"","background-repeat":"repeat","background-position":"center center","background-size":"auto","background-attachment":"scroll","background-type":"","background-media":"","overlay-type":"","overlay-color":"","overlay-opacity":"","overlay-gradient":""},"mobile":{"background-color":"var(--ast-global-color-5)","background-image":"","background-repeat":"repeat","background-position":"center center","background-size":"auto","background-attachment":"scroll","background-type":"","background-media":"","overlay-type":"","overlay-color":"","overlay-opacity":"","overlay-gradient":""}},"footnotes":""},"class_list":["post-4950","page","type-page","status-publish","hentry"],"_links":{"self":[{"href":"https:\/\/www.est.ufmg.br\/portal\/wp-json\/wp\/v2\/pages\/4950","targetHints":{"allow":["GET"]}}],"collection":[{"href":"https:\/\/www.est.ufmg.br\/portal\/wp-json\/wp\/v2\/pages"}],"about":[{"href":"https:\/\/www.est.ufmg.br\/portal\/wp-json\/wp\/v2\/types\/page"}],"author":[{"embeddable":true,"href":"https:\/\/www.est.ufmg.br\/portal\/wp-json\/wp\/v2\/users\/1"}],"replies":[{"embeddable":true,"href":"https:\/\/www.est.ufmg.br\/portal\/wp-json\/wp\/v2\/comments?post=4950"}],"version-history":[{"count":166,"href":"https:\/\/www.est.ufmg.br\/portal\/wp-json\/wp\/v2\/pages\/4950\/revisions"}],"predecessor-version":[{"id":19354,"href":"https:\/\/www.est.ufmg.br\/portal\/wp-json\/wp\/v2\/pages\/4950\/revisions\/19354"}],"wp:attachment":[{"href":"https:\/\/www.est.ufmg.br\/portal\/wp-json\/wp\/v2\/media?parent=4950"}],"curies":[{"name":"wp","href":"https:\/\/api.w.org\/{rel}","templated":true}]}}