{"id":6521,"date":"2023-01-20T11:50:07","date_gmt":"2023-01-20T14:50:07","guid":{"rendered":"https:\/\/www.est.ufmg.br\/portal\/?page_id=6521"},"modified":"2024-12-19T10:45:45","modified_gmt":"2024-12-19T13:45:45","slug":"pos-graduacao-regulamentos-e-resolucoes","status":"publish","type":"page","link":"https:\/\/www.est.ufmg.br\/portal\/pos-graduacao-regulamentos-e-resolucoes\/","title":{"rendered":"P\u00f3s-gradua\u00e7\u00e3o &#8211; Regulamentos e Resolu\u00e7\u00f5es"},"content":{"rendered":"\t\t<div data-elementor-type=\"wp-page\" data-elementor-id=\"6521\" class=\"elementor elementor-6521\" data-elementor-post-type=\"page\">\n\t\t\t\t\t\t<section class=\"elementor-section elementor-top-section elementor-element elementor-element-ae66153 elementor-section-full_width elementor-section-height-default elementor-section-height-default\" data-id=\"ae66153\" data-element_type=\"section\" data-e-type=\"section\">\n\t\t\t\t\t\t<div class=\"elementor-container elementor-column-gap-no\">\n\t\t\t\t\t<div class=\"elementor-column elementor-col-100 elementor-top-column elementor-element elementor-element-82c7cb0\" data-id=\"82c7cb0\" data-element_type=\"column\" data-e-type=\"column\">\n\t\t\t<div class=\"elementor-widget-wrap elementor-element-populated\">\n\t\t\t\t\t\t<div class=\"elementor-element elementor-element-b6b67eb elementor-widget elementor-widget-shortcode\" data-id=\"b6b67eb\" data-element_type=\"widget\" data-e-type=\"widget\" id=\"menu-atuariais\" data-settings=\"{&quot;sticky&quot;:&quot;bottom&quot;,&quot;sticky_on&quot;:[&quot;desktop&quot;,&quot;tablet&quot;,&quot;mobile&quot;],&quot;sticky_offset&quot;:0,&quot;sticky_effects_offset&quot;:0,&quot;sticky_anchor_link_offset&quot;:0}\" data-widget_type=\"shortcode.default\">\n\t\t\t\t<div class=\"elementor-widget-container\">\n\t\t\t\t\t\t\t<div class=\"elementor-shortcode\">\t\t<div data-elementor-type=\"section\" data-elementor-id=\"7039\" class=\"elementor elementor-7039\" data-elementor-post-type=\"elementor_library\">\n\t\t\t\t\t<section class=\"elementor-section elementor-top-section elementor-element elementor-element-4196f936 elementor-section-full_width elementor-section-height-default elementor-section-height-default\" data-id=\"4196f936\" data-element_type=\"section\" data-e-type=\"section\" id=\"menu-atuariais\" data-settings=\"{&quot;background_background&quot;:&quot;classic&quot;}\">\n\t\t\t\t\t\t\t<div class=\"elementor-background-overlay\"><\/div>\n\t\t\t\t\t\t\t<div class=\"elementor-container elementor-column-gap-default\">\n\t\t\t\t\t<div class=\"elementor-column elementor-col-100 elementor-top-column elementor-element elementor-element-38946e94\" data-id=\"38946e94\" data-element_type=\"column\" data-e-type=\"column\">\n\t\t\t<div class=\"elementor-widget-wrap elementor-element-populated\">\n\t\t\t\t\t\t<div class=\"elementor-element elementor-element-1c9328fd elementor-widget elementor-widget-heading\" data-id=\"1c9328fd\" data-element_type=\"widget\" data-e-type=\"widget\" data-widget_type=\"heading.default\">\n\t\t\t\t<div class=\"elementor-widget-container\">\n\t\t\t\t\t<h2 class=\"elementor-heading-title elementor-size-default\">P\u00f3s-gradua\u00e7\u00e3o<\/h2>\t\t\t\t<\/div>\n\t\t\t\t<\/div>\n\t\t\t\t\t<\/div>\n\t\t<\/div>\n\t\t\t\t\t<\/div>\n\t\t<\/section>\n\t\t\t\t<section class=\"elementor-section elementor-top-section elementor-element elementor-element-7c2abc6 elementor-section-full_width elementor-section-height-default elementor-section-height-default\" data-id=\"7c2abc6\" data-element_type=\"section\" data-e-type=\"section\" data-settings=\"{&quot;background_background&quot;:&quot;classic&quot;,&quot;sticky&quot;:&quot;top&quot;,&quot;sticky_on&quot;:[&quot;desktop&quot;,&quot;tablet&quot;,&quot;mobile&quot;],&quot;sticky_offset&quot;:0,&quot;sticky_effects_offset&quot;:0,&quot;sticky_anchor_link_offset&quot;:0}\">\n\t\t\t\t\t\t<div class=\"elementor-container elementor-column-gap-default\">\n\t\t\t\t\t<div class=\"elementor-column elementor-col-100 elementor-top-column elementor-element elementor-element-72d1d89\" data-id=\"72d1d89\" data-element_type=\"column\" data-e-type=\"column\">\n\t\t\t<div class=\"elementor-widget-wrap elementor-element-populated\">\n\t\t\t\t\t\t<div class=\"elementor-element elementor-element-dcc935b elementor-icon-list--layout-inline elementor-align-center elementor-list-item-link-full_width elementor-widget elementor-widget-icon-list\" data-id=\"dcc935b\" data-element_type=\"widget\" data-e-type=\"widget\" data-widget_type=\"icon-list.default\">\n\t\t\t\t<div class=\"elementor-widget-container\">\n\t\t\t\t\t\t\t<ul class=\"elementor-icon-list-items elementor-inline-items\">\n\t\t\t\t\t\t\t<li class=\"elementor-icon-list-item elementor-inline-item\">\n\t\t\t\t\t\t\t\t\t\t\t<a href=\"https:\/\/www.est.ufmg.br\/portal\/pos-graduacao\/\">\n\n\t\t\t\t\t\t\t\t\t\t\t\t<span class=\"elementor-icon-list-icon\">\n\t\t\t\t\t\t\t<i aria-hidden=\"true\" class=\"fas fa-home\"><\/i>\t\t\t\t\t\t<\/span>\n\t\t\t\t\t\t\t\t\t\t<span class=\"elementor-icon-list-text\">P\u00f3s-gradua\u00e7\u00e3o<\/span>\n\t\t\t\t\t\t\t\t\t\t\t<\/a>\n\t\t\t\t\t\t\t\t\t<\/li>\n\t\t\t\t\t\t\t\t<li class=\"elementor-icon-list-item elementor-inline-item\">\n\t\t\t\t\t\t\t\t\t\t\t<a href=\"https:\/\/www.est.ufmg.br\/portal\/mestrado-est\/\">\n\n\t\t\t\t\t\t\t\t\t\t\t\t<span class=\"elementor-icon-list-icon\">\n\t\t\t\t\t\t\t<i aria-hidden=\"true\" class=\"fas fa-graduation-cap\"><\/i>\t\t\t\t\t\t<\/span>\n\t\t\t\t\t\t\t\t\t\t<span class=\"elementor-icon-list-text\">Mestrado<\/span>\n\t\t\t\t\t\t\t\t\t\t\t<\/a>\n\t\t\t\t\t\t\t\t\t<\/li>\n\t\t\t\t\t\t\t\t<li class=\"elementor-icon-list-item elementor-inline-item\">\n\t\t\t\t\t\t\t\t\t\t\t<a href=\"https:\/\/www.est.ufmg.br\/portal\/pos-graduacao-doutorado\/\">\n\n\t\t\t\t\t\t\t\t\t\t\t\t<span class=\"elementor-icon-list-icon\">\n\t\t\t\t\t\t\t<i aria-hidden=\"true\" class=\"fas fa-user-graduate\"><\/i>\t\t\t\t\t\t<\/span>\n\t\t\t\t\t\t\t\t\t\t<span class=\"elementor-icon-list-text\">Doutorado<\/span>\n\t\t\t\t\t\t\t\t\t\t\t<\/a>\n\t\t\t\t\t\t\t\t\t<\/li>\n\t\t\t\t\t\t\t\t<li class=\"elementor-icon-list-item elementor-inline-item\">\n\t\t\t\t\t\t\t\t\t\t\t<a href=\"https:\/\/www.est.ufmg.br\/portal\/pos-graduacao-regulamentos-e-resolucoes\/\">\n\n\t\t\t\t\t\t\t\t\t\t\t\t<span class=\"elementor-icon-list-icon\">\n\t\t\t\t\t\t\t<i aria-hidden=\"true\" class=\"fas fa-chart-area\"><\/i>\t\t\t\t\t\t<\/span>\n\t\t\t\t\t\t\t\t\t\t<span class=\"elementor-icon-list-text\">Regulamentos e Resolu\u00e7\u00f5es<\/span>\n\t\t\t\t\t\t\t\t\t\t\t<\/a>\n\t\t\t\t\t\t\t\t\t<\/li>\n\t\t\t\t\t\t\t\t<li class=\"elementor-icon-list-item elementor-inline-item\">\n\t\t\t\t\t\t\t\t\t\t\t<a href=\"https:\/\/www.est.ufmg.br\/portal\/ementas-dest\/\">\n\n\t\t\t\t\t\t\t\t\t\t\t\t<span class=\"elementor-icon-list-icon\">\n\t\t\t\t\t\t\t<i aria-hidden=\"true\" class=\"fas fa-home\"><\/i>\t\t\t\t\t\t<\/span>\n\t\t\t\t\t\t\t\t\t\t<span class=\"elementor-icon-list-text\">Ementas - DEST<\/span>\n\t\t\t\t\t\t\t\t\t\t\t<\/a>\n\t\t\t\t\t\t\t\t\t<\/li>\n\t\t\t\t\t\t\t\t<li class=\"elementor-icon-list-item elementor-inline-item\">\n\t\t\t\t\t\t\t\t\t\t\t<a href=\"https:\/\/www.est.ufmg.br\/portal\/infra-estrutura\/\">\n\n\t\t\t\t\t\t\t\t\t\t\t\t<span class=\"elementor-icon-list-icon\">\n\t\t\t\t\t\t\t<i aria-hidden=\"true\" class=\"fas fa-check\"><\/i>\t\t\t\t\t\t<\/span>\n\t\t\t\t\t\t\t\t\t\t<span class=\"elementor-icon-list-text\">Infra-estrutura<\/span>\n\t\t\t\t\t\t\t\t\t\t\t<\/a>\n\t\t\t\t\t\t\t\t\t<\/li>\n\t\t\t\t\t\t\t\t<li class=\"elementor-icon-list-item elementor-inline-item\">\n\t\t\t\t\t\t\t\t\t\t\t<a href=\"https:\/\/www.est.ufmg.br\/portal\/pos-graduacao-colegiado\/\">\n\n\t\t\t\t\t\t\t\t\t\t\t\t<span class=\"elementor-icon-list-icon\">\n\t\t\t\t\t\t\t<i aria-hidden=\"true\" class=\"far fa-check-circle\"><\/i>\t\t\t\t\t\t<\/span>\n\t\t\t\t\t\t\t\t\t\t<span class=\"elementor-icon-list-text\">Colegiado<\/span>\n\t\t\t\t\t\t\t\t\t\t\t<\/a>\n\t\t\t\t\t\t\t\t\t<\/li>\n\t\t\t\t\t\t\t\t<li class=\"elementor-icon-list-item elementor-inline-item\">\n\t\t\t\t\t\t\t\t\t\t\t<a href=\"https:\/\/www.est.ufmg.br\/portal\/corpo-docente-pos-graduacao\/\">\n\n\t\t\t\t\t\t\t\t\t\t\t\t<span class=\"elementor-icon-list-icon\">\n\t\t\t\t\t\t\t<i aria-hidden=\"true\" class=\"far fa-check-circle\"><\/i>\t\t\t\t\t\t<\/span>\n\t\t\t\t\t\t\t\t\t\t<span class=\"elementor-icon-list-text\">Corpo Docente<\/span>\n\t\t\t\t\t\t\t\t\t\t\t<\/a>\n\t\t\t\t\t\t\t\t\t<\/li>\n\t\t\t\t\t\t\t\t<li class=\"elementor-icon-list-item elementor-inline-item\">\n\t\t\t\t\t\t\t\t\t\t\t<a href=\"https:\/\/www.est.ufmg.br\/portal\/horario-das-disciplinas\/\">\n\n\t\t\t\t\t\t\t\t\t\t\t\t<span class=\"elementor-icon-list-icon\">\n\t\t\t\t\t\t\t<i aria-hidden=\"true\" class=\"far fa-check-circle\"><\/i>\t\t\t\t\t\t<\/span>\n\t\t\t\t\t\t\t\t\t\t<span class=\"elementor-icon-list-text\">Hor\u00e1rio das Disciplinas<\/span>\n\t\t\t\t\t\t\t\t\t\t\t<\/a>\n\t\t\t\t\t\t\t\t\t<\/li>\n\t\t\t\t\t\t\t\t<li class=\"elementor-icon-list-item elementor-inline-item\">\n\t\t\t\t\t\t\t\t\t\t\t<a href=\"https:\/\/www.est.ufmg.br\/portal\/pos-graduacao-expedicao-do-diploma\/\">\n\n\t\t\t\t\t\t\t\t\t\t\t\t<span class=\"elementor-icon-list-icon\">\n\t\t\t\t\t\t\t<i aria-hidden=\"true\" class=\"far fa-check-circle\"><\/i>\t\t\t\t\t\t<\/span>\n\t\t\t\t\t\t\t\t\t\t<span class=\"elementor-icon-list-text\">Expedi\u00e7\u00e3o do Diploma<\/span>\n\t\t\t\t\t\t\t\t\t\t\t<\/a>\n\t\t\t\t\t\t\t\t\t<\/li>\n\t\t\t\t\t\t\t\t<li class=\"elementor-icon-list-item elementor-inline-item\">\n\t\t\t\t\t\t\t\t\t\t\t<a href=\"https:\/\/www.est.ufmg.br\/portal\/formularios-pos-graduacao\">\n\n\t\t\t\t\t\t\t\t\t\t\t\t<span class=\"elementor-icon-list-icon\">\n\t\t\t\t\t\t\t<i aria-hidden=\"true\" class=\"far fa-file-alt\"><\/i>\t\t\t\t\t\t<\/span>\n\t\t\t\t\t\t\t\t\t\t<span class=\"elementor-icon-list-text\">Formul\u00e1rios<\/span>\n\t\t\t\t\t\t\t\t\t\t\t<\/a>\n\t\t\t\t\t\t\t\t\t<\/li>\n\t\t\t\t\t\t\t\t<li class=\"elementor-icon-list-item elementor-inline-item\">\n\t\t\t\t\t\t\t\t\t\t\t<a href=\"https:\/\/www.est.ufmg.br\/portal\/matricula-pos-dest-ufmg\/\">\n\n\t\t\t\t\t\t\t\t\t\t\t\t<span class=\"elementor-icon-list-icon\">\n\t\t\t\t\t\t\t<i aria-hidden=\"true\" class=\"fas fa-check-circle\"><\/i>\t\t\t\t\t\t<\/span>\n\t\t\t\t\t\t\t\t\t\t<span class=\"elementor-icon-list-text\">Matr\u00edcula<\/span>\n\t\t\t\t\t\t\t\t\t\t\t<\/a>\n\t\t\t\t\t\t\t\t\t<\/li>\n\t\t\t\t\t\t\t\t<li class=\"elementor-icon-list-item elementor-inline-item\">\n\t\t\t\t\t\t\t\t\t\t\t<a href=\"https:\/\/www.est.ufmg.br\/portal\/premiacao-pos-graduacao\/\">\n\n\t\t\t\t\t\t\t\t\t\t\t\t<span class=\"elementor-icon-list-icon\">\n\t\t\t\t\t\t\t<i aria-hidden=\"true\" class=\"fas fa-check-circle\"><\/i>\t\t\t\t\t\t<\/span>\n\t\t\t\t\t\t\t\t\t\t<span class=\"elementor-icon-list-text\">Premia\u00e7\u00f5es<\/span>\n\t\t\t\t\t\t\t\t\t\t\t<\/a>\n\t\t\t\t\t\t\t\t\t<\/li>\n\t\t\t\t\t\t\t\t<li class=\"elementor-icon-list-item elementor-inline-item\">\n\t\t\t\t\t\t\t\t\t\t\t<a href=\"https:\/\/www.est.ufmg.br\/portal\/pos-graduacao-processo-seletivo\/\">\n\n\t\t\t\t\t\t\t\t\t\t\t\t<span class=\"elementor-icon-list-icon\">\n\t\t\t\t\t\t\t<i aria-hidden=\"true\" class=\"far fa-thumbs-up\"><\/i>\t\t\t\t\t\t<\/span>\n\t\t\t\t\t\t\t\t\t\t<span class=\"elementor-icon-list-text\">Processo Seletivo<\/span>\n\t\t\t\t\t\t\t\t\t\t\t<\/a>\n\t\t\t\t\t\t\t\t\t<\/li>\n\t\t\t\t\t\t\t\t<li class=\"elementor-icon-list-item elementor-inline-item\">\n\t\t\t\t\t\t\t\t\t\t\t<a href=\"https:\/\/www.est.ufmg.br\/portal\/seminarios-do-dest\/\">\n\n\t\t\t\t\t\t\t\t\t\t\t\t<span class=\"elementor-icon-list-icon\">\n\t\t\t\t\t\t\t<i aria-hidden=\"true\" class=\"fas fa-video\"><\/i>\t\t\t\t\t\t<\/span>\n\t\t\t\t\t\t\t\t\t\t<span class=\"elementor-icon-list-text\">Semin\u00e1rios &amp; Videos do DEST<\/span>\n\t\t\t\t\t\t\t\t\t\t\t<\/a>\n\t\t\t\t\t\t\t\t\t<\/li>\n\t\t\t\t\t\t<\/ul>\n\t\t\t\t\t\t<\/div>\n\t\t\t\t<\/div>\n\t\t\t\t\t<\/div>\n\t\t<\/div>\n\t\t\t\t\t<\/div>\n\t\t<\/section>\n\t\t\t\t<\/div>\n\t\t<\/div>\n\t\t\t\t\t\t<\/div>\n\t\t\t\t<\/div>\n\t\t\t\t\t<\/div>\n\t\t<\/div>\n\t\t\t\t\t<\/div>\n\t\t<\/section>\n\t\t\t\t<section class=\"elementor-section elementor-top-section elementor-element elementor-element-e6983e4 elementor-section-boxed elementor-section-height-default elementor-section-height-default\" data-id=\"e6983e4\" data-element_type=\"section\" data-e-type=\"section\">\n\t\t\t\t\t\t<div class=\"elementor-container elementor-column-gap-default\">\n\t\t\t\t\t<div class=\"elementor-column elementor-col-100 elementor-top-column elementor-element elementor-element-d2a76e1\" data-id=\"d2a76e1\" data-element_type=\"column\" data-e-type=\"column\">\n\t\t\t<div class=\"elementor-widget-wrap elementor-element-populated\">\n\t\t\t\t\t\t<div class=\"elementor-element elementor-element-4b676b9 elementor-widget elementor-widget-heading\" data-id=\"4b676b9\" data-element_type=\"widget\" data-e-type=\"widget\" data-widget_type=\"heading.default\">\n\t\t\t\t<div class=\"elementor-widget-container\">\n\t\t\t\t\t<h2 class=\"elementor-heading-title elementor-size-default\">Regulamentos e Resolu\u00e7\u00f5es<\/h2>\t\t\t\t<\/div>\n\t\t\t\t<\/div>\n\t\t\t\t\t<\/div>\n\t\t<\/div>\n\t\t\t\t\t<\/div>\n\t\t<\/section>\n\t\t\t\t<section class=\"elementor-section elementor-top-section elementor-element elementor-element-8fb07bb elementor-section-boxed elementor-section-height-default elementor-section-height-default\" data-id=\"8fb07bb\" data-element_type=\"section\" data-e-type=\"section\">\n\t\t\t\t\t\t<div class=\"elementor-container elementor-column-gap-default\">\n\t\t\t\t\t<div class=\"elementor-column elementor-col-50 elementor-top-column elementor-element elementor-element-7fddf39\" data-id=\"7fddf39\" data-element_type=\"column\" data-e-type=\"column\">\n\t\t\t<div class=\"elementor-widget-wrap elementor-element-populated\">\n\t\t\t\t\t\t<div class=\"elementor-element elementor-element-1a671b6 elementor-view-stacked elementor-shape-circle elementor-widget elementor-widget-icon\" data-id=\"1a671b6\" data-element_type=\"widget\" data-e-type=\"widget\" data-widget_type=\"icon.default\">\n\t\t\t\t<div class=\"elementor-widget-container\">\n\t\t\t\t\t\t\t<div class=\"elementor-icon-wrapper\">\n\t\t\t<div class=\"elementor-icon\">\n\t\t\t<i aria-hidden=\"true\" class=\"fas fa-file-download\"><\/i>\t\t\t<\/div>\n\t\t<\/div>\n\t\t\t\t\t\t<\/div>\n\t\t\t\t<\/div>\n\t\t\t\t<div class=\"elementor-element elementor-element-794a6f1 elementor-widget elementor-widget-text-editor\" data-id=\"794a6f1\" data-element_type=\"widget\" data-e-type=\"widget\" data-widget_type=\"text-editor.default\">\n\t\t\t\t<div class=\"elementor-widget-container\">\n\t\t\t\t\t\t\t\t\t<p><strong>Regulamento<\/strong><\/p><p><a href=\"https:\/\/www.est.ufmg.br\/portal\/wp-content\/uploads\/2023\/01\/Regulamento-do-PPG-em-Estatistica.pdf\" target=\"_blank\" rel=\"noopener\">Regulamento do PPG em Estat\u00edstica<\/a><\/p><p><a href=\"https:\/\/www.est.ufmg.br\/portal\/wp-content\/uploads\/2023\/01\/Normas-Gerais-da-Pos-Graduacao-da-UFMG.pdf\" target=\"_blank\" rel=\"noopener\">Normas Gerais da P\u00f3s-Gradua\u00e7\u00e3o da UFMG<\/a><\/p>\t\t\t\t\t\t\t\t<\/div>\n\t\t\t\t<\/div>\n\t\t\t\t<div class=\"elementor-element elementor-element-61b3e7a elementor-view-stacked elementor-shape-circle elementor-widget elementor-widget-icon\" data-id=\"61b3e7a\" data-element_type=\"widget\" data-e-type=\"widget\" data-widget_type=\"icon.default\">\n\t\t\t\t<div class=\"elementor-widget-container\">\n\t\t\t\t\t\t\t<div class=\"elementor-icon-wrapper\">\n\t\t\t<div class=\"elementor-icon\">\n\t\t\t<i aria-hidden=\"true\" class=\"fas fa-file-download\"><\/i>\t\t\t<\/div>\n\t\t<\/div>\n\t\t\t\t\t\t<\/div>\n\t\t\t\t<\/div>\n\t\t\t\t<div class=\"elementor-element elementor-element-3ccb8e2 elementor-widget elementor-widget-text-editor\" data-id=\"3ccb8e2\" data-element_type=\"widget\" data-e-type=\"widget\" data-widget_type=\"text-editor.default\">\n\t\t\t\t<div class=\"elementor-widget-container\">\n\t\t\t\t\t\t\t\t\t<p><strong>Resolu\u00e7\u00f5es Gerais<\/strong><\/p><p><a href=\"https:\/\/www.est.ufmg.br\/portal\/wp-content\/uploads\/2023\/01\/Resolucao-para-a-formacao-de-Comissoes-de-Avaliacao-de-Defesa.pdf\" target=\"_blank\" rel=\"noopener\">Resolu\u00e7\u00e3o para a forma\u00e7\u00e3o de Comiss\u00f5es de Avalia\u00e7\u00e3o de Defesa e Exame de Qualifica\u00e7\u00e3o no Programa de Po\u0301s-Graduac\u0327\u00e3o em Estat\u00edstica.<\/a><\/p>\t\t\t\t\t\t\t\t<\/div>\n\t\t\t\t<\/div>\n\t\t\t\t<div class=\"elementor-element elementor-element-a97f880 elementor-view-stacked elementor-shape-circle elementor-widget elementor-widget-icon\" data-id=\"a97f880\" data-element_type=\"widget\" data-e-type=\"widget\" data-widget_type=\"icon.default\">\n\t\t\t\t<div class=\"elementor-widget-container\">\n\t\t\t\t\t\t\t<div class=\"elementor-icon-wrapper\">\n\t\t\t<div class=\"elementor-icon\">\n\t\t\t<i aria-hidden=\"true\" class=\"fas fa-file-download\"><\/i>\t\t\t<\/div>\n\t\t<\/div>\n\t\t\t\t\t\t<\/div>\n\t\t\t\t<\/div>\n\t\t\t\t<div class=\"elementor-element elementor-element-8d4946a elementor-widget elementor-widget-text-editor\" data-id=\"8d4946a\" data-element_type=\"widget\" data-e-type=\"widget\" data-widget_type=\"text-editor.default\">\n\t\t\t\t<div class=\"elementor-widget-container\">\n\t\t\t\t\t\t\t\t\t<p><strong>Est\u00e1gio \u00e0 Doc\u00eancia<\/strong><\/p><p><a href=\"https:\/\/www.est.ufmg.br\/~posgrad\/arquivos\/Resolucao-define-regras-para-estagio-a-Docencia.pdf\" target=\"_blank\" rel=\"noopener\">Resolu\u00e7\u00e3o define regras para est\u00e1gio \u00e0 Doc\u00eancia<\/a><\/p><p><a href=\"https:\/\/www.est.ufmg.br\/~posgrad\/arquivos\/Roteiro_Inicial_de_Estagio_Docencia.doc\" target=\"_blank\" rel=\"noopener\">Roteiro Inicial<\/a><\/p><p><a href=\"https:\/\/www.est.ufmg.br\/~posgrad\/arquivos\/Relatorio_Final_de_Estagio_Docencia.doc\" target=\"_blank\" rel=\"noopener\">Relat\u00f3rio Final<\/a><\/p>\t\t\t\t\t\t\t\t<\/div>\n\t\t\t\t<\/div>\n\t\t\t\t\t<\/div>\n\t\t<\/div>\n\t\t\t\t<div class=\"elementor-column elementor-col-50 elementor-top-column elementor-element elementor-element-2c04743\" data-id=\"2c04743\" data-element_type=\"column\" data-e-type=\"column\">\n\t\t\t<div class=\"elementor-widget-wrap elementor-element-populated\">\n\t\t\t\t\t\t<div class=\"elementor-element elementor-element-4a3b1de elementor-view-stacked elementor-shape-circle elementor-widget elementor-widget-icon\" data-id=\"4a3b1de\" data-element_type=\"widget\" data-e-type=\"widget\" data-widget_type=\"icon.default\">\n\t\t\t\t<div class=\"elementor-widget-container\">\n\t\t\t\t\t\t\t<div class=\"elementor-icon-wrapper\">\n\t\t\t<div class=\"elementor-icon\">\n\t\t\t<i aria-hidden=\"true\" class=\"fas fa-file-download\"><\/i>\t\t\t<\/div>\n\t\t<\/div>\n\t\t\t\t\t\t<\/div>\n\t\t\t\t<\/div>\n\t\t\t\t<div class=\"elementor-element elementor-element-7facd71 elementor-widget elementor-widget-text-editor\" data-id=\"7facd71\" data-element_type=\"widget\" data-e-type=\"widget\" data-widget_type=\"text-editor.default\">\n\t\t\t\t<div class=\"elementor-widget-container\">\n\t\t\t\t\t\t\t\t\t<p><strong>Credenciamento Docente\u00a0no PPG em Estat\u00edstica:<\/strong><\/p><p><a href=\"https:\/\/www.est.ufmg.br\/portal\/wp-content\/uploads\/2023\/01\/Credenciamento-Docente-no-PPG-em-Estatistica-Resolucao.pdf\" target=\"_blank\" rel=\"noopener\">Resolu\u00e7\u00e3o<\/a><\/p><p><a href=\"https:\/\/www.est.ufmg.br\/~posgrad\/arquivos\/Resolucao_Complementar_02_2023_Credencia_PPGEst.pdf\" target=\"_blank\" rel=\"noopener\">Resolu\u00e7\u00e3o Complementar<\/a><\/p><p><a href=\"https:\/\/www.est.ufmg.br\/portal\/wp-content\/uploads\/2023\/01\/Regras-para-credenciamento-de-membro-externo-no-Programa.pdf\" target=\"_blank\" rel=\"noopener\">Regras para credenciamento de membro externo no Programa.<\/a><\/p><p><a href=\"https:\/\/www.est.ufmg.br\/portal\/wp-content\/uploads\/2023\/01\/Resolucao-PEC-PG-n-001-2017-de-05-de-Agosto-de-2017.pdf\" target=\"_blank\" rel=\"noopener\">Resolu\u00e7\u00e3o PEC-PG n\u00ba 001\/ 2017, de 05 de Agosto de 2017.<\/a>Disp\u00f5e sobre a concess\u00e3o de cartas de aceite para candidatos aos editais PEC-PG (CAPES\/CNPQ) no Programa de P\u00f3s-Gradua\u00e7\u00e3o em Estat\u00edstica da UFMG.<\/p><p><a href=\"https:\/\/www.est.ufmg.br\/portal\/wp-content\/uploads\/2023\/01\/Resolucao-sobre-submissao-de-Artigo-para-marcacao-de-defesa-de-Tese-de-Doutorado.pdf\" target=\"_blank\" rel=\"noopener\">Resolu\u00e7\u00e3o sobre submiss\u00e3o de Artigo para marca\u00e7\u00e3o de defesa de Tese de Doutorado.<\/a><\/p><p><a href=\"https:\/\/www.est.ufmg.br\/portal\/wp-content\/uploads\/2023\/01\/Criterios-do-PPG-Est-para-a-submissao-de-Teses-ao-Premio-CAPES-e-UFMG-de-Tese-de-Doutorado.pdf\" target=\"_blank\" rel=\"noopener\">Crit\u00e9rios do PPG-Est para a submiss\u00e3o de Teses ao Pr\u00eamio CAPES e UFMG de Tese de Doutorado.<\/a><\/p><p><a href=\"https:\/\/www.est.ufmg.br\/portal\/wp-content\/uploads\/2023\/01\/Resolucao-que-Institui-os-Premios-UFMG-de-Teses-e-estabelece-os-criterios-para-sua-outorga.pdf\" target=\"_blank\" rel=\"noopener\">Resolu\u00e7\u00e3o que\u00a0Institui os Pr\u00eamios UFMG de Teses e\u00a0estabelece os crit\u00e9rios para sua outorga.<\/a><\/p>\t\t\t\t\t\t\t\t<\/div>\n\t\t\t\t<\/div>\n\t\t\t\t\t<\/div>\n\t\t<\/div>\n\t\t\t\t\t<\/div>\n\t\t<\/section>\n\t\t\t\t<\/div>\n\t\t","protected":false},"excerpt":{"rendered":"<p>Regulamentos e Resolu\u00e7\u00f5es Regulamento Regulamento do PPG em Estat\u00edstica Normas Gerais da P\u00f3s-Gradua\u00e7\u00e3o da UFMG Resolu\u00e7\u00f5es Gerais Resolu\u00e7\u00e3o para a forma\u00e7\u00e3o de Comiss\u00f5es de Avalia\u00e7\u00e3o de Defesa e Exame de Qualifica\u00e7\u00e3o no Programa de Po\u0301s-Graduac\u0327\u00e3o em Estat\u00edstica. Est\u00e1gio \u00e0 Doc\u00eancia Resolu\u00e7\u00e3o define regras para est\u00e1gio \u00e0 Doc\u00eancia Roteiro Inicial Relat\u00f3rio Final Credenciamento Docente\u00a0no PPG em [&hellip;]<\/p>\n","protected":false},"author":1,"featured_media":0,"parent":0,"menu_order":0,"comment_status":"closed","ping_status":"closed","template":"","meta":{"site-sidebar-layout":"no-sidebar","site-content-layout":"page-builder","ast-site-content-layout":"full-width-container","site-content-style":"unboxed","site-sidebar-style":"unboxed","ast-global-header-display":"","ast-banner-title-visibility":"","ast-main-header-display":"","ast-hfb-above-header-display":"","ast-hfb-below-header-display":"","ast-hfb-mobile-header-display":"","site-post-title":"disabled","ast-breadcrumbs-content":"","ast-featured-img":"disabled","footer-sml-layout":"","ast-disable-related-posts":"","theme-transparent-header-meta":"default","adv-header-id-meta":"","stick-header-meta":"","header-above-stick-meta":"","header-main-stick-meta":"","header-below-stick-meta":"","astra-migrate-meta-layouts":"set","ast-page-background-enabled":"default","ast-page-background-meta":{"desktop":{"background-color":"","background-image":"","background-repeat":"repeat","background-position":"center center","background-size":"auto","background-attachment":"scroll","background-type":"","background-media":"","overlay-type":"","overlay-color":"","overlay-opacity":"","overlay-gradient":""},"tablet":{"background-color":"","background-image":"","background-repeat":"repeat","background-position":"center center","background-size":"auto","background-attachment":"scroll","background-type":"","background-media":"","overlay-type":"","overlay-color":"","overlay-opacity":"","overlay-gradient":""},"mobile":{"background-color":"","background-image":"","background-repeat":"repeat","background-position":"center center","background-size":"auto","background-attachment":"scroll","background-type":"","background-media":"","overlay-type":"","overlay-color":"","overlay-opacity":"","overlay-gradient":""}},"ast-content-background-meta":{"desktop":{"background-color":"var(--ast-global-color-5)","background-image":"","background-repeat":"repeat","background-position":"center center","background-size":"auto","background-attachment":"scroll","background-type":"","background-media":"","overlay-type":"","overlay-color":"","overlay-opacity":"","overlay-gradient":""},"tablet":{"background-color":"var(--ast-global-color-5)","background-image":"","background-repeat":"repeat","background-position":"center center","background-size":"auto","background-attachment":"scroll","background-type":"","background-media":"","overlay-type":"","overlay-color":"","overlay-opacity":"","overlay-gradient":""},"mobile":{"background-color":"var(--ast-global-color-5)","background-image":"","background-repeat":"repeat","background-position":"center center","background-size":"auto","background-attachment":"scroll","background-type":"","background-media":"","overlay-type":"","overlay-color":"","overlay-opacity":"","overlay-gradient":""}},"footnotes":""},"class_list":["post-6521","page","type-page","status-publish","hentry"],"_links":{"self":[{"href":"https:\/\/www.est.ufmg.br\/portal\/wp-json\/wp\/v2\/pages\/6521","targetHints":{"allow":["GET"]}}],"collection":[{"href":"https:\/\/www.est.ufmg.br\/portal\/wp-json\/wp\/v2\/pages"}],"about":[{"href":"https:\/\/www.est.ufmg.br\/portal\/wp-json\/wp\/v2\/types\/page"}],"author":[{"embeddable":true,"href":"https:\/\/www.est.ufmg.br\/portal\/wp-json\/wp\/v2\/users\/1"}],"replies":[{"embeddable":true,"href":"https:\/\/www.est.ufmg.br\/portal\/wp-json\/wp\/v2\/comments?post=6521"}],"version-history":[{"count":68,"href":"https:\/\/www.est.ufmg.br\/portal\/wp-json\/wp\/v2\/pages\/6521\/revisions"}],"predecessor-version":[{"id":16971,"href":"https:\/\/www.est.ufmg.br\/portal\/wp-json\/wp\/v2\/pages\/6521\/revisions\/16971"}],"wp:attachment":[{"href":"https:\/\/www.est.ufmg.br\/portal\/wp-json\/wp\/v2\/media?parent=6521"}],"curies":[{"name":"wp","href":"https:\/\/api.w.org\/{rel}","templated":true}]}}