{"id":7015,"date":"2023-02-13T11:50:28","date_gmt":"2023-02-13T14:50:28","guid":{"rendered":"https:\/\/www.est.ufmg.br\/portal\/?page_id=7015"},"modified":"2023-07-21T18:10:19","modified_gmt":"2023-07-21T21:10:19","slug":"area-de-ciencias-exatas-e-engenharias","status":"publish","type":"page","link":"https:\/\/www.est.ufmg.br\/portal\/area-de-ciencias-exatas-e-engenharias\/","title":{"rendered":"\u00c1rea de Ci\u00eancias Exatas e Engenharias"},"content":{"rendered":"\t\t<div data-elementor-type=\"wp-page\" data-elementor-id=\"7015\" class=\"elementor elementor-7015\" data-elementor-post-type=\"page\">\n\t\t\t\t\t\t<section class=\"elementor-section elementor-top-section elementor-element elementor-element-51dda5f elementor-section-full_width elementor-section-height-default elementor-section-height-default\" data-id=\"51dda5f\" data-element_type=\"section\" data-e-type=\"section\" data-settings=\"{&quot;background_background&quot;:&quot;classic&quot;}\">\n\t\t\t\t\t\t\t<div class=\"elementor-background-overlay\"><\/div>\n\t\t\t\t\t\t\t<div class=\"elementor-container elementor-column-gap-default\">\n\t\t\t\t\t<div class=\"elementor-column elementor-col-100 elementor-top-column elementor-element elementor-element-2b5d2c6\" data-id=\"2b5d2c6\" data-element_type=\"column\" data-e-type=\"column\">\n\t\t\t<div class=\"elementor-widget-wrap elementor-element-populated\">\n\t\t\t\t\t\t<div class=\"elementor-element elementor-element-b3e9cd9 elementor-widget elementor-widget-heading\" data-id=\"b3e9cd9\" data-element_type=\"widget\" data-e-type=\"widget\" data-widget_type=\"heading.default\">\n\t\t\t\t<div class=\"elementor-widget-container\">\n\t\t\t\t\t<h2 class=\"elementor-heading-title elementor-size-default\">Outras Disciplinas:\n<br> \u00c1rea de Ci\u00eancias Exatas e Engenharias<\/h2>\t\t\t\t<\/div>\n\t\t\t\t<\/div>\n\t\t\t\t\t<\/div>\n\t\t<\/div>\n\t\t\t\t\t<\/div>\n\t\t<\/section>\n\t\t\t\t<section class=\"elementor-section elementor-top-section elementor-element elementor-element-eb6e54c elementor-section-boxed elementor-section-height-default elementor-section-height-default\" data-id=\"eb6e54c\" data-element_type=\"section\" data-e-type=\"section\">\n\t\t\t\t\t\t<div class=\"elementor-container elementor-column-gap-default\">\n\t\t\t\t\t<div class=\"elementor-column elementor-col-33 elementor-top-column elementor-element elementor-element-5409c31\" data-id=\"5409c31\" data-element_type=\"column\" data-e-type=\"column\">\n\t\t\t<div class=\"elementor-widget-wrap elementor-element-populated\">\n\t\t\t\t\t\t<div class=\"elementor-element elementor-element-6def635 elementor-position-top elementor-widget elementor-widget-image-box\" data-id=\"6def635\" data-element_type=\"widget\" data-e-type=\"widget\" data-widget_type=\"image-box.default\">\n\t\t\t\t<div class=\"elementor-widget-container\">\n\t\t\t\t\t<div class=\"elementor-image-box-wrapper\"><figure class=\"elementor-image-box-img\"><a href=\"https:\/\/www.est.ufmg.br\/portal\/wp-content\/uploads\/2023\/01\/EST006-\u2013-Planejamento-e-Analise-de-Experimentos.pdf\" tabindex=\"-1\"><img decoding=\"async\" width=\"120\" height=\"120\" src=\"https:\/\/www.est.ufmg.br\/portal\/wp-content\/uploads\/2023\/01\/pdf-icon-p.jpg\" class=\"attachment-full size-full wp-image-5240\" alt=\"\" \/><\/a><\/figure><div class=\"elementor-image-box-content\"><h6 class=\"elementor-image-box-title\"><a href=\"https:\/\/www.est.ufmg.br\/portal\/wp-content\/uploads\/2023\/01\/EST006-\u2013-Planejamento-e-Analise-de-Experimentos.pdf\">EST006 - Planejamento e An\u00e1lise de Experimentos<\/a><\/h6><\/div><\/div>\t\t\t\t<\/div>\n\t\t\t\t<\/div>\n\t\t\t\t<div class=\"elementor-element elementor-element-350fca2 elementor-position-top elementor-widget elementor-widget-image-box\" data-id=\"350fca2\" data-element_type=\"widget\" data-e-type=\"widget\" data-widget_type=\"image-box.default\">\n\t\t\t\t<div class=\"elementor-widget-container\">\n\t\t\t\t\t<div class=\"elementor-image-box-wrapper\"><figure class=\"elementor-image-box-img\"><a href=\"https:\/\/www.est.ufmg.br\/portal\/wp-content\/uploads\/2023\/01\/EST032-\u2013-Probabilidade.pdf\" tabindex=\"-1\"><img decoding=\"async\" width=\"120\" height=\"120\" src=\"https:\/\/www.est.ufmg.br\/portal\/wp-content\/uploads\/2023\/01\/pdf-icon-p.jpg\" class=\"attachment-full size-full wp-image-5240\" alt=\"\" \/><\/a><\/figure><div class=\"elementor-image-box-content\"><h6 class=\"elementor-image-box-title\"><a href=\"https:\/\/www.est.ufmg.br\/portal\/wp-content\/uploads\/2023\/01\/EST032-\u2013-Probabilidade.pdf\">EST032 \u2013 Probabilidade<\/a><\/h6><\/div><\/div>\t\t\t\t<\/div>\n\t\t\t\t<\/div>\n\t\t\t\t\t<\/div>\n\t\t<\/div>\n\t\t\t\t<div class=\"elementor-column elementor-col-33 elementor-top-column elementor-element elementor-element-cd3e7ce\" data-id=\"cd3e7ce\" data-element_type=\"column\" data-e-type=\"column\">\n\t\t\t<div class=\"elementor-widget-wrap elementor-element-populated\">\n\t\t\t\t\t\t<div class=\"elementor-element elementor-element-e0d0bc6 elementor-position-top elementor-widget elementor-widget-image-box\" data-id=\"e0d0bc6\" data-element_type=\"widget\" data-e-type=\"widget\" data-widget_type=\"image-box.default\">\n\t\t\t\t<div class=\"elementor-widget-container\">\n\t\t\t\t\t<div class=\"elementor-image-box-wrapper\"><figure class=\"elementor-image-box-img\"><a href=\"https:\/\/www.est.ufmg.br\/portal\/wp-content\/uploads\/2023\/01\/EST027-\u2013-Estatistica-para-Engenharia-Civil.pdf\" tabindex=\"-1\"><img decoding=\"async\" width=\"120\" height=\"120\" src=\"https:\/\/www.est.ufmg.br\/portal\/wp-content\/uploads\/2023\/01\/pdf-icon-p.jpg\" class=\"attachment-full size-full wp-image-5240\" alt=\"\" \/><\/a><\/figure><div class=\"elementor-image-box-content\"><h6 class=\"elementor-image-box-title\"><a href=\"https:\/\/www.est.ufmg.br\/portal\/wp-content\/uploads\/2023\/01\/EST027-\u2013-Estatistica-para-Engenharia-Civil.pdf\">EST027 \u2013 Estat\u00edstica para Engenharia Civil<\/a><\/h6><\/div><\/div>\t\t\t\t<\/div>\n\t\t\t\t<\/div>\n\t\t\t\t<div class=\"elementor-element elementor-element-4c89948 elementor-position-top elementor-widget elementor-widget-image-box\" data-id=\"4c89948\" data-element_type=\"widget\" data-e-type=\"widget\" data-widget_type=\"image-box.default\">\n\t\t\t\t<div class=\"elementor-widget-container\">\n\t\t\t\t\t<div class=\"elementor-image-box-wrapper\"><figure class=\"elementor-image-box-img\"><a href=\"https:\/\/www.est.ufmg.br\/portal\/wp-content\/uploads\/2023\/01\/EST773-\u2013-Fundamentos-de-Estatistica-e-Ciencias-de-Dados.pdf\" tabindex=\"-1\"><img decoding=\"async\" width=\"120\" height=\"120\" src=\"https:\/\/www.est.ufmg.br\/portal\/wp-content\/uploads\/2023\/01\/pdf-icon-p.jpg\" class=\"attachment-full size-full wp-image-5240\" alt=\"\" \/><\/a><\/figure><div class=\"elementor-image-box-content\"><h6 class=\"elementor-image-box-title\"><a href=\"https:\/\/www.est.ufmg.br\/portal\/wp-content\/uploads\/2023\/01\/EST773-\u2013-Fundamentos-de-Estatistica-e-Ciencias-de-Dados.pdf\">EST773 \u2013 Fundamentos de Estat\u00edstica e Ci\u00eancias de Dados<\/a><\/h6><\/div><\/div>\t\t\t\t<\/div>\n\t\t\t\t<\/div>\n\t\t\t\t\t<\/div>\n\t\t<\/div>\n\t\t\t\t<div class=\"elementor-column elementor-col-33 elementor-top-column elementor-element elementor-element-2a4e496\" data-id=\"2a4e496\" data-element_type=\"column\" data-e-type=\"column\">\n\t\t\t<div class=\"elementor-widget-wrap elementor-element-populated\">\n\t\t\t\t\t\t<div class=\"elementor-element elementor-element-791f1b0 elementor-position-top elementor-widget elementor-widget-image-box\" data-id=\"791f1b0\" data-element_type=\"widget\" data-e-type=\"widget\" data-widget_type=\"image-box.default\">\n\t\t\t\t<div class=\"elementor-widget-container\">\n\t\t\t\t\t<div class=\"elementor-image-box-wrapper\"><figure class=\"elementor-image-box-img\"><a href=\"https:\/\/www.est.ufmg.br\/portal\/wp-content\/uploads\/2023\/01\/EST031-\u2013-Estatistica-e-Probabilidade.pdf\" tabindex=\"-1\"><img decoding=\"async\" width=\"120\" height=\"120\" src=\"https:\/\/www.est.ufmg.br\/portal\/wp-content\/uploads\/2023\/01\/pdf-icon-p.jpg\" class=\"attachment-full size-full wp-image-5240\" alt=\"\" \/><\/a><\/figure><div class=\"elementor-image-box-content\"><h6 class=\"elementor-image-box-title\"><a href=\"https:\/\/www.est.ufmg.br\/portal\/wp-content\/uploads\/2023\/01\/EST031-\u2013-Estatistica-e-Probabilidade.pdf\">EST031 \u2013 Estat\u00edstica e Probabilidade<\/a><\/h6><\/div><\/div>\t\t\t\t<\/div>\n\t\t\t\t<\/div>\n\t\t\t\t\t<\/div>\n\t\t<\/div>\n\t\t\t\t\t<\/div>\n\t\t<\/section>\n\t\t\t\t<\/div>\n\t\t","protected":false},"excerpt":{"rendered":"<p>Outras Disciplinas: \u00c1rea de Ci\u00eancias Exatas e Engenharias EST006 &#8211; Planejamento e An\u00e1lise de Experimentos EST032 \u2013 Probabilidade EST027 \u2013 Estat\u00edstica para Engenharia Civil EST773 \u2013 Fundamentos de Estat\u00edstica e Ci\u00eancias de Dados EST031 \u2013 Estat\u00edstica e Probabilidade<\/p>\n","protected":false},"author":1,"featured_media":0,"parent":0,"menu_order":0,"comment_status":"closed","ping_status":"closed","template":"","meta":{"site-sidebar-layout":"no-sidebar","site-content-layout":"page-builder","ast-site-content-layout":"default","site-content-style":"default","site-sidebar-style":"default","ast-global-header-display":"","ast-banner-title-visibility":"","ast-main-header-display":"","ast-hfb-above-header-display":"","ast-hfb-below-header-display":"","ast-hfb-mobile-header-display":"","site-post-title":"disabled","ast-breadcrumbs-content":"","ast-featured-img":"disabled","footer-sml-layout":"","ast-disable-related-posts":"","theme-transparent-header-meta":"default","adv-header-id-meta":"","stick-header-meta":"","header-above-stick-meta":"","header-main-stick-meta":"","header-below-stick-meta":"","astra-migrate-meta-layouts":"default","ast-page-background-enabled":"default","ast-page-background-meta":{"desktop":{"background-color":"","background-image":"","background-repeat":"repeat","background-position":"center center","background-size":"auto","background-attachment":"scroll","background-type":"","background-media":"","overlay-type":"","overlay-color":"","overlay-opacity":"","overlay-gradient":""},"tablet":{"background-color":"","background-image":"","background-repeat":"repeat","background-position":"center center","background-size":"auto","background-attachment":"scroll","background-type":"","background-media":"","overlay-type":"","overlay-color":"","overlay-opacity":"","overlay-gradient":""},"mobile":{"background-color":"","background-image":"","background-repeat":"repeat","background-position":"center center","background-size":"auto","background-attachment":"scroll","background-type":"","background-media":"","overlay-type":"","overlay-color":"","overlay-opacity":"","overlay-gradient":""}},"ast-content-background-meta":{"desktop":{"background-color":"var(--ast-global-color-5)","background-image":"","background-repeat":"repeat","background-position":"center center","background-size":"auto","background-attachment":"scroll","background-type":"","background-media":"","overlay-type":"","overlay-color":"","overlay-opacity":"","overlay-gradient":""},"tablet":{"background-color":"var(--ast-global-color-5)","background-image":"","background-repeat":"repeat","background-position":"center center","background-size":"auto","background-attachment":"scroll","background-type":"","background-media":"","overlay-type":"","overlay-color":"","overlay-opacity":"","overlay-gradient":""},"mobile":{"background-color":"var(--ast-global-color-5)","background-image":"","background-repeat":"repeat","background-position":"center center","background-size":"auto","background-attachment":"scroll","background-type":"","background-media":"","overlay-type":"","overlay-color":"","overlay-opacity":"","overlay-gradient":""}},"footnotes":""},"class_list":["post-7015","page","type-page","status-publish","hentry"],"_links":{"self":[{"href":"https:\/\/www.est.ufmg.br\/portal\/wp-json\/wp\/v2\/pages\/7015","targetHints":{"allow":["GET"]}}],"collection":[{"href":"https:\/\/www.est.ufmg.br\/portal\/wp-json\/wp\/v2\/pages"}],"about":[{"href":"https:\/\/www.est.ufmg.br\/portal\/wp-json\/wp\/v2\/types\/page"}],"author":[{"embeddable":true,"href":"https:\/\/www.est.ufmg.br\/portal\/wp-json\/wp\/v2\/users\/1"}],"replies":[{"embeddable":true,"href":"https:\/\/www.est.ufmg.br\/portal\/wp-json\/wp\/v2\/comments?post=7015"}],"version-history":[{"count":11,"href":"https:\/\/www.est.ufmg.br\/portal\/wp-json\/wp\/v2\/pages\/7015\/revisions"}],"predecessor-version":[{"id":10805,"href":"https:\/\/www.est.ufmg.br\/portal\/wp-json\/wp\/v2\/pages\/7015\/revisions\/10805"}],"wp:attachment":[{"href":"https:\/\/www.est.ufmg.br\/portal\/wp-json\/wp\/v2\/media?parent=7015"}],"curies":[{"name":"wp","href":"https:\/\/api.w.org\/{rel}","templated":true}]}}