{"id":7027,"date":"2023-02-13T11:52:05","date_gmt":"2023-02-13T14:52:05","guid":{"rendered":"https:\/\/www.est.ufmg.br\/portal\/?page_id=7027"},"modified":"2023-07-21T18:12:25","modified_gmt":"2023-07-21T21:12:25","slug":"area-de-ciencias-sociais-e-humanas","status":"publish","type":"page","link":"https:\/\/www.est.ufmg.br\/portal\/area-de-ciencias-sociais-e-humanas\/","title":{"rendered":"\u00c1rea de Ci\u00eancias Sociais e Humanas"},"content":{"rendered":"\t\t<div data-elementor-type=\"wp-page\" data-elementor-id=\"7027\" class=\"elementor elementor-7027\" data-elementor-post-type=\"page\">\n\t\t\t\t\t\t<section class=\"elementor-section elementor-top-section elementor-element elementor-element-51dda5f elementor-section-full_width elementor-section-height-default elementor-section-height-default\" data-id=\"51dda5f\" data-element_type=\"section\" data-e-type=\"section\" data-settings=\"{&quot;background_background&quot;:&quot;classic&quot;}\">\n\t\t\t\t\t\t\t<div class=\"elementor-background-overlay\"><\/div>\n\t\t\t\t\t\t\t<div class=\"elementor-container elementor-column-gap-default\">\n\t\t\t\t\t<div class=\"elementor-column elementor-col-100 elementor-top-column elementor-element elementor-element-2b5d2c6\" data-id=\"2b5d2c6\" data-element_type=\"column\" data-e-type=\"column\">\n\t\t\t<div class=\"elementor-widget-wrap elementor-element-populated\">\n\t\t\t\t\t\t<div class=\"elementor-element elementor-element-b3e9cd9 elementor-widget elementor-widget-heading\" data-id=\"b3e9cd9\" data-element_type=\"widget\" data-e-type=\"widget\" data-widget_type=\"heading.default\">\n\t\t\t\t<div class=\"elementor-widget-container\">\n\t\t\t\t\t<h2 class=\"elementor-heading-title elementor-size-default\">Outras Disciplinas:\n<br> \u00c1rea de Ci\u00eancias Sociais e Humanas<\/h2>\t\t\t\t<\/div>\n\t\t\t\t<\/div>\n\t\t\t\t\t<\/div>\n\t\t<\/div>\n\t\t\t\t\t<\/div>\n\t\t<\/section>\n\t\t\t\t<section class=\"elementor-section elementor-top-section elementor-element elementor-element-cc88de2 elementor-section-boxed elementor-section-height-default elementor-section-height-default\" data-id=\"cc88de2\" data-element_type=\"section\" data-e-type=\"section\">\n\t\t\t\t\t\t<div class=\"elementor-container elementor-column-gap-default\">\n\t\t\t\t\t<div class=\"elementor-column elementor-col-33 elementor-top-column elementor-element elementor-element-309ec41\" data-id=\"309ec41\" data-element_type=\"column\" data-e-type=\"column\">\n\t\t\t<div class=\"elementor-widget-wrap elementor-element-populated\">\n\t\t\t\t\t\t<div class=\"elementor-element elementor-element-1368ee9 elementor-position-top elementor-widget elementor-widget-image-box\" data-id=\"1368ee9\" data-element_type=\"widget\" data-e-type=\"widget\" data-widget_type=\"image-box.default\">\n\t\t\t\t<div class=\"elementor-widget-container\">\n\t\t\t\t\t<div class=\"elementor-image-box-wrapper\"><figure class=\"elementor-image-box-img\"><a href=\"https:\/\/www.est.ufmg.br\/portal\/wp-content\/uploads\/2023\/01\/EST002-\u2013-Estatistica-2.pdf\" tabindex=\"-1\"><img decoding=\"async\" width=\"120\" height=\"120\" src=\"https:\/\/www.est.ufmg.br\/portal\/wp-content\/uploads\/2023\/01\/pdf-icon-p.jpg\" class=\"attachment-full size-full wp-image-5240\" alt=\"\" \/><\/a><\/figure><div class=\"elementor-image-box-content\"><h6 class=\"elementor-image-box-title\"><a href=\"https:\/\/www.est.ufmg.br\/portal\/wp-content\/uploads\/2023\/01\/EST002-\u2013-Estatistica-2.pdf\">EST002 \u2013 Estat\u00edstica 2<\/a><\/h6><\/div><\/div>\t\t\t\t<\/div>\n\t\t\t\t<\/div>\n\t\t\t\t<div class=\"elementor-element elementor-element-3d83f70 elementor-position-top elementor-widget elementor-widget-image-box\" data-id=\"3d83f70\" data-element_type=\"widget\" data-e-type=\"widget\" data-widget_type=\"image-box.default\">\n\t\t\t\t<div class=\"elementor-widget-container\">\n\t\t\t\t\t<div class=\"elementor-image-box-wrapper\"><figure class=\"elementor-image-box-img\"><a href=\"https:\/\/www.est.ufmg.br\/portal\/wp-content\/uploads\/2023\/01\/EST055-\u2013-Inferencia.pdf\" tabindex=\"-1\"><img decoding=\"async\" width=\"120\" height=\"120\" src=\"https:\/\/www.est.ufmg.br\/portal\/wp-content\/uploads\/2023\/01\/pdf-icon-p.jpg\" class=\"attachment-full size-full wp-image-5240\" alt=\"\" \/><\/a><\/figure><div class=\"elementor-image-box-content\"><h6 class=\"elementor-image-box-title\"><a href=\"https:\/\/www.est.ufmg.br\/portal\/wp-content\/uploads\/2023\/01\/EST055-\u2013-Inferencia.pdf\">EST055 \u2013 Infer\u00eancia<\/a><\/h6><\/div><\/div>\t\t\t\t<\/div>\n\t\t\t\t<\/div>\n\t\t\t\t<div class=\"elementor-element elementor-element-660990b elementor-position-top elementor-widget elementor-widget-image-box\" data-id=\"660990b\" data-element_type=\"widget\" data-e-type=\"widget\" data-widget_type=\"image-box.default\">\n\t\t\t\t<div class=\"elementor-widget-container\">\n\t\t\t\t\t<div class=\"elementor-image-box-wrapper\"><figure class=\"elementor-image-box-img\"><a href=\"https:\/\/www.est.ufmg.br\/portal\/wp-content\/uploads\/2023\/01\/EST073-\u2013-Estatistica-Economica-II.pdf\" tabindex=\"-1\"><img decoding=\"async\" width=\"120\" height=\"120\" src=\"https:\/\/www.est.ufmg.br\/portal\/wp-content\/uploads\/2023\/01\/pdf-icon-p.jpg\" class=\"attachment-full size-full wp-image-5240\" alt=\"\" \/><\/a><\/figure><div class=\"elementor-image-box-content\"><h6 class=\"elementor-image-box-title\"><a href=\"https:\/\/www.est.ufmg.br\/portal\/wp-content\/uploads\/2023\/01\/EST073-\u2013-Estatistica-Economica-II.pdf\">EST073 \u2013 Estat\u00edstica Econ\u00f4mica II <\/a><\/h6><\/div><\/div>\t\t\t\t<\/div>\n\t\t\t\t<\/div>\n\t\t\t\t\t<\/div>\n\t\t<\/div>\n\t\t\t\t<div class=\"elementor-column elementor-col-33 elementor-top-column elementor-element elementor-element-31f4619\" data-id=\"31f4619\" data-element_type=\"column\" data-e-type=\"column\">\n\t\t\t<div class=\"elementor-widget-wrap elementor-element-populated\">\n\t\t\t\t\t\t<div class=\"elementor-element elementor-element-96cbf41 elementor-position-top elementor-widget elementor-widget-image-box\" data-id=\"96cbf41\" data-element_type=\"widget\" data-e-type=\"widget\" data-widget_type=\"image-box.default\">\n\t\t\t\t<div class=\"elementor-widget-container\">\n\t\t\t\t\t<div class=\"elementor-image-box-wrapper\"><figure class=\"elementor-image-box-img\"><a href=\"https:\/\/www.est.ufmg.br\/portal\/wp-content\/uploads\/2023\/01\/EST007-\u2013-Probabilidade-I.pdf\" tabindex=\"-1\"><img decoding=\"async\" width=\"120\" height=\"120\" src=\"https:\/\/www.est.ufmg.br\/portal\/wp-content\/uploads\/2023\/01\/pdf-icon-p.jpg\" class=\"attachment-full size-full wp-image-5240\" alt=\"\" \/><\/a><\/figure><div class=\"elementor-image-box-content\"><h6 class=\"elementor-image-box-title\"><a href=\"https:\/\/www.est.ufmg.br\/portal\/wp-content\/uploads\/2023\/01\/EST007-\u2013-Probabilidade-I.pdf\">EST007 \u2013 Probabilidade I<\/a><\/h6><\/div><\/div>\t\t\t\t<\/div>\n\t\t\t\t<\/div>\n\t\t\t\t<div class=\"elementor-element elementor-element-c645014 elementor-position-top elementor-widget elementor-widget-image-box\" data-id=\"c645014\" data-element_type=\"widget\" data-e-type=\"widget\" data-widget_type=\"image-box.default\">\n\t\t\t\t<div class=\"elementor-widget-container\">\n\t\t\t\t\t<div class=\"elementor-image-box-wrapper\"><figure class=\"elementor-image-box-img\"><a href=\"https:\/\/www.est.ufmg.br\/portal\/wp-content\/uploads\/2023\/01\/EST057-\u2013-Introducao-a-Estatistica.pdf\" tabindex=\"-1\"><img decoding=\"async\" width=\"120\" height=\"120\" src=\"https:\/\/www.est.ufmg.br\/portal\/wp-content\/uploads\/2023\/01\/pdf-icon-p.jpg\" class=\"attachment-full size-full wp-image-5240\" alt=\"\" \/><\/a><\/figure><div class=\"elementor-image-box-content\"><h6 class=\"elementor-image-box-title\"><a href=\"https:\/\/www.est.ufmg.br\/portal\/wp-content\/uploads\/2023\/01\/EST057-\u2013-Introducao-a-Estatistica.pdf\">EST057 \u2013 Introdu\u00e7\u00e3o \u00e0 Estat\u00edstica<\/a><\/h6><\/div><\/div>\t\t\t\t<\/div>\n\t\t\t\t<\/div>\n\t\t\t\t<div class=\"elementor-element elementor-element-df54519 elementor-position-top elementor-widget elementor-widget-image-box\" data-id=\"df54519\" data-element_type=\"widget\" data-e-type=\"widget\" data-widget_type=\"image-box.default\">\n\t\t\t\t<div class=\"elementor-widget-container\">\n\t\t\t\t\t<div class=\"elementor-image-box-wrapper\"><figure class=\"elementor-image-box-img\"><a href=\"https:\/\/www.est.ufmg.br\/portal\/wp-content\/uploads\/2023\/01\/EST084-\u2013-Estatistica-Aplicada-a-Psicologia.pdf\" tabindex=\"-1\"><img decoding=\"async\" width=\"120\" height=\"120\" src=\"https:\/\/www.est.ufmg.br\/portal\/wp-content\/uploads\/2023\/01\/pdf-icon-p.jpg\" class=\"attachment-full size-full wp-image-5240\" alt=\"\" \/><\/a><\/figure><div class=\"elementor-image-box-content\"><h6 class=\"elementor-image-box-title\"><a href=\"https:\/\/www.est.ufmg.br\/portal\/wp-content\/uploads\/2023\/01\/EST084-\u2013-Estatistica-Aplicada-a-Psicologia.pdf\">EST084 \u2013 Estat\u00edstica Aplicada \u00e0 Psicologia<\/a><\/h6><\/div><\/div>\t\t\t\t<\/div>\n\t\t\t\t<\/div>\n\t\t\t\t\t<\/div>\n\t\t<\/div>\n\t\t\t\t<div class=\"elementor-column elementor-col-33 elementor-top-column elementor-element elementor-element-ec6fbdd\" data-id=\"ec6fbdd\" data-element_type=\"column\" data-e-type=\"column\">\n\t\t\t<div class=\"elementor-widget-wrap elementor-element-populated\">\n\t\t\t\t\t\t<div class=\"elementor-element elementor-element-d4b4fab elementor-position-top elementor-widget elementor-widget-image-box\" data-id=\"d4b4fab\" data-element_type=\"widget\" data-e-type=\"widget\" data-widget_type=\"image-box.default\">\n\t\t\t\t<div class=\"elementor-widget-container\">\n\t\t\t\t\t<div class=\"elementor-image-box-wrapper\"><figure class=\"elementor-image-box-img\"><a href=\"https:\/\/www.est.ufmg.br\/portal\/wp-content\/uploads\/2023\/01\/EST028-\u2013-Probabilidade-II.pdf\" tabindex=\"-1\"><img decoding=\"async\" width=\"120\" height=\"120\" src=\"https:\/\/www.est.ufmg.br\/portal\/wp-content\/uploads\/2023\/01\/pdf-icon-p.jpg\" class=\"attachment-full size-full wp-image-5240\" alt=\"\" \/><\/a><\/figure><div class=\"elementor-image-box-content\"><h6 class=\"elementor-image-box-title\"><a href=\"https:\/\/www.est.ufmg.br\/portal\/wp-content\/uploads\/2023\/01\/EST028-\u2013-Probabilidade-II.pdf\">EST028 \u2013 Probabilidade II<\/a><\/h6><\/div><\/div>\t\t\t\t<\/div>\n\t\t\t\t<\/div>\n\t\t\t\t<div class=\"elementor-element elementor-element-fb7d227 elementor-position-top elementor-widget elementor-widget-image-box\" data-id=\"fb7d227\" data-element_type=\"widget\" data-e-type=\"widget\" data-widget_type=\"image-box.default\">\n\t\t\t\t<div class=\"elementor-widget-container\">\n\t\t\t\t\t<div class=\"elementor-image-box-wrapper\"><figure class=\"elementor-image-box-img\"><a href=\"https:\/\/www.est.ufmg.br\/portal\/wp-content\/uploads\/2023\/01\/EST072-\u2013-Estatistica-Economica-I.pdf\" tabindex=\"-1\"><img decoding=\"async\" width=\"120\" height=\"120\" src=\"https:\/\/www.est.ufmg.br\/portal\/wp-content\/uploads\/2023\/01\/pdf-icon-p.jpg\" class=\"attachment-full size-full wp-image-5240\" alt=\"\" \/><\/a><\/figure><div class=\"elementor-image-box-content\"><h6 class=\"elementor-image-box-title\"><a href=\"https:\/\/www.est.ufmg.br\/portal\/wp-content\/uploads\/2023\/01\/EST072-\u2013-Estatistica-Economica-I.pdf\">EST072 \u2013 Estat\u00edstica Econ\u00f4mica I<\/a><\/h6><\/div><\/div>\t\t\t\t<\/div>\n\t\t\t\t<\/div>\n\t\t\t\t<div class=\"elementor-element elementor-element-be8d382 elementor-position-top elementor-widget elementor-widget-image-box\" data-id=\"be8d382\" data-element_type=\"widget\" data-e-type=\"widget\" data-widget_type=\"image-box.default\">\n\t\t\t\t<div class=\"elementor-widget-container\">\n\t\t\t\t\t<div class=\"elementor-image-box-wrapper\"><figure class=\"elementor-image-box-img\"><a href=\"https:\/\/www.est.ufmg.br\/portal\/wp-content\/uploads\/2023\/01\/EST180-\u2013-Estatistica-I.pdf\" tabindex=\"-1\"><img decoding=\"async\" width=\"120\" height=\"120\" src=\"https:\/\/www.est.ufmg.br\/portal\/wp-content\/uploads\/2023\/01\/pdf-icon-p.jpg\" class=\"attachment-full size-full wp-image-5240\" alt=\"\" \/><\/a><\/figure><div class=\"elementor-image-box-content\"><h6 class=\"elementor-image-box-title\"><a href=\"https:\/\/www.est.ufmg.br\/portal\/wp-content\/uploads\/2023\/01\/EST180-\u2013-Estatistica-I.pdf\">EST180 \u2013 Estat\u00edstica I<\/a><\/h6><\/div><\/div>\t\t\t\t<\/div>\n\t\t\t\t<\/div>\n\t\t\t\t\t<\/div>\n\t\t<\/div>\n\t\t\t\t\t<\/div>\n\t\t<\/section>\n\t\t\t\t<\/div>\n\t\t","protected":false},"excerpt":{"rendered":"<p>Outras Disciplinas: \u00c1rea de Ci\u00eancias Sociais e Humanas EST002 \u2013 Estat\u00edstica 2 EST055 \u2013 Infer\u00eancia EST073 \u2013 Estat\u00edstica Econ\u00f4mica II EST007 \u2013 Probabilidade I EST057 \u2013 Introdu\u00e7\u00e3o \u00e0 Estat\u00edstica EST084 \u2013 Estat\u00edstica Aplicada \u00e0 Psicologia EST028 \u2013 Probabilidade II EST072 \u2013 Estat\u00edstica Econ\u00f4mica I EST180 \u2013 Estat\u00edstica I<\/p>\n","protected":false},"author":1,"featured_media":0,"parent":0,"menu_order":0,"comment_status":"closed","ping_status":"closed","template":"","meta":{"site-sidebar-layout":"no-sidebar","site-content-layout":"page-builder","ast-site-content-layout":"default","site-content-style":"default","site-sidebar-style":"default","ast-global-header-display":"","ast-banner-title-visibility":"","ast-main-header-display":"","ast-hfb-above-header-display":"","ast-hfb-below-header-display":"","ast-hfb-mobile-header-display":"","site-post-title":"disabled","ast-breadcrumbs-content":"","ast-featured-img":"disabled","footer-sml-layout":"","ast-disable-related-posts":"","theme-transparent-header-meta":"default","adv-header-id-meta":"","stick-header-meta":"","header-above-stick-meta":"","header-main-stick-meta":"","header-below-stick-meta":"","astra-migrate-meta-layouts":"default","ast-page-background-enabled":"default","ast-page-background-meta":{"desktop":{"background-color":"","background-image":"","background-repeat":"repeat","background-position":"center center","background-size":"auto","background-attachment":"scroll","background-type":"","background-media":"","overlay-type":"","overlay-color":"","overlay-opacity":"","overlay-gradient":""},"tablet":{"background-color":"","background-image":"","background-repeat":"repeat","background-position":"center center","background-size":"auto","background-attachment":"scroll","background-type":"","background-media":"","overlay-type":"","overlay-color":"","overlay-opacity":"","overlay-gradient":""},"mobile":{"background-color":"","background-image":"","background-repeat":"repeat","background-position":"center center","background-size":"auto","background-attachment":"scroll","background-type":"","background-media":"","overlay-type":"","overlay-color":"","overlay-opacity":"","overlay-gradient":""}},"ast-content-background-meta":{"desktop":{"background-color":"var(--ast-global-color-5)","background-image":"","background-repeat":"repeat","background-position":"center center","background-size":"auto","background-attachment":"scroll","background-type":"","background-media":"","overlay-type":"","overlay-color":"","overlay-opacity":"","overlay-gradient":""},"tablet":{"background-color":"var(--ast-global-color-5)","background-image":"","background-repeat":"repeat","background-position":"center center","background-size":"auto","background-attachment":"scroll","background-type":"","background-media":"","overlay-type":"","overlay-color":"","overlay-opacity":"","overlay-gradient":""},"mobile":{"background-color":"var(--ast-global-color-5)","background-image":"","background-repeat":"repeat","background-position":"center center","background-size":"auto","background-attachment":"scroll","background-type":"","background-media":"","overlay-type":"","overlay-color":"","overlay-opacity":"","overlay-gradient":""}},"footnotes":""},"class_list":["post-7027","page","type-page","status-publish","hentry"],"_links":{"self":[{"href":"https:\/\/www.est.ufmg.br\/portal\/wp-json\/wp\/v2\/pages\/7027","targetHints":{"allow":["GET"]}}],"collection":[{"href":"https:\/\/www.est.ufmg.br\/portal\/wp-json\/wp\/v2\/pages"}],"about":[{"href":"https:\/\/www.est.ufmg.br\/portal\/wp-json\/wp\/v2\/types\/page"}],"author":[{"embeddable":true,"href":"https:\/\/www.est.ufmg.br\/portal\/wp-json\/wp\/v2\/users\/1"}],"replies":[{"embeddable":true,"href":"https:\/\/www.est.ufmg.br\/portal\/wp-json\/wp\/v2\/comments?post=7027"}],"version-history":[{"count":14,"href":"https:\/\/www.est.ufmg.br\/portal\/wp-json\/wp\/v2\/pages\/7027\/revisions"}],"predecessor-version":[{"id":10811,"href":"https:\/\/www.est.ufmg.br\/portal\/wp-json\/wp\/v2\/pages\/7027\/revisions\/10811"}],"wp:attachment":[{"href":"https:\/\/www.est.ufmg.br\/portal\/wp-json\/wp\/v2\/media?parent=7027"}],"curies":[{"name":"wp","href":"https:\/\/api.w.org\/{rel}","templated":true}]}}