{"id":7560,"date":"2023-03-10T11:34:55","date_gmt":"2023-03-10T14:34:55","guid":{"rendered":"https:\/\/www.est.ufmg.br\/portal\/?page_id=7560"},"modified":"2025-01-17T09:51:34","modified_gmt":"2025-01-17T12:51:34","slug":"concurso-efetivos","status":"publish","type":"page","link":"https:\/\/www.est.ufmg.br\/portal\/concurso-efetivos\/","title":{"rendered":"Concurso &#8211; Efetivos"},"content":{"rendered":"\t\t<div data-elementor-type=\"wp-page\" data-elementor-id=\"7560\" class=\"elementor elementor-7560\" data-elementor-post-type=\"page\">\n\t\t\t\t\t\t<section class=\"elementor-section elementor-top-section elementor-element elementor-element-0c39d07 elementor-section-full_width elementor-section-height-default elementor-section-height-default\" data-id=\"0c39d07\" data-element_type=\"section\" data-e-type=\"section\" data-settings=\"{&quot;background_background&quot;:&quot;classic&quot;}\">\n\t\t\t\t\t\t<div class=\"elementor-container elementor-column-gap-default\">\n\t\t\t\t\t<div class=\"elementor-column elementor-col-100 elementor-top-column elementor-element elementor-element-71c8abf\" data-id=\"71c8abf\" data-element_type=\"column\" data-e-type=\"column\">\n\t\t\t<div class=\"elementor-widget-wrap elementor-element-populated\">\n\t\t\t\t\t\t<div class=\"elementor-element elementor-element-cd9df16 elementor-widget elementor-widget-heading\" data-id=\"cd9df16\" data-element_type=\"widget\" data-e-type=\"widget\" data-widget_type=\"heading.default\">\n\t\t\t\t<div class=\"elementor-widget-container\">\n\t\t\t\t\t<h2 class=\"elementor-heading-title elementor-size-default\">Concursos - Efetivos<\/h2>\t\t\t\t<\/div>\n\t\t\t\t<\/div>\n\t\t\t\t<div class=\"elementor-element elementor-element-70e4594 elementor-widget elementor-widget-text-editor\" data-id=\"70e4594\" data-element_type=\"widget\" data-e-type=\"widget\" data-widget_type=\"text-editor.default\">\n\t\t\t\t<div class=\"elementor-widget-container\">\n\t\t\t\t\t\t\t\t\t<p style=\"text-align: center;\"><strong>Editais e Resultados<\/strong><\/p>\t\t\t\t\t\t\t\t<\/div>\n\t\t\t\t<\/div>\n\t\t\t\t\t<\/div>\n\t\t<\/div>\n\t\t\t\t\t<\/div>\n\t\t<\/section>\n\t\t\t\t<section class=\"elementor-section elementor-top-section elementor-element elementor-element-a478343 elementor-section-boxed elementor-section-height-default elementor-section-height-default\" data-id=\"a478343\" data-element_type=\"section\" data-e-type=\"section\">\n\t\t\t\t\t\t<div class=\"elementor-container elementor-column-gap-default\">\n\t\t\t\t\t<div class=\"elementor-column elementor-col-100 elementor-top-column elementor-element elementor-element-2e42742\" data-id=\"2e42742\" data-element_type=\"column\" data-e-type=\"column\">\n\t\t\t<div class=\"elementor-widget-wrap elementor-element-populated\">\n\t\t\t\t\t\t<div class=\"elementor-element elementor-element-7466261 elementor-widget elementor-widget-spacer\" data-id=\"7466261\" data-element_type=\"widget\" data-e-type=\"widget\" data-widget_type=\"spacer.default\">\n\t\t\t\t<div class=\"elementor-widget-container\">\n\t\t\t\t\t\t\t<div class=\"elementor-spacer\">\n\t\t\t<div class=\"elementor-spacer-inner\"><\/div>\n\t\t<\/div>\n\t\t\t\t\t\t<\/div>\n\t\t\t\t<\/div>\n\t\t\t\t\t<\/div>\n\t\t<\/div>\n\t\t\t\t\t<\/div>\n\t\t<\/section>\n\t\t\t\t<section class=\"elementor-section elementor-top-section elementor-element elementor-element-2899a82 elementor-section-boxed elementor-section-height-default elementor-section-height-default\" data-id=\"2899a82\" data-element_type=\"section\" data-e-type=\"section\">\n\t\t\t\t\t\t<div class=\"elementor-container elementor-column-gap-default\">\n\t\t\t\t\t<div class=\"elementor-column elementor-col-100 elementor-top-column elementor-element elementor-element-4a749c0\" data-id=\"4a749c0\" data-element_type=\"column\" data-e-type=\"column\">\n\t\t\t<div class=\"elementor-widget-wrap elementor-element-populated\">\n\t\t\t\t\t\t<div class=\"elementor-element elementor-element-b8e661b elementor-widget elementor-widget-text-editor\" data-id=\"b8e661b\" data-element_type=\"widget\" data-e-type=\"widget\" data-widget_type=\"text-editor.default\">\n\t\t\t\t<div class=\"elementor-widget-container\">\n\t\t\t\t\t\t\t\t\t<h5><strong style=\"font-size: 1.375rem; font-style: inherit;\"><span lang=\"PT\" style=\"font-style: inherit; letter-spacing: -0.3pt;\">RESULTADO FINAL DO CONCURSO PARA PROFESSOR ADJUNTO A, DO DEPARTAMENTO DE ESTAT\u00cdSTICA &#8211;\u00a0<\/span><\/strong><strong style=\"font-size: 1.375rem; font-style: inherit;\"><span lang=\"PT\" style=\"font-style: inherit; letter-spacing: -0.3pt;\">Edital\u00a0 n\u00ba 1192\/2024<\/span><\/strong><\/h5>\t\t\t\t\t\t\t\t<\/div>\n\t\t\t\t<\/div>\n\t\t\t\t<div class=\"elementor-element elementor-element-7214590 elementor-widget elementor-widget-image\" data-id=\"7214590\" data-element_type=\"widget\" data-e-type=\"widget\" data-widget_type=\"image.default\">\n\t\t\t\t<div class=\"elementor-widget-container\">\n\t\t\t\t\t\t\t\t\t\t\t\t\t\t\t<img fetchpriority=\"high\" decoding=\"async\" width=\"719\" height=\"155\" src=\"https:\/\/www.est.ufmg.br\/portal\/wp-content\/uploads\/2025\/01\/resultado_final_conc_1192.png\" class=\"attachment-large size-large wp-image-17131\" alt=\"\" srcset=\"https:\/\/www.est.ufmg.br\/portal\/wp-content\/uploads\/2025\/01\/resultado_final_conc_1192.png 719w, https:\/\/www.est.ufmg.br\/portal\/wp-content\/uploads\/2025\/01\/resultado_final_conc_1192-300x65.png 300w\" sizes=\"(max-width: 719px) 100vw, 719px\" \/>\t\t\t\t\t\t\t\t\t\t\t\t\t\t\t<\/div>\n\t\t\t\t<\/div>\n\t\t\t\t<div class=\"elementor-element elementor-element-f1262f5 elementor-widget-divider--view-line elementor-widget elementor-widget-divider\" data-id=\"f1262f5\" data-element_type=\"widget\" data-e-type=\"widget\" data-widget_type=\"divider.default\">\n\t\t\t\t<div class=\"elementor-widget-container\">\n\t\t\t\t\t\t\t<div class=\"elementor-divider\">\n\t\t\t<span class=\"elementor-divider-separator\">\n\t\t\t\t\t\t<\/span>\n\t\t<\/div>\n\t\t\t\t\t\t<\/div>\n\t\t\t\t<\/div>\n\t\t\t\t<div class=\"elementor-element elementor-element-31079bf elementor-widget elementor-widget-spacer\" data-id=\"31079bf\" data-element_type=\"widget\" data-e-type=\"widget\" data-widget_type=\"spacer.default\">\n\t\t\t\t<div class=\"elementor-widget-container\">\n\t\t\t\t\t\t\t<div class=\"elementor-spacer\">\n\t\t\t<div class=\"elementor-spacer-inner\"><\/div>\n\t\t<\/div>\n\t\t\t\t\t\t<\/div>\n\t\t\t\t<\/div>\n\t\t\t\t\t<\/div>\n\t\t<\/div>\n\t\t\t\t\t<\/div>\n\t\t<\/section>\n\t\t\t\t<section class=\"elementor-section elementor-top-section elementor-element elementor-element-7a9c8ab elementor-section-boxed elementor-section-height-default elementor-section-height-default\" data-id=\"7a9c8ab\" data-element_type=\"section\" data-e-type=\"section\">\n\t\t\t\t\t\t<div class=\"elementor-container elementor-column-gap-default\">\n\t\t\t\t\t<div class=\"elementor-column elementor-col-100 elementor-top-column elementor-element elementor-element-d8bf8a0\" data-id=\"d8bf8a0\" data-element_type=\"column\" data-e-type=\"column\">\n\t\t\t<div class=\"elementor-widget-wrap elementor-element-populated\">\n\t\t\t\t\t\t<div class=\"elementor-element elementor-element-d019d8e elementor-widget elementor-widget-text-editor\" data-id=\"d019d8e\" data-element_type=\"widget\" data-e-type=\"widget\" data-widget_type=\"text-editor.default\">\n\t\t\t\t<div class=\"elementor-widget-container\">\n\t\t\t\t\t\t\t\t\t<h5><strong style=\"font-size: 1.375rem; font-style: inherit;\"><span lang=\"PT\" style=\"font-style: inherit; letter-spacing: -0.3pt;\">RESULTADO DA PROVA ESCRITA DO CONCURSO PARA PROFESSOR ADJUNTO A, DO DEPARTAMENTO DE ESTAT\u00cdSTICA &#8211;\u00a0<\/span><\/strong><strong style=\"font-size: 1.375rem; font-style: inherit;\"><span lang=\"PT\" style=\"font-style: inherit; letter-spacing: -0.3pt;\">Edital\u00a0 n\u00ba 1192\/2024<\/span><\/strong><\/h5>\t\t\t\t\t\t\t\t<\/div>\n\t\t\t\t<\/div>\n\t\t\t\t<div class=\"elementor-element elementor-element-166c3a3 elementor-widget elementor-widget-image\" data-id=\"166c3a3\" data-element_type=\"widget\" data-e-type=\"widget\" data-widget_type=\"image.default\">\n\t\t\t\t<div class=\"elementor-widget-container\">\n\t\t\t\t\t\t\t\t\t\t\t\t\t\t\t<img decoding=\"async\" width=\"1024\" height=\"132\" src=\"https:\/\/www.est.ufmg.br\/portal\/wp-content\/uploads\/2025\/01\/resultado_conc_adjunto_1192-1024x132.png\" class=\"attachment-large size-large wp-image-17106\" alt=\"\" srcset=\"https:\/\/www.est.ufmg.br\/portal\/wp-content\/uploads\/2025\/01\/resultado_conc_adjunto_1192-1024x132.png 1024w, https:\/\/www.est.ufmg.br\/portal\/wp-content\/uploads\/2025\/01\/resultado_conc_adjunto_1192-300x39.png 300w, https:\/\/www.est.ufmg.br\/portal\/wp-content\/uploads\/2025\/01\/resultado_conc_adjunto_1192-768x99.png 768w, https:\/\/www.est.ufmg.br\/portal\/wp-content\/uploads\/2025\/01\/resultado_conc_adjunto_1192.png 1034w\" sizes=\"(max-width: 1024px) 100vw, 1024px\" \/>\t\t\t\t\t\t\t\t\t\t\t\t\t\t\t<\/div>\n\t\t\t\t<\/div>\n\t\t\t\t<div class=\"elementor-element elementor-element-a03f5ac elementor-widget elementor-widget-spacer\" data-id=\"a03f5ac\" data-element_type=\"widget\" data-e-type=\"widget\" data-widget_type=\"spacer.default\">\n\t\t\t\t<div class=\"elementor-widget-container\">\n\t\t\t\t\t\t\t<div class=\"elementor-spacer\">\n\t\t\t<div class=\"elementor-spacer-inner\"><\/div>\n\t\t<\/div>\n\t\t\t\t\t\t<\/div>\n\t\t\t\t<\/div>\n\t\t\t\t\t<\/div>\n\t\t<\/div>\n\t\t\t\t\t<\/div>\n\t\t<\/section>\n\t\t\t\t<section class=\"elementor-section elementor-top-section elementor-element elementor-element-2799645 elementor-section-boxed elementor-section-height-default elementor-section-height-default\" data-id=\"2799645\" data-element_type=\"section\" data-e-type=\"section\">\n\t\t\t\t\t\t<div class=\"elementor-container elementor-column-gap-default\">\n\t\t\t\t\t<div class=\"elementor-column elementor-col-100 elementor-top-column elementor-element elementor-element-fb184b5\" data-id=\"fb184b5\" data-element_type=\"column\" data-e-type=\"column\">\n\t\t\t<div class=\"elementor-widget-wrap elementor-element-populated\">\n\t\t\t\t\t\t<div class=\"elementor-element elementor-element-41ace0c elementor-widget-divider--view-line elementor-widget elementor-widget-divider\" data-id=\"41ace0c\" data-element_type=\"widget\" data-e-type=\"widget\" data-widget_type=\"divider.default\">\n\t\t\t\t<div class=\"elementor-widget-container\">\n\t\t\t\t\t\t\t<div class=\"elementor-divider\">\n\t\t\t<span class=\"elementor-divider-separator\">\n\t\t\t\t\t\t<\/span>\n\t\t<\/div>\n\t\t\t\t\t\t<\/div>\n\t\t\t\t<\/div>\n\t\t\t\t\t<\/div>\n\t\t<\/div>\n\t\t\t\t\t<\/div>\n\t\t<\/section>\n\t\t\t\t<section class=\"elementor-section elementor-top-section elementor-element elementor-element-53ff40f elementor-section-boxed elementor-section-height-default elementor-section-height-default\" data-id=\"53ff40f\" data-element_type=\"section\" data-e-type=\"section\">\n\t\t\t\t\t\t<div class=\"elementor-container elementor-column-gap-default\">\n\t\t\t\t\t<div class=\"elementor-column elementor-col-100 elementor-top-column elementor-element elementor-element-d526d10\" data-id=\"d526d10\" data-element_type=\"column\" data-e-type=\"column\">\n\t\t\t<div class=\"elementor-widget-wrap elementor-element-populated\">\n\t\t\t\t\t\t<div class=\"elementor-element elementor-element-0dcdeb1 elementor-widget elementor-widget-heading\" data-id=\"0dcdeb1\" data-element_type=\"widget\" data-e-type=\"widget\" data-widget_type=\"heading.default\">\n\t\t\t\t<div class=\"elementor-widget-container\">\n\t\t\t\t\t<h3 class=\"elementor-heading-title elementor-size-default\">Editais<\/h3>\t\t\t\t<\/div>\n\t\t\t\t<\/div>\n\t\t\t\t<div class=\"elementor-element elementor-element-deea0e0 elementor-widget elementor-widget-spacer\" data-id=\"deea0e0\" data-element_type=\"widget\" data-e-type=\"widget\" data-widget_type=\"spacer.default\">\n\t\t\t\t<div class=\"elementor-widget-container\">\n\t\t\t\t\t\t\t<div class=\"elementor-spacer\">\n\t\t\t<div class=\"elementor-spacer-inner\"><\/div>\n\t\t<\/div>\n\t\t\t\t\t\t<\/div>\n\t\t\t\t<\/div>\n\t\t\t\t<div class=\"elementor-element elementor-element-4d47433 elementor-widget elementor-widget-text-editor\" data-id=\"4d47433\" data-element_type=\"widget\" data-e-type=\"widget\" data-widget_type=\"text-editor.default\">\n\t\t\t\t<div class=\"elementor-widget-container\">\n\t\t\t\t\t\t\t\t\t<ul><li><b>PROFESSOR EFETIVO &#8211; \u00c1rea de Conhecimento: Estat\u00edstica <\/b><ul><li><a href=\"https:\/\/www.est.ufmg.br\/~secdest\/concurso_efetivo_2024\/estatistica\/edital_estatistica.pdf\" target=\"_blank\" rel=\"noopener\">Edital<\/a>\u00a0\u00a0<\/li><li><a href=\"https:\/\/www.est.ufmg.br\/~secdest\/concurso_efetivo_2024\/estatistica\/barema_concurso_estatistica.pdf\" target=\"_blank\" rel=\"noopener\">Barema<\/a><\/li><li><a href=\"https:\/\/www.est.ufmg.br\/~secdest\/concurso_efetivo_2024\/estatistica\/programa_concurso_estatistica.pdf\" target=\"_blank\" rel=\"noopener\">Programa do Concurso<\/a><\/li><\/ul><\/li><\/ul><ul><li><b>PROFESSOR EFETIVO &#8211; \u00c1rea de Conhecimento: Ci\u00eancias Atuariais <\/b><ul><li><a href=\"https:\/\/www.est.ufmg.br\/~secdest\/concurso_efetivo_2024\/ciencias_atuariais\/edital_ciencias_atuariais.pdf\" target=\"_blank\" rel=\"noopener\">Edital<\/a>\u00a0\u00a0<\/li><li><a href=\"https:\/\/www.est.ufmg.br\/~secdest\/concurso_efetivo_2024\/ciencias_atuariais\/barema_ciencias_atuariais.pdf\" target=\"_blank\" rel=\"noopener\">Barema<\/a><\/li><li><a href=\"https:\/\/www.est.ufmg.br\/~secdest\/concurso_efetivo_2024\/ciencias_atuariais\/programa_concurso_ciencias_atuariais.pdf\" target=\"_blank\" rel=\"noopener\">Programa do Concurso<\/a><\/li><\/ul><\/li><\/ul><ul><li><b>PROFESSOR EFETIVO &#8211; \u00c1rea de Conhecimento: Ci\u00eancia de Dados e Estat\u00edstica<\/b><ul><li><a href=\"https:\/\/www.est.ufmg.br\/~secdest\/concurso_efetivo_2024\/ciencia_de_dados_e_estatistica\/edital_ciencia_de_dados_e_estatistica.pdf\" target=\"_blank\" rel=\"noopener\">Edital\u00a0<\/a>\u00a0<\/li><li><a href=\"https:\/\/www.est.ufmg.br\/~secdest\/concurso_efetivo_2024\/ciencia_de_dados_e_estatistica\/barema_ciencia_de_dados_e_estatistica.pdf\" target=\"_blank\" rel=\"noopener\">Barema<\/a><\/li><li><a href=\"https:\/\/www.est.ufmg.br\/~secdest\/concurso_efetivo_2024\/ciencia_de_dados_e_estatistica\/programa_concurso_ciencia_de_dados_e_estatistica.pdf\" target=\"_blank\" rel=\"noopener\">Programa do Concurso<\/a><\/li><\/ul><\/li><\/ul>\t\t\t\t\t\t\t\t<\/div>\n\t\t\t\t<\/div>\n\t\t\t\t\t<\/div>\n\t\t<\/div>\n\t\t\t\t\t<\/div>\n\t\t<\/section>\n\t\t\t\t<\/div>\n\t\t","protected":false},"excerpt":{"rendered":"<p>Concursos &#8211; Efetivos Editais e Resultados RESULTADO FINAL DO CONCURSO PARA PROFESSOR ADJUNTO A, DO DEPARTAMENTO DE ESTAT\u00cdSTICA &#8211;\u00a0Edital\u00a0 n\u00ba 1192\/2024 RESULTADO DA PROVA ESCRITA DO CONCURSO PARA PROFESSOR ADJUNTO A, DO DEPARTAMENTO DE ESTAT\u00cdSTICA &#8211;\u00a0Edital\u00a0 n\u00ba 1192\/2024 Editais PROFESSOR EFETIVO &#8211; \u00c1rea de Conhecimento: Estat\u00edstica Edital\u00a0\u00a0 Barema Programa do Concurso PROFESSOR EFETIVO &#8211; \u00c1rea [&hellip;]<\/p>\n","protected":false},"author":1,"featured_media":0,"parent":0,"menu_order":0,"comment_status":"closed","ping_status":"closed","template":"","meta":{"site-sidebar-layout":"no-sidebar","site-content-layout":"page-builder","ast-site-content-layout":"default","site-content-style":"default","site-sidebar-style":"default","ast-global-header-display":"","ast-banner-title-visibility":"","ast-main-header-display":"","ast-hfb-above-header-display":"","ast-hfb-below-header-display":"","ast-hfb-mobile-header-display":"","site-post-title":"disabled","ast-breadcrumbs-content":"","ast-featured-img":"disabled","footer-sml-layout":"","ast-disable-related-posts":"","theme-transparent-header-meta":"default","adv-header-id-meta":"","stick-header-meta":"","header-above-stick-meta":"","header-main-stick-meta":"","header-below-stick-meta":"","astra-migrate-meta-layouts":"default","ast-page-background-enabled":"default","ast-page-background-meta":{"desktop":{"background-color":"","background-image":"","background-repeat":"repeat","background-position":"center center","background-size":"auto","background-attachment":"scroll","background-type":"","background-media":"","overlay-type":"","overlay-color":"","overlay-opacity":"","overlay-gradient":""},"tablet":{"background-color":"","background-image":"","background-repeat":"repeat","background-position":"center center","background-size":"auto","background-attachment":"scroll","background-type":"","background-media":"","overlay-type":"","overlay-color":"","overlay-opacity":"","overlay-gradient":""},"mobile":{"background-color":"","background-image":"","background-repeat":"repeat","background-position":"center center","background-size":"auto","background-attachment":"scroll","background-type":"","background-media":"","overlay-type":"","overlay-color":"","overlay-opacity":"","overlay-gradient":""}},"ast-content-background-meta":{"desktop":{"background-color":"var(--ast-global-color-5)","background-image":"","background-repeat":"repeat","background-position":"center center","background-size":"auto","background-attachment":"scroll","background-type":"","background-media":"","overlay-type":"","overlay-color":"","overlay-opacity":"","overlay-gradient":""},"tablet":{"background-color":"var(--ast-global-color-5)","background-image":"","background-repeat":"repeat","background-position":"center center","background-size":"auto","background-attachment":"scroll","background-type":"","background-media":"","overlay-type":"","overlay-color":"","overlay-opacity":"","overlay-gradient":""},"mobile":{"background-color":"var(--ast-global-color-5)","background-image":"","background-repeat":"repeat","background-position":"center center","background-size":"auto","background-attachment":"scroll","background-type":"","background-media":"","overlay-type":"","overlay-color":"","overlay-opacity":"","overlay-gradient":""}},"footnotes":""},"class_list":["post-7560","page","type-page","status-publish","hentry"],"_links":{"self":[{"href":"https:\/\/www.est.ufmg.br\/portal\/wp-json\/wp\/v2\/pages\/7560","targetHints":{"allow":["GET"]}}],"collection":[{"href":"https:\/\/www.est.ufmg.br\/portal\/wp-json\/wp\/v2\/pages"}],"about":[{"href":"https:\/\/www.est.ufmg.br\/portal\/wp-json\/wp\/v2\/types\/page"}],"author":[{"embeddable":true,"href":"https:\/\/www.est.ufmg.br\/portal\/wp-json\/wp\/v2\/users\/1"}],"replies":[{"embeddable":true,"href":"https:\/\/www.est.ufmg.br\/portal\/wp-json\/wp\/v2\/comments?post=7560"}],"version-history":[{"count":259,"href":"https:\/\/www.est.ufmg.br\/portal\/wp-json\/wp\/v2\/pages\/7560\/revisions"}],"predecessor-version":[{"id":17134,"href":"https:\/\/www.est.ufmg.br\/portal\/wp-json\/wp\/v2\/pages\/7560\/revisions\/17134"}],"wp:attachment":[{"href":"https:\/\/www.est.ufmg.br\/portal\/wp-json\/wp\/v2\/media?parent=7560"}],"curies":[{"name":"wp","href":"https:\/\/api.w.org\/{rel}","templated":true}]}}