{"id":7563,"date":"2023-03-10T11:35:37","date_gmt":"2023-03-10T14:35:37","guid":{"rendered":"https:\/\/www.est.ufmg.br\/portal\/?page_id=7563"},"modified":"2026-03-19T12:52:47","modified_gmt":"2026-03-19T15:52:47","slug":"concurso-substitutos","status":"publish","type":"page","link":"https:\/\/www.est.ufmg.br\/portal\/concurso-substitutos\/","title":{"rendered":"Concurso &#8211; Substitutos"},"content":{"rendered":"\t\t<div data-elementor-type=\"wp-page\" data-elementor-id=\"7563\" class=\"elementor elementor-7563\" data-elementor-post-type=\"page\">\n\t\t\t\t\t\t<section class=\"elementor-section elementor-top-section elementor-element elementor-element-de7d9b9 elementor-section-full_width elementor-section-height-default elementor-section-height-default\" data-id=\"de7d9b9\" data-element_type=\"section\" data-e-type=\"section\" data-settings=\"{&quot;background_background&quot;:&quot;classic&quot;}\">\n\t\t\t\t\t\t<div class=\"elementor-container elementor-column-gap-default\">\n\t\t\t\t\t<div class=\"elementor-column elementor-col-100 elementor-top-column elementor-element elementor-element-98988de\" data-id=\"98988de\" data-element_type=\"column\" data-e-type=\"column\">\n\t\t\t<div class=\"elementor-widget-wrap elementor-element-populated\">\n\t\t\t\t\t\t<div class=\"elementor-element elementor-element-a94c6dd elementor-widget elementor-widget-heading\" data-id=\"a94c6dd\" data-element_type=\"widget\" data-e-type=\"widget\" data-widget_type=\"heading.default\">\n\t\t\t\t<div class=\"elementor-widget-container\">\n\t\t\t\t\t<h2 class=\"elementor-heading-title elementor-size-default\">Concursos - Substituto<\/h2>\t\t\t\t<\/div>\n\t\t\t\t<\/div>\n\t\t\t\t<div class=\"elementor-element elementor-element-d1711dc elementor-widget elementor-widget-text-editor\" data-id=\"d1711dc\" data-element_type=\"widget\" data-e-type=\"widget\" data-widget_type=\"text-editor.default\">\n\t\t\t\t<div class=\"elementor-widget-container\">\n\t\t\t\t\t\t\t\t\t<p style=\"text-align: center;\"><strong>Editais e Resultados<\/strong><\/p>\t\t\t\t\t\t\t\t<\/div>\n\t\t\t\t<\/div>\n\t\t\t\t\t<\/div>\n\t\t<\/div>\n\t\t\t\t\t<\/div>\n\t\t<\/section>\n\t\t\t\t<section class=\"elementor-section elementor-top-section elementor-element elementor-element-d0d4c8f elementor-section-boxed elementor-section-height-default elementor-section-height-default\" data-id=\"d0d4c8f\" data-element_type=\"section\" data-e-type=\"section\">\n\t\t\t\t\t\t<div class=\"elementor-container elementor-column-gap-default\">\n\t\t\t\t\t<div class=\"elementor-column elementor-col-100 elementor-top-column elementor-element elementor-element-98b8c5a\" data-id=\"98b8c5a\" data-element_type=\"column\" data-e-type=\"column\">\n\t\t\t<div class=\"elementor-widget-wrap elementor-element-populated\">\n\t\t\t\t\t\t<div class=\"elementor-element elementor-element-ee406d4 elementor-widget elementor-widget-heading\" data-id=\"ee406d4\" data-element_type=\"widget\" data-e-type=\"widget\" data-widget_type=\"heading.default\">\n\t\t\t\t<div class=\"elementor-widget-container\">\n\t\t\t\t\t<h3 class=\"elementor-heading-title elementor-size-default\">Editais<\/h3>\t\t\t\t<\/div>\n\t\t\t\t<\/div>\n\t\t\t\t<div class=\"elementor-element elementor-element-30dd6a8 elementor-widget elementor-widget-text-editor\" data-id=\"30dd6a8\" data-element_type=\"widget\" data-e-type=\"widget\" data-widget_type=\"text-editor.default\">\n\t\t\t\t<div class=\"elementor-widget-container\">\n\t\t\t\t\t\t\t\t\t<ul><li>PROFESSOR SUBSTITUTO<ul><li><a href=\"https:\/\/www.est.ufmg.br\/portal\/wp-content\/uploads\/2024\/09\/edital_processo_seletivo_prof_substituto_2024.pdf\" target=\"_blank\" rel=\"noopener\">Edital n\u00ba 1.721,\u00a0 de 22 de agosto de 2024<\/a><\/li><li><a href=\"https:\/\/www.est.ufmg.br\/portal\/wp-content\/uploads\/2024\/08\/Barema_Substituto_Edital_1721_agosto_de_2024.pdf\" target=\"_blank\" rel=\"noopener\">Barema<\/a><\/li><li><a href=\"https:\/\/www.est.ufmg.br\/portal\/wp-content\/uploads\/2024\/09\/portaria_selecao_prof_substituto_2024.pdf\" target=\"_blank\" rel=\"noopener\">Portaria n\u00b0 24, de 06 de setembro de 2024<\/a><\/li><li><a href=\"https:\/\/www.est.ufmg.br\/portal\/wp-content\/uploads\/2024\/09\/programa_do_processo_seletivo_substituto_2024.pdf\" target=\"_blank\" rel=\"noopener\">Programa<\/a><\/li><li><a href=\"https:\/\/www.est.ufmg.br\/portal\/wp-content\/uploads\/2024\/09\/resultado_homologacao_inscricoes_substituto_2024.pdf\" target=\"_blank\" rel=\"noopener\">Homologa\u00e7\u00e3o das Inscri\u00e7\u00f5es<\/a><\/li><li><a href=\"https:\/\/www.est.ufmg.br\/portal\/wp-content\/uploads\/2024\/09\/edital_convocacao_substituto_2024.pdf\" target=\"_blank\" rel=\"noopener\">Edital de Convoca\u00e7\u00e3o<\/a><\/li><li><a href=\"https:\/\/www.est.ufmg.br\/portal\/wp-content\/uploads\/2024\/09\/cronograma_e_Informacoes.pdf\" target=\"_blank\" rel=\"noopener\">Cronograma e Informa\u00e7\u00f5es<\/a><\/li><li><a href=\"https:\/\/www.est.ufmg.br\/portal\/wp-content\/uploads\/2024\/09\/parecer_conc_prof_substituto.pdf\" target=\"_blank\" rel=\"noopener\">Parecer Final do Concurso<\/a><\/li><\/ul><\/li><\/ul>\t\t\t\t\t\t\t\t<\/div>\n\t\t\t\t<\/div>\n\t\t\t\t\t<\/div>\n\t\t<\/div>\n\t\t\t\t\t<\/div>\n\t\t<\/section>\n\t\t\t\t<\/div>\n\t\t","protected":false},"excerpt":{"rendered":"<p>Concursos &#8211; Substituto Editais e Resultados Editais PROFESSOR SUBSTITUTO Edital n\u00ba 1.721,\u00a0 de 22 de agosto de 2024 Barema Portaria n\u00b0 24, de 06 de setembro de 2024 Programa Homologa\u00e7\u00e3o das Inscri\u00e7\u00f5es Edital de Convoca\u00e7\u00e3o Cronograma e Informa\u00e7\u00f5es Parecer Final do Concurso<\/p>\n","protected":false},"author":1,"featured_media":0,"parent":0,"menu_order":0,"comment_status":"closed","ping_status":"closed","template":"","meta":{"site-sidebar-layout":"no-sidebar","site-content-layout":"page-builder","ast-site-content-layout":"full-width-container","site-content-style":"unboxed","site-sidebar-style":"unboxed","ast-global-header-display":"","ast-banner-title-visibility":"","ast-main-header-display":"","ast-hfb-above-header-display":"","ast-hfb-below-header-display":"","ast-hfb-mobile-header-display":"","site-post-title":"disabled","ast-breadcrumbs-content":"","ast-featured-img":"disabled","footer-sml-layout":"","ast-disable-related-posts":"","theme-transparent-header-meta":"default","adv-header-id-meta":"","stick-header-meta":"","header-above-stick-meta":"","header-main-stick-meta":"","header-below-stick-meta":"","astra-migrate-meta-layouts":"set","ast-page-background-enabled":"default","ast-page-background-meta":{"desktop":{"background-color":"","background-image":"","background-repeat":"repeat","background-position":"center center","background-size":"auto","background-attachment":"scroll","background-type":"","background-media":"","overlay-type":"","overlay-color":"","overlay-opacity":"","overlay-gradient":""},"tablet":{"background-color":"","background-image":"","background-repeat":"repeat","background-position":"center center","background-size":"auto","background-attachment":"scroll","background-type":"","background-media":"","overlay-type":"","overlay-color":"","overlay-opacity":"","overlay-gradient":""},"mobile":{"background-color":"","background-image":"","background-repeat":"repeat","background-position":"center center","background-size":"auto","background-attachment":"scroll","background-type":"","background-media":"","overlay-type":"","overlay-color":"","overlay-opacity":"","overlay-gradient":""}},"ast-content-background-meta":{"desktop":{"background-color":"var(--ast-global-color-5)","background-image":"","background-repeat":"repeat","background-position":"center center","background-size":"auto","background-attachment":"scroll","background-type":"","background-media":"","overlay-type":"","overlay-color":"","overlay-opacity":"","overlay-gradient":""},"tablet":{"background-color":"var(--ast-global-color-5)","background-image":"","background-repeat":"repeat","background-position":"center center","background-size":"auto","background-attachment":"scroll","background-type":"","background-media":"","overlay-type":"","overlay-color":"","overlay-opacity":"","overlay-gradient":""},"mobile":{"background-color":"var(--ast-global-color-5)","background-image":"","background-repeat":"repeat","background-position":"center center","background-size":"auto","background-attachment":"scroll","background-type":"","background-media":"","overlay-type":"","overlay-color":"","overlay-opacity":"","overlay-gradient":""}},"footnotes":""},"class_list":["post-7563","page","type-page","status-publish","hentry"],"_links":{"self":[{"href":"https:\/\/www.est.ufmg.br\/portal\/wp-json\/wp\/v2\/pages\/7563","targetHints":{"allow":["GET"]}}],"collection":[{"href":"https:\/\/www.est.ufmg.br\/portal\/wp-json\/wp\/v2\/pages"}],"about":[{"href":"https:\/\/www.est.ufmg.br\/portal\/wp-json\/wp\/v2\/types\/page"}],"author":[{"embeddable":true,"href":"https:\/\/www.est.ufmg.br\/portal\/wp-json\/wp\/v2\/users\/1"}],"replies":[{"embeddable":true,"href":"https:\/\/www.est.ufmg.br\/portal\/wp-json\/wp\/v2\/comments?post=7563"}],"version-history":[{"count":156,"href":"https:\/\/www.est.ufmg.br\/portal\/wp-json\/wp\/v2\/pages\/7563\/revisions"}],"predecessor-version":[{"id":21685,"href":"https:\/\/www.est.ufmg.br\/portal\/wp-json\/wp\/v2\/pages\/7563\/revisions\/21685"}],"wp:attachment":[{"href":"https:\/\/www.est.ufmg.br\/portal\/wp-json\/wp\/v2\/media?parent=7563"}],"curies":[{"name":"wp","href":"https:\/\/api.w.org\/{rel}","templated":true}]}}