{"id":9090,"date":"2023-04-21T15:03:39","date_gmt":"2023-04-21T18:03:39","guid":{"rendered":"https:\/\/www.est.ufmg.br\/portal\/?page_id=9090"},"modified":"2026-03-11T19:16:29","modified_gmt":"2026-03-11T22:16:29","slug":"especializacao-selecao","status":"publish","type":"page","link":"https:\/\/www.est.ufmg.br\/portal\/especializacao-selecao\/","title":{"rendered":"Especializa\u00e7\u00e3o &#8211; Sele\u00e7\u00e3o"},"content":{"rendered":"\t\t<div data-elementor-type=\"wp-page\" data-elementor-id=\"9090\" class=\"elementor elementor-9090\" data-elementor-post-type=\"page\">\n\t\t\t\t\t\t<section class=\"elementor-section elementor-top-section elementor-element elementor-element-c229b46 elementor-section-full_width elementor-section-height-default elementor-section-height-default\" data-id=\"c229b46\" data-element_type=\"section\" data-e-type=\"section\">\n\t\t\t\t\t\t<div class=\"elementor-container elementor-column-gap-no\">\n\t\t\t\t\t<div class=\"elementor-column elementor-col-100 elementor-top-column elementor-element elementor-element-c6717a3\" data-id=\"c6717a3\" data-element_type=\"column\" data-e-type=\"column\">\n\t\t\t<div class=\"elementor-widget-wrap elementor-element-populated\">\n\t\t\t\t\t\t<div class=\"elementor-element elementor-element-5560001 elementor-widget elementor-widget-shortcode\" data-id=\"5560001\" data-element_type=\"widget\" data-e-type=\"widget\" data-widget_type=\"shortcode.default\">\n\t\t\t\t<div class=\"elementor-widget-container\">\n\t\t\t\t\t\t\t<div class=\"elementor-shortcode\">\t\t<div data-elementor-type=\"section\" data-elementor-id=\"8905\" class=\"elementor elementor-8905\" data-elementor-post-type=\"elementor_library\">\n\t\t\t\t\t<section class=\"elementor-section elementor-top-section elementor-element elementor-element-5ab4205 elementor-section-full_width elementor-section-height-default elementor-section-height-default\" data-id=\"5ab4205\" data-element_type=\"section\" data-e-type=\"section\" id=\"menu-atuariais\" data-settings=\"{&quot;background_background&quot;:&quot;classic&quot;}\">\n\t\t\t\t\t\t\t<div class=\"elementor-background-overlay\"><\/div>\n\t\t\t\t\t\t\t<div class=\"elementor-container elementor-column-gap-default\">\n\t\t\t\t\t<div class=\"elementor-column elementor-col-100 elementor-top-column elementor-element elementor-element-76935d4f\" data-id=\"76935d4f\" data-element_type=\"column\" data-e-type=\"column\">\n\t\t\t<div class=\"elementor-widget-wrap elementor-element-populated\">\n\t\t\t\t\t\t<div class=\"elementor-element elementor-element-52f9e110 elementor-widget elementor-widget-heading\" data-id=\"52f9e110\" data-element_type=\"widget\" data-e-type=\"widget\" data-widget_type=\"heading.default\">\n\t\t\t\t<div class=\"elementor-widget-container\">\n\t\t\t\t\t<h2 class=\"elementor-heading-title elementor-size-default\">Especializa\u00e7\u00e3o - Estat\u00edstica<\/h2>\t\t\t\t<\/div>\n\t\t\t\t<\/div>\n\t\t\t\t\t<\/div>\n\t\t<\/div>\n\t\t\t\t\t<\/div>\n\t\t<\/section>\n\t\t\t\t<section class=\"elementor-section elementor-top-section elementor-element elementor-element-f39a027 elementor-section-full_width elementor-section-height-default elementor-section-height-default\" data-id=\"f39a027\" data-element_type=\"section\" data-e-type=\"section\" data-settings=\"{&quot;sticky&quot;:&quot;top&quot;,&quot;sticky_on&quot;:[&quot;desktop&quot;,&quot;tablet&quot;,&quot;mobile&quot;],&quot;sticky_offset&quot;:0,&quot;sticky_effects_offset&quot;:0,&quot;sticky_anchor_link_offset&quot;:0}\">\n\t\t\t\t\t\t<div class=\"elementor-container elementor-column-gap-no\">\n\t\t\t\t\t<div class=\"elementor-column elementor-col-100 elementor-top-column elementor-element elementor-element-1db3ec8\" data-id=\"1db3ec8\" data-element_type=\"column\" data-e-type=\"column\">\n\t\t\t<div class=\"elementor-widget-wrap elementor-element-populated\">\n\t\t\t\t\t\t<div class=\"elementor-element elementor-element-f1e33ba elementor-icon-list--layout-inline elementor-align-center menu-esp-estatistica elementor-list-item-link-full_width elementor-widget elementor-widget-icon-list\" data-id=\"f1e33ba\" data-element_type=\"widget\" data-e-type=\"widget\" data-widget_type=\"icon-list.default\">\n\t\t\t\t<div class=\"elementor-widget-container\">\n\t\t\t\t\t\t\t<ul class=\"elementor-icon-list-items elementor-inline-items\">\n\t\t\t\t\t\t\t<li class=\"elementor-icon-list-item elementor-inline-item\">\n\t\t\t\t\t\t\t\t\t\t\t<a href=\"https:\/\/www.est.ufmg.br\/portal\/\">\n\n\t\t\t\t\t\t\t\t\t\t\t\t<span class=\"elementor-icon-list-icon\">\n\t\t\t\t\t\t\t<i aria-hidden=\"true\" class=\"fas fa-home\"><\/i>\t\t\t\t\t\t<\/span>\n\t\t\t\t\t\t\t\t\t\t<span class=\"elementor-icon-list-text\">Home DEST <\/span>\n\t\t\t\t\t\t\t\t\t\t\t<\/a>\n\t\t\t\t\t\t\t\t\t<\/li>\n\t\t\t\t\t\t\t\t<li class=\"elementor-icon-list-item elementor-inline-item\">\n\t\t\t\t\t\t\t\t\t\t\t<a href=\"https:\/\/www.est.ufmg.br\/portal\/pos-graduacao\/\">\n\n\t\t\t\t\t\t\t\t\t\t\t\t<span class=\"elementor-icon-list-icon\">\n\t\t\t\t\t\t\t<i aria-hidden=\"true\" class=\"fas fa-home\"><\/i>\t\t\t\t\t\t<\/span>\n\t\t\t\t\t\t\t\t\t\t<span class=\"elementor-icon-list-text\">Home P\u00f3s-gradua\u00e7\u00e3o<\/span>\n\t\t\t\t\t\t\t\t\t\t\t<\/a>\n\t\t\t\t\t\t\t\t\t<\/li>\n\t\t\t\t\t\t\t\t<li class=\"elementor-icon-list-item elementor-inline-item\">\n\t\t\t\t\t\t\t\t\t\t\t<a href=\"https:\/\/www.est.ufmg.br\/portal\/especializacao-corpo-docente\">\n\n\t\t\t\t\t\t\t\t\t\t\t\t<span class=\"elementor-icon-list-icon\">\n\t\t\t\t\t\t\t<i aria-hidden=\"true\" class=\"fas fa-users\"><\/i>\t\t\t\t\t\t<\/span>\n\t\t\t\t\t\t\t\t\t\t<span class=\"elementor-icon-list-text\">Corpo Docente<\/span>\n\t\t\t\t\t\t\t\t\t\t\t<\/a>\n\t\t\t\t\t\t\t\t\t<\/li>\n\t\t\t\t\t\t\t\t<li class=\"elementor-icon-list-item elementor-inline-item\">\n\t\t\t\t\t\t\t\t\t\t\t<a href=\"https:\/\/www.est.ufmg.br\/portal\/especializacao-estrutura-curricular\">\n\n\t\t\t\t\t\t\t\t\t\t\t\t<span class=\"elementor-icon-list-icon\">\n\t\t\t\t\t\t\t<i aria-hidden=\"true\" class=\"fas fa-chart-area\"><\/i>\t\t\t\t\t\t<\/span>\n\t\t\t\t\t\t\t\t\t\t<span class=\"elementor-icon-list-text\">Estrutura Curricular<\/span>\n\t\t\t\t\t\t\t\t\t\t\t<\/a>\n\t\t\t\t\t\t\t\t\t<\/li>\n\t\t\t\t\t\t\t\t<li class=\"elementor-icon-list-item elementor-inline-item\">\n\t\t\t\t\t\t\t\t\t\t\t<a href=\"https:\/\/www.est.ufmg.br\/portal\/especializacao-ementas\">\n\n\t\t\t\t\t\t\t\t\t\t\t\t<span class=\"elementor-icon-list-icon\">\n\t\t\t\t\t\t\t<i aria-hidden=\"true\" class=\"fas fa-copy\"><\/i>\t\t\t\t\t\t<\/span>\n\t\t\t\t\t\t\t\t\t\t<span class=\"elementor-icon-list-text\">Ementas<\/span>\n\t\t\t\t\t\t\t\t\t\t\t<\/a>\n\t\t\t\t\t\t\t\t\t<\/li>\n\t\t\t\t\t\t\t\t<li class=\"elementor-icon-list-item elementor-inline-item\">\n\t\t\t\t\t\t\t\t\t\t\t<a href=\"https:\/\/www.est.ufmg.br\/portal\/especializacao-formularios\">\n\n\t\t\t\t\t\t\t\t\t\t\t\t<span class=\"elementor-icon-list-icon\">\n\t\t\t\t\t\t\t<i aria-hidden=\"true\" class=\"far fa-file-word\"><\/i>\t\t\t\t\t\t<\/span>\n\t\t\t\t\t\t\t\t\t\t<span class=\"elementor-icon-list-text\">Formul\u00e1rios<\/span>\n\t\t\t\t\t\t\t\t\t\t\t<\/a>\n\t\t\t\t\t\t\t\t\t<\/li>\n\t\t\t\t\t\t\t\t<li class=\"elementor-icon-list-item elementor-inline-item\">\n\t\t\t\t\t\t\t\t\t\t\t<a href=\"https:\/\/www.est.ufmg.br\/portal\/especializacao-monografias\">\n\n\t\t\t\t\t\t\t\t\t\t\t\t<span class=\"elementor-icon-list-icon\">\n\t\t\t\t\t\t\t<i aria-hidden=\"true\" class=\"fas fa-book\"><\/i>\t\t\t\t\t\t<\/span>\n\t\t\t\t\t\t\t\t\t\t<span class=\"elementor-icon-list-text\">Monografias<\/span>\n\t\t\t\t\t\t\t\t\t\t\t<\/a>\n\t\t\t\t\t\t\t\t\t<\/li>\n\t\t\t\t\t\t\t\t<li class=\"elementor-icon-list-item elementor-inline-item\">\n\t\t\t\t\t\t\t\t\t\t\t<a href=\"https:\/\/www.est.ufmg.br\/portal\/especializacao-selecao\">\n\n\t\t\t\t\t\t\t\t\t\t\t\t<span class=\"elementor-icon-list-icon\">\n\t\t\t\t\t\t\t<i aria-hidden=\"true\" class=\"far fa-id-badge\"><\/i>\t\t\t\t\t\t<\/span>\n\t\t\t\t\t\t\t\t\t\t<span class=\"elementor-icon-list-text\">Sele\u00e7\u00e3o<\/span>\n\t\t\t\t\t\t\t\t\t\t\t<\/a>\n\t\t\t\t\t\t\t\t\t<\/li>\n\t\t\t\t\t\t\t\t<li class=\"elementor-icon-list-item elementor-inline-item\">\n\t\t\t\t\t\t\t\t\t\t\t<a href=\"https:\/\/www.est.ufmg.br\/portal\/especializacao-contato\">\n\n\t\t\t\t\t\t\t\t\t\t\t\t<span class=\"elementor-icon-list-icon\">\n\t\t\t\t\t\t\t<i aria-hidden=\"true\" class=\"far fa-envelope\"><\/i>\t\t\t\t\t\t<\/span>\n\t\t\t\t\t\t\t\t\t\t<span class=\"elementor-icon-list-text\">Contato <\/span>\n\t\t\t\t\t\t\t\t\t\t\t<\/a>\n\t\t\t\t\t\t\t\t\t<\/li>\n\t\t\t\t\t\t<\/ul>\n\t\t\t\t\t\t<\/div>\n\t\t\t\t<\/div>\n\t\t\t\t\t<\/div>\n\t\t<\/div>\n\t\t\t\t\t<\/div>\n\t\t<\/section>\n\t\t\t\t<\/div>\n\t\t<\/div>\n\t\t\t\t\t\t<\/div>\n\t\t\t\t<\/div>\n\t\t\t\t<div class=\"elementor-element elementor-element-f68091c elementor-widget elementor-widget-heading\" data-id=\"f68091c\" data-element_type=\"widget\" data-e-type=\"widget\" data-widget_type=\"heading.default\">\n\t\t\t\t<div class=\"elementor-widget-container\">\n\t\t\t\t\t<h2 class=\"elementor-heading-title elementor-size-default\">Processo Seletivo<\/h2>\t\t\t\t<\/div>\n\t\t\t\t<\/div>\n\t\t\t\t<div class=\"elementor-element elementor-element-270b0d8 elementor-widget elementor-widget-spacer\" data-id=\"270b0d8\" data-element_type=\"widget\" data-e-type=\"widget\" data-widget_type=\"spacer.default\">\n\t\t\t\t<div class=\"elementor-widget-container\">\n\t\t\t\t\t\t\t<div class=\"elementor-spacer\">\n\t\t\t<div class=\"elementor-spacer-inner\"><\/div>\n\t\t<\/div>\n\t\t\t\t\t\t<\/div>\n\t\t\t\t<\/div>\n\t\t\t\t\t<\/div>\n\t\t<\/div>\n\t\t\t\t\t<\/div>\n\t\t<\/section>\n\t\t\t\t<section class=\"elementor-section elementor-top-section elementor-element elementor-element-fadbf1c elementor-section-boxed elementor-section-height-default elementor-section-height-default\" data-id=\"fadbf1c\" data-element_type=\"section\" data-e-type=\"section\">\n\t\t\t\t\t\t<div class=\"elementor-container elementor-column-gap-default\">\n\t\t\t\t\t<div class=\"elementor-column elementor-col-100 elementor-top-column elementor-element elementor-element-c070387\" data-id=\"c070387\" data-element_type=\"column\" data-e-type=\"column\">\n\t\t\t<div class=\"elementor-widget-wrap elementor-element-populated\">\n\t\t\t\t\t\t<div class=\"elementor-element elementor-element-be0f283 elementor-widget elementor-widget-text-editor\" data-id=\"be0f283\" data-element_type=\"widget\" data-e-type=\"widget\" data-widget_type=\"text-editor.default\">\n\t\t\t\t<div class=\"elementor-widget-container\">\n\t\t\t\t\t\t\t\t\t<p><img decoding=\"async\" src=\"https:\/\/www.est.ufmg.br\/portal\/wp-content\/uploads\/2022\/12\/check.png\" alt=\"\" width=\"40\" height=\"34\"><strong>RESULTADO FINAL DOS APROVADOS<\/strong><\/p>\n<p><img decoding=\"async\" src=\"https:\/\/www.est.ufmg.br\/portal\/wp-content\/uploads\/2022\/12\/check.png\" alt=\"\" width=\"40\" height=\"34\"><strong>RESULTADO FINAL DA HOMOLOGA\u00c7\u00c3O DAS INSCRI\u00c7\u00d5ES&nbsp;<\/strong><\/p>\n<p><img decoding=\"async\" src=\"https:\/\/www.est.ufmg.br\/portal\/wp-content\/uploads\/2022\/12\/check.png\" alt=\"\" width=\"40\" height=\"34\"><strong>DECLARA\u00c7\u00c3O DE INEXIST\u00caNCIA DE IMPEDIMENTO E SUSPEI\u00c7\u00c3O<\/strong><\/p>\n<p><img decoding=\"async\" style=\"font-weight: bold;\" src=\"https:\/\/www.est.ufmg.br\/portal\/wp-content\/uploads\/2022\/12\/check.png\" alt=\"\" width=\"40\" height=\"34\"><strong>RESULTADO DA HOMOLOGA\u00c7\u00c3O DAS INSCRI\u00c7\u00d5ES<\/strong><\/p>\n<p><img decoding=\"async\" style=\"font-weight: bold;\" src=\"https:\/\/www.est.ufmg.br\/portal\/wp-content\/uploads\/2022\/12\/check.png\" alt=\"\" width=\"40\" height=\"34\"><b>RETIFICA\u00c7\u00c3O DO EDITAL<\/b><\/p>\n<p><img decoding=\"async\" style=\"font-weight: bold;\" src=\"https:\/\/www.est.ufmg.br\/portal\/wp-content\/uploads\/2022\/12\/check.png\" alt=\"\" width=\"40\" height=\"34\"><strong>BOLSAS PARA CARENTES<\/strong><\/p>\n<p><img decoding=\"async\" style=\"font-weight: bold;\" src=\"https:\/\/www.est.ufmg.br\/portal\/wp-content\/uploads\/2022\/12\/check.png\" alt=\"\" width=\"40\" height=\"34\"><strong><a href=\"https:\/\/www.est.ufmg.br\/portal\/especializacao-spoiler\/\" target=\"_blank\" rel=\"noopener\">SPOILER DE ALGUNS CONTE\u00daDOS DO CURSO<\/a><\/strong><\/p>\n<p><b style=\"font-style: inherit;\">PARA INFORMA\u00c7\u00c3O COMPLETA, VER EDITAL ABAIXO:<\/b><\/p>\n<p><img decoding=\"async\" style=\"font-weight: bold;\" src=\"https:\/\/www.est.ufmg.br\/portal\/wp-content\/uploads\/2022\/12\/check.png\" alt=\"\" width=\"40\" height=\"34\"><span style=\"font-weight: bold;\">EDITAL:<\/span><b style=\"font-style: inherit;\"><br><\/b><\/p>\n<ul>\n<li><a href=\"https:\/\/www.est.ufmg.br\/portal\/wp-content\/uploads\/2026\/01\/retificacao_do_edital_especializacao_em_estatistica_computacional_aplicada_2026.pdf\" target=\"_blank\" rel=\"noopener\">Retifica\u00e7\u00e3o do Edital&nbsp;<\/a><\/li>\n<li><a href=\"https:\/\/www.est.ufmg.br\/portal\/wp-content\/uploads\/2025\/11\/Edital_Especializacao_2026.pdf\" target=\"_blank\" rel=\"noopener\">Edital de Sele\u00e7\u00e3o &#8211; 2026\/1\u00ba<\/a><\/li>\n<\/ul>\n<p><img decoding=\"async\" src=\"https:\/\/www.est.ufmg.br\/portal\/wp-content\/uploads\/2022\/12\/check.png\" alt=\"\" width=\"40\" height=\"34\"><strong style=\"font-style: inherit;\">PER\u00cdODO DE INSCRI\u00c7\u00c3O:<\/strong><\/p>\n<p>No per\u00edodo de 01 de dezembro de 2025 a 23 de janeiro de 2026, estar\u00e3o abertas as inscri\u00e7\u00f5es para a Sele\u00e7\u00e3o 2026 de candidatos(as) ao Curso de Especializa\u00e7\u00e3o em Estat\u00edstica Computacional Aplicada do Departamento de Estat\u00edstica do ICEx\/UFMG.<\/p>\n<p><strong><img decoding=\"async\" src=\"https:\/\/www.est.ufmg.br\/portal\/wp-content\/uploads\/2022\/12\/check.png\" alt=\"\" width=\"40\" height=\"34\"><span style=\"font-size: 1rem;\">INSCRI\u00c7\u00d5ES:<\/span><\/strong><\/p>\n<p>Para participar da sele\u00e7\u00e3o, o candidato dever\u00e1, at\u00e9 o prazo final das inscri\u00e7\u00f5es, se inscrever pelo site Cursos e Eventos da UFMG (<a href=\"https:\/\/www.cursoseeventos.ufmg.br\/CAE\/DetalharCae.aspx?CAE=12245\" target=\"_blank\" rel=\"noopener\">https:\/\/www.cursoseeventos.ufmg.br\/CAE\/DetalharCae.aspx?CAE=12245<\/a>), pagar a taxa de inscri\u00e7\u00e3o no valor de R$ 60,00 (sessenta reais) e encaminhar os documentos solicitados no item 3.2, do Edital, diretamente no formul\u00e1rio&nbsp;<a style=\"background-color: #ffffff; font-size: 1rem;\" href=\"https:\/\/forms.gle\/2NLShrbgCKaURXEQ9\" target=\"_blank\" rel=\"noopener\">https:\/\/forms.gle\/2NLShrbgCKaURXEQ9<\/a><\/p>\n<p><strong>Aten\u00e7\u00e3o: as&nbsp;<\/strong><strong style=\"font-style: inherit;\">inscri\u00e7\u00f5es ser\u00e3o efetivadas somente ap\u00f3s as seguintes etapas:<\/strong><\/p>\n<ul>\n<li>Inscri\u00e7\u00e3o na FUNDEP (R$ 60,00)<\/li>\n<li>Envio dos documentos<\/li>\n<\/ul>\n<p><strong><img decoding=\"async\" src=\"https:\/\/www.est.ufmg.br\/portal\/wp-content\/uploads\/2022\/12\/check.png\" alt=\"\" width=\"40\" height=\"34\">HOMOLOGA\u00c7\u00c3O DAS INSCRI\u00c7\u00d5ES:<\/strong><\/p>\n<p>O resultado preliminar das inscri\u00e7\u00f5es homologadas ser\u00e1 divulgado no dia 02\/02\/2026, no site <a href=\"https:\/\/www.est.ufmg.br\/portal\/especializacao-selecao\" target=\"_blank\" rel=\"noopener\">https:\/\/www.est.ufmg.br\/portal\/especializacao-selecao<\/a><\/p>\n<p><strong><img decoding=\"async\" src=\"https:\/\/www.est.ufmg.br\/portal\/wp-content\/uploads\/2022\/12\/check.png\" alt=\"\" width=\"40\" height=\"34\">INVESTIMENTO:<\/strong><\/p>\n<p>Valor \u00e0 vista: R$ 13.110,00 <br>Valor \u00e0 prazo: R$ 13.110,00<br>N\u00ba de parcelas: 19 sendo, 1\u00aa parcela com vencimento no dia seguinte \u00e0 matr\u00edcula e as demais parcelas com vencimento todo dia 10 de cada m\u00eas, valor de cada parcela R$690,00<\/p>\n<p>Forma de pagamento: \u00e0<span style=\"font-style: inherit; font-weight: inherit;\">&nbsp;vista ou parcelado.<\/span><\/p>\n<p><strong><img decoding=\"async\" src=\"https:\/\/www.est.ufmg.br\/portal\/wp-content\/uploads\/2022\/12\/check.png\" alt=\"\" width=\"40\" height=\"34\">MATR\u00cdCULA:<\/strong><\/p>\n<ul>\n<li>FUNDEP: 24\/02\/2026 a 28\/02\/2026 (R$ 690,00)<\/li>\n<li>Cadastro Pr\u00e9vio no DRCA: 24\/02\/2026 a 28\/02\/2026, mediante o preenchimento de formul\u00e1rio dispon\u00edvel no site <a href=\"https:\/\/sistemas.ufmg.br\/cadastroprevio\" target=\"_blank\" rel=\"noopener\">https:\/\/sistemas.ufmg.br\/cadastroprevio<\/a><\/li>\n<\/ul>\t\t\t\t\t\t\t\t<\/div>\n\t\t\t\t<\/div>\n\t\t\t\t\t<\/div>\n\t\t<\/div>\n\t\t\t\t\t<\/div>\n\t\t<\/section>\n\t\t\t\t<\/div>\n\t\t","protected":false},"excerpt":{"rendered":"<p>Processo Seletivo RESULTADO FINAL DOS APROVADOS RESULTADO FINAL DA HOMOLOGA\u00c7\u00c3O DAS INSCRI\u00c7\u00d5ES&nbsp; DECLARA\u00c7\u00c3O DE INEXIST\u00caNCIA DE IMPEDIMENTO E SUSPEI\u00c7\u00c3O RESULTADO DA HOMOLOGA\u00c7\u00c3O DAS INSCRI\u00c7\u00d5ES RETIFICA\u00c7\u00c3O DO EDITAL BOLSAS PARA CARENTES SPOILER DE ALGUNS CONTE\u00daDOS DO CURSO PARA INFORMA\u00c7\u00c3O COMPLETA, VER EDITAL ABAIXO: EDITAL: Retifica\u00e7\u00e3o do Edital&nbsp; Edital de Sele\u00e7\u00e3o &#8211; 2026\/1\u00ba PER\u00cdODO DE INSCRI\u00c7\u00c3O: No [&hellip;]<\/p>\n","protected":false},"author":35,"featured_media":0,"parent":0,"menu_order":0,"comment_status":"closed","ping_status":"closed","template":"","meta":{"site-sidebar-layout":"no-sidebar","site-content-layout":"page-builder","ast-site-content-layout":"default","site-content-style":"default","site-sidebar-style":"default","ast-global-header-display":"","ast-banner-title-visibility":"","ast-main-header-display":"","ast-hfb-above-header-display":"","ast-hfb-below-header-display":"","ast-hfb-mobile-header-display":"","site-post-title":"disabled","ast-breadcrumbs-content":"","ast-featured-img":"disabled","footer-sml-layout":"","ast-disable-related-posts":"","theme-transparent-header-meta":"default","adv-header-id-meta":"","stick-header-meta":"","header-above-stick-meta":"","header-main-stick-meta":"","header-below-stick-meta":"","astra-migrate-meta-layouts":"default","ast-page-background-enabled":"default","ast-page-background-meta":{"desktop":{"background-color":"","background-image":"","background-repeat":"repeat","background-position":"center center","background-size":"auto","background-attachment":"scroll","background-type":"","background-media":"","overlay-type":"","overlay-color":"","overlay-opacity":"","overlay-gradient":""},"tablet":{"background-color":"","background-image":"","background-repeat":"repeat","background-position":"center center","background-size":"auto","background-attachment":"scroll","background-type":"","background-media":"","overlay-type":"","overlay-color":"","overlay-opacity":"","overlay-gradient":""},"mobile":{"background-color":"","background-image":"","background-repeat":"repeat","background-position":"center center","background-size":"auto","background-attachment":"scroll","background-type":"","background-media":"","overlay-type":"","overlay-color":"","overlay-opacity":"","overlay-gradient":""}},"ast-content-background-meta":{"desktop":{"background-color":"var(--ast-global-color-5)","background-image":"","background-repeat":"repeat","background-position":"center center","background-size":"auto","background-attachment":"scroll","background-type":"","background-media":"","overlay-type":"","overlay-color":"","overlay-opacity":"","overlay-gradient":""},"tablet":{"background-color":"var(--ast-global-color-5)","background-image":"","background-repeat":"repeat","background-position":"center center","background-size":"auto","background-attachment":"scroll","background-type":"","background-media":"","overlay-type":"","overlay-color":"","overlay-opacity":"","overlay-gradient":""},"mobile":{"background-color":"var(--ast-global-color-5)","background-image":"","background-repeat":"repeat","background-position":"center center","background-size":"auto","background-attachment":"scroll","background-type":"","background-media":"","overlay-type":"","overlay-color":"","overlay-opacity":"","overlay-gradient":""}},"footnotes":""},"class_list":["post-9090","page","type-page","status-publish","hentry"],"_links":{"self":[{"href":"https:\/\/www.est.ufmg.br\/portal\/wp-json\/wp\/v2\/pages\/9090","targetHints":{"allow":["GET"]}}],"collection":[{"href":"https:\/\/www.est.ufmg.br\/portal\/wp-json\/wp\/v2\/pages"}],"about":[{"href":"https:\/\/www.est.ufmg.br\/portal\/wp-json\/wp\/v2\/types\/page"}],"author":[{"embeddable":true,"href":"https:\/\/www.est.ufmg.br\/portal\/wp-json\/wp\/v2\/users\/35"}],"replies":[{"embeddable":true,"href":"https:\/\/www.est.ufmg.br\/portal\/wp-json\/wp\/v2\/comments?post=9090"}],"version-history":[{"count":289,"href":"https:\/\/www.est.ufmg.br\/portal\/wp-json\/wp\/v2\/pages\/9090\/revisions"}],"predecessor-version":[{"id":21647,"href":"https:\/\/www.est.ufmg.br\/portal\/wp-json\/wp\/v2\/pages\/9090\/revisions\/21647"}],"wp:attachment":[{"href":"https:\/\/www.est.ufmg.br\/portal\/wp-json\/wp\/v2\/media?parent=9090"}],"curies":[{"name":"wp","href":"https:\/\/api.w.org\/{rel}","templated":true}]}}