{"id":9342,"date":"2023-04-27T10:10:51","date_gmt":"2023-04-27T13:10:51","guid":{"rendered":"https:\/\/www.est.ufmg.br\/portal\/?page_id=9342"},"modified":"2023-04-27T10:12:49","modified_gmt":"2023-04-27T13:12:49","slug":"dia-do-atuario","status":"publish","type":"page","link":"https:\/\/www.est.ufmg.br\/portal\/dia-do-atuario\/","title":{"rendered":"Dia do Atu\u00e1rio"},"content":{"rendered":"\t\t<div data-elementor-type=\"wp-page\" data-elementor-id=\"9342\" class=\"elementor elementor-9342\" data-elementor-post-type=\"page\">\n\t\t\t\t\t\t<section class=\"elementor-section elementor-top-section elementor-element elementor-element-0c39d07 elementor-section-full_width elementor-section-height-default elementor-section-height-default\" data-id=\"0c39d07\" data-element_type=\"section\" data-e-type=\"section\" data-settings=\"{&quot;background_background&quot;:&quot;classic&quot;}\">\n\t\t\t\t\t\t<div class=\"elementor-container elementor-column-gap-default\">\n\t\t\t\t\t<div class=\"elementor-column elementor-col-100 elementor-top-column elementor-element elementor-element-71c8abf\" data-id=\"71c8abf\" data-element_type=\"column\" data-e-type=\"column\">\n\t\t\t<div class=\"elementor-widget-wrap elementor-element-populated\">\n\t\t\t\t\t\t<div class=\"elementor-element elementor-element-cd9df16 elementor-widget elementor-widget-heading\" data-id=\"cd9df16\" data-element_type=\"widget\" data-e-type=\"widget\" data-widget_type=\"heading.default\">\n\t\t\t\t<div class=\"elementor-widget-container\">\n\t\t\t\t\t<h2 class=\"elementor-heading-title elementor-size-default\">II Encontro Comemorativo ao Dia do Atu\u00e1rio<\/h2>\t\t\t\t<\/div>\n\t\t\t\t<\/div>\n\t\t\t\t\t<\/div>\n\t\t<\/div>\n\t\t\t\t\t<\/div>\n\t\t<\/section>\n\t\t\t\t<section class=\"elementor-section elementor-top-section elementor-element elementor-element-2dcd494 elementor-section-boxed elementor-section-height-default elementor-section-height-default\" data-id=\"2dcd494\" data-element_type=\"section\" data-e-type=\"section\">\n\t\t\t\t\t\t<div class=\"elementor-container elementor-column-gap-default\">\n\t\t\t\t\t<div class=\"elementor-column elementor-col-100 elementor-top-column elementor-element elementor-element-8cd98ef\" data-id=\"8cd98ef\" data-element_type=\"column\" data-e-type=\"column\">\n\t\t\t<div class=\"elementor-widget-wrap elementor-element-populated\">\n\t\t\t\t\t\t\t<\/div>\n\t\t<\/div>\n\t\t\t\t\t<\/div>\n\t\t<\/section>\n\t\t\t\t<section class=\"elementor-section elementor-top-section elementor-element elementor-element-fd54041 elementor-section-boxed elementor-section-height-default elementor-section-height-default\" data-id=\"fd54041\" data-element_type=\"section\" data-e-type=\"section\">\n\t\t\t\t\t\t<div class=\"elementor-container elementor-column-gap-default\">\n\t\t\t\t\t<div class=\"elementor-column elementor-col-100 elementor-top-column elementor-element elementor-element-31bfce1\" data-id=\"31bfce1\" data-element_type=\"column\" data-e-type=\"column\">\n\t\t\t<div class=\"elementor-widget-wrap elementor-element-populated\">\n\t\t\t\t\t\t<div class=\"elementor-element elementor-element-c58b27a elementor-widget elementor-widget-text-editor\" data-id=\"c58b27a\" data-element_type=\"widget\" data-e-type=\"widget\" data-widget_type=\"text-editor.default\">\n\t\t\t\t<div class=\"elementor-widget-container\">\n\t\t\t\t\t\t\t\t\t<p>\u00c9 com grande satisfa\u00e7\u00e3o que informamos que o colegiado do curso de gradua\u00e7\u00e3o em Ci\u00eancias Atuariais da UFMG, em colabora\u00e7\u00e3o com os departamentos de Estat\u00edstica e Demografia, est\u00e1 organizando o II Encontro Comemorativo do Dia do Atu\u00e1rio, que ocorrer\u00e1 no Audit\u00f3rio 3 do ICEx no dia 12 de maio. O evento celebra n\u00e3o apenas o Dia do Atu\u00e1rio, mas tamb\u00e9m os 22 anos do curso de Ci\u00eancias Atuariais da UFMG. Dessa forma, convidamos os estudantes, professores e t\u00e9cnicos da UFMG, bem como comunidade externa, para se juntarem a n\u00f3s na celebra\u00e7\u00e3o. Importantes atu\u00e1rios do mercado de trabalho proferir\u00e3o palestras entre 8h00 e 11h30, bem como teremos a realiza\u00e7\u00e3o de um minicurso sobre investimentos de 13h00 \u00e0s 17h00. Acessem o link abaixo para se inscreverem e obterem mais informa\u00e7\u00f5es sobre o evento:\u00a0<a href=\"https:\/\/doity.com.br\/ii-encontro-comemorativo-do-dia-do-atuario\" target=\"_blank\" rel=\"noopener\" data-saferedirecturl=\"https:\/\/www.google.com\/url?q=https:\/\/doity.com.br\/ii-encontro-comemorativo-do-dia-do-atuario&amp;source=gmail&amp;ust=1682686637554000&amp;usg=AOvVaw3VFUhlGYcaifbsw2eFBpMC\">https:\/\/doity.com.br\/ii-<wbr \/>encontro-comemorativo-do-dia-<wbr \/>do-atuario<\/a><\/p>\t\t\t\t\t\t\t\t<\/div>\n\t\t\t\t<\/div>\n\t\t\t\t<div class=\"elementor-element elementor-element-e2ee632 elementor-widget elementor-widget-image\" data-id=\"e2ee632\" data-element_type=\"widget\" data-e-type=\"widget\" data-widget_type=\"image.default\">\n\t\t\t\t<div class=\"elementor-widget-container\">\n\t\t\t\t\t\t\t\t\t\t\t\t\t\t\t<img fetchpriority=\"high\" decoding=\"async\" width=\"768\" height=\"1086\" src=\"https:\/\/www.est.ufmg.br\/portal\/wp-content\/uploads\/2023\/04\/unnamed-768x1086.png\" class=\"attachment-medium_large size-medium_large wp-image-9345\" alt=\"\" srcset=\"https:\/\/www.est.ufmg.br\/portal\/wp-content\/uploads\/2023\/04\/unnamed-768x1086.png 768w, https:\/\/www.est.ufmg.br\/portal\/wp-content\/uploads\/2023\/04\/unnamed-212x300.png 212w, https:\/\/www.est.ufmg.br\/portal\/wp-content\/uploads\/2023\/04\/unnamed-724x1024.png 724w, https:\/\/www.est.ufmg.br\/portal\/wp-content\/uploads\/2023\/04\/unnamed-1086x1536.png 1086w, https:\/\/www.est.ufmg.br\/portal\/wp-content\/uploads\/2023\/04\/unnamed.png 1414w\" sizes=\"(max-width: 768px) 100vw, 768px\" \/>\t\t\t\t\t\t\t\t\t\t\t\t\t\t\t<\/div>\n\t\t\t\t<\/div>\n\t\t\t\t\t<\/div>\n\t\t<\/div>\n\t\t\t\t\t<\/div>\n\t\t<\/section>\n\t\t\t\t<\/div>\n\t\t","protected":false},"excerpt":{"rendered":"<p>II Encontro Comemorativo ao Dia do Atu\u00e1rio \u00c9 com grande satisfa\u00e7\u00e3o que informamos que o colegiado do curso de gradua\u00e7\u00e3o em Ci\u00eancias Atuariais da UFMG, em colabora\u00e7\u00e3o com os departamentos de Estat\u00edstica e Demografia, est\u00e1 organizando o II Encontro Comemorativo do Dia do Atu\u00e1rio, que ocorrer\u00e1 no Audit\u00f3rio 3 do ICEx no dia 12 de [&hellip;]<\/p>\n","protected":false},"author":35,"featured_media":0,"parent":0,"menu_order":0,"comment_status":"closed","ping_status":"closed","template":"","meta":{"site-sidebar-layout":"no-sidebar","site-content-layout":"page-builder","ast-site-content-layout":"default","site-content-style":"default","site-sidebar-style":"default","ast-global-header-display":"","ast-banner-title-visibility":"","ast-main-header-display":"","ast-hfb-above-header-display":"","ast-hfb-below-header-display":"","ast-hfb-mobile-header-display":"","site-post-title":"disabled","ast-breadcrumbs-content":"","ast-featured-img":"disabled","footer-sml-layout":"","ast-disable-related-posts":"","theme-transparent-header-meta":"default","adv-header-id-meta":"","stick-header-meta":"","header-above-stick-meta":"","header-main-stick-meta":"","header-below-stick-meta":"","astra-migrate-meta-layouts":"default","ast-page-background-enabled":"default","ast-page-background-meta":{"desktop":{"background-color":"","background-image":"","background-repeat":"repeat","background-position":"center center","background-size":"auto","background-attachment":"scroll","background-type":"","background-media":"","overlay-type":"","overlay-color":"","overlay-opacity":"","overlay-gradient":""},"tablet":{"background-color":"","background-image":"","background-repeat":"repeat","background-position":"center center","background-size":"auto","background-attachment":"scroll","background-type":"","background-media":"","overlay-type":"","overlay-color":"","overlay-opacity":"","overlay-gradient":""},"mobile":{"background-color":"","background-image":"","background-repeat":"repeat","background-position":"center center","background-size":"auto","background-attachment":"scroll","background-type":"","background-media":"","overlay-type":"","overlay-color":"","overlay-opacity":"","overlay-gradient":""}},"ast-content-background-meta":{"desktop":{"background-color":"var(--ast-global-color-5)","background-image":"","background-repeat":"repeat","background-position":"center center","background-size":"auto","background-attachment":"scroll","background-type":"","background-media":"","overlay-type":"","overlay-color":"","overlay-opacity":"","overlay-gradient":""},"tablet":{"background-color":"var(--ast-global-color-5)","background-image":"","background-repeat":"repeat","background-position":"center center","background-size":"auto","background-attachment":"scroll","background-type":"","background-media":"","overlay-type":"","overlay-color":"","overlay-opacity":"","overlay-gradient":""},"mobile":{"background-color":"var(--ast-global-color-5)","background-image":"","background-repeat":"repeat","background-position":"center center","background-size":"auto","background-attachment":"scroll","background-type":"","background-media":"","overlay-type":"","overlay-color":"","overlay-opacity":"","overlay-gradient":""}},"footnotes":""},"class_list":["post-9342","page","type-page","status-publish","hentry"],"_links":{"self":[{"href":"https:\/\/www.est.ufmg.br\/portal\/wp-json\/wp\/v2\/pages\/9342","targetHints":{"allow":["GET"]}}],"collection":[{"href":"https:\/\/www.est.ufmg.br\/portal\/wp-json\/wp\/v2\/pages"}],"about":[{"href":"https:\/\/www.est.ufmg.br\/portal\/wp-json\/wp\/v2\/types\/page"}],"author":[{"embeddable":true,"href":"https:\/\/www.est.ufmg.br\/portal\/wp-json\/wp\/v2\/users\/35"}],"replies":[{"embeddable":true,"href":"https:\/\/www.est.ufmg.br\/portal\/wp-json\/wp\/v2\/comments?post=9342"}],"version-history":[{"count":4,"href":"https:\/\/www.est.ufmg.br\/portal\/wp-json\/wp\/v2\/pages\/9342\/revisions"}],"predecessor-version":[{"id":9348,"href":"https:\/\/www.est.ufmg.br\/portal\/wp-json\/wp\/v2\/pages\/9342\/revisions\/9348"}],"wp:attachment":[{"href":"https:\/\/www.est.ufmg.br\/portal\/wp-json\/wp\/v2\/media?parent=9342"}],"curies":[{"name":"wp","href":"https:\/\/api.w.org\/{rel}","templated":true}]}}